{"id":797,"date":"2023-05-10T11:14:16","date_gmt":"2023-05-10T11:14:16","guid":{"rendered":"https:\/\/mentalhelse.no\/viken\/?page_id=797"},"modified":"2025-07-09T12:03:19","modified_gmt":"2025-07-09T12:03:19","slug":"om-oss","status":"publish","type":"page","link":"https:\/\/mentalhelse.no\/agder\/om-oss\/","title":{"rendered":"Om oss"},"content":{"rendered":"\n<figure class=\"wp-block-image size-large\"><img loading=\"lazy\" decoding=\"async\" width=\"1024\" height=\"768\" src=\"https:\/\/mentalhelse.no\/content\/uploads\/sites\/186\/2024\/04\/434034603_10161163529605943_5230320315540121936_n-1-1024x768.jpg\" alt=\"\" class=\"wp-image-1112\" srcset=\"https:\/\/mentalhelse.no\/content\/uploads\/sites\/186\/2024\/04\/434034603_10161163529605943_5230320315540121936_n-1-1024x768.jpg 1024w, https:\/\/mentalhelse.no\/content\/uploads\/sites\/186\/2024\/04\/434034603_10161163529605943_5230320315540121936_n-1-300x225.jpg 300w, https:\/\/mentalhelse.no\/content\/uploads\/sites\/186\/2024\/04\/434034603_10161163529605943_5230320315540121936_n-1-768x576.jpg 768w, https:\/\/mentalhelse.no\/content\/uploads\/sites\/186\/2024\/04\/434034603_10161163529605943_5230320315540121936_n-1-1536x1152.jpg 1536w, https:\/\/mentalhelse.no\/content\/uploads\/sites\/186\/2024\/04\/434034603_10161163529605943_5230320315540121936_n-1.jpg 2048w\" sizes=\"auto, (max-width: 1024px) 100vw, 1024px\" \/><figcaption class=\"wp-element-caption\">Fra fylkes\u00e5rsm\u00f8tet 2024 i Mandal. Fra venstre Ole-Marius Minde Johnsen(landsleder), Grethe Bygland(bak), Jorun Gjersdal, Torbj\u00f8rn Gjersdal, Gunn Tveit, Jan Harald Lauvnes, Hans Eils\u00f8<\/figcaption><\/figure>\n\n\n\n<h1 class=\"wp-block-heading\" id=\"h-om-oss\">Om oss<\/h1>\n\n\n\n<p>Mental Helse Agder drives av en gjeng med ivrige og engasjerte folk som jobber for \u00e5 skape et m\u00f8tepunkt for de som \u00f8nsker et fellesskap i regionen. Vi jobber for \u00e5 styrke lokallagene og arrangerer medlemsturer. <\/p>\n\n\n\n<p>\u00d8nsker du \u00e5 bli frivillig eller medlem hos oss? Da er du er hjertelig velkommen til \u00e5 ta kontakt. <\/p>\n\n\n\n<h2 class=\"wp-block-heading\" id=\"h-styret\">Styret:<\/h2>\n\n\n\n<p><br><strong>Leder<\/strong>: Jorun Gjersdal (Farsund\/Lyngdal)<br><strong>Nestleder<\/strong>: Grethe Bygland (Lillesand)<br><strong>Kasserer<\/strong>: Thore Smith (Farsund\/Lyngdal)<br><strong>Styremedlem<\/strong>: Hans Eils\u00f8 (Kristiansand)<br><strong>Styremedlem<\/strong>: Torbj\u00f8rn Gjersdal (Farsund\/Lyngdal)<br><strong>Styremedlem:<\/strong> Tony Pitchard-Davis (Farsund\/Lyngdal)<br><strong>1.vara<\/strong>: Heddy Br\u00f8nn (Farsund\/Lyngdal)<br><strong>2.vara<\/strong>: Tove Eils\u00f8 (Kristiansand)<\/p>\n\n\n\n<h2 class=\"wp-block-heading\" id=\"h-siste-nytt-fra-mental-helse-agder\">Siste nytt fra Mental Helse Agder<\/h2>\n\n\n\n<div class=\"wp-block-columns is-layout-flex wp-container-core-columns-is-layout-1 wp-block-columns-is-layout-flex\">\n<div class=\"wp-block-column is-layout-flow wp-block-column-is-layout-flow\" style=\"flex-basis:100%\">\n<div class=\"wp-block-group is-nowrap is-layout-flex wp-container-core-group-is-layout-4 wp-block-group-is-layout-flex\"><div class=\"t2-featured-content-layout align align wp-block-t2-featured-content-layout\">\n<div class=\"t2-featured-query-post t2-featured-content is-post-type-news wp-block-t2-featured-query-post\"><a class=\"t2-post-link wp-block-t2-post-link\" href=\"https:\/\/mentalhelse.no\/agder\/aktuelt\/arsmote-i-mental-helse-agder-2026fredag-10-april-kl-1800-dyreparken-safarihotell-kristiansand\/\">\n\t<figure style=\"--t2-focal-point: 50% 50%;\" class=\"t2-post-featured-image has-image-ratio-16-9 wp-block-t2-post-featured-image\"><img loading=\"lazy\" decoding=\"async\" width=\"2560\" height=\"1707\" src=\"https:\/\/mentalhelse.no\/content\/uploads\/sites\/186\/2025\/05\/tingey-injury-law-firm-veNb0DDegzE-unsplash-scaled.jpg\" class=\"attachment-post-thumbnail size-post-thumbnail wp-post-image\" alt=\"\u00c5rsm\u00f8te 2026\" srcset=\"https:\/\/mentalhelse.no\/content\/uploads\/sites\/186\/2025\/05\/tingey-injury-law-firm-veNb0DDegzE-unsplash-scaled.jpg 2560w, https:\/\/mentalhelse.no\/content\/uploads\/sites\/186\/2025\/05\/tingey-injury-law-firm-veNb0DDegzE-unsplash-300x200.jpg 300w, https:\/\/mentalhelse.no\/content\/uploads\/sites\/186\/2025\/05\/tingey-injury-law-firm-veNb0DDegzE-unsplash-1024x683.jpg 1024w, https:\/\/mentalhelse.no\/content\/uploads\/sites\/186\/2025\/05\/tingey-injury-law-firm-veNb0DDegzE-unsplash-768x512.jpg 768w, https:\/\/mentalhelse.no\/content\/uploads\/sites\/186\/2025\/05\/tingey-injury-law-firm-veNb0DDegzE-unsplash-1536x1024.jpg 1536w, https:\/\/mentalhelse.no\/content\/uploads\/sites\/186\/2025\/05\/tingey-injury-law-firm-veNb0DDegzE-unsplash-2048x1365.jpg 2048w\" sizes=\"auto, (max-width: 2560px) 100vw, 2560px\" style=\"--focal-point: 50% 50%;\" \/><\/figure>\n<\/a>\n\n<div class=\"wp-block-group postinfo alignfull is-layout-flow wp-block-group-is-layout-flow\">\n\t<div class=\"wp-block-mentalhelse-post-category\">\n\t\t\t\t\t<div class=\"post-type\">\n\t\t\t\t\t\t<a href=\"https:\/\/mentalhelse.no\/agder\/aktuelt\/\">Nyheter<\/a>\n\t\t\t\t\t<\/div>\n\t\t\t\t\t\n\t\t\t\t\t<div class=\"post-category\">\n\t\t\t\t\t\t\n\t\t\t\t\t<\/div>\n\t\t\t<\/div>\n\t<a class=\"t2-post-link wp-block-t2-post-link\" href=\"https:\/\/mentalhelse.no\/agder\/aktuelt\/arsmote-i-mental-helse-agder-2026fredag-10-april-kl-1800-dyreparken-safarihotell-kristiansand\/\">\n\t<h2 class=\"t2-post-title wp-block-t2-post-title\">\u00c5RSM\u00d8TE I MENTAL HELSE AGDER 2026\n\nFredag 10 APRIL KL 18:00.\nDyreparken Safarihotell KRISTIANSAND<\/h2>\n\t<\/a>\n<\/div>\n\n<\/div>\n\n<div class=\"t2-featured-query-post t2-featured-content is-post-type-news wp-block-t2-featured-query-post\"><a class=\"t2-post-link wp-block-t2-post-link\" href=\"https:\/\/mentalhelse.no\/agder\/aktuelt\/arsmote-i-mental-helse-agder-er-utsatt-inntil-videre\/\">\n\t<figure style=\"--t2-focal-point: 50% 50%;\" class=\"t2-post-featured-image has-image-ratio-16-9 wp-block-t2-post-featured-image\"><img decoding=\"async\" src=\"data:image\/jpeg;base64, \/9j\/4AAQSkZJRgABAQEAYABgAAD\/\/gA+Q1JFQVRPUjogZ2QtanBlZyB2MS4wICh1c2luZyBJSkcgSlBFRyB2ODApLCBkZWZhdWx0IHF1YWxpdHkK\/9sAQwAIBgYHBgUIBwcHCQkICgwUDQwLCwwZEhMPFB0aHx4dGhwcICQuJyAiLCMcHCg3KSwwMTQ0NB8nOT04MjwuMzQy\/9sAQwEJCQkMCwwYDQ0YMiEcITIyMjIyMjIyMjIyMjIyMjIyMjIyMjIyMjIyMjIyMjIyMjIyMjIyMjIyMjIyMjIyMjIy\/8AAEQgBLAEsAwEiAAIRAQMRAf\/EAB8AAAEFAQEBAQEBAAAAAAAAAAABAgMEBQYHCAkKC\/\/EALUQAAIBAwMCBAMFBQQEAAABfQECAwAEEQUSITFBBhNRYQcicRQygZGhCCNCscEVUtHwJDNicoIJChYXGBkaJSYnKCkqNDU2Nzg5OkNERUZHSElKU1RVVldYWVpjZGVmZ2hpanN0dXZ3eHl6g4SFhoeIiYqSk5SVlpeYmZqio6Slpqeoqaqys7S1tre4ubrCw8TFxsfIycrS09TV1tfY2drh4uPk5ebn6Onq8fLz9PX29\/j5+v\/EAB8BAAMBAQEBAQEBAQEAAAAAAAABAgMEBQYHCAkKC\/\/EALURAAIBAgQEAwQHBQQEAAECdwABAgMRBAUhMQYSQVEHYXETIjKBCBRCkaGxwQkjM1LwFWJy0QoWJDThJfEXGBkaJicoKSo1Njc4OTpDREVGR0hJSlNUVVZXWFlaY2RlZmdoaWpzdHV2d3h5eoKDhIWGh4iJipKTlJWWl5iZmqKjpKWmp6ipqrKztLW2t7i5usLDxMXGx8jJytLT1NXW19jZ2uLj5OXm5+jp6vLz9PX29\/j5+v\/aAAwDAQACEQMRAD8A9goooqRhRRRQAUUUUAFFFFABRRRQAUUUUAFFFFABRRRQAUUUUAFFFFABRRRQAUUUUAFFFFABRRRQAUUUUAFFFFABRRRQAUUUUAFFFFABRRRQAUUUUAFFFFABRRRQAUUUUAFFFFABRRRQAUUUUAFFFFABRRRQAUUUUAFFFFABRRRQAUUUUAFFFFABRRRQAUUUUAFFFFABRRRQAUUUUAFFFFABRRRQAUUUUAFFFFABRRRQAUUUUAFFFFABRRRQAUUUUAFFFFABRRRQAUUUUAFFFFABRRRQAUUUUAFFFFABRRRQAUUUUAFFFFABRRRQAUUUUAFFFFABRRRQAUUUUAFFFFABRRRQAUUUUAFFFFABRRRQAUUUUAFFFFABRRRQAUUUUAFFFFABRRRQAUUUUAFFFFABRRRQAUUUUAFFFFABRRRQAUUUUAFFFFABRRRQAUUUUAFFFFABRRRQAUUUUAFFFFABRRRQAUUUUAFFFFABRRRQAUUUUAFFFFABRRRQAUUUUAFFFFABRRRQAUUUUAFFFFABRRRQAUUUUAFFFFABRRRQAUUUUAFFFFABRRRQAUUUUAFFFFABRRRQAUUUUAFFFFABRRRQAUUUUAFFFFABRRRQAUUUUAFFFFABRRRQAUUUUAFFFFABRRRQAUUUUAFFFFABRRRQAUUUUAFFFFABRRRQAUUUUAFFFFABRRRQAUUUUAFFFFABRRRQAUUUUAFFFFABRRRQAUUUUAFFFFABRRRQAUUUUAFFFFABRRRQAUUUUAFFFFABRRRQAUUUUAFFFFABRRRQAUUUUAFFFFABRRRQAUUUUAFFFFABRRRQAUUUUAFFFFABRRRQAUUUUAFFFFABRRRQAUUUUAFFFFABRRRQAUUUUAFFFFABRRRQAUUUUAFFFFABRRRQAUUUUAFFFFABRRRQAUUUUAFFFFABRRRQAUUUUAFFFFABRRRQAUUUUAFFFFABRRRQAUUUUAFFFFABRRRQAUUUUAFFFFABRRRQAUUUUAFFFFABRRRQAUUUUAFFFFABRRRQAUUUUAFFFFABRRRQAUUUUAFFFFABRRRQAUUUUAFFFFABRRRQAUUUUAFFFFABRRRQAUUUUAFFFFABRRRQAUUUUAFFFFABRRRQAUUUUAFFFFABRRRQAUUUUAFFFFABRRRQAUUUUAFFFFABRRRQAUUUUAFFFFABRRRQAUUUUAFFFFABRRRQAUUUUAFFFFABRRRQAUUUUAFFFFABRRRQAUUUUAFFFFABRRRQAUUUUAFFFFABRRRQAUUUUAFFFFABRRRQAUUUUAFFFFABRRRQAUUUUAFFFFABRRRQAUUUUAFFFFABRRRQAUUUUAFFFFABRRRQAUUUUAFFFFABRRRQAUUUUAFFFFABRRRQAUUUUAFFFFABRRRQAUUUUAFFFFABRRRQAUUUUAFFFFABRRRQAUUUUAFFFFABRRRQAUUUUAFFFFABRRRQAUUUUAFFFFABRRRQAUUUUAFFFFABRRRQAUUUUAFFFFABRRRQAUUUUAFFFFABRRRQAUUUUAFFFFABRRRQAUUUUAFFFFABRRRQAUUUUAFFFFABRRRQAUUUUAFFFFABRRRQAUUUUAFFFFABRRRQAUUUUAFFFFABRRRQAUUUUAFFFFABRRRQAUUUUAFFFFABRRRQAUUUUAFFFFABRRRQAUUUUAFFFFABRRRQAUUUUAFFFFABRRRQAUUUUAFFFFABRRRQAUUUUAFFFFABRRRQAUUUUAFFFFABRRRQAUUUUAFFFFABRRRQAUUUUAFFFFABRRRQAUUUUAFFFFABRRRQAUUUUAFFFFABRRRQAUUUUAFFFFABRRRQAUUUUAFFFFABRRRQAUUUUAFFFFABRRRQAUUUUAFFFFABRRRQAUUUUAFFFFABRRRQAUUUUAFFFFABRRRQAUUUUAFFFFAH\/9k=\" alt=\"\u00c5rsm\u00f8te i mental helse Agder er utsatt inntil videre\"\/><\/figure>\n<\/a>\n\n<div class=\"wp-block-group postinfo alignfull is-layout-flow wp-block-group-is-layout-flow\">\n\t<div class=\"wp-block-mentalhelse-post-category\">\n\t\t\t\t\t<div class=\"post-type\">\n\t\t\t\t\t\t<a href=\"https:\/\/mentalhelse.no\/agder\/aktuelt\/\">Nyheter<\/a>\n\t\t\t\t\t<\/div>\n\t\t\t\t\t\n\t\t\t\t\t<div class=\"post-category\">\n\t\t\t\t\t\t\n\t\t\t\t\t<\/div>\n\t\t\t<\/div>\n\t<a class=\"t2-post-link wp-block-t2-post-link\" href=\"https:\/\/mentalhelse.no\/agder\/aktuelt\/arsmote-i-mental-helse-agder-er-utsatt-inntil-videre\/\">\n\t<h2 class=\"t2-post-title wp-block-t2-post-title\">\u00c5rsm\u00f8te i mental helse Agder er utsatt inntil videre<\/h2>\n\t<\/a>\n<\/div>\n\n<\/div>\n\n<div class=\"t2-featured-query-post t2-featured-content is-post-type-news news_category-kompetanse wp-block-t2-featured-query-post\"><a class=\"t2-post-link wp-block-t2-post-link\" href=\"https:\/\/mentalhelse.no\/agder\/aktuelt\/studieledere-star-i-fronten-for-okt-kompetanse-blant-tillitsvalgte\/\">\n\t<figure style=\"--t2-focal-point: 50% 50%;\" class=\"t2-post-featured-image has-image-ratio-16-9 wp-block-t2-post-featured-image\"><img loading=\"lazy\" decoding=\"async\" width=\"2048\" height=\"1536\" src=\"https:\/\/mentalhelse.no\/content\/uploads\/sites\/186\/2024\/06\/448363317_10159616631315759_8573034091864125569_n.jpg\" class=\"attachment-post-thumbnail size-post-thumbnail wp-post-image\" alt=\"\" srcset=\"https:\/\/mentalhelse.no\/content\/uploads\/sites\/186\/2024\/06\/448363317_10159616631315759_8573034091864125569_n.jpg 2048w, https:\/\/mentalhelse.no\/content\/uploads\/sites\/186\/2024\/06\/448363317_10159616631315759_8573034091864125569_n-300x225.jpg 300w, https:\/\/mentalhelse.no\/content\/uploads\/sites\/186\/2024\/06\/448363317_10159616631315759_8573034091864125569_n-1024x768.jpg 1024w, https:\/\/mentalhelse.no\/content\/uploads\/sites\/186\/2024\/06\/448363317_10159616631315759_8573034091864125569_n-768x576.jpg 768w, https:\/\/mentalhelse.no\/content\/uploads\/sites\/186\/2024\/06\/448363317_10159616631315759_8573034091864125569_n-1536x1152.jpg 1536w\" sizes=\"auto, (max-width: 2048px) 100vw, 2048px\" style=\"--focal-point: 50% 50%;\" \/><\/figure>\n<\/a>\n\n<div class=\"wp-block-group postinfo alignfull is-layout-flow wp-block-group-is-layout-flow\">\n\t<div class=\"wp-block-mentalhelse-post-category\">\n\t\t\t\t\t<div class=\"post-type\">\n\t\t\t\t\t\t<a href=\"https:\/\/mentalhelse.no\/agder\/aktuelt\/\">Nyheter<\/a>\n\t\t\t\t\t<\/div>\n\t\t\t\t\t<div class=\"separator\"><\/div>\n\t\t\t\t\t<div class=\"post-category\">\n\t\t\t\t\t\t<a href=\"https:\/\/mentalhelse.no\/agder\/aktuelt-kategori\/kompetanse\/\">Kompetanse<\/a>\n\t\t\t\t\t<\/div>\n\t\t\t<\/div>\n\t<a class=\"t2-post-link wp-block-t2-post-link\" href=\"https:\/\/mentalhelse.no\/agder\/aktuelt\/studieledere-star-i-fronten-for-okt-kompetanse-blant-tillitsvalgte\/\">\n\t<h2 class=\"t2-post-title wp-block-t2-post-title\">Studieledere st\u00e5r i fronten for \u00f8kt kompetanse blant tillitsvalgte<\/h2>\n\t<\/a>\n<\/div>\n\n<\/div>\n<\/div><\/div>\n<\/div>\n<\/div>\n\n\n<div class=\"card-info wp-block-t2-people-meta\"><\/div>","protected":false},"excerpt":{"rendered":"<p>Om oss Mental Helse Agder drives av en gjeng med ivrige og engasjerte folk som jobber for \u00e5 skape et m\u00f8tepunkt for de som \u00f8nsker&#8230;<\/p>\n","protected":false},"author":1,"featured_media":0,"parent":0,"menu_order":0,"comment_status":"closed","ping_status":"closed","template":"","meta":{"t2_featured_media_focal_point":{"x":0.5,"y":0.5},"mh_hide_title":true,"e24d_chat_page_choice":"","footnotes":""},"class_list":["post-797","page","type-page","status-publish","hentry"],"yoast_head":"<!-- This site is optimized with the Yoast SEO Premium plugin v21.2 (Yoast SEO v21.2) - https:\/\/yoast.com\/wordpress\/plugins\/seo\/ -->\n<title>Om oss - Mental Helse - Agder<\/title>\n<meta name=\"description\" content=\"Her kan du lese om oss i Mental Helse Agder, og l\u00e6re mer om hva vi jobber med. Ta gjerne kontakt hvis du har noen sp\u00f8rsm\u00e5l!\" \/>\n<meta name=\"robots\" content=\"index, follow, max-snippet:-1, max-image-preview:large, max-video-preview:-1\" \/>\n<link rel=\"canonical\" href=\"https:\/\/mentalhelse.no\/agder\/om-oss\/\" \/>\n<meta property=\"og:locale\" content=\"nb_NO\" \/>\n<meta property=\"og:type\" content=\"article\" \/>\n<meta property=\"og:title\" content=\"Om oss\" \/>\n<meta property=\"og:description\" content=\"Her kan du lese om oss i Mental Helse Agder, og l\u00e6re mer om hva vi jobber med. Ta gjerne kontakt hvis du har noen sp\u00f8rsm\u00e5l!\" \/>\n<meta property=\"og:url\" content=\"https:\/\/mentalhelse.no\/agder\/om-oss\/\" \/>\n<meta property=\"og:site_name\" content=\"Agder\" \/>\n<meta property=\"article:modified_time\" content=\"2025-07-09T12:03:19+00:00\" \/>\n<meta property=\"og:image\" content=\"https:\/\/mentalhelse.no\/content\/uploads\/sites\/186\/2024\/04\/434034603_10161163529605943_5230320315540121936_n-1-1024x768.jpg\" \/>\n<meta name=\"twitter:card\" content=\"summary_large_image\" \/>\n<meta name=\"twitter:label1\" content=\"Ansl. lesetid\" \/>\n\t<meta name=\"twitter:data1\" content=\"1 minutt\" \/>\n<script type=\"application\/ld+json\" class=\"yoast-schema-graph\">{\"@context\":\"https:\/\/schema.org\",\"@graph\":[{\"@type\":\"WebPage\",\"@id\":\"https:\/\/mentalhelse.no\/agder\/om-oss\/\",\"url\":\"https:\/\/mentalhelse.no\/agder\/om-oss\/\",\"name\":\"Om oss - Agder\",\"isPartOf\":{\"@id\":\"https:\/\/mentalhelse.no\/agder\/#website\"},\"datePublished\":\"2023-05-10T11:14:16+00:00\",\"dateModified\":\"2025-07-09T12:03:19+00:00\",\"description\":\"Her kan du lese om oss i Mental Helse Agder, og l\u00e6re mer om hva vi jobber med. Ta gjerne kontakt hvis du har noen sp\u00f8rsm\u00e5l!\",\"breadcrumb\":{\"@id\":\"https:\/\/mentalhelse.no\/agder\/om-oss\/#breadcrumb\"},\"inLanguage\":\"nb-NO\",\"potentialAction\":[{\"@type\":\"ReadAction\",\"target\":[\"https:\/\/mentalhelse.no\/agder\/om-oss\/\"]}]},{\"@type\":\"BreadcrumbList\",\"@id\":\"https:\/\/mentalhelse.no\/agder\/om-oss\/#breadcrumb\",\"itemListElement\":[{\"@type\":\"ListItem\",\"position\":1,\"name\":\"Hjem\",\"item\":\"https:\/\/mentalhelse.no\/agder\/\"},{\"@type\":\"ListItem\",\"position\":2,\"name\":\"Om oss\"}]},{\"@type\":\"WebSite\",\"@id\":\"https:\/\/mentalhelse.no\/agder\/#website\",\"url\":\"https:\/\/mentalhelse.no\/agder\/\",\"name\":\"Agder\",\"description\":\"\",\"potentialAction\":[{\"@type\":\"SearchAction\",\"target\":{\"@type\":\"EntryPoint\",\"urlTemplate\":\"https:\/\/mentalhelse.no\/agder\/?s={search_term_string}\"},\"query-input\":\"required name=search_term_string\"}],\"inLanguage\":\"nb-NO\"}]}<\/script>\n<!-- \/ Yoast SEO Premium plugin. -->","yoast_head_json":{"title":"Om oss - Mental Helse - Agder","description":"Her kan du lese om oss i Mental Helse Agder, og l\u00e6re mer om hva vi jobber med. Ta gjerne kontakt hvis du har noen sp\u00f8rsm\u00e5l!","robots":{"index":"index","follow":"follow","max-snippet":"max-snippet:-1","max-image-preview":"max-image-preview:large","max-video-preview":"max-video-preview:-1"},"canonical":"https:\/\/mentalhelse.no\/agder\/om-oss\/","og_locale":"nb_NO","og_type":"article","og_title":"Om oss","og_description":"Her kan du lese om oss i Mental Helse Agder, og l\u00e6re mer om hva vi jobber med. Ta gjerne kontakt hvis du har noen sp\u00f8rsm\u00e5l!","og_url":"https:\/\/mentalhelse.no\/agder\/om-oss\/","og_site_name":"Agder","article_modified_time":"2025-07-09T12:03:19+00:00","og_image":[{"url":"https:\/\/mentalhelse.no\/content\/uploads\/sites\/186\/2024\/04\/434034603_10161163529605943_5230320315540121936_n-1-1024x768.jpg"}],"twitter_card":"summary_large_image","twitter_misc":{"Ansl. lesetid":"1 minutt"},"schema":{"@context":"https:\/\/schema.org","@graph":[{"@type":"WebPage","@id":"https:\/\/mentalhelse.no\/agder\/om-oss\/","url":"https:\/\/mentalhelse.no\/agder\/om-oss\/","name":"Om oss - Agder","isPartOf":{"@id":"https:\/\/mentalhelse.no\/agder\/#website"},"datePublished":"2023-05-10T11:14:16+00:00","dateModified":"2025-07-09T12:03:19+00:00","description":"Her kan du lese om oss i Mental Helse Agder, og l\u00e6re mer om hva vi jobber med. Ta gjerne kontakt hvis du har noen sp\u00f8rsm\u00e5l!","breadcrumb":{"@id":"https:\/\/mentalhelse.no\/agder\/om-oss\/#breadcrumb"},"inLanguage":"nb-NO","potentialAction":[{"@type":"ReadAction","target":["https:\/\/mentalhelse.no\/agder\/om-oss\/"]}]},{"@type":"BreadcrumbList","@id":"https:\/\/mentalhelse.no\/agder\/om-oss\/#breadcrumb","itemListElement":[{"@type":"ListItem","position":1,"name":"Hjem","item":"https:\/\/mentalhelse.no\/agder\/"},{"@type":"ListItem","position":2,"name":"Om oss"}]},{"@type":"WebSite","@id":"https:\/\/mentalhelse.no\/agder\/#website","url":"https:\/\/mentalhelse.no\/agder\/","name":"Agder","description":"","potentialAction":[{"@type":"SearchAction","target":{"@type":"EntryPoint","urlTemplate":"https:\/\/mentalhelse.no\/agder\/?s={search_term_string}"},"query-input":"required name=search_term_string"}],"inLanguage":"nb-NO"}]}},"_links":{"self":[{"href":"https:\/\/mentalhelse.no\/agder\/wp-json\/wp\/v2\/pages\/797","targetHints":{"allow":["GET"]}}],"collection":[{"href":"https:\/\/mentalhelse.no\/agder\/wp-json\/wp\/v2\/pages"}],"about":[{"href":"https:\/\/mentalhelse.no\/agder\/wp-json\/wp\/v2\/types\/page"}],"author":[{"embeddable":true,"href":"https:\/\/mentalhelse.no\/agder\/wp-json\/wp\/v2\/users\/1"}],"replies":[{"embeddable":true,"href":"https:\/\/mentalhelse.no\/agder\/wp-json\/wp\/v2\/comments?post=797"}],"version-history":[{"count":4,"href":"https:\/\/mentalhelse.no\/agder\/wp-json\/wp\/v2\/pages\/797\/revisions"}],"predecessor-version":[{"id":1178,"href":"https:\/\/mentalhelse.no\/agder\/wp-json\/wp\/v2\/pages\/797\/revisions\/1178"}],"wp:attachment":[{"href":"https:\/\/mentalhelse.no\/agder\/wp-json\/wp\/v2\/media?parent=797"}],"curies":[{"name":"wp","href":"https:\/\/api.w.org\/{rel}","templated":true}]}}