{"id":797,"date":"2023-05-10T11:14:16","date_gmt":"2023-05-10T11:14:16","guid":{"rendered":"https:\/\/mentalhelse.no\/viken\/?page_id=797"},"modified":"2025-07-09T07:55:12","modified_gmt":"2025-07-09T07:55:12","slug":"om-oss","status":"publish","type":"page","link":"https:\/\/mentalhelse.no\/akershus\/om-oss\/","title":{"rendered":"Om oss"},"content":{"rendered":"\n<figure class=\"wp-block-image size-large\"><img loading=\"lazy\" decoding=\"async\" width=\"1024\" height=\"683\" src=\"http:\/\/mentalhelse.no\/content\/uploads\/sites\/12\/2023\/08\/Innlandet-om-oss-1024x683.jpg\" alt=\"\" class=\"wp-image-1000\" srcset=\"https:\/\/mentalhelse.no\/content\/uploads\/sites\/12\/2023\/08\/Innlandet-om-oss-1024x683.jpg 1024w, https:\/\/mentalhelse.no\/content\/uploads\/sites\/12\/2023\/08\/Innlandet-om-oss-300x200.jpg 300w, https:\/\/mentalhelse.no\/content\/uploads\/sites\/12\/2023\/08\/Innlandet-om-oss-768x512.jpg 768w, https:\/\/mentalhelse.no\/content\/uploads\/sites\/12\/2023\/08\/Innlandet-om-oss-1536x1025.jpg 1536w, https:\/\/mentalhelse.no\/content\/uploads\/sites\/12\/2023\/08\/Innlandet-om-oss.jpg 2048w\" sizes=\"auto, (max-width: 1024px) 100vw, 1024px\" \/><\/figure>\n\n\n\n<h1 class=\"wp-block-heading\" id=\"h-om-oss\">Om oss<\/h1>\n\n\n\n<p>Mental Helse Akershus er ett av fylkeslagene i Mental Helse. Vi har omtrent 1000 medlemmer, og per i dag 14 aktive lokallag. Vi jobber med \u00e5 etablere flere lokallag.<br><\/p>\n\n\n\n<h2 class=\"wp-block-heading\" id=\"h-styret\">Styret<\/h2>\n\n\n\n<p>Vi avholdt \u00e5rsm\u00f8te 26 april, her er det nye styret: <\/p>\n\n\n\n<p><strong>Fylkesleder:<\/strong> Lene Brobakken Tlf 48 40 71 08<br><strong>Nestleder<\/strong>: Einar Madsen tlf 91 81 67 85<br><strong>Kasserer<\/strong>: Espen Gundersen tlf 92 82 76 26<br><strong>Studieleder:<\/strong> Ingrid Weflen tlf 41 27 18 84<br><strong>Sekret\u00e6r:<\/strong> Heidi Lysj\u00f8 Tlf 40 30 73 45<br><strong>Styremedlem:<\/strong> Solfrid Lekva tlf 91 52 91 80<br><strong>Styremedlem<\/strong>: Tariq Eide tlf: 99 04 80 53<br><strong>1. Vara<\/strong>: Abdurrehman Khan tlf 46 88 29 19<br><strong>2. Vara:<\/strong> Anne Berit Bertsen Moen<br><strong>3. Vara:<\/strong> Anita Hansen<\/p>\n\n\n\n<p>Bare \u00e5 ta kontakt med oss \ud83d\ude42 <\/p>\n\n\n\n<figure class=\"wp-block-image size-large\"><img loading=\"lazy\" decoding=\"async\" width=\"768\" height=\"1024\" src=\"https:\/\/mentalhelse.no\/content\/uploads\/sites\/12\/2025\/06\/fylke-riktig-1-768x1024.jpg\" alt=\"\" class=\"wp-image-1210\" srcset=\"https:\/\/mentalhelse.no\/content\/uploads\/sites\/12\/2025\/06\/fylke-riktig-1-768x1024.jpg 768w, https:\/\/mentalhelse.no\/content\/uploads\/sites\/12\/2025\/06\/fylke-riktig-1-225x300.jpg 225w, https:\/\/mentalhelse.no\/content\/uploads\/sites\/12\/2025\/06\/fylke-riktig-1-1152x1536.jpg 1152w, https:\/\/mentalhelse.no\/content\/uploads\/sites\/12\/2025\/06\/fylke-riktig-1.jpg 1440w\" sizes=\"auto, (max-width: 768px) 100vw, 768px\" \/><\/figure>\n\n\n\n<div class=\"wp-block-columns is-layout-flex wp-container-core-columns-is-layout-1 wp-block-columns-is-layout-flex\">\n<div class=\"wp-block-column is-layout-flow wp-block-column-is-layout-flow\" style=\"flex-basis:100%\"><div class=\"card-info wp-block-t2-people-meta\"><\/div><\/div>\n<\/div>\n\n\n<div class=\"card-info wp-block-t2-people-meta\"><\/div>\n\n\n\t\t<div class=\"mh-related-posts alignfull alignfull wp-block-mentalhelse-related-posts gray-mode\">\n\t\t\t<div class=\"mh-related-posts__inner\">\n\t\t\t\t\n\n<h3 class=\"wp-block-heading\" id=\"h-siste-nytt-fra-akershus\">Siste nytt fra Akershus<\/h3>\n\n\n<div class=\"t2-featured-content-layout alignwide alignwide wp-block-t2-featured-content-layout\">\n<div class=\"t2-featured-query-post t2-featured-content is-post-type-news is-style-default wp-block-t2-featured-query-post t2-featured-content-layout-col-4\"><a class=\"t2-post-link wp-block-t2-post-link\" href=\"https:\/\/mentalhelse.no\/akershus\/aktuelt\/nytt-ar-nye-muligheter\/\">\n\t<figure style=\"--t2-focal-point: 50% 50%;\" class=\"t2-post-featured-image has-image-ratio-16-9 wp-block-t2-post-featured-image\"><img loading=\"lazy\" decoding=\"async\" width=\"984\" height=\"548\" src=\"https:\/\/mentalhelse.no\/content\/uploads\/sites\/12\/2025\/01\/entrance-quality-olavsgaard-hotel-skjetten.webp\" class=\"attachment-post-thumbnail size-post-thumbnail wp-post-image\" alt=\"\" srcset=\"https:\/\/mentalhelse.no\/content\/uploads\/sites\/12\/2025\/01\/entrance-quality-olavsgaard-hotel-skjetten.webp 984w, https:\/\/mentalhelse.no\/content\/uploads\/sites\/12\/2025\/01\/entrance-quality-olavsgaard-hotel-skjetten-300x167.webp 300w, https:\/\/mentalhelse.no\/content\/uploads\/sites\/12\/2025\/01\/entrance-quality-olavsgaard-hotel-skjetten-768x428.webp 768w\" sizes=\"auto, (max-width: 984px) 100vw, 984px\" style=\"--focal-point: 50% 50%;\" \/><\/figure>\n<\/a>\n\n<div class=\"wp-block-group postinfo alignfull is-layout-flow wp-block-group-is-layout-flow\">\n\t<div class=\"wp-block-mentalhelse-post-category\">\n\t\t\t\t\t<div class=\"post-type\">\n\t\t\t\t\t\t<a href=\"https:\/\/mentalhelse.no\/akershus\/aktuelt\/\">Nyheter<\/a>\n\t\t\t\t\t<\/div>\n\t\t\t\t\t\n\t\t\t\t\t<div class=\"post-category\">\n\t\t\t\t\t\t\n\t\t\t\t\t<\/div>\n\t\t\t<\/div>\n\t<a class=\"t2-post-link wp-block-t2-post-link\" href=\"https:\/\/mentalhelse.no\/akershus\/aktuelt\/nytt-ar-nye-muligheter\/\">\n\t<h2 class=\"t2-post-title wp-block-t2-post-title\">Nytt \u00e5r &#8211; nye muligheter!<\/h2>\n\t<\/a>\n<\/div>\n\n<\/div>\n\n<div class=\"t2-featured-query-post t2-featured-content is-post-type-news wp-block-t2-featured-query-post t2-featured-content-layout-col-4\"><a class=\"t2-post-link wp-block-t2-post-link\" href=\"https:\/\/mentalhelse.no\/akershus\/aktuelt\/studieledere-star-i-fronten-for-okt-kompetanse-blant-tillitsvalgte\/\">\n\t<figure style=\"--t2-focal-point: 50% 50%;\" class=\"t2-post-featured-image has-image-ratio-16-9 wp-block-t2-post-featured-image\"><img loading=\"lazy\" decoding=\"async\" width=\"2048\" height=\"1536\" src=\"https:\/\/mentalhelse.no\/content\/uploads\/sites\/12\/2024\/06\/448363317_10159616631315759_8573034091864125569_n.jpg\" class=\"attachment-post-thumbnail size-post-thumbnail wp-post-image\" alt=\"\" srcset=\"https:\/\/mentalhelse.no\/content\/uploads\/sites\/12\/2024\/06\/448363317_10159616631315759_8573034091864125569_n.jpg 2048w, https:\/\/mentalhelse.no\/content\/uploads\/sites\/12\/2024\/06\/448363317_10159616631315759_8573034091864125569_n-300x225.jpg 300w, https:\/\/mentalhelse.no\/content\/uploads\/sites\/12\/2024\/06\/448363317_10159616631315759_8573034091864125569_n-1024x768.jpg 1024w, https:\/\/mentalhelse.no\/content\/uploads\/sites\/12\/2024\/06\/448363317_10159616631315759_8573034091864125569_n-768x576.jpg 768w, https:\/\/mentalhelse.no\/content\/uploads\/sites\/12\/2024\/06\/448363317_10159616631315759_8573034091864125569_n-1536x1152.jpg 1536w\" sizes=\"auto, (max-width: 2048px) 100vw, 2048px\" style=\"--focal-point: 50% 50%;\" \/><\/figure>\n<\/a>\n\n<div class=\"wp-block-group postinfo alignfull is-layout-flow wp-block-group-is-layout-flow\">\n\t<div class=\"wp-block-mentalhelse-post-category\">\n\t\t\t\t\t<div class=\"post-type\">\n\t\t\t\t\t\t<a href=\"https:\/\/mentalhelse.no\/akershus\/aktuelt\/\">Nyheter<\/a>\n\t\t\t\t\t<\/div>\n\t\t\t\t\t\n\t\t\t\t\t<div class=\"post-category\">\n\t\t\t\t\t\t\n\t\t\t\t\t<\/div>\n\t\t\t<\/div>\n\t<a class=\"t2-post-link wp-block-t2-post-link\" href=\"https:\/\/mentalhelse.no\/akershus\/aktuelt\/studieledere-star-i-fronten-for-okt-kompetanse-blant-tillitsvalgte\/\">\n\t<h2 class=\"t2-post-title wp-block-t2-post-title\">Studieledere st\u00e5r i fronten for \u00f8kt kompetanse blant tillitsvalgte<\/h2>\n\t<\/a>\n<\/div>\n\n<\/div>\n\n<div class=\"t2-featured-query-post t2-featured-content is-post-type-news wp-block-t2-featured-query-post t2-featured-content-layout-col-4\"><a class=\"t2-post-link wp-block-t2-post-link\" href=\"https:\/\/mentalhelse.no\/akershus\/aktuelt\/vil-styrke-brukermedvirkning-i-mental-helse\/\">\n\t<figure style=\"--t2-focal-point: 50% 50%;\" class=\"t2-post-featured-image has-image-ratio-16-9 wp-block-t2-post-featured-image\"><img loading=\"lazy\" decoding=\"async\" width=\"1152\" height=\"2560\" src=\"https:\/\/mentalhelse.no\/content\/uploads\/sites\/12\/2024\/06\/IMG_20240608_104950-2-scaled.jpg\" class=\"attachment-post-thumbnail size-post-thumbnail wp-post-image\" alt=\"\" srcset=\"https:\/\/mentalhelse.no\/content\/uploads\/sites\/12\/2024\/06\/IMG_20240608_104950-2-scaled.jpg 1152w, https:\/\/mentalhelse.no\/content\/uploads\/sites\/12\/2024\/06\/IMG_20240608_104950-2-135x300.jpg 135w, https:\/\/mentalhelse.no\/content\/uploads\/sites\/12\/2024\/06\/IMG_20240608_104950-2-461x1024.jpg 461w, https:\/\/mentalhelse.no\/content\/uploads\/sites\/12\/2024\/06\/IMG_20240608_104950-2-768x1707.jpg 768w, https:\/\/mentalhelse.no\/content\/uploads\/sites\/12\/2024\/06\/IMG_20240608_104950-2-691x1536.jpg 691w, https:\/\/mentalhelse.no\/content\/uploads\/sites\/12\/2024\/06\/IMG_20240608_104950-2-922x2048.jpg 922w\" sizes=\"auto, (max-width: 1152px) 100vw, 1152px\" style=\"--focal-point: 50% 50%;\" \/><\/figure>\n<\/a>\n\n<div class=\"wp-block-group postinfo alignfull is-layout-flow wp-block-group-is-layout-flow\">\n\t<div class=\"wp-block-mentalhelse-post-category\">\n\t\t\t\t\t<div class=\"post-type\">\n\t\t\t\t\t\t<a href=\"https:\/\/mentalhelse.no\/akershus\/aktuelt\/\">Nyheter<\/a>\n\t\t\t\t\t<\/div>\n\t\t\t\t\t\n\t\t\t\t\t<div class=\"post-category\">\n\t\t\t\t\t\t\n\t\t\t\t\t<\/div>\n\t\t\t<\/div>\n\t<a class=\"t2-post-link wp-block-t2-post-link\" href=\"https:\/\/mentalhelse.no\/akershus\/aktuelt\/vil-styrke-brukermedvirkning-i-mental-helse\/\">\n\t<h2 class=\"t2-post-title wp-block-t2-post-title\">Vil styrke brukermedvirkning i Mental Helse<\/h2>\n\t<\/a>\n<\/div>\n\n<\/div>\n<\/div>\n\n\t\t\t<\/div>\n\t\t<\/div>","protected":false},"excerpt":{"rendered":"<p>Om oss Mental Helse Akershus er ett av fylkeslagene i Mental Helse. Vi har omtrent 1000 medlemmer, og per i dag 14 aktive lokallag. Vi&#8230;<\/p>\n","protected":false},"author":1,"featured_media":0,"parent":0,"menu_order":0,"comment_status":"closed","ping_status":"closed","template":"","meta":{"t2_featured_media_focal_point":{"x":0.5,"y":0.5},"mh_hide_title":true,"e24d_chat_page_choice":"","footnotes":""},"class_list":["post-797","page","type-page","status-publish","hentry"],"yoast_head":"<!-- This site is optimized with the Yoast SEO Premium plugin v21.2 (Yoast SEO v21.2) - https:\/\/yoast.com\/wordpress\/plugins\/seo\/ -->\n<title>Om oss - Mental Helse - Akershus<\/title>\n<meta name=\"description\" content=\"Her kan du lese om oss i Mental Helse Akershus, og l\u00e6re mer om hva vi jobber med. Ta gjerne kontakt hvis du har noen sp\u00f8rsm\u00e5l!\" \/>\n<meta name=\"robots\" content=\"index, follow, max-snippet:-1, max-image-preview:large, max-video-preview:-1\" \/>\n<link rel=\"canonical\" href=\"https:\/\/mentalhelse.no\/akershus\/om-oss\/\" \/>\n<meta property=\"og:locale\" content=\"nb_NO\" \/>\n<meta property=\"og:type\" content=\"article\" \/>\n<meta property=\"og:title\" content=\"Om oss\" \/>\n<meta property=\"og:description\" content=\"Her kan du lese om oss i Mental Helse Akershus, og l\u00e6re mer om hva vi jobber med. Ta gjerne kontakt hvis du har noen sp\u00f8rsm\u00e5l!\" \/>\n<meta property=\"og:url\" content=\"https:\/\/mentalhelse.no\/akershus\/om-oss\/\" \/>\n<meta property=\"og:site_name\" content=\"Akershus\" \/>\n<meta property=\"article:modified_time\" content=\"2025-07-09T07:55:12+00:00\" \/>\n<meta property=\"og:image\" content=\"http:\/\/mentalhelse.no\/content\/uploads\/sites\/12\/2023\/08\/Innlandet-om-oss-1024x683.jpg\" \/>\n<meta name=\"twitter:card\" content=\"summary_large_image\" \/>\n<meta name=\"twitter:label1\" content=\"Ansl. lesetid\" \/>\n\t<meta name=\"twitter:data1\" content=\"2 minutter\" \/>\n<script type=\"application\/ld+json\" class=\"yoast-schema-graph\">{\"@context\":\"https:\/\/schema.org\",\"@graph\":[{\"@type\":\"WebPage\",\"@id\":\"https:\/\/mentalhelse.no\/akershus\/om-oss\/\",\"url\":\"https:\/\/mentalhelse.no\/akershus\/om-oss\/\",\"name\":\"Om oss - Akershus\",\"isPartOf\":{\"@id\":\"https:\/\/mentalhelse.no\/akershus\/#website\"},\"datePublished\":\"2023-05-10T11:14:16+00:00\",\"dateModified\":\"2025-07-09T07:55:12+00:00\",\"description\":\"Her kan du lese om oss i Mental Helse Akershus, og l\u00e6re mer om hva vi jobber med. Ta gjerne kontakt hvis du har noen sp\u00f8rsm\u00e5l!\",\"breadcrumb\":{\"@id\":\"https:\/\/mentalhelse.no\/akershus\/om-oss\/#breadcrumb\"},\"inLanguage\":\"nb-NO\",\"potentialAction\":[{\"@type\":\"ReadAction\",\"target\":[\"https:\/\/mentalhelse.no\/akershus\/om-oss\/\"]}]},{\"@type\":\"BreadcrumbList\",\"@id\":\"https:\/\/mentalhelse.no\/akershus\/om-oss\/#breadcrumb\",\"itemListElement\":[{\"@type\":\"ListItem\",\"position\":1,\"name\":\"Hjem\",\"item\":\"https:\/\/mentalhelse.no\/akershus\/\"},{\"@type\":\"ListItem\",\"position\":2,\"name\":\"Om oss\"}]},{\"@type\":\"WebSite\",\"@id\":\"https:\/\/mentalhelse.no\/akershus\/#website\",\"url\":\"https:\/\/mentalhelse.no\/akershus\/\",\"name\":\"Akershus\",\"description\":\"\",\"potentialAction\":[{\"@type\":\"SearchAction\",\"target\":{\"@type\":\"EntryPoint\",\"urlTemplate\":\"https:\/\/mentalhelse.no\/akershus\/?s={search_term_string}\"},\"query-input\":\"required name=search_term_string\"}],\"inLanguage\":\"nb-NO\"}]}<\/script>\n<!-- \/ Yoast SEO Premium plugin. -->","yoast_head_json":{"title":"Om oss - Mental Helse - Akershus","description":"Her kan du lese om oss i Mental Helse Akershus, og l\u00e6re mer om hva vi jobber med. Ta gjerne kontakt hvis du har noen sp\u00f8rsm\u00e5l!","robots":{"index":"index","follow":"follow","max-snippet":"max-snippet:-1","max-image-preview":"max-image-preview:large","max-video-preview":"max-video-preview:-1"},"canonical":"https:\/\/mentalhelse.no\/akershus\/om-oss\/","og_locale":"nb_NO","og_type":"article","og_title":"Om oss","og_description":"Her kan du lese om oss i Mental Helse Akershus, og l\u00e6re mer om hva vi jobber med. Ta gjerne kontakt hvis du har noen sp\u00f8rsm\u00e5l!","og_url":"https:\/\/mentalhelse.no\/akershus\/om-oss\/","og_site_name":"Akershus","article_modified_time":"2025-07-09T07:55:12+00:00","og_image":[{"url":"http:\/\/mentalhelse.no\/content\/uploads\/sites\/12\/2023\/08\/Innlandet-om-oss-1024x683.jpg"}],"twitter_card":"summary_large_image","twitter_misc":{"Ansl. lesetid":"2 minutter"},"schema":{"@context":"https:\/\/schema.org","@graph":[{"@type":"WebPage","@id":"https:\/\/mentalhelse.no\/akershus\/om-oss\/","url":"https:\/\/mentalhelse.no\/akershus\/om-oss\/","name":"Om oss - Akershus","isPartOf":{"@id":"https:\/\/mentalhelse.no\/akershus\/#website"},"datePublished":"2023-05-10T11:14:16+00:00","dateModified":"2025-07-09T07:55:12+00:00","description":"Her kan du lese om oss i Mental Helse Akershus, og l\u00e6re mer om hva vi jobber med. Ta gjerne kontakt hvis du har noen sp\u00f8rsm\u00e5l!","breadcrumb":{"@id":"https:\/\/mentalhelse.no\/akershus\/om-oss\/#breadcrumb"},"inLanguage":"nb-NO","potentialAction":[{"@type":"ReadAction","target":["https:\/\/mentalhelse.no\/akershus\/om-oss\/"]}]},{"@type":"BreadcrumbList","@id":"https:\/\/mentalhelse.no\/akershus\/om-oss\/#breadcrumb","itemListElement":[{"@type":"ListItem","position":1,"name":"Hjem","item":"https:\/\/mentalhelse.no\/akershus\/"},{"@type":"ListItem","position":2,"name":"Om oss"}]},{"@type":"WebSite","@id":"https:\/\/mentalhelse.no\/akershus\/#website","url":"https:\/\/mentalhelse.no\/akershus\/","name":"Akershus","description":"","potentialAction":[{"@type":"SearchAction","target":{"@type":"EntryPoint","urlTemplate":"https:\/\/mentalhelse.no\/akershus\/?s={search_term_string}"},"query-input":"required name=search_term_string"}],"inLanguage":"nb-NO"}]}},"_links":{"self":[{"href":"https:\/\/mentalhelse.no\/akershus\/wp-json\/wp\/v2\/pages\/797","targetHints":{"allow":["GET"]}}],"collection":[{"href":"https:\/\/mentalhelse.no\/akershus\/wp-json\/wp\/v2\/pages"}],"about":[{"href":"https:\/\/mentalhelse.no\/akershus\/wp-json\/wp\/v2\/types\/page"}],"author":[{"embeddable":true,"href":"https:\/\/mentalhelse.no\/akershus\/wp-json\/wp\/v2\/users\/1"}],"replies":[{"embeddable":true,"href":"https:\/\/mentalhelse.no\/akershus\/wp-json\/wp\/v2\/comments?post=797"}],"version-history":[{"count":6,"href":"https:\/\/mentalhelse.no\/akershus\/wp-json\/wp\/v2\/pages\/797\/revisions"}],"predecessor-version":[{"id":1216,"href":"https:\/\/mentalhelse.no\/akershus\/wp-json\/wp\/v2\/pages\/797\/revisions\/1216"}],"wp:attachment":[{"href":"https:\/\/mentalhelse.no\/akershus\/wp-json\/wp\/v2\/media?parent=797"}],"curies":[{"name":"wp","href":"https:\/\/api.w.org\/{rel}","templated":true}]}}