{"id":797,"date":"2023-05-10T11:14:16","date_gmt":"2023-05-10T11:14:16","guid":{"rendered":"https:\/\/mentalhelse.no\/viken\/?page_id=797"},"modified":"2025-10-17T07:46:44","modified_gmt":"2025-10-17T07:46:44","slug":"om-oss","status":"publish","type":"page","link":"https:\/\/mentalhelse.no\/bo-i-vesteralen\/om-oss\/","title":{"rendered":"Om oss"},"content":{"rendered":"\n<figure class=\"wp-block-image size-large\"><img loading=\"lazy\" decoding=\"async\" width=\"1024\" height=\"607\" src=\"https:\/\/mentalhelse.no\/content\/uploads\/sites\/234\/2023\/06\/Om-oss-Bo-i-Vesteralen-1024x607.jpg\" alt=\"\" class=\"wp-image-1000\" srcset=\"https:\/\/mentalhelse.no\/content\/uploads\/sites\/234\/2023\/06\/Om-oss-Bo-i-Vesteralen-1024x607.jpg 1024w, https:\/\/mentalhelse.no\/content\/uploads\/sites\/234\/2023\/06\/Om-oss-Bo-i-Vesteralen-300x178.jpg 300w, https:\/\/mentalhelse.no\/content\/uploads\/sites\/234\/2023\/06\/Om-oss-Bo-i-Vesteralen-768x455.jpg 768w, https:\/\/mentalhelse.no\/content\/uploads\/sites\/234\/2023\/06\/Om-oss-Bo-i-Vesteralen-1536x911.jpg 1536w, https:\/\/mentalhelse.no\/content\/uploads\/sites\/234\/2023\/06\/Om-oss-Bo-i-Vesteralen-2048x1214.jpg 2048w\" sizes=\"auto, (max-width: 1024px) 100vw, 1024px\" \/><\/figure>\n\n\n\n<h1 class=\"wp-block-heading\" id=\"h-om-oss\">Om oss<\/h1>\n\n\n\n<p>Mental Helse B\u00f8 i Vester\u00e5len ble stiftet i februar 2020 og har i dag ca. 40 medlemmer. <\/p>\n\n\n\n<p>Lokallaget har en m\u00f8teplass p\u00e5 Straume (Veaveien 17), som er \u00e5pen flere dager i uka, ogs\u00e5 gjennom sommeren. <\/p>\n\n\n\n<p>Vi i Mental Helse B\u00f8 i Vester\u00e5len baserer oss p\u00e5 gratis aktiviteter.<\/p>\n\n\n\n<p><strong>Faste aktiviteter er:<\/strong><\/p>\n\n\n\n<p>Radiobingo annen hver mandag.<\/p>\n\n\n\n<p>Turdag noen tirsdager hver m\u00e5ned.<\/p>\n\n\n\n<p>M\u00f8teplass, kafe, hver onsdag mellom kl. 11 og 13.<\/p>\n\n\n\n<p>Hobbykveld, quiz eller grilling enkelte torsdager i m\u00e5neden. <\/p>\n\n\n\n<p>Kosekveld med varm mat i slutten av hver mnd.<\/p>\n\n\n\n<p>Aktivitetene offentliggj\u00f8r vi i begynnelsen av hver m\u00e5ned p\u00e5 oppslag rundt omkring i B\u00f8, samt p\u00e5 <a href=\"https:\/\/www.facebook.com\/groups\/1122514168089209\">Facebook-siden<\/a> v\u00e5r<\/p>\n\n\n\n<p>\u00d8nsker du \u00e5 bli frivillig eller medlem hos oss? Da er du er hjertelig velkommen til \u00e5 ta kontakt! <\/p>\n\n\n\n<p>Mental Helse B\u00f8 i Vester\u00e5len drives av en gjeng med ivrige og engasjerte folk som jobber for \u00e5 skape et m\u00f8tepunkt for de som \u00f8nsker et fellesskap i omr\u00e5det. <\/p>\n\n\n\n<h3 class=\"wp-block-heading\" id=\"h-mot-noen-av-oss\"><strong>M\u00f8t noen av oss:<\/strong><\/h3>\n\n\n<div class=\"t2-featured-content-layout align align wp-block-t2-featured-content-layout\">\n<div class=\"t2-featured-single-post t2-featured-content is-post-type-person role-lokallagsleder wp-block-t2-featured-single-post\">\n\t\n\t\t<div class=\"wp-block-group wp-block-t2-post-link is-layout-flow wp-block-group-is-layout-flow\">\n\t\t\t<figure style=\"--t2-focal-point: 50% 50%;\" class=\"t2-post-featured-image has-image-ratio-1-1 wp-block-t2-post-featured-image\"><img loading=\"lazy\" decoding=\"async\" width=\"502\" height=\"748\" src=\"https:\/\/mentalhelse.no\/content\/uploads\/sites\/234\/2023\/08\/ElaineEriksen.jpg\" class=\"attachment-post-thumbnail size-post-thumbnail wp-post-image\" alt=\"\" srcset=\"https:\/\/mentalhelse.no\/content\/uploads\/sites\/234\/2023\/08\/ElaineEriksen.jpg 502w, https:\/\/mentalhelse.no\/content\/uploads\/sites\/234\/2023\/08\/ElaineEriksen-201x300.jpg 201w\" sizes=\"auto, (max-width: 502px) 100vw, 502px\" style=\"--focal-point: 50% 50%;\" \/><\/figure>\n\t\t\t\n\t\t\t<div class=\"wp-block-group alignfull is-layout-flow wp-block-group-is-layout-flow\">\n\t\t\t\t\n\t\t<a class=\"t2-post-link is-card-main-link wp-block-t2-post-link\" href=\"https:\/\/mentalhelse.no\/bo-i-vesteralen\/?person=elaine-eriksen\">\n\t\t\t<h2 class=\"t2-post-title wp-block-t2-post-title\">Elaine Eriksen<\/h2>\n\t\t<\/a>\n\t\t<div class=\"taxonomy-role wp-block-post-terms\"><a href=\"https:\/\/mentalhelse.no\/bo-i-vesteralen\/role\/lokallagsleder\/\" rel=\"tag\">Lokallagsleder<\/a><\/div><div class=\"card-info wp-block-t2-people-meta\"><\/div>\n\t\t\t<\/div>\n\t\t\t\n\t\t<\/div>\n\t\n\t<\/div>\n\n<div class=\"t2-featured-single-post t2-featured-content is-post-type-person role-styremedlem wp-block-t2-featured-single-post\">\n\t\n\t\t<div class=\"wp-block-group wp-block-t2-post-link is-layout-flow wp-block-group-is-layout-flow\">\n\t\t\t<figure style=\"--t2-focal-point: 50% 50%;\" class=\"t2-post-featured-image has-image-ratio-1-1 wp-block-t2-post-featured-image\"><img loading=\"lazy\" decoding=\"async\" width=\"613\" height=\"859\" src=\"https:\/\/mentalhelse.no\/content\/uploads\/sites\/234\/2023\/08\/Heidi-Lodding.jpg\" class=\"attachment-post-thumbnail size-post-thumbnail wp-post-image\" alt=\"\" srcset=\"https:\/\/mentalhelse.no\/content\/uploads\/sites\/234\/2023\/08\/Heidi-Lodding.jpg 613w, https:\/\/mentalhelse.no\/content\/uploads\/sites\/234\/2023\/08\/Heidi-Lodding-214x300.jpg 214w\" sizes=\"auto, (max-width: 613px) 100vw, 613px\" style=\"--focal-point: 50% 50%;\" \/><\/figure>\n\t\t\t\n\t\t\t<div class=\"wp-block-group alignfull is-layout-flow wp-block-group-is-layout-flow\">\n\t\t\t\t\n\t\t<a class=\"t2-post-link is-card-main-link wp-block-t2-post-link\" href=\"https:\/\/mentalhelse.no\/bo-i-vesteralen\/?person=heidi-loding\">\n\t\t\t<h2 class=\"t2-post-title wp-block-t2-post-title\">Heidi L\u00f8ding<\/h2>\n\t\t<\/a>\n\t\t<div class=\"taxonomy-role wp-block-post-terms\"><a href=\"https:\/\/mentalhelse.no\/bo-i-vesteralen\/role\/styremedlem\/\" rel=\"tag\">Styremedlem<\/a><\/div><div class=\"card-info wp-block-t2-people-meta\"><\/div>\n\t\t\t<\/div>\n\t\t\t\n\t\t<\/div>\n\t\n\t<\/div>\n\n<div class=\"t2-featured-single-post t2-featured-content is-post-type-person role-varamedlem wp-block-t2-featured-single-post\">\n\t\n\t\t<div class=\"wp-block-group wp-block-t2-post-link is-layout-flow wp-block-group-is-layout-flow\">\n\t\t\t<figure style=\"--t2-focal-point: 73% 49%;\" class=\"t2-post-featured-image has-image-ratio-1-1 wp-block-t2-post-featured-image\"><img loading=\"lazy\" decoding=\"async\" width=\"2471\" height=\"2123\" src=\"https:\/\/mentalhelse.no\/content\/uploads\/sites\/234\/2024\/04\/20240411_141738.jpg\" class=\"attachment-post-thumbnail size-post-thumbnail wp-post-image\" alt=\"\" srcset=\"https:\/\/mentalhelse.no\/content\/uploads\/sites\/234\/2024\/04\/20240411_141738.jpg 2471w, https:\/\/mentalhelse.no\/content\/uploads\/sites\/234\/2024\/04\/20240411_141738-300x258.jpg 300w, https:\/\/mentalhelse.no\/content\/uploads\/sites\/234\/2024\/04\/20240411_141738-1024x880.jpg 1024w, https:\/\/mentalhelse.no\/content\/uploads\/sites\/234\/2024\/04\/20240411_141738-768x660.jpg 768w, https:\/\/mentalhelse.no\/content\/uploads\/sites\/234\/2024\/04\/20240411_141738-1536x1320.jpg 1536w, https:\/\/mentalhelse.no\/content\/uploads\/sites\/234\/2024\/04\/20240411_141738-2048x1760.jpg 2048w\" sizes=\"auto, (max-width: 2471px) 100vw, 2471px\" style=\"--focal-point: 73% 49%;\" \/><\/figure>\n\t\t\t\n\t\t\t<div class=\"wp-block-group alignfull is-layout-flow wp-block-group-is-layout-flow\">\n\t\t\t\t\n\t\t<a class=\"t2-post-link is-card-main-link wp-block-t2-post-link\" href=\"https:\/\/mentalhelse.no\/bo-i-vesteralen\/?person=tom-kristoffersen\">\n\t\t\t<h2 class=\"t2-post-title wp-block-t2-post-title\">Tom Kristiansen<\/h2>\n\t\t<\/a>\n\t\t<div class=\"taxonomy-role wp-block-post-terms\"><a href=\"https:\/\/mentalhelse.no\/bo-i-vesteralen\/role\/varamedlem\/\" rel=\"tag\">Varamedlem<\/a><\/div><div class=\"card-info wp-block-t2-people-meta\"><\/div>\n\t\t\t<\/div>\n\t\t\t\n\t\t<\/div>\n\t\n\t<\/div>\n<\/div>\n\n\n<h2 class=\"wp-block-heading\" id=\"h-styret\">Styret:<\/h2>\n\n\n\n<p><strong>Leder:<\/strong> Elaine Eriksen<br><strong>Kasserer:<\/strong> Heidi Falck<br><strong>Styremedlem:<\/strong> Turid Kristiansen<br><strong>Styremedlem:<\/strong> Heidi L\u00f8dding<br><strong>Vara:<\/strong> Bj\u00f8rg Dreyer<br><strong>Vara: <\/strong>Tom Kristiansen<br><\/p>\n\n\n\n<p><a href=\"mailto:bo@lokallag.mentalhelse.no\">bo@lokallag.mentalhelse.no<\/a><br>Tlf: 906 78 980<\/p>\n\n\n\n<p><\/p>\n\n\n\n<p><strong>Organisasjonsavdelingen:<\/strong>\u00a0<br>E-post: <a href=\"mailto:medlem@mentalhelse.no\">medlem@mentalhelse.no<\/a><br>Tlf: 352 96 060 tastevalg 2<\/p>\n\n\n\n<div class=\"wp-block-columns is-layout-flex wp-container-core-columns-is-layout-1 wp-block-columns-is-layout-flex\">\n<div class=\"wp-block-column is-layout-flow wp-block-column-is-layout-flow\" style=\"flex-basis:100%\"><div class=\"card-info wp-block-t2-people-meta\"><\/div><\/div>\n<\/div>\n\n\n\n\n<div class=\"card-info wp-block-t2-people-meta\"><\/div>\n\n\n\t\t<div class=\"mh-related-posts alignfull alignfull wp-block-mentalhelse-related-posts gray-mode\">\n\t\t\t<div class=\"mh-related-posts__inner\">\n\t\t\t\t\n\n<h3 class=\"wp-block-heading\" id=\"h-siste-nytt-fra-mental-helse-bo-i-vesteralen\">Siste nytt fra Mental Helse B\u00f8 i Vester\u00e5len<\/h3>\n\n\n<div class=\"t2-featured-content-layout alignwide alignwide wp-block-t2-featured-content-layout\">\n<div class=\"t2-featured-query-post t2-featured-content is-post-type-news is-style-default wp-block-t2-featured-query-post t2-featured-content-layout-col-4\"><a class=\"t2-post-link wp-block-t2-post-link\" href=\"https:\/\/mentalhelse.no\/bo-i-vesteralen\/aktuelt\/dokumentar-om-overgrep\/\">\n\t<figure style=\"--t2-focal-point: 50% 50%;\" class=\"t2-post-featured-image has-image-ratio-16-9 wp-block-t2-post-featured-image\"><img loading=\"lazy\" decoding=\"async\" width=\"2560\" height=\"1708\" src=\"https:\/\/mentalhelse.no\/content\/uploads\/sites\/234\/2023\/06\/Bo-i-Vesteralen-scaled.jpg\" class=\"attachment-post-thumbnail size-post-thumbnail wp-post-image\" alt=\"\" srcset=\"https:\/\/mentalhelse.no\/content\/uploads\/sites\/234\/2023\/06\/Bo-i-Vesteralen-scaled.jpg 2560w, https:\/\/mentalhelse.no\/content\/uploads\/sites\/234\/2023\/06\/Bo-i-Vesteralen-300x200.jpg 300w, https:\/\/mentalhelse.no\/content\/uploads\/sites\/234\/2023\/06\/Bo-i-Vesteralen-1024x683.jpg 1024w, https:\/\/mentalhelse.no\/content\/uploads\/sites\/234\/2023\/06\/Bo-i-Vesteralen-768x512.jpg 768w, https:\/\/mentalhelse.no\/content\/uploads\/sites\/234\/2023\/06\/Bo-i-Vesteralen-1536x1025.jpg 1536w, https:\/\/mentalhelse.no\/content\/uploads\/sites\/234\/2023\/06\/Bo-i-Vesteralen-2048x1366.jpg 2048w\" sizes=\"auto, (max-width: 2560px) 100vw, 2560px\" style=\"--focal-point: 50% 50%;\" \/><\/figure>\n<\/a>\n\n<div class=\"wp-block-group postinfo alignfull is-layout-flow wp-block-group-is-layout-flow\">\n\t<div class=\"wp-block-mentalhelse-post-category\">\n\t\t\t\t\t<div class=\"post-type\">\n\t\t\t\t\t\t<a href=\"https:\/\/mentalhelse.no\/bo-i-vesteralen\/aktuelt\/\">Nyheter<\/a>\n\t\t\t\t\t<\/div>\n\t\t\t\t\t\n\t\t\t\t\t<div class=\"post-category\">\n\t\t\t\t\t\t\n\t\t\t\t\t<\/div>\n\t\t\t<\/div>\n\t<a class=\"t2-post-link wp-block-t2-post-link\" href=\"https:\/\/mentalhelse.no\/bo-i-vesteralen\/aktuelt\/dokumentar-om-overgrep\/\">\n\t<h2 class=\"t2-post-title wp-block-t2-post-title\">Dokumentar om overgrep<\/h2>\n\t<\/a>\n<\/div>\n\n<\/div>\n\n<div class=\"t2-featured-query-post t2-featured-content is-post-type-news wp-block-t2-featured-query-post t2-featured-content-layout-col-4\"><a class=\"t2-post-link wp-block-t2-post-link\" href=\"https:\/\/mentalhelse.no\/bo-i-vesteralen\/aktuelt\/eksempelartikkel\/\">\n\t<figure style=\"--t2-focal-point: 50% 50%;\" class=\"t2-post-featured-image has-image-ratio-16-9 wp-block-t2-post-featured-image\"><img loading=\"lazy\" decoding=\"async\" width=\"1400\" height=\"1045\" src=\"https:\/\/mentalhelse.no\/content\/uploads\/sites\/234\/2023\/06\/Svein-Inge-Lundli.jpg\" class=\"attachment-post-thumbnail size-post-thumbnail wp-post-image\" alt=\"\" srcset=\"https:\/\/mentalhelse.no\/content\/uploads\/sites\/234\/2023\/06\/Svein-Inge-Lundli.jpg 1400w, https:\/\/mentalhelse.no\/content\/uploads\/sites\/234\/2023\/06\/Svein-Inge-Lundli-300x224.jpg 300w, https:\/\/mentalhelse.no\/content\/uploads\/sites\/234\/2023\/06\/Svein-Inge-Lundli-1024x764.jpg 1024w, https:\/\/mentalhelse.no\/content\/uploads\/sites\/234\/2023\/06\/Svein-Inge-Lundli-768x573.jpg 768w\" sizes=\"auto, (max-width: 1400px) 100vw, 1400px\" style=\"--focal-point: 50% 50%;\" \/><\/figure>\n<\/a>\n\n<div class=\"wp-block-group postinfo alignfull is-layout-flow wp-block-group-is-layout-flow\">\n\t<div class=\"wp-block-mentalhelse-post-category\">\n\t\t\t\t\t<div class=\"post-type\">\n\t\t\t\t\t\t<a href=\"https:\/\/mentalhelse.no\/bo-i-vesteralen\/aktuelt\/\">Nyheter<\/a>\n\t\t\t\t\t<\/div>\n\t\t\t\t\t\n\t\t\t\t\t<div class=\"post-category\">\n\t\t\t\t\t\t\n\t\t\t\t\t<\/div>\n\t\t\t<\/div>\n\t<a class=\"t2-post-link wp-block-t2-post-link\" href=\"https:\/\/mentalhelse.no\/bo-i-vesteralen\/aktuelt\/eksempelartikkel\/\">\n\t<h2 class=\"t2-post-title wp-block-t2-post-title\"><\/h2>\n\t<\/a>\n<\/div>\n\n<\/div>\n\n\n<\/div>\n\n\t\t\t<\/div>\n\t\t<\/div>","protected":false},"excerpt":{"rendered":"<p>Om oss Mental Helse B\u00f8 i Vester\u00e5len ble stiftet i februar 2020 og har i dag ca. 40 medlemmer. Lokallaget har en m\u00f8teplass p\u00e5 Straume&#8230;<\/p>\n","protected":false},"author":1,"featured_media":0,"parent":0,"menu_order":0,"comment_status":"closed","ping_status":"closed","template":"","meta":{"t2_featured_media_focal_point":{"x":0.5,"y":0.5},"mh_hide_title":true,"e24d_chat_page_choice":"","footnotes":""},"class_list":["post-797","page","type-page","status-publish","hentry"],"yoast_head":"<!-- This site is optimized with the Yoast SEO Premium plugin v21.2 (Yoast SEO v21.2) - https:\/\/yoast.com\/wordpress\/plugins\/seo\/ -->\n<title>Om oss - Mental Helse - B\u00f8 i Vester\u00e5len<\/title>\n<meta name=\"description\" content=\"Her kan du lese om oss i Mental Helse B\u00f8 i Vester\u00e5len, og l\u00e6re mer om hva vi jobber med. Ta gjerne kontakt hvis du har noen sp\u00f8rsm\u00e5l!\" \/>\n<meta name=\"robots\" content=\"index, follow, max-snippet:-1, max-image-preview:large, max-video-preview:-1\" \/>\n<link rel=\"canonical\" href=\"https:\/\/mentalhelse.no\/bo-i-vesteralen\/om-oss\/\" \/>\n<meta property=\"og:locale\" content=\"nb_NO\" \/>\n<meta property=\"og:type\" content=\"article\" \/>\n<meta property=\"og:title\" content=\"Om oss\" \/>\n<meta property=\"og:description\" content=\"Her kan du lese om oss i Mental Helse B\u00f8 i Vester\u00e5len, og l\u00e6re mer om hva vi jobber med. Ta gjerne kontakt hvis du har noen sp\u00f8rsm\u00e5l!\" \/>\n<meta property=\"og:url\" content=\"https:\/\/mentalhelse.no\/bo-i-vesteralen\/om-oss\/\" \/>\n<meta property=\"og:site_name\" content=\"B\u00f8 i Vester\u00e5len\" \/>\n<meta property=\"article:modified_time\" content=\"2025-10-17T07:46:44+00:00\" \/>\n<meta property=\"og:image\" content=\"https:\/\/mentalhelse.no\/content\/uploads\/sites\/234\/2023\/06\/Om-oss-Bo-i-Vesteralen-1024x607.jpg\" \/>\n<meta name=\"twitter:card\" content=\"summary_large_image\" \/>\n<meta name=\"twitter:label1\" content=\"Ansl. lesetid\" \/>\n\t<meta name=\"twitter:data1\" content=\"2 minutter\" \/>\n<script type=\"application\/ld+json\" class=\"yoast-schema-graph\">{\"@context\":\"https:\/\/schema.org\",\"@graph\":[{\"@type\":\"WebPage\",\"@id\":\"https:\/\/mentalhelse.no\/bo-i-vesteralen\/om-oss\/\",\"url\":\"https:\/\/mentalhelse.no\/bo-i-vesteralen\/om-oss\/\",\"name\":\"Om oss - B\u00f8 i Vester\u00e5len\",\"isPartOf\":{\"@id\":\"https:\/\/mentalhelse.no\/bo-i-vesteralen\/#website\"},\"datePublished\":\"2023-05-10T11:14:16+00:00\",\"dateModified\":\"2025-10-17T07:46:44+00:00\",\"description\":\"Her kan du lese om oss i Mental Helse B\u00f8 i Vester\u00e5len, og l\u00e6re mer om hva vi jobber med. Ta gjerne kontakt hvis du har noen sp\u00f8rsm\u00e5l!\",\"breadcrumb\":{\"@id\":\"https:\/\/mentalhelse.no\/bo-i-vesteralen\/om-oss\/#breadcrumb\"},\"inLanguage\":\"nb-NO\",\"potentialAction\":[{\"@type\":\"ReadAction\",\"target\":[\"https:\/\/mentalhelse.no\/bo-i-vesteralen\/om-oss\/\"]}]},{\"@type\":\"BreadcrumbList\",\"@id\":\"https:\/\/mentalhelse.no\/bo-i-vesteralen\/om-oss\/#breadcrumb\",\"itemListElement\":[{\"@type\":\"ListItem\",\"position\":1,\"name\":\"Hjem\",\"item\":\"https:\/\/mentalhelse.no\/bo-i-vesteralen\/\"},{\"@type\":\"ListItem\",\"position\":2,\"name\":\"Om oss\"}]},{\"@type\":\"WebSite\",\"@id\":\"https:\/\/mentalhelse.no\/bo-i-vesteralen\/#website\",\"url\":\"https:\/\/mentalhelse.no\/bo-i-vesteralen\/\",\"name\":\"B\u00f8 i Vester\u00e5len\",\"description\":\"\",\"potentialAction\":[{\"@type\":\"SearchAction\",\"target\":{\"@type\":\"EntryPoint\",\"urlTemplate\":\"https:\/\/mentalhelse.no\/bo-i-vesteralen\/?s={search_term_string}\"},\"query-input\":\"required name=search_term_string\"}],\"inLanguage\":\"nb-NO\"}]}<\/script>\n<!-- \/ Yoast SEO Premium plugin. -->","yoast_head_json":{"title":"Om oss - Mental Helse - B\u00f8 i Vester\u00e5len","description":"Her kan du lese om oss i Mental Helse B\u00f8 i Vester\u00e5len, og l\u00e6re mer om hva vi jobber med. Ta gjerne kontakt hvis du har noen sp\u00f8rsm\u00e5l!","robots":{"index":"index","follow":"follow","max-snippet":"max-snippet:-1","max-image-preview":"max-image-preview:large","max-video-preview":"max-video-preview:-1"},"canonical":"https:\/\/mentalhelse.no\/bo-i-vesteralen\/om-oss\/","og_locale":"nb_NO","og_type":"article","og_title":"Om oss","og_description":"Her kan du lese om oss i Mental Helse B\u00f8 i Vester\u00e5len, og l\u00e6re mer om hva vi jobber med. Ta gjerne kontakt hvis du har noen sp\u00f8rsm\u00e5l!","og_url":"https:\/\/mentalhelse.no\/bo-i-vesteralen\/om-oss\/","og_site_name":"B\u00f8 i Vester\u00e5len","article_modified_time":"2025-10-17T07:46:44+00:00","og_image":[{"url":"https:\/\/mentalhelse.no\/content\/uploads\/sites\/234\/2023\/06\/Om-oss-Bo-i-Vesteralen-1024x607.jpg"}],"twitter_card":"summary_large_image","twitter_misc":{"Ansl. lesetid":"2 minutter"},"schema":{"@context":"https:\/\/schema.org","@graph":[{"@type":"WebPage","@id":"https:\/\/mentalhelse.no\/bo-i-vesteralen\/om-oss\/","url":"https:\/\/mentalhelse.no\/bo-i-vesteralen\/om-oss\/","name":"Om oss - B\u00f8 i Vester\u00e5len","isPartOf":{"@id":"https:\/\/mentalhelse.no\/bo-i-vesteralen\/#website"},"datePublished":"2023-05-10T11:14:16+00:00","dateModified":"2025-10-17T07:46:44+00:00","description":"Her kan du lese om oss i Mental Helse B\u00f8 i Vester\u00e5len, og l\u00e6re mer om hva vi jobber med. Ta gjerne kontakt hvis du har noen sp\u00f8rsm\u00e5l!","breadcrumb":{"@id":"https:\/\/mentalhelse.no\/bo-i-vesteralen\/om-oss\/#breadcrumb"},"inLanguage":"nb-NO","potentialAction":[{"@type":"ReadAction","target":["https:\/\/mentalhelse.no\/bo-i-vesteralen\/om-oss\/"]}]},{"@type":"BreadcrumbList","@id":"https:\/\/mentalhelse.no\/bo-i-vesteralen\/om-oss\/#breadcrumb","itemListElement":[{"@type":"ListItem","position":1,"name":"Hjem","item":"https:\/\/mentalhelse.no\/bo-i-vesteralen\/"},{"@type":"ListItem","position":2,"name":"Om oss"}]},{"@type":"WebSite","@id":"https:\/\/mentalhelse.no\/bo-i-vesteralen\/#website","url":"https:\/\/mentalhelse.no\/bo-i-vesteralen\/","name":"B\u00f8 i Vester\u00e5len","description":"","potentialAction":[{"@type":"SearchAction","target":{"@type":"EntryPoint","urlTemplate":"https:\/\/mentalhelse.no\/bo-i-vesteralen\/?s={search_term_string}"},"query-input":"required name=search_term_string"}],"inLanguage":"nb-NO"}]}},"_links":{"self":[{"href":"https:\/\/mentalhelse.no\/bo-i-vesteralen\/wp-json\/wp\/v2\/pages\/797","targetHints":{"allow":["GET"]}}],"collection":[{"href":"https:\/\/mentalhelse.no\/bo-i-vesteralen\/wp-json\/wp\/v2\/pages"}],"about":[{"href":"https:\/\/mentalhelse.no\/bo-i-vesteralen\/wp-json\/wp\/v2\/types\/page"}],"author":[{"embeddable":true,"href":"https:\/\/mentalhelse.no\/bo-i-vesteralen\/wp-json\/wp\/v2\/users\/1"}],"replies":[{"embeddable":true,"href":"https:\/\/mentalhelse.no\/bo-i-vesteralen\/wp-json\/wp\/v2\/comments?post=797"}],"version-history":[{"count":4,"href":"https:\/\/mentalhelse.no\/bo-i-vesteralen\/wp-json\/wp\/v2\/pages\/797\/revisions"}],"predecessor-version":[{"id":1431,"href":"https:\/\/mentalhelse.no\/bo-i-vesteralen\/wp-json\/wp\/v2\/pages\/797\/revisions\/1431"}],"wp:attachment":[{"href":"https:\/\/mentalhelse.no\/bo-i-vesteralen\/wp-json\/wp\/v2\/media?parent=797"}],"curies":[{"name":"wp","href":"https:\/\/api.w.org\/{rel}","templated":true}]}}