{"id":756,"date":"2023-05-09T11:55:25","date_gmt":"2023-05-09T11:55:25","guid":{"rendered":"https:\/\/mentalhelse.no\/viken\/?page_id=756"},"modified":"2025-10-04T18:44:39","modified_gmt":"2025-10-04T18:44:39","slug":"eidsvoll-og-hurdal","status":"publish","type":"page","link":"https:\/\/mentalhelse.no\/eidsvoll-hurdal\/","title":{"rendered":"Eidsvoll og Hurdal"},"content":{"rendered":"\n\t<div style=\"--t2-hero-dim:0.5;\" class=\"t2-hero t2-hero-content-position-center-left t2-hero-has-dim-50 t2-hero-image-position-right t2-hero-has-image alignfull is-style-two-one wp-block-t2-hero\">\n\t\t<img decoding=\"async\" width=\"1019\" height=\"1024\" src=\"https:\/\/mentalhelse.no\/content\/uploads\/sites\/321\/2025\/09\/1000027692-1019x1024.jpg\" class=\"t2-hero__image\" alt=\"\" style=\"object-position: 50% 50%; --focal-point: 50% 50%;\" loading=\"eager\" fetchpriority=\"high\" srcset=\"https:\/\/mentalhelse.no\/content\/uploads\/sites\/321\/2025\/09\/1000027692-1019x1024.jpg 1019w, https:\/\/mentalhelse.no\/content\/uploads\/sites\/321\/2025\/09\/1000027692-300x300.jpg 300w, https:\/\/mentalhelse.no\/content\/uploads\/sites\/321\/2025\/09\/1000027692-150x150.jpg 150w, https:\/\/mentalhelse.no\/content\/uploads\/sites\/321\/2025\/09\/1000027692-768x772.jpg 768w, https:\/\/mentalhelse.no\/content\/uploads\/sites\/321\/2025\/09\/1000027692-1529x1536.jpg 1529w, https:\/\/mentalhelse.no\/content\/uploads\/sites\/321\/2025\/09\/1000027692-2039x2048.jpg 2039w\" sizes=\"(max-width: 1019px) 100vw, 1019px\" \/>\n\t\t<div class=\"t2-hero__header\"><div class=\"t2-hero__header__content\">\n<h1 class=\"has-text-align-left alignwide wp-block-post-title\">Eidsvoll og Hurdal<\/h1>\n\n\n<p>Mental Helse Eidsvoll og Hurdal er et aktivt lokallag  med 55 medlemmer v\u00e5ren 2025. Vi har som m\u00e5l \u00e5 skape aktiviteter og m\u00f8teplasser som er gode, trygge og inkluderende arenaer for alle &#8211; medlemmer og andre interesserte.  <\/p>\n\n\n\n<div class=\"wp-block-buttons is-layout-flex wp-block-buttons-is-layout-flex\">\n<div class=\"wp-block-button is-style-outline is-style-outline--1\"><a class=\"wp-block-button__link wp-element-button\" href=\"https:\/\/mentalhelse.no\/eidsvoll-hurdal\/om-oss\/\">Om oss<\/a><\/div>\n<\/div>\n\n<\/div><\/div>\n\t<\/div>\n\n\n\n\n<div class=\"wp-block-group alignfull is-layout-constrained wp-block-group-is-layout-constrained\">\n<h3 class=\"wp-block-heading alignwide\" id=\"h-siste-nytt-fra-mental-helse-eidsvioll-og-hurdal\">Siste nytt fra Mental Helse Eidsvioll og Hurdal<\/h3>\n<\/div>\n\n\n<div class=\"t2-featured-content-layout alignwide alignwide wp-block-t2-featured-content-layout\">\n<div class=\"t2-featured-query-post t2-featured-content is-post-type-news wp-block-t2-featured-query-post\"><a class=\"t2-post-link wp-block-t2-post-link\" href=\"https:\/\/mentalhelse.no\/eidsvoll-hurdal\/aktuelt\/kunst-til-verdensdagen-for-psykisk-helse\/\">\n\t<figure style=\"--t2-focal-point: 50% 50%;\" class=\"t2-post-featured-image has-image-ratio-16-9 wp-block-t2-post-featured-image\"><img loading=\"lazy\" decoding=\"async\" width=\"2560\" height=\"1647\" src=\"https:\/\/mentalhelse.no\/content\/uploads\/sites\/321\/2025\/08\/Screenshot_20250827_045852_Facebook-1-scaled.jpg\" class=\"attachment-post-thumbnail size-post-thumbnail wp-post-image\" alt=\"\" srcset=\"https:\/\/mentalhelse.no\/content\/uploads\/sites\/321\/2025\/08\/Screenshot_20250827_045852_Facebook-1-scaled.jpg 2560w, https:\/\/mentalhelse.no\/content\/uploads\/sites\/321\/2025\/08\/Screenshot_20250827_045852_Facebook-1-300x193.jpg 300w, https:\/\/mentalhelse.no\/content\/uploads\/sites\/321\/2025\/08\/Screenshot_20250827_045852_Facebook-1-1024x659.jpg 1024w, https:\/\/mentalhelse.no\/content\/uploads\/sites\/321\/2025\/08\/Screenshot_20250827_045852_Facebook-1-768x494.jpg 768w, https:\/\/mentalhelse.no\/content\/uploads\/sites\/321\/2025\/08\/Screenshot_20250827_045852_Facebook-1-1536x988.jpg 1536w, https:\/\/mentalhelse.no\/content\/uploads\/sites\/321\/2025\/08\/Screenshot_20250827_045852_Facebook-1-2048x1317.jpg 2048w\" sizes=\"auto, (max-width: 2560px) 100vw, 2560px\" style=\"--focal-point: 50% 50%;\" \/><\/figure>\n<\/a>\n\n<div class=\"wp-block-group postinfo alignfull is-layout-flow wp-block-group-is-layout-flow\">\n\t<div class=\"wp-block-mentalhelse-post-category\">\n\t\t\t\t\t<div class=\"post-type\">\n\t\t\t\t\t\t<a href=\"https:\/\/mentalhelse.no\/eidsvoll-hurdal\/aktuelt\/\">Nyheter<\/a>\n\t\t\t\t\t<\/div>\n\t\t\t\t\t\n\t\t\t\t\t<div class=\"post-category\">\n\t\t\t\t\t\t\n\t\t\t\t\t<\/div>\n\t\t\t<\/div>\n\t<a class=\"t2-post-link wp-block-t2-post-link\" href=\"https:\/\/mentalhelse.no\/eidsvoll-hurdal\/aktuelt\/kunst-til-verdensdagen-for-psykisk-helse\/\">\n\t<h2 class=\"t2-post-title wp-block-t2-post-title\">Kunst til Verdensdagen for psykisk helse.<\/h2>\n\t<\/a>\n<\/div>\n\n<\/div>\n\n<div class=\"t2-featured-query-post t2-featured-content is-post-type-news wp-block-t2-featured-query-post\"><a class=\"t2-post-link wp-block-t2-post-link\" href=\"https:\/\/mentalhelse.no\/eidsvoll-hurdal\/aktuelt\/mentalhelse-deltar-pa-oslo-pride\/\">\n\t<figure style=\"--t2-focal-point: 50% 50%;\" class=\"t2-post-featured-image has-image-ratio-16-9 wp-block-t2-post-featured-image\"><img loading=\"lazy\" decoding=\"async\" width=\"2560\" height=\"1914\" src=\"https:\/\/mentalhelse.no\/content\/uploads\/sites\/321\/2025\/06\/Screenshot_20250610_121143_Chrome-scaled.jpg\" class=\"attachment-post-thumbnail size-post-thumbnail wp-post-image\" alt=\"\" srcset=\"https:\/\/mentalhelse.no\/content\/uploads\/sites\/321\/2025\/06\/Screenshot_20250610_121143_Chrome-scaled.jpg 2560w, https:\/\/mentalhelse.no\/content\/uploads\/sites\/321\/2025\/06\/Screenshot_20250610_121143_Chrome-300x224.jpg 300w, https:\/\/mentalhelse.no\/content\/uploads\/sites\/321\/2025\/06\/Screenshot_20250610_121143_Chrome-1024x766.jpg 1024w, https:\/\/mentalhelse.no\/content\/uploads\/sites\/321\/2025\/06\/Screenshot_20250610_121143_Chrome-768x574.jpg 768w, https:\/\/mentalhelse.no\/content\/uploads\/sites\/321\/2025\/06\/Screenshot_20250610_121143_Chrome-1536x1148.jpg 1536w, https:\/\/mentalhelse.no\/content\/uploads\/sites\/321\/2025\/06\/Screenshot_20250610_121143_Chrome-2048x1531.jpg 2048w\" sizes=\"auto, (max-width: 2560px) 100vw, 2560px\" style=\"--focal-point: 50% 50%;\" \/><\/figure>\n<\/a>\n\n<div class=\"wp-block-group postinfo alignfull is-layout-flow wp-block-group-is-layout-flow\">\n\t<div class=\"wp-block-mentalhelse-post-category\">\n\t\t\t\t\t<div class=\"post-type\">\n\t\t\t\t\t\t<a href=\"https:\/\/mentalhelse.no\/eidsvoll-hurdal\/aktuelt\/\">Nyheter<\/a>\n\t\t\t\t\t<\/div>\n\t\t\t\t\t\n\t\t\t\t\t<div class=\"post-category\">\n\t\t\t\t\t\t\n\t\t\t\t\t<\/div>\n\t\t\t<\/div>\n\t<a class=\"t2-post-link wp-block-t2-post-link\" href=\"https:\/\/mentalhelse.no\/eidsvoll-hurdal\/aktuelt\/mentalhelse-deltar-pa-oslo-pride\/\">\n\t<h2 class=\"t2-post-title wp-block-t2-post-title\">Mentalhelse deltar p\u00e5 Oslo Pride<\/h2>\n\t<\/a>\n<\/div>\n\n<\/div>\n\n<div class=\"t2-featured-query-post t2-featured-content is-post-type-news wp-block-t2-featured-query-post\"><a class=\"t2-post-link wp-block-t2-post-link\" href=\"https:\/\/mentalhelse.no\/eidsvoll-hurdal\/aktuelt\/1163-2\/\">\n\t<figure style=\"--t2-focal-point: 50% 50%;\" class=\"t2-post-featured-image has-image-ratio-16-9 wp-block-t2-post-featured-image\"><img decoding=\"async\" src=\"data:image\/jpeg;base64, \/9j\/4AAQSkZJRgABAQEAYABgAAD\/\/gA+Q1JFQVRPUjogZ2QtanBlZyB2MS4wICh1c2luZyBJSkcgSlBFRyB2ODApLCBkZWZhdWx0IHF1YWxpdHkK\/9sAQwAIBgYHBgUIBwcHCQkICgwUDQwLCwwZEhMPFB0aHx4dGhwcICQuJyAiLCMcHCg3KSwwMTQ0NB8nOT04MjwuMzQy\/9sAQwEJCQkMCwwYDQ0YMiEcITIyMjIyMjIyMjIyMjIyMjIyMjIyMjIyMjIyMjIyMjIyMjIyMjIyMjIyMjIyMjIyMjIy\/8AAEQgBLAEsAwEiAAIRAQMRAf\/EAB8AAAEFAQEBAQEBAAAAAAAAAAABAgMEBQYHCAkKC\/\/EALUQAAIBAwMCBAMFBQQEAAABfQECAwAEEQUSITFBBhNRYQcicRQygZGhCCNCscEVUtHwJDNicoIJChYXGBkaJSYnKCkqNDU2Nzg5OkNERUZHSElKU1RVVldYWVpjZGVmZ2hpanN0dXZ3eHl6g4SFhoeIiYqSk5SVlpeYmZqio6Slpqeoqaqys7S1tre4ubrCw8TFxsfIycrS09TV1tfY2drh4uPk5ebn6Onq8fLz9PX29\/j5+v\/EAB8BAAMBAQEBAQEBAQEAAAAAAAABAgMEBQYHCAkKC\/\/EALURAAIBAgQEAwQHBQQEAAECdwABAgMRBAUhMQYSQVEHYXETIjKBCBRCkaGxwQkjM1LwFWJy0QoWJDThJfEXGBkaJicoKSo1Njc4OTpDREVGR0hJSlNUVVZXWFlaY2RlZmdoaWpzdHV2d3h5eoKDhIWGh4iJipKTlJWWl5iZmqKjpKWmp6ipqrKztLW2t7i5usLDxMXGx8jJytLT1NXW19jZ2uLj5OXm5+jp6vLz9PX29\/j5+v\/aAAwDAQACEQMRAD8A9goooqRhRRRQAUUUUAFFFFABRRRQAUUUUAFFFFABRRRQAUUUUAFFFFABRRRQAUUUUAFFFFABRRRQAUUUUAFFFFABRRRQAUUUUAFFFFABRRRQAUUUUAFFFFABRRRQAUUUUAFFFFABRRRQAUUUUAFFFFABRRRQAUUUUAFFFFABRRRQAUUUUAFFFFABRRRQAUUUUAFFFFABRRRQAUUUUAFFFFABRRRQAUUUUAFFFFABRRRQAUUUUAFFFFABRRRQAUUUUAFFFFABRRRQAUUUUAFFFFABRRRQAUUUUAFFFFABRRRQAUUUUAFFFFABRRRQAUUUUAFFFFABRRRQAUUUUAFFFFABRRRQAUUUUAFFFFABRRRQAUUUUAFFFFABRRRQAUUUUAFFFFABRRRQAUUUUAFFFFABRRRQAUUUUAFFFFABRRRQAUUUUAFFFFABRRRQAUUUUAFFFFABRRRQAUUUUAFFFFABRRRQAUUUUAFFFFABRRRQAUUUUAFFFFABRRRQAUUUUAFFFFABRRRQAUUUUAFFFFABRRRQAUUUUAFFFFABRRRQAUUUUAFFFFABRRRQAUUUUAFFFFABRRRQAUUUUAFFFFABRRRQAUUUUAFFFFABRRRQAUUUUAFFFFABRRRQAUUUUAFFFFABRRRQAUUUUAFFFFABRRRQAUUUUAFFFFABRRRQAUUUUAFFFFABRRRQAUUUUAFFFFABRRRQAUUUUAFFFFABRRRQAUUUUAFFFFABRRRQAUUUUAFFFFABRRRQAUUUUAFFFFABRRRQAUUUUAFFFFABRRRQAUUUUAFFFFABRRRQAUUUUAFFFFABRRRQAUUUUAFFFFABRRRQAUUUUAFFFFABRRRQAUUUUAFFFFABRRRQAUUUUAFFFFABRRRQAUUUUAFFFFABRRRQAUUUUAFFFFABRRRQAUUUUAFFFFABRRRQAUUUUAFFFFABRRRQAUUUUAFFFFABRRRQAUUUUAFFFFABRRRQAUUUUAFFFFABRRRQAUUUUAFFFFABRRRQAUUUUAFFFFABRRRQAUUUUAFFFFABRRRQAUUUUAFFFFABRRRQAUUUUAFFFFABRRRQAUUUUAFFFFABRRRQAUUUUAFFFFABRRRQAUUUUAFFFFABRRRQAUUUUAFFFFABRRRQAUUUUAFFFFABRRRQAUUUUAFFFFABRRRQAUUUUAFFFFABRRRQAUUUUAFFFFABRRRQAUUUUAFFFFABRRRQAUUUUAFFFFABRRRQAUUUUAFFFFABRRRQAUUUUAFFFFABRRRQAUUUUAFFFFABRRRQAUUUUAFFFFABRRRQAUUUUAFFFFABRRRQAUUUUAFFFFABRRRQAUUUUAFFFFABRRRQAUUUUAFFFFABRRRQAUUUUAFFFFABRRRQAUUUUAFFFFABRRRQAUUUUAFFFFABRRRQAUUUUAFFFFABRRRQAUUUUAFFFFABRRRQAUUUUAFFFFABRRRQAUUUUAFFFFABRRRQAUUUUAFFFFABRRRQAUUUUAFFFFABRRRQAUUUUAFFFFABRRRQAUUUUAFFFFABRRRQAUUUUAFFFFABRRRQAUUUUAFFFFABRRRQAUUUUAFFFFABRRRQAUUUUAFFFFABRRRQAUUUUAFFFFABRRRQAUUUUAFFFFABRRRQAUUUUAFFFFABRRRQAUUUUAFFFFABRRRQAUUUUAFFFFABRRRQAUUUUAFFFFABRRRQAUUUUAFFFFABRRRQAUUUUAFFFFABRRRQAUUUUAFFFFABRRRQAUUUUAFFFFABRRRQAUUUUAFFFFABRRRQAUUUUAFFFFABRRRQAUUUUAFFFFABRRRQAUUUUAFFFFABRRRQAUUUUAFFFFABRRRQAUUUUAFFFFABRRRQAUUUUAFFFFABRRRQAUUUUAFFFFABRRRQAUUUUAFFFFABRRRQAUUUUAFFFFAH\/9k=\" alt=\"\"\/><\/figure>\n<\/a>\n\n<div class=\"wp-block-group postinfo alignfull is-layout-flow wp-block-group-is-layout-flow\">\n\t<div class=\"wp-block-mentalhelse-post-category\">\n\t\t\t\t\t<div class=\"post-type\">\n\t\t\t\t\t\t<a href=\"https:\/\/mentalhelse.no\/eidsvoll-hurdal\/aktuelt\/\">Nyheter<\/a>\n\t\t\t\t\t<\/div>\n\t\t\t\t\t\n\t\t\t\t\t<div class=\"post-category\">\n\t\t\t\t\t\t\n\t\t\t\t\t<\/div>\n\t\t\t<\/div>\n\t<a class=\"t2-post-link wp-block-t2-post-link\" href=\"https:\/\/mentalhelse.no\/eidsvoll-hurdal\/aktuelt\/1163-2\/\">\n\t<h2 class=\"t2-post-title wp-block-t2-post-title\"><\/h2>\n\t<\/a>\n<\/div>\n\n<\/div>\n\n\n\n\n\n\n<\/div>\n\n\n\t\t<div class=\"mh-related-posts alignfull alignfull wp-block-mentalhelse-related-posts brown-light-mode\">\n\t\t\t<div class=\"mh-related-posts__inner\">\n\t\t\t\t\n\n<h3 class=\"wp-block-heading\" id=\"h-nyheter-fra-mental-helse\">Nyheter fra Mental Helse<\/h3>\n\n\n<div class=\"t2-featured-content-layout alignwide alignwide wp-block-t2-featured-content-layout\">\n<div class=\"t2-featured-query-post t2-featured-content is-post-type-news is-style-default wp-block-t2-featured-query-post t2-featured-content-layout-col-4\"><a class=\"t2-post-link wp-block-t2-post-link\" href=\"https:\/\/mentalhelse.no\/aktuelt\/nettverk-for-selvmordsforebygging-i-gang-igjen\/\">\n\t<figure style=\"--t2-focal-point: 50% 50%;\" class=\"t2-post-featured-image has-image-ratio-16-9 wp-block-t2-post-featured-image\"><img loading=\"lazy\" decoding=\"async\" width=\"1736\" height=\"1080\" src=\"https:\/\/mentalhelse.no\/content\/uploads\/2026\/04\/nettverk-for-selvmordsforebygging-30.04.2026.jpg\" class=\"attachment-post-thumbnail size-post-thumbnail wp-post-image\" alt=\"\" srcset=\"https:\/\/mentalhelse.no\/content\/uploads\/2026\/04\/nettverk-for-selvmordsforebygging-30.04.2026.jpg 1736w, https:\/\/mentalhelse.no\/content\/uploads\/2026\/04\/nettverk-for-selvmordsforebygging-30.04.2026-300x187.jpg 300w, https:\/\/mentalhelse.no\/content\/uploads\/2026\/04\/nettverk-for-selvmordsforebygging-30.04.2026-1024x637.jpg 1024w, https:\/\/mentalhelse.no\/content\/uploads\/2026\/04\/nettverk-for-selvmordsforebygging-30.04.2026-768x478.jpg 768w, https:\/\/mentalhelse.no\/content\/uploads\/2026\/04\/nettverk-for-selvmordsforebygging-30.04.2026-1536x956.jpg 1536w\" sizes=\"auto, (max-width: 1736px) 100vw, 1736px\" style=\"--focal-point: 50% 50%;\" \/><\/figure>\n<\/a>\n\n<div class=\"wp-block-group postinfo alignfull is-layout-flow wp-block-group-is-layout-flow\">\n\t<div class=\"wp-block-mentalhelse-post-category\">\n\t\t\t\t\t<div class=\"post-type\">\n\t\t\t\t\t\t<a href=\"https:\/\/mentalhelse.no\/aktuelt\/\">Nyheter<\/a>\n\t\t\t\t\t<\/div>\n\t\t\t\t\t\n\t\t\t\t\t<div class=\"post-category\">\n\t\t\t\t\t\t\n\t\t\t\t\t<\/div>\n\t\t\t<\/div>\n\t<a class=\"t2-post-link wp-block-t2-post-link\" href=\"https:\/\/mentalhelse.no\/aktuelt\/nettverk-for-selvmordsforebygging-i-gang-igjen\/\">\n\t<h2 class=\"t2-post-title wp-block-t2-post-title\">Nettverk for selvmordsforebygging i gang igjen<\/h2>\n\t<\/a>\n<\/div>\n\n<\/div>\n\n<div class=\"t2-featured-query-post t2-featured-content is-post-type-news news_category-press-release is-style-default wp-block-t2-featured-query-post t2-featured-content-layout-col-4\"><a class=\"t2-post-link wp-block-t2-post-link\" href=\"https:\/\/mentalhelse.no\/aktuelt\/selvmord-et-samfunnsproblem-som-kan-loses\/\">\n\t<figure style=\"--t2-focal-point: 50% 50%;\" class=\"t2-post-featured-image has-image-ratio-16-9 wp-block-t2-post-featured-image\"><img loading=\"lazy\" decoding=\"async\" width=\"2560\" height=\"1707\" src=\"https:\/\/mentalhelse.no\/content\/uploads\/2026\/04\/731fb7be-871a-467b-9dde-dbd5907dce45-scaled.jpg\" class=\"attachment-post-thumbnail size-post-thumbnail wp-post-image\" alt=\"\" srcset=\"https:\/\/mentalhelse.no\/content\/uploads\/2026\/04\/731fb7be-871a-467b-9dde-dbd5907dce45-scaled.jpg 2560w, https:\/\/mentalhelse.no\/content\/uploads\/2026\/04\/731fb7be-871a-467b-9dde-dbd5907dce45-300x200.jpg 300w, https:\/\/mentalhelse.no\/content\/uploads\/2026\/04\/731fb7be-871a-467b-9dde-dbd5907dce45-1024x683.jpg 1024w, https:\/\/mentalhelse.no\/content\/uploads\/2026\/04\/731fb7be-871a-467b-9dde-dbd5907dce45-768x512.jpg 768w, https:\/\/mentalhelse.no\/content\/uploads\/2026\/04\/731fb7be-871a-467b-9dde-dbd5907dce45-1536x1024.jpg 1536w, https:\/\/mentalhelse.no\/content\/uploads\/2026\/04\/731fb7be-871a-467b-9dde-dbd5907dce45-2048x1365.jpg 2048w\" sizes=\"auto, (max-width: 2560px) 100vw, 2560px\" style=\"--focal-point: 50% 50%;\" \/><\/figure>\n<\/a>\n\n<div class=\"wp-block-group postinfo alignfull is-layout-flow wp-block-group-is-layout-flow\">\n\t<div class=\"wp-block-mentalhelse-post-category\">\n\t\t\t\t\t<div class=\"post-type\">\n\t\t\t\t\t\t<a href=\"https:\/\/mentalhelse.no\/aktuelt\/\">Nyheter<\/a>\n\t\t\t\t\t<\/div>\n\t\t\t\t\t<div class=\"separator\"><\/div>\n\t\t\t\t\t<div class=\"post-category\">\n\t\t\t\t\t\t<a href=\"https:\/\/mentalhelse.no\/aktuelt-kategori\/press-release\/\">Pressemelding<\/a>\n\t\t\t\t\t<\/div>\n\t\t\t<\/div>\n\t<a class=\"t2-post-link wp-block-t2-post-link\" href=\"https:\/\/mentalhelse.no\/aktuelt\/selvmord-et-samfunnsproblem-som-kan-loses\/\">\n\t<h2 class=\"t2-post-title wp-block-t2-post-title\">Selvmord \u2013 et samfunnsproblem som kan l\u00f8ses<\/h2>\n\t<\/a>\n<\/div>\n\n<\/div>\n\n<div class=\"t2-featured-query-post t2-featured-content is-post-type-news news_category-press-release is-style-default wp-block-t2-featured-query-post t2-featured-content-layout-col-4\"><a class=\"t2-post-link wp-block-t2-post-link\" href=\"https:\/\/mentalhelse.no\/aktuelt\/tillit-er-beredskap\/\">\n\t<figure style=\"--t2-focal-point: 50% 50%;\" class=\"t2-post-featured-image has-image-ratio-16-9 wp-block-t2-post-featured-image\"><img loading=\"lazy\" decoding=\"async\" width=\"960\" height=\"540\" src=\"https:\/\/mentalhelse.no\/content\/uploads\/2026\/04\/00d597fd-8c57-482f-b465-59e354a9f058.png\" class=\"attachment-post-thumbnail size-post-thumbnail wp-post-image\" alt=\"\" srcset=\"https:\/\/mentalhelse.no\/content\/uploads\/2026\/04\/00d597fd-8c57-482f-b465-59e354a9f058.png 960w, https:\/\/mentalhelse.no\/content\/uploads\/2026\/04\/00d597fd-8c57-482f-b465-59e354a9f058-300x169.png 300w, https:\/\/mentalhelse.no\/content\/uploads\/2026\/04\/00d597fd-8c57-482f-b465-59e354a9f058-768x432.png 768w\" sizes=\"auto, (max-width: 960px) 100vw, 960px\" style=\"--focal-point: 50% 50%;\" \/><\/figure>\n<\/a>\n\n<div class=\"wp-block-group postinfo alignfull is-layout-flow wp-block-group-is-layout-flow\">\n\t<div class=\"wp-block-mentalhelse-post-category\">\n\t\t\t\t\t<div class=\"post-type\">\n\t\t\t\t\t\t<a href=\"https:\/\/mentalhelse.no\/aktuelt\/\">Nyheter<\/a>\n\t\t\t\t\t<\/div>\n\t\t\t\t\t<div class=\"separator\"><\/div>\n\t\t\t\t\t<div class=\"post-category\">\n\t\t\t\t\t\t<a href=\"https:\/\/mentalhelse.no\/aktuelt-kategori\/press-release\/\">Pressemelding<\/a>\n\t\t\t\t\t<\/div>\n\t\t\t<\/div>\n\t<a class=\"t2-post-link wp-block-t2-post-link\" href=\"https:\/\/mentalhelse.no\/aktuelt\/tillit-er-beredskap\/\">\n\t<h2 class=\"t2-post-title wp-block-t2-post-title\">Tillit er beredskap<\/h2>\n\t<\/a>\n<\/div>\n\n<\/div>\n<\/div>\n\n\t\t\t<\/div>\n\t\t<\/div>","protected":false},"excerpt":{"rendered":"<p>Siste nytt fra Mental Helse Eidsvioll og Hurdal<\/p>\n","protected":false},"author":1,"featured_media":758,"parent":0,"menu_order":0,"comment_status":"closed","ping_status":"closed","template":"","meta":{"t2_featured_media_focal_point":{"x":0.5,"y":0.5},"mh_hide_title":true,"e24d_chat_page_choice":"","footnotes":""},"class_list":["post-756","page","type-page","status-publish","has-post-thumbnail","hentry"],"yoast_head":"<!-- This site is optimized with the Yoast SEO Premium plugin v21.2 (Yoast SEO v21.2) - https:\/\/yoast.com\/wordpress\/plugins\/seo\/ -->\n<title>Eidsvoll og Hurdal - Mental Helse - Eidsvoll-Hurdal<\/title>\n<meta name=\"description\" content=\"Vi er Mental Helses lokallag i Eidsvoll og Hurdal. Vi \u00f8nsker \u00e5 skape aktiviteter og m\u00f8teplasser for alle. Les mer p\u00e5 v\u00e5re nettsider!\" \/>\n<meta name=\"robots\" content=\"index, follow, max-snippet:-1, max-image-preview:large, max-video-preview:-1\" \/>\n<link rel=\"canonical\" href=\"https:\/\/mentalhelse.no\/eidsvoll-hurdal\/\" \/>\n<meta property=\"og:locale\" content=\"nb_NO\" \/>\n<meta property=\"og:type\" content=\"article\" \/>\n<meta property=\"og:title\" content=\"Eidsvoll og Hurdal\" \/>\n<meta property=\"og:description\" content=\"Vi er Mental Helses lokallag i Eidsvoll og Hurdal. Vi \u00f8nsker \u00e5 skape aktiviteter og m\u00f8teplasser for alle. Les mer p\u00e5 v\u00e5re nettsider!\" \/>\n<meta property=\"og:url\" content=\"https:\/\/mentalhelse.no\/eidsvoll-hurdal\/\" \/>\n<meta property=\"og:site_name\" content=\"Eidsvoll-Hurdal\" \/>\n<meta property=\"article:modified_time\" content=\"2025-10-04T18:44:39+00:00\" \/>\n<meta property=\"og:image\" content=\"https:\/\/mentalhelse.no\/content\/uploads\/sites\/321\/2023\/05\/karoline-vargdal-m9GyvqF8ccQ-unsplash-scaled.jpg\" \/>\n\t<meta property=\"og:image:width\" content=\"2560\" \/>\n\t<meta property=\"og:image:height\" content=\"1626\" \/>\n\t<meta property=\"og:image:type\" content=\"image\/jpeg\" \/>\n<meta name=\"twitter:card\" content=\"summary_large_image\" \/>\n<meta name=\"twitter:label1\" content=\"Ansl. lesetid\" \/>\n\t<meta name=\"twitter:data1\" content=\"1 minutt\" \/>\n<script type=\"application\/ld+json\" class=\"yoast-schema-graph\">{\"@context\":\"https:\/\/schema.org\",\"@graph\":[{\"@type\":\"WebPage\",\"@id\":\"https:\/\/mentalhelse.no\/eidsvoll-hurdal\/\",\"url\":\"https:\/\/mentalhelse.no\/eidsvoll-hurdal\/\",\"name\":\"Eidsvoll og Hurdal - Eidsvoll-Hurdal\",\"isPartOf\":{\"@id\":\"https:\/\/mentalhelse.no\/eidsvoll-hurdal\/#website\"},\"datePublished\":\"2023-05-09T11:55:25+00:00\",\"dateModified\":\"2025-10-04T18:44:39+00:00\",\"description\":\"Vi er Mental Helses lokallag i Eidsvoll og Hurdal. Vi \u00f8nsker \u00e5 skape aktiviteter og m\u00f8teplasser for alle. Les mer p\u00e5 v\u00e5re nettsider!\",\"breadcrumb\":{\"@id\":\"https:\/\/mentalhelse.no\/eidsvoll-hurdal\/#breadcrumb\"},\"inLanguage\":\"nb-NO\",\"potentialAction\":[{\"@type\":\"ReadAction\",\"target\":[\"https:\/\/mentalhelse.no\/eidsvoll-hurdal\/\"]}]},{\"@type\":\"BreadcrumbList\",\"@id\":\"https:\/\/mentalhelse.no\/eidsvoll-hurdal\/#breadcrumb\",\"itemListElement\":[{\"@type\":\"ListItem\",\"position\":1,\"name\":\"Hjem\",\"item\":\"https:\/\/mentalhelse.no\/eidsvoll-hurdal\/\"},{\"@type\":\"ListItem\",\"position\":2,\"name\":\"Eidsvoll og Hurdal\"}]},{\"@type\":\"WebSite\",\"@id\":\"https:\/\/mentalhelse.no\/eidsvoll-hurdal\/#website\",\"url\":\"https:\/\/mentalhelse.no\/eidsvoll-hurdal\/\",\"name\":\"Eidsvoll-Hurdal\",\"description\":\"\",\"potentialAction\":[{\"@type\":\"SearchAction\",\"target\":{\"@type\":\"EntryPoint\",\"urlTemplate\":\"https:\/\/mentalhelse.no\/eidsvoll-hurdal\/?s={search_term_string}\"},\"query-input\":\"required name=search_term_string\"}],\"inLanguage\":\"nb-NO\"}]}<\/script>\n<!-- \/ Yoast SEO Premium plugin. -->","yoast_head_json":{"title":"Eidsvoll og Hurdal - Mental Helse - Eidsvoll-Hurdal","description":"Vi er Mental Helses lokallag i Eidsvoll og Hurdal. Vi \u00f8nsker \u00e5 skape aktiviteter og m\u00f8teplasser for alle. Les mer p\u00e5 v\u00e5re nettsider!","robots":{"index":"index","follow":"follow","max-snippet":"max-snippet:-1","max-image-preview":"max-image-preview:large","max-video-preview":"max-video-preview:-1"},"canonical":"https:\/\/mentalhelse.no\/eidsvoll-hurdal\/","og_locale":"nb_NO","og_type":"article","og_title":"Eidsvoll og Hurdal","og_description":"Vi er Mental Helses lokallag i Eidsvoll og Hurdal. Vi \u00f8nsker \u00e5 skape aktiviteter og m\u00f8teplasser for alle. Les mer p\u00e5 v\u00e5re nettsider!","og_url":"https:\/\/mentalhelse.no\/eidsvoll-hurdal\/","og_site_name":"Eidsvoll-Hurdal","article_modified_time":"2025-10-04T18:44:39+00:00","og_image":[{"width":2560,"height":1626,"url":"https:\/\/mentalhelse.no\/content\/uploads\/sites\/321\/2023\/05\/karoline-vargdal-m9GyvqF8ccQ-unsplash-scaled.jpg","type":"image\/jpeg"}],"twitter_card":"summary_large_image","twitter_misc":{"Ansl. lesetid":"1 minutt"},"schema":{"@context":"https:\/\/schema.org","@graph":[{"@type":"WebPage","@id":"https:\/\/mentalhelse.no\/eidsvoll-hurdal\/","url":"https:\/\/mentalhelse.no\/eidsvoll-hurdal\/","name":"Eidsvoll og Hurdal - Eidsvoll-Hurdal","isPartOf":{"@id":"https:\/\/mentalhelse.no\/eidsvoll-hurdal\/#website"},"datePublished":"2023-05-09T11:55:25+00:00","dateModified":"2025-10-04T18:44:39+00:00","description":"Vi er Mental Helses lokallag i Eidsvoll og Hurdal. Vi \u00f8nsker \u00e5 skape aktiviteter og m\u00f8teplasser for alle. Les mer p\u00e5 v\u00e5re nettsider!","breadcrumb":{"@id":"https:\/\/mentalhelse.no\/eidsvoll-hurdal\/#breadcrumb"},"inLanguage":"nb-NO","potentialAction":[{"@type":"ReadAction","target":["https:\/\/mentalhelse.no\/eidsvoll-hurdal\/"]}]},{"@type":"BreadcrumbList","@id":"https:\/\/mentalhelse.no\/eidsvoll-hurdal\/#breadcrumb","itemListElement":[{"@type":"ListItem","position":1,"name":"Hjem","item":"https:\/\/mentalhelse.no\/eidsvoll-hurdal\/"},{"@type":"ListItem","position":2,"name":"Eidsvoll og Hurdal"}]},{"@type":"WebSite","@id":"https:\/\/mentalhelse.no\/eidsvoll-hurdal\/#website","url":"https:\/\/mentalhelse.no\/eidsvoll-hurdal\/","name":"Eidsvoll-Hurdal","description":"","potentialAction":[{"@type":"SearchAction","target":{"@type":"EntryPoint","urlTemplate":"https:\/\/mentalhelse.no\/eidsvoll-hurdal\/?s={search_term_string}"},"query-input":"required name=search_term_string"}],"inLanguage":"nb-NO"}]}},"_links":{"self":[{"href":"https:\/\/mentalhelse.no\/eidsvoll-hurdal\/wp-json\/wp\/v2\/pages\/756","targetHints":{"allow":["GET"]}}],"collection":[{"href":"https:\/\/mentalhelse.no\/eidsvoll-hurdal\/wp-json\/wp\/v2\/pages"}],"about":[{"href":"https:\/\/mentalhelse.no\/eidsvoll-hurdal\/wp-json\/wp\/v2\/types\/page"}],"author":[{"embeddable":true,"href":"https:\/\/mentalhelse.no\/eidsvoll-hurdal\/wp-json\/wp\/v2\/users\/1"}],"replies":[{"embeddable":true,"href":"https:\/\/mentalhelse.no\/eidsvoll-hurdal\/wp-json\/wp\/v2\/comments?post=756"}],"version-history":[{"count":4,"href":"https:\/\/mentalhelse.no\/eidsvoll-hurdal\/wp-json\/wp\/v2\/pages\/756\/revisions"}],"predecessor-version":[{"id":1239,"href":"https:\/\/mentalhelse.no\/eidsvoll-hurdal\/wp-json\/wp\/v2\/pages\/756\/revisions\/1239"}],"wp:featuredmedia":[{"embeddable":true,"href":"https:\/\/mentalhelse.no\/eidsvoll-hurdal\/wp-json\/wp\/v2\/media\/758"}],"wp:attachment":[{"href":"https:\/\/mentalhelse.no\/eidsvoll-hurdal\/wp-json\/wp\/v2\/media?parent=756"}],"curies":[{"name":"wp","href":"https:\/\/api.w.org\/{rel}","templated":true}]}}