{"id":797,"date":"2023-05-10T11:14:16","date_gmt":"2023-05-10T11:14:16","guid":{"rendered":"https:\/\/mentalhelse.no\/viken\/?page_id=797"},"modified":"2025-07-09T08:08:27","modified_gmt":"2025-07-09T08:08:27","slug":"om-oss","status":"publish","type":"page","link":"https:\/\/mentalhelse.no\/eidsvoll-hurdal\/om-oss\/","title":{"rendered":"Om oss"},"content":{"rendered":"\n<figure class=\"wp-block-image size-large\"><img loading=\"lazy\" decoding=\"async\" width=\"1024\" height=\"576\" src=\"http:\/\/mentalhelse.no\/content\/uploads\/sites\/321\/2023\/07\/Eidsvoll-1024x576.jpg\" alt=\"\" class=\"wp-image-993\" srcset=\"https:\/\/mentalhelse.no\/content\/uploads\/sites\/321\/2023\/07\/Eidsvoll-1024x576.jpg 1024w, https:\/\/mentalhelse.no\/content\/uploads\/sites\/321\/2023\/07\/Eidsvoll-300x169.jpg 300w, https:\/\/mentalhelse.no\/content\/uploads\/sites\/321\/2023\/07\/Eidsvoll-768x432.jpg 768w, https:\/\/mentalhelse.no\/content\/uploads\/sites\/321\/2023\/07\/Eidsvoll.jpg 1400w\" sizes=\"auto, (max-width: 1024px) 100vw, 1024px\" \/><\/figure>\n\n\n\n<h1 class=\"wp-block-heading\" id=\"h-om-oss\">Om oss<\/h1>\n\n\n\n<p>Mental Helse Eidsvoll og Hurdal startet opp igjen h\u00f8sten 2018 etter noen \u00e5r uten aktivitet. Lokallaget v\u00e5rt har som ambisjon at v\u00e5re aktiviteter og m\u00f8teplasser skal skape en god og trygg arena for medlemmene, men ogs\u00e5 for andre som synes at dette er s\u00e5 bra at de vil bli medlem. Vi har vokst fra noen f\u00e5 medlemmer i 2018 til 55 medlemmer n\u00e5 i 2025.     <br>Vi \u00f8nsker at alle skal bli kjent, trives og ha gode opplevelser sammen. Vi skal g\u00e5 hjem med godf\u00f8lelsen n\u00e5r vi har v\u00e6rt p\u00e5 en aktivitet.<br>Ta gjerne kontakt hvis du\/dere vil v\u00e6re med p\u00e5 noe vi driver med. Eller bare kom innom annonserte tilstelninger. <\/p>\n\n\n\n<p>Vi driver ogs\u00e5 2 selvhjelpsgrupper som m\u00f8tes p\u00e5 faste kvelder, gode m\u00f8teplasser.  <\/p>\n\n\n\n<p>\u00d8nsker du \u00e5 bli frivillig eller medlem hos oss? Da er du er hjertelig velkommen til \u00e5 ta kontakt med Tone S\u00f8raker-Eliassen tlf. 99729961.<\/p>\n\n\n\n<h2 class=\"wp-block-heading\" id=\"h-styret\">Styret<\/h2>\n\n\n\n<p><strong>Leder<\/strong>: <strong>Bj\u00f8rg Bakken, Skomakerbakken 3 2074 Eidsvoll Verk. Epost: Bjbakken@ online.no tlf  95261663<\/strong><br><strong>Nestleder<\/strong>: Sissel Viken<br><strong>Kasserer\u00a0<\/strong>: Widar Engebretsen<br><strong>Styremedlemmer<\/strong>: Hilde Jonassen og Randi Askevold Holmelid<\/p>\n\n\n\n<p>Bildet over er fra 17. mai ved Eidsvollsbygningen i 2014 &#8211; 200 \u00e5rs-jubileet for grunnloven.<\/p>\n\n\n\n\n\n<div class=\"wp-block-group alignfull is-layout-constrained wp-block-group-is-layout-constrained\">\n<h3 class=\"wp-block-heading alignwide\" id=\"h-siste-nytt-fra-mental-helse-eidsvioll-og-hurdal\">Siste nytt fra Mental Helse Eidsvioll og Hurdal<\/h3>\n<\/div>\n\n\n<div class=\"t2-featured-content-layout alignwide alignwide wp-block-t2-featured-content-layout\">\n<div class=\"t2-featured-query-post t2-featured-content is-post-type-news wp-block-t2-featured-query-post\"><a class=\"t2-post-link wp-block-t2-post-link\" href=\"https:\/\/mentalhelse.no\/eidsvoll-hurdal\/aktuelt\/kunst-til-verdensdagen-for-psykisk-helse\/\">\n\t<figure style=\"--t2-focal-point: 50% 50%;\" class=\"t2-post-featured-image has-image-ratio-16-9 wp-block-t2-post-featured-image\"><img loading=\"lazy\" decoding=\"async\" width=\"2560\" height=\"1647\" src=\"https:\/\/mentalhelse.no\/content\/uploads\/sites\/321\/2025\/08\/Screenshot_20250827_045852_Facebook-1-scaled.jpg\" class=\"attachment-post-thumbnail size-post-thumbnail wp-post-image\" alt=\"\" srcset=\"https:\/\/mentalhelse.no\/content\/uploads\/sites\/321\/2025\/08\/Screenshot_20250827_045852_Facebook-1-scaled.jpg 2560w, https:\/\/mentalhelse.no\/content\/uploads\/sites\/321\/2025\/08\/Screenshot_20250827_045852_Facebook-1-300x193.jpg 300w, https:\/\/mentalhelse.no\/content\/uploads\/sites\/321\/2025\/08\/Screenshot_20250827_045852_Facebook-1-1024x659.jpg 1024w, https:\/\/mentalhelse.no\/content\/uploads\/sites\/321\/2025\/08\/Screenshot_20250827_045852_Facebook-1-768x494.jpg 768w, https:\/\/mentalhelse.no\/content\/uploads\/sites\/321\/2025\/08\/Screenshot_20250827_045852_Facebook-1-1536x988.jpg 1536w, https:\/\/mentalhelse.no\/content\/uploads\/sites\/321\/2025\/08\/Screenshot_20250827_045852_Facebook-1-2048x1317.jpg 2048w\" sizes=\"auto, (max-width: 2560px) 100vw, 2560px\" style=\"--focal-point: 50% 50%;\" \/><\/figure>\n<\/a>\n\n<div class=\"wp-block-group postinfo alignfull is-layout-flow wp-block-group-is-layout-flow\">\n\t<div class=\"wp-block-mentalhelse-post-category\">\n\t\t\t\t\t<div class=\"post-type\">\n\t\t\t\t\t\t<a href=\"https:\/\/mentalhelse.no\/eidsvoll-hurdal\/aktuelt\/\">Nyheter<\/a>\n\t\t\t\t\t<\/div>\n\t\t\t\t\t\n\t\t\t\t\t<div class=\"post-category\">\n\t\t\t\t\t\t\n\t\t\t\t\t<\/div>\n\t\t\t<\/div>\n\t<a class=\"t2-post-link wp-block-t2-post-link\" href=\"https:\/\/mentalhelse.no\/eidsvoll-hurdal\/aktuelt\/kunst-til-verdensdagen-for-psykisk-helse\/\">\n\t<h2 class=\"t2-post-title wp-block-t2-post-title\">Kunst til Verdensdagen for psykisk helse.<\/h2>\n\t<\/a>\n<\/div>\n\n<\/div>\n\n<div class=\"t2-featured-query-post t2-featured-content is-post-type-news wp-block-t2-featured-query-post\"><a class=\"t2-post-link wp-block-t2-post-link\" href=\"https:\/\/mentalhelse.no\/eidsvoll-hurdal\/aktuelt\/mentalhelse-deltar-pa-oslo-pride\/\">\n\t<figure style=\"--t2-focal-point: 50% 50%;\" class=\"t2-post-featured-image has-image-ratio-16-9 wp-block-t2-post-featured-image\"><img loading=\"lazy\" decoding=\"async\" width=\"2560\" height=\"1914\" src=\"https:\/\/mentalhelse.no\/content\/uploads\/sites\/321\/2025\/06\/Screenshot_20250610_121143_Chrome-scaled.jpg\" class=\"attachment-post-thumbnail size-post-thumbnail wp-post-image\" alt=\"\" srcset=\"https:\/\/mentalhelse.no\/content\/uploads\/sites\/321\/2025\/06\/Screenshot_20250610_121143_Chrome-scaled.jpg 2560w, https:\/\/mentalhelse.no\/content\/uploads\/sites\/321\/2025\/06\/Screenshot_20250610_121143_Chrome-300x224.jpg 300w, https:\/\/mentalhelse.no\/content\/uploads\/sites\/321\/2025\/06\/Screenshot_20250610_121143_Chrome-1024x766.jpg 1024w, https:\/\/mentalhelse.no\/content\/uploads\/sites\/321\/2025\/06\/Screenshot_20250610_121143_Chrome-768x574.jpg 768w, https:\/\/mentalhelse.no\/content\/uploads\/sites\/321\/2025\/06\/Screenshot_20250610_121143_Chrome-1536x1148.jpg 1536w, https:\/\/mentalhelse.no\/content\/uploads\/sites\/321\/2025\/06\/Screenshot_20250610_121143_Chrome-2048x1531.jpg 2048w\" sizes=\"auto, (max-width: 2560px) 100vw, 2560px\" style=\"--focal-point: 50% 50%;\" \/><\/figure>\n<\/a>\n\n<div class=\"wp-block-group postinfo alignfull is-layout-flow wp-block-group-is-layout-flow\">\n\t<div class=\"wp-block-mentalhelse-post-category\">\n\t\t\t\t\t<div class=\"post-type\">\n\t\t\t\t\t\t<a href=\"https:\/\/mentalhelse.no\/eidsvoll-hurdal\/aktuelt\/\">Nyheter<\/a>\n\t\t\t\t\t<\/div>\n\t\t\t\t\t\n\t\t\t\t\t<div class=\"post-category\">\n\t\t\t\t\t\t\n\t\t\t\t\t<\/div>\n\t\t\t<\/div>\n\t<a class=\"t2-post-link wp-block-t2-post-link\" href=\"https:\/\/mentalhelse.no\/eidsvoll-hurdal\/aktuelt\/mentalhelse-deltar-pa-oslo-pride\/\">\n\t<h2 class=\"t2-post-title wp-block-t2-post-title\">Mentalhelse deltar p\u00e5 Oslo Pride<\/h2>\n\t<\/a>\n<\/div>\n\n<\/div>\n\n<div class=\"t2-featured-query-post t2-featured-content is-post-type-news wp-block-t2-featured-query-post\"><a class=\"t2-post-link wp-block-t2-post-link\" href=\"https:\/\/mentalhelse.no\/eidsvoll-hurdal\/aktuelt\/1163-2\/\">\n\t<figure style=\"--t2-focal-point: 50% 50%;\" class=\"t2-post-featured-image has-image-ratio-16-9 wp-block-t2-post-featured-image\"><img decoding=\"async\" src=\"data:image\/jpeg;base64, \/9j\/4AAQSkZJRgABAQEAYABgAAD\/\/gA+Q1JFQVRPUjogZ2QtanBlZyB2MS4wICh1c2luZyBJSkcgSlBFRyB2ODApLCBkZWZhdWx0IHF1YWxpdHkK\/9sAQwAIBgYHBgUIBwcHCQkICgwUDQwLCwwZEhMPFB0aHx4dGhwcICQuJyAiLCMcHCg3KSwwMTQ0NB8nOT04MjwuMzQy\/9sAQwEJCQkMCwwYDQ0YMiEcITIyMjIyMjIyMjIyMjIyMjIyMjIyMjIyMjIyMjIyMjIyMjIyMjIyMjIyMjIyMjIyMjIy\/8AAEQgBLAEsAwEiAAIRAQMRAf\/EAB8AAAEFAQEBAQEBAAAAAAAAAAABAgMEBQYHCAkKC\/\/EALUQAAIBAwMCBAMFBQQEAAABfQECAwAEEQUSITFBBhNRYQcicRQygZGhCCNCscEVUtHwJDNicoIJChYXGBkaJSYnKCkqNDU2Nzg5OkNERUZHSElKU1RVVldYWVpjZGVmZ2hpanN0dXZ3eHl6g4SFhoeIiYqSk5SVlpeYmZqio6Slpqeoqaqys7S1tre4ubrCw8TFxsfIycrS09TV1tfY2drh4uPk5ebn6Onq8fLz9PX29\/j5+v\/EAB8BAAMBAQEBAQEBAQEAAAAAAAABAgMEBQYHCAkKC\/\/EALURAAIBAgQEAwQHBQQEAAECdwABAgMRBAUhMQYSQVEHYXETIjKBCBRCkaGxwQkjM1LwFWJy0QoWJDThJfEXGBkaJicoKSo1Njc4OTpDREVGR0hJSlNUVVZXWFlaY2RlZmdoaWpzdHV2d3h5eoKDhIWGh4iJipKTlJWWl5iZmqKjpKWmp6ipqrKztLW2t7i5usLDxMXGx8jJytLT1NXW19jZ2uLj5OXm5+jp6vLz9PX29\/j5+v\/aAAwDAQACEQMRAD8A9goooqRhRRRQAUUUUAFFFFABRRRQAUUUUAFFFFABRRRQAUUUUAFFFFABRRRQAUUUUAFFFFABRRRQAUUUUAFFFFABRRRQAUUUUAFFFFABRRRQAUUUUAFFFFABRRRQAUUUUAFFFFABRRRQAUUUUAFFFFABRRRQAUUUUAFFFFABRRRQAUUUUAFFFFABRRRQAUUUUAFFFFABRRRQAUUUUAFFFFABRRRQAUUUUAFFFFABRRRQAUUUUAFFFFABRRRQAUUUUAFFFFABRRRQAUUUUAFFFFABRRRQAUUUUAFFFFABRRRQAUUUUAFFFFABRRRQAUUUUAFFFFABRRRQAUUUUAFFFFABRRRQAUUUUAFFFFABRRRQAUUUUAFFFFABRRRQAUUUUAFFFFABRRRQAUUUUAFFFFABRRRQAUUUUAFFFFABRRRQAUUUUAFFFFABRRRQAUUUUAFFFFABRRRQAUUUUAFFFFABRRRQAUUUUAFFFFABRRRQAUUUUAFFFFABRRRQAUUUUAFFFFABRRRQAUUUUAFFFFABRRRQAUUUUAFFFFABRRRQAUUUUAFFFFABRRRQAUUUUAFFFFABRRRQAUUUUAFFFFABRRRQAUUUUAFFFFABRRRQAUUUUAFFFFABRRRQAUUUUAFFFFABRRRQAUUUUAFFFFABRRRQAUUUUAFFFFABRRRQAUUUUAFFFFABRRRQAUUUUAFFFFABRRRQAUUUUAFFFFABRRRQAUUUUAFFFFABRRRQAUUUUAFFFFABRRRQAUUUUAFFFFABRRRQAUUUUAFFFFABRRRQAUUUUAFFFFABRRRQAUUUUAFFFFABRRRQAUUUUAFFFFABRRRQAUUUUAFFFFABRRRQAUUUUAFFFFABRRRQAUUUUAFFFFABRRRQAUUUUAFFFFABRRRQAUUUUAFFFFABRRRQAUUUUAFFFFABRRRQAUUUUAFFFFABRRRQAUUUUAFFFFABRRRQAUUUUAFFFFABRRRQAUUUUAFFFFABRRRQAUUUUAFFFFABRRRQAUUUUAFFFFABRRRQAUUUUAFFFFABRRRQAUUUUAFFFFABRRRQAUUUUAFFFFABRRRQAUUUUAFFFFABRRRQAUUUUAFFFFABRRRQAUUUUAFFFFABRRRQAUUUUAFFFFABRRRQAUUUUAFFFFABRRRQAUUUUAFFFFABRRRQAUUUUAFFFFABRRRQAUUUUAFFFFABRRRQAUUUUAFFFFABRRRQAUUUUAFFFFABRRRQAUUUUAFFFFABRRRQAUUUUAFFFFABRRRQAUUUUAFFFFABRRRQAUUUUAFFFFABRRRQAUUUUAFFFFABRRRQAUUUUAFFFFABRRRQAUUUUAFFFFABRRRQAUUUUAFFFFABRRRQAUUUUAFFFFABRRRQAUUUUAFFFFABRRRQAUUUUAFFFFABRRRQAUUUUAFFFFABRRRQAUUUUAFFFFABRRRQAUUUUAFFFFABRRRQAUUUUAFFFFABRRRQAUUUUAFFFFABRRRQAUUUUAFFFFABRRRQAUUUUAFFFFABRRRQAUUUUAFFFFABRRRQAUUUUAFFFFABRRRQAUUUUAFFFFABRRRQAUUUUAFFFFABRRRQAUUUUAFFFFABRRRQAUUUUAFFFFABRRRQAUUUUAFFFFABRRRQAUUUUAFFFFABRRRQAUUUUAFFFFABRRRQAUUUUAFFFFABRRRQAUUUUAFFFFABRRRQAUUUUAFFFFABRRRQAUUUUAFFFFABRRRQAUUUUAFFFFABRRRQAUUUUAFFFFABRRRQAUUUUAFFFFABRRRQAUUUUAFFFFABRRRQAUUUUAFFFFABRRRQAUUUUAFFFFABRRRQAUUUUAFFFFABRRRQAUUUUAFFFFABRRRQAUUUUAFFFFABRRRQAUUUUAFFFFABRRRQAUUUUAFFFFABRRRQAUUUUAFFFFAH\/9k=\" alt=\"\"\/><\/figure>\n<\/a>\n\n<div class=\"wp-block-group postinfo alignfull is-layout-flow wp-block-group-is-layout-flow\">\n\t<div class=\"wp-block-mentalhelse-post-category\">\n\t\t\t\t\t<div class=\"post-type\">\n\t\t\t\t\t\t<a href=\"https:\/\/mentalhelse.no\/eidsvoll-hurdal\/aktuelt\/\">Nyheter<\/a>\n\t\t\t\t\t<\/div>\n\t\t\t\t\t\n\t\t\t\t\t<div class=\"post-category\">\n\t\t\t\t\t\t\n\t\t\t\t\t<\/div>\n\t\t\t<\/div>\n\t<a class=\"t2-post-link wp-block-t2-post-link\" href=\"https:\/\/mentalhelse.no\/eidsvoll-hurdal\/aktuelt\/1163-2\/\">\n\t<h2 class=\"t2-post-title wp-block-t2-post-title\"><\/h2>\n\t<\/a>\n<\/div>\n\n<\/div>\n<\/div>\n\n<div class=\"card-info wp-block-t2-people-meta\"><\/div>","protected":false},"excerpt":{"rendered":"<p>Om oss Mental Helse Eidsvoll og Hurdal startet opp igjen h\u00f8sten 2018 etter noen \u00e5r uten aktivitet. Lokallaget v\u00e5rt har som ambisjon at v\u00e5re aktiviteter&#8230;<\/p>\n","protected":false},"author":1,"featured_media":0,"parent":0,"menu_order":0,"comment_status":"closed","ping_status":"closed","template":"","meta":{"t2_featured_media_focal_point":{"x":0.5,"y":0.5},"mh_hide_title":true,"e24d_chat_page_choice":"","footnotes":""},"class_list":["post-797","page","type-page","status-publish","hentry"],"yoast_head":"<!-- This site is optimized with the Yoast SEO Premium plugin v21.2 (Yoast SEO v21.2) - https:\/\/yoast.com\/wordpress\/plugins\/seo\/ -->\n<title>Om oss - Mental Helse - Eidsvoll-Hurdal<\/title>\n<meta name=\"description\" content=\"Her kan du lese om oss i Mental Helse Eidsvoll og Hurdal, og l\u00e6re mer om hva vi jobber med. Ta gjerne kontakt hvis du har noen sp\u00f8rsm\u00e5l!\" \/>\n<meta name=\"robots\" content=\"index, follow, max-snippet:-1, max-image-preview:large, max-video-preview:-1\" \/>\n<link rel=\"canonical\" href=\"https:\/\/mentalhelse.no\/eidsvoll-hurdal\/om-oss\/\" \/>\n<meta property=\"og:locale\" content=\"nb_NO\" \/>\n<meta property=\"og:type\" content=\"article\" \/>\n<meta property=\"og:title\" content=\"Om oss\" \/>\n<meta property=\"og:description\" content=\"Her kan du lese om oss i Mental Helse Eidsvoll og Hurdal, og l\u00e6re mer om hva vi jobber med. Ta gjerne kontakt hvis du har noen sp\u00f8rsm\u00e5l!\" \/>\n<meta property=\"og:url\" content=\"https:\/\/mentalhelse.no\/eidsvoll-hurdal\/om-oss\/\" \/>\n<meta property=\"og:site_name\" content=\"Eidsvoll-Hurdal\" \/>\n<meta property=\"article:modified_time\" content=\"2025-07-09T08:08:27+00:00\" \/>\n<meta property=\"og:image\" content=\"http:\/\/mentalhelse.no\/content\/uploads\/sites\/321\/2023\/07\/Eidsvoll-1024x576.jpg\" \/>\n<meta name=\"twitter:card\" content=\"summary_large_image\" \/>\n<meta name=\"twitter:label1\" content=\"Ansl. lesetid\" \/>\n\t<meta name=\"twitter:data1\" content=\"2 minutter\" \/>\n<script type=\"application\/ld+json\" class=\"yoast-schema-graph\">{\"@context\":\"https:\/\/schema.org\",\"@graph\":[{\"@type\":\"WebPage\",\"@id\":\"https:\/\/mentalhelse.no\/eidsvoll-hurdal\/om-oss\/\",\"url\":\"https:\/\/mentalhelse.no\/eidsvoll-hurdal\/om-oss\/\",\"name\":\"Om oss - Eidsvoll-Hurdal\",\"isPartOf\":{\"@id\":\"https:\/\/mentalhelse.no\/eidsvoll-hurdal\/#website\"},\"datePublished\":\"2023-05-10T11:14:16+00:00\",\"dateModified\":\"2025-07-09T08:08:27+00:00\",\"description\":\"Her kan du lese om oss i Mental Helse Eidsvoll og Hurdal, og l\u00e6re mer om hva vi jobber med. Ta gjerne kontakt hvis du har noen sp\u00f8rsm\u00e5l!\",\"breadcrumb\":{\"@id\":\"https:\/\/mentalhelse.no\/eidsvoll-hurdal\/om-oss\/#breadcrumb\"},\"inLanguage\":\"nb-NO\",\"potentialAction\":[{\"@type\":\"ReadAction\",\"target\":[\"https:\/\/mentalhelse.no\/eidsvoll-hurdal\/om-oss\/\"]}]},{\"@type\":\"BreadcrumbList\",\"@id\":\"https:\/\/mentalhelse.no\/eidsvoll-hurdal\/om-oss\/#breadcrumb\",\"itemListElement\":[{\"@type\":\"ListItem\",\"position\":1,\"name\":\"Hjem\",\"item\":\"https:\/\/mentalhelse.no\/eidsvoll-hurdal\/\"},{\"@type\":\"ListItem\",\"position\":2,\"name\":\"Om oss\"}]},{\"@type\":\"WebSite\",\"@id\":\"https:\/\/mentalhelse.no\/eidsvoll-hurdal\/#website\",\"url\":\"https:\/\/mentalhelse.no\/eidsvoll-hurdal\/\",\"name\":\"Eidsvoll-Hurdal\",\"description\":\"\",\"potentialAction\":[{\"@type\":\"SearchAction\",\"target\":{\"@type\":\"EntryPoint\",\"urlTemplate\":\"https:\/\/mentalhelse.no\/eidsvoll-hurdal\/?s={search_term_string}\"},\"query-input\":\"required name=search_term_string\"}],\"inLanguage\":\"nb-NO\"}]}<\/script>\n<!-- \/ Yoast SEO Premium plugin. -->","yoast_head_json":{"title":"Om oss - Mental Helse - Eidsvoll-Hurdal","description":"Her kan du lese om oss i Mental Helse Eidsvoll og Hurdal, og l\u00e6re mer om hva vi jobber med. Ta gjerne kontakt hvis du har noen sp\u00f8rsm\u00e5l!","robots":{"index":"index","follow":"follow","max-snippet":"max-snippet:-1","max-image-preview":"max-image-preview:large","max-video-preview":"max-video-preview:-1"},"canonical":"https:\/\/mentalhelse.no\/eidsvoll-hurdal\/om-oss\/","og_locale":"nb_NO","og_type":"article","og_title":"Om oss","og_description":"Her kan du lese om oss i Mental Helse Eidsvoll og Hurdal, og l\u00e6re mer om hva vi jobber med. Ta gjerne kontakt hvis du har noen sp\u00f8rsm\u00e5l!","og_url":"https:\/\/mentalhelse.no\/eidsvoll-hurdal\/om-oss\/","og_site_name":"Eidsvoll-Hurdal","article_modified_time":"2025-07-09T08:08:27+00:00","og_image":[{"url":"http:\/\/mentalhelse.no\/content\/uploads\/sites\/321\/2023\/07\/Eidsvoll-1024x576.jpg"}],"twitter_card":"summary_large_image","twitter_misc":{"Ansl. lesetid":"2 minutter"},"schema":{"@context":"https:\/\/schema.org","@graph":[{"@type":"WebPage","@id":"https:\/\/mentalhelse.no\/eidsvoll-hurdal\/om-oss\/","url":"https:\/\/mentalhelse.no\/eidsvoll-hurdal\/om-oss\/","name":"Om oss - Eidsvoll-Hurdal","isPartOf":{"@id":"https:\/\/mentalhelse.no\/eidsvoll-hurdal\/#website"},"datePublished":"2023-05-10T11:14:16+00:00","dateModified":"2025-07-09T08:08:27+00:00","description":"Her kan du lese om oss i Mental Helse Eidsvoll og Hurdal, og l\u00e6re mer om hva vi jobber med. Ta gjerne kontakt hvis du har noen sp\u00f8rsm\u00e5l!","breadcrumb":{"@id":"https:\/\/mentalhelse.no\/eidsvoll-hurdal\/om-oss\/#breadcrumb"},"inLanguage":"nb-NO","potentialAction":[{"@type":"ReadAction","target":["https:\/\/mentalhelse.no\/eidsvoll-hurdal\/om-oss\/"]}]},{"@type":"BreadcrumbList","@id":"https:\/\/mentalhelse.no\/eidsvoll-hurdal\/om-oss\/#breadcrumb","itemListElement":[{"@type":"ListItem","position":1,"name":"Hjem","item":"https:\/\/mentalhelse.no\/eidsvoll-hurdal\/"},{"@type":"ListItem","position":2,"name":"Om oss"}]},{"@type":"WebSite","@id":"https:\/\/mentalhelse.no\/eidsvoll-hurdal\/#website","url":"https:\/\/mentalhelse.no\/eidsvoll-hurdal\/","name":"Eidsvoll-Hurdal","description":"","potentialAction":[{"@type":"SearchAction","target":{"@type":"EntryPoint","urlTemplate":"https:\/\/mentalhelse.no\/eidsvoll-hurdal\/?s={search_term_string}"},"query-input":"required name=search_term_string"}],"inLanguage":"nb-NO"}]}},"_links":{"self":[{"href":"https:\/\/mentalhelse.no\/eidsvoll-hurdal\/wp-json\/wp\/v2\/pages\/797","targetHints":{"allow":["GET"]}}],"collection":[{"href":"https:\/\/mentalhelse.no\/eidsvoll-hurdal\/wp-json\/wp\/v2\/pages"}],"about":[{"href":"https:\/\/mentalhelse.no\/eidsvoll-hurdal\/wp-json\/wp\/v2\/types\/page"}],"author":[{"embeddable":true,"href":"https:\/\/mentalhelse.no\/eidsvoll-hurdal\/wp-json\/wp\/v2\/users\/1"}],"replies":[{"embeddable":true,"href":"https:\/\/mentalhelse.no\/eidsvoll-hurdal\/wp-json\/wp\/v2\/comments?post=797"}],"version-history":[{"count":6,"href":"https:\/\/mentalhelse.no\/eidsvoll-hurdal\/wp-json\/wp\/v2\/pages\/797\/revisions"}],"predecessor-version":[{"id":1206,"href":"https:\/\/mentalhelse.no\/eidsvoll-hurdal\/wp-json\/wp\/v2\/pages\/797\/revisions\/1206"}],"wp:attachment":[{"href":"https:\/\/mentalhelse.no\/eidsvoll-hurdal\/wp-json\/wp\/v2\/media?parent=797"}],"curies":[{"name":"wp","href":"https:\/\/api.w.org\/{rel}","templated":true}]}}