{"id":797,"date":"2023-05-10T11:14:16","date_gmt":"2023-05-10T11:14:16","guid":{"rendered":"https:\/\/mentalhelse.no\/viken\/?page_id=797"},"modified":"2024-06-18T11:57:17","modified_gmt":"2024-06-18T11:57:17","slug":"om-oss","status":"publish","type":"page","link":"https:\/\/mentalhelse.no\/etne-og-vindafjord\/om-oss\/","title":{"rendered":"Om oss"},"content":{"rendered":"\n<figure class=\"wp-block-image size-full\"><img loading=\"lazy\" decoding=\"async\" width=\"960\" height=\"540\" src=\"https:\/\/mentalhelse.no\/content\/uploads\/sites\/252\/2023\/08\/182775884_4352448714822647_8735222186173015416_n.jpg\" alt=\"Etne og Vindafjord Mental Helse\" class=\"wp-image-1000\" srcset=\"https:\/\/mentalhelse.no\/content\/uploads\/sites\/252\/2023\/08\/182775884_4352448714822647_8735222186173015416_n.jpg 960w, https:\/\/mentalhelse.no\/content\/uploads\/sites\/252\/2023\/08\/182775884_4352448714822647_8735222186173015416_n-300x169.jpg 300w, https:\/\/mentalhelse.no\/content\/uploads\/sites\/252\/2023\/08\/182775884_4352448714822647_8735222186173015416_n-768x432.jpg 768w\" sizes=\"auto, (max-width: 960px) 100vw, 960px\" \/><\/figure>\n\n\n\n<h1 class=\"wp-block-heading\" id=\"h-om-oss\">Om oss<\/h1>\n\n\n\n<p>Mental Helse Etne og Vindafjord drives av en gjeng med ivrige og engasjerte folk som jobber for \u00e5 skape et m\u00f8tepunkt for de som \u00f8nsker et fellesskap i regionen.<\/p>\n\n\n\n<p>\u00d8nsker du \u00e5 bli frivillig eller medlem hos oss? Da er du er hjertelig velkommen til \u00e5 ta kontakt. <br><\/p>\n\n\n\n<h2 class=\"wp-block-heading\" id=\"h-styret\">Styret:<\/h2>\n\n\n\n<p><strong>Leder:<\/strong>&nbsp;<br>S\u00f8lvi Eide Lunde<br><strong>Kasserer<\/strong>: <br>Sigrid B\u00f8thun<br><strong>Styremedlem:&nbsp;<\/strong><br>Ingeborg Gussi\u00e5s (ungdomsrepresentant)<br><strong>Styremedlem:&nbsp;<\/strong><br>Gerd Ekse<br><strong>Styremedlem:&nbsp;<\/strong><br>Karianne Taralds\u00f8y<br><br><strong>Vara:&nbsp;<\/strong><br>Elsa Eikemo Larsen<br><strong>Vara<\/strong>: <br>Solveig \u00d8vernes<br><strong>Vara<\/strong>: <br>Victoria Synn\u00f8ve Angel<\/p>\n\n\n\n<p><a href=\"https:\/\/mentalhelse.no\/etne-og-vindafjord\/dokumentet\/\">Klikk her<\/a> for \u00e5 finne protokoll fra \u00e5rsm\u00f8te, handlingsplan, regnskap og budsjett.<\/p>\n\n\n\n<div class=\"wp-block-group is-content-justification-left is-nowrap is-layout-flex wp-container-core-group-is-layout-1 wp-block-group-is-layout-flex\">\n\t\t<div class=\"mh-social-links wp-block-mh-social-links\">\n\t\t\t\n\n\t\t<div class=\"t2-social-link alignfull wp-block-mh-social-link\">\n\t\t\t<a href=\"https:\/\/www.facebook.com\/EtneogVindafjordMentalHelse\/\" target=\"_blank\" rel=\"noopener noreferrer\">\n\t\t\t\t<svg xmlns=\"http:\/\/www.w3.org\/2000\/svg\" viewBox=\"0 0 24 24\" height=\"24\" width=\"24\" class=\"t2-icon t2-icon-mh-facebook\" aria-hidden=\"true\" focusable=\"false\"><path d=\"M16.6234 3.00387L14.2249 3C11.5302 3 9.78878 4.79672 9.78878 7.57761V9.6882H7.37715C7.16875 9.6882 7 9.8581 7 10.0677V13.1257C7 13.3352 7.16895 13.5049 7.37715 13.5049H9.78878V21.2212C9.78878 21.4308 9.95753 21.6005 10.1659 21.6005H13.3124C13.5208 21.6005 13.6896 21.4306 13.6896 21.2212V13.5049H16.5093C16.7177 13.5049 16.8865 13.3352 16.8865 13.1257L16.8876 10.0677C16.8876 9.96704 16.8478 9.87067 16.7772 9.79946C16.7066 9.72825 16.6103 9.6882 16.5103 9.6882H13.6896V7.89903C13.6896 7.03908 13.8933 6.60253 15.0073 6.60253L16.623 6.60195C16.8312 6.60195 17 6.43205 17 6.22267V3.38314C17 3.17396 16.8314 3.00426 16.6234 3.00387Z\" fill=\"currentColor\"\/><\/svg>\n\t\t\t<\/a>\n\t\t<\/div>\n\n\t\t<\/div>\n\n\n<p>Bes\u00f8k oss p\u00e5 facebook<\/p>\n<\/div>\n\n\n\n<div class=\"wp-block-columns is-layout-flex wp-container-core-columns-is-layout-1 wp-block-columns-is-layout-flex\">\n<div class=\"wp-block-column is-layout-flow wp-block-column-is-layout-flow\" style=\"flex-basis:100%\"><div class=\"card-info wp-block-t2-people-meta\"><\/div><\/div>\n<\/div>\n\n\n\n\n\n<div class=\"wp-block-group alignfull is-layout-constrained wp-block-group-is-layout-constrained\">\n<h3 class=\"wp-block-heading alignwide\" id=\"h-siste-nytt-fra-mental-helse-etne-og-vindafjord\">Siste nytt fra Mental Helse Etne og Vindafjord<\/h3>\n<\/div>\n\n\n<div class=\"card-info wp-block-t2-people-meta\"><\/div>\n\n<div class=\"t2-featured-content-layout alignwide alignwide wp-block-t2-featured-content-layout\">\n<div class=\"t2-featured-query-post t2-featured-content is-post-type-news wp-block-t2-featured-query-post\"><a class=\"t2-post-link wp-block-t2-post-link\" href=\"https:\/\/mentalhelse.no\/etne-og-vindafjord\/aktuelt\/sommeravslutning-med-flere-lokallag-fra-rogaland\/\">\n\t<figure style=\"--t2-focal-point: 50% 50%;\" class=\"t2-post-featured-image has-image-ratio-16-9 wp-block-t2-post-featured-image\"><img loading=\"lazy\" decoding=\"async\" width=\"750\" height=\"475\" src=\"https:\/\/mentalhelse.no\/content\/uploads\/sites\/252\/2024\/06\/448407133_785856760283130_5848645496025441802_n.jpg\" class=\"attachment-post-thumbnail size-post-thumbnail wp-post-image\" alt=\"\" srcset=\"https:\/\/mentalhelse.no\/content\/uploads\/sites\/252\/2024\/06\/448407133_785856760283130_5848645496025441802_n.jpg 750w, https:\/\/mentalhelse.no\/content\/uploads\/sites\/252\/2024\/06\/448407133_785856760283130_5848645496025441802_n-300x190.jpg 300w\" sizes=\"auto, (max-width: 750px) 100vw, 750px\" style=\"--focal-point: 50% 50%;\" \/><\/figure>\n<\/a>\n\n<div class=\"wp-block-group postinfo alignfull is-layout-flow wp-block-group-is-layout-flow\">\n\t<div class=\"wp-block-mentalhelse-post-category\">\n\t\t\t\t\t<div class=\"post-type\">\n\t\t\t\t\t\t<a href=\"https:\/\/mentalhelse.no\/etne-og-vindafjord\/aktuelt\/\">Nyheter<\/a>\n\t\t\t\t\t<\/div>\n\t\t\t\t\t\n\t\t\t\t\t<div class=\"post-category\">\n\t\t\t\t\t\t\n\t\t\t\t\t<\/div>\n\t\t\t<\/div>\n\t<a class=\"t2-post-link wp-block-t2-post-link\" href=\"https:\/\/mentalhelse.no\/etne-og-vindafjord\/aktuelt\/sommeravslutning-med-flere-lokallag-fra-rogaland\/\">\n\t<h2 class=\"t2-post-title wp-block-t2-post-title\">Sommeravslutning med flere lokallag fra Rogaland<\/h2>\n\t<\/a>\n<\/div>\n\n<\/div>\n\n\n\n\n<\/div>","protected":false},"excerpt":{"rendered":"<p>Om oss Mental Helse Etne og Vindafjord drives av en gjeng med ivrige og engasjerte folk som jobber for \u00e5 skape et m\u00f8tepunkt for de&#8230;<\/p>\n","protected":false},"author":1,"featured_media":0,"parent":0,"menu_order":0,"comment_status":"closed","ping_status":"closed","template":"","meta":{"t2_featured_media_focal_point":{"x":0.5,"y":0.5},"mh_hide_title":true,"e24d_chat_page_choice":"","footnotes":""},"class_list":["post-797","page","type-page","status-publish","hentry"],"yoast_head":"<!-- This site is optimized with the Yoast SEO Premium plugin v21.2 (Yoast SEO v21.2) - https:\/\/yoast.com\/wordpress\/plugins\/seo\/ -->\n<title>Om oss - Mental Helse - Etne og Vindafjord<\/title>\n<meta name=\"description\" content=\"Her kan du lese om oss i Mental Helse Etne og Vindafjord, og l\u00e6re mer om hva vi jobber med. Ta gjerne kontakt hvis du har noen sp\u00f8rsm\u00e5l!\" \/>\n<meta name=\"robots\" content=\"index, follow, max-snippet:-1, max-image-preview:large, max-video-preview:-1\" \/>\n<link rel=\"canonical\" href=\"https:\/\/mentalhelse.no\/etne-og-vindafjord\/om-oss\/\" \/>\n<meta property=\"og:locale\" content=\"nb_NO\" \/>\n<meta property=\"og:type\" content=\"article\" \/>\n<meta property=\"og:title\" content=\"Om oss\" \/>\n<meta property=\"og:description\" content=\"Her kan du lese om oss i Mental Helse Etne og Vindafjord, og l\u00e6re mer om hva vi jobber med. Ta gjerne kontakt hvis du har noen sp\u00f8rsm\u00e5l!\" \/>\n<meta property=\"og:url\" content=\"https:\/\/mentalhelse.no\/etne-og-vindafjord\/om-oss\/\" \/>\n<meta property=\"og:site_name\" content=\"Etne og Vindafjord\" \/>\n<meta property=\"article:modified_time\" content=\"2024-06-18T11:57:17+00:00\" \/>\n<meta property=\"og:image\" content=\"https:\/\/mentalhelse.no\/content\/uploads\/sites\/252\/2023\/08\/182775884_4352448714822647_8735222186173015416_n.jpg\" \/>\n<meta name=\"twitter:card\" content=\"summary_large_image\" \/>\n<meta name=\"twitter:label1\" content=\"Ansl. lesetid\" \/>\n\t<meta name=\"twitter:data1\" content=\"1 minutt\" \/>\n<script type=\"application\/ld+json\" class=\"yoast-schema-graph\">{\"@context\":\"https:\/\/schema.org\",\"@graph\":[{\"@type\":\"WebPage\",\"@id\":\"https:\/\/mentalhelse.no\/etne-og-vindafjord\/om-oss\/\",\"url\":\"https:\/\/mentalhelse.no\/etne-og-vindafjord\/om-oss\/\",\"name\":\"Om oss - Etne og Vindafjord\",\"isPartOf\":{\"@id\":\"https:\/\/mentalhelse.no\/etne-og-vindafjord\/#website\"},\"datePublished\":\"2023-05-10T11:14:16+00:00\",\"dateModified\":\"2024-06-18T11:57:17+00:00\",\"description\":\"Her kan du lese om oss i Mental Helse Etne og Vindafjord, og l\u00e6re mer om hva vi jobber med. Ta gjerne kontakt hvis du har noen sp\u00f8rsm\u00e5l!\",\"breadcrumb\":{\"@id\":\"https:\/\/mentalhelse.no\/etne-og-vindafjord\/om-oss\/#breadcrumb\"},\"inLanguage\":\"nb-NO\",\"potentialAction\":[{\"@type\":\"ReadAction\",\"target\":[\"https:\/\/mentalhelse.no\/etne-og-vindafjord\/om-oss\/\"]}]},{\"@type\":\"BreadcrumbList\",\"@id\":\"https:\/\/mentalhelse.no\/etne-og-vindafjord\/om-oss\/#breadcrumb\",\"itemListElement\":[{\"@type\":\"ListItem\",\"position\":1,\"name\":\"Hjem\",\"item\":\"https:\/\/mentalhelse.no\/etne-og-vindafjord\/\"},{\"@type\":\"ListItem\",\"position\":2,\"name\":\"Om oss\"}]},{\"@type\":\"WebSite\",\"@id\":\"https:\/\/mentalhelse.no\/etne-og-vindafjord\/#website\",\"url\":\"https:\/\/mentalhelse.no\/etne-og-vindafjord\/\",\"name\":\"Etne og Vindafjord\",\"description\":\"\",\"potentialAction\":[{\"@type\":\"SearchAction\",\"target\":{\"@type\":\"EntryPoint\",\"urlTemplate\":\"https:\/\/mentalhelse.no\/etne-og-vindafjord\/?s={search_term_string}\"},\"query-input\":\"required name=search_term_string\"}],\"inLanguage\":\"nb-NO\"}]}<\/script>\n<!-- \/ Yoast SEO Premium plugin. -->","yoast_head_json":{"title":"Om oss - Mental Helse - Etne og Vindafjord","description":"Her kan du lese om oss i Mental Helse Etne og Vindafjord, og l\u00e6re mer om hva vi jobber med. Ta gjerne kontakt hvis du har noen sp\u00f8rsm\u00e5l!","robots":{"index":"index","follow":"follow","max-snippet":"max-snippet:-1","max-image-preview":"max-image-preview:large","max-video-preview":"max-video-preview:-1"},"canonical":"https:\/\/mentalhelse.no\/etne-og-vindafjord\/om-oss\/","og_locale":"nb_NO","og_type":"article","og_title":"Om oss","og_description":"Her kan du lese om oss i Mental Helse Etne og Vindafjord, og l\u00e6re mer om hva vi jobber med. Ta gjerne kontakt hvis du har noen sp\u00f8rsm\u00e5l!","og_url":"https:\/\/mentalhelse.no\/etne-og-vindafjord\/om-oss\/","og_site_name":"Etne og Vindafjord","article_modified_time":"2024-06-18T11:57:17+00:00","og_image":[{"url":"https:\/\/mentalhelse.no\/content\/uploads\/sites\/252\/2023\/08\/182775884_4352448714822647_8735222186173015416_n.jpg"}],"twitter_card":"summary_large_image","twitter_misc":{"Ansl. lesetid":"1 minutt"},"schema":{"@context":"https:\/\/schema.org","@graph":[{"@type":"WebPage","@id":"https:\/\/mentalhelse.no\/etne-og-vindafjord\/om-oss\/","url":"https:\/\/mentalhelse.no\/etne-og-vindafjord\/om-oss\/","name":"Om oss - Etne og Vindafjord","isPartOf":{"@id":"https:\/\/mentalhelse.no\/etne-og-vindafjord\/#website"},"datePublished":"2023-05-10T11:14:16+00:00","dateModified":"2024-06-18T11:57:17+00:00","description":"Her kan du lese om oss i Mental Helse Etne og Vindafjord, og l\u00e6re mer om hva vi jobber med. Ta gjerne kontakt hvis du har noen sp\u00f8rsm\u00e5l!","breadcrumb":{"@id":"https:\/\/mentalhelse.no\/etne-og-vindafjord\/om-oss\/#breadcrumb"},"inLanguage":"nb-NO","potentialAction":[{"@type":"ReadAction","target":["https:\/\/mentalhelse.no\/etne-og-vindafjord\/om-oss\/"]}]},{"@type":"BreadcrumbList","@id":"https:\/\/mentalhelse.no\/etne-og-vindafjord\/om-oss\/#breadcrumb","itemListElement":[{"@type":"ListItem","position":1,"name":"Hjem","item":"https:\/\/mentalhelse.no\/etne-og-vindafjord\/"},{"@type":"ListItem","position":2,"name":"Om oss"}]},{"@type":"WebSite","@id":"https:\/\/mentalhelse.no\/etne-og-vindafjord\/#website","url":"https:\/\/mentalhelse.no\/etne-og-vindafjord\/","name":"Etne og Vindafjord","description":"","potentialAction":[{"@type":"SearchAction","target":{"@type":"EntryPoint","urlTemplate":"https:\/\/mentalhelse.no\/etne-og-vindafjord\/?s={search_term_string}"},"query-input":"required name=search_term_string"}],"inLanguage":"nb-NO"}]}},"_links":{"self":[{"href":"https:\/\/mentalhelse.no\/etne-og-vindafjord\/wp-json\/wp\/v2\/pages\/797","targetHints":{"allow":["GET"]}}],"collection":[{"href":"https:\/\/mentalhelse.no\/etne-og-vindafjord\/wp-json\/wp\/v2\/pages"}],"about":[{"href":"https:\/\/mentalhelse.no\/etne-og-vindafjord\/wp-json\/wp\/v2\/types\/page"}],"author":[{"embeddable":true,"href":"https:\/\/mentalhelse.no\/etne-og-vindafjord\/wp-json\/wp\/v2\/users\/1"}],"replies":[{"embeddable":true,"href":"https:\/\/mentalhelse.no\/etne-og-vindafjord\/wp-json\/wp\/v2\/comments?post=797"}],"version-history":[{"count":6,"href":"https:\/\/mentalhelse.no\/etne-og-vindafjord\/wp-json\/wp\/v2\/pages\/797\/revisions"}],"predecessor-version":[{"id":1057,"href":"https:\/\/mentalhelse.no\/etne-og-vindafjord\/wp-json\/wp\/v2\/pages\/797\/revisions\/1057"}],"wp:attachment":[{"href":"https:\/\/mentalhelse.no\/etne-og-vindafjord\/wp-json\/wp\/v2\/media?parent=797"}],"curies":[{"name":"wp","href":"https:\/\/api.w.org\/{rel}","templated":true}]}}