{"id":797,"date":"2023-05-10T11:14:16","date_gmt":"2023-05-10T11:14:16","guid":{"rendered":"https:\/\/mentalhelse.no\/viken\/?page_id=797"},"modified":"2025-04-29T12:18:12","modified_gmt":"2025-04-29T12:18:12","slug":"om-oss","status":"publish","type":"page","link":"https:\/\/mentalhelse.no\/gamvik\/om-oss\/","title":{"rendered":"Om oss"},"content":{"rendered":"\n<figure class=\"wp-block-image size-full is-resized\"><img loading=\"lazy\" decoding=\"async\" width=\"443\" height=\"354\" src=\"https:\/\/mentalhelse.no\/content\/uploads\/sites\/286\/2023\/11\/Benken.jpg\" alt=\"\" class=\"wp-image-1103\" style=\"width:792px;height:633px\" srcset=\"https:\/\/mentalhelse.no\/content\/uploads\/sites\/286\/2023\/11\/Benken.jpg 443w, https:\/\/mentalhelse.no\/content\/uploads\/sites\/286\/2023\/11\/Benken-300x240.jpg 300w\" sizes=\"auto, (max-width: 443px) 100vw, 443px\" \/><figcaption class=\"wp-element-caption\"><strong>Mental Helse Gamvik har plass til alle &lt;3<\/strong><\/figcaption><\/figure>\n\n\n\n<h1 class=\"wp-block-heading\" id=\"h-om-oss\">Om oss<\/h1>\n\n\n\n<p>Mental Helse Gamvik startet opp h\u00f8sten 2022. <\/p>\n\n\n\n<p>Vi \u00f8nsker \u00e5 bidra til trygge og inkluderende treffpunkter i v\u00e5r kommunen. Vi mener at gode gode m\u00f8teplasser med plass til alle bidrar til bolyst og forebygger ensomhet og utenforskap. Vi vil derfor bygge gode relasjoner i lokalmilj\u00f8et p\u00e5 tvers av alder,kj\u00f8nn, ulike kulturer og spr\u00e5k. <\/p>\n\n\n\n<p>Vi \u00f8nsker veldig gjerne flere medlemmer og frivillige, og er dette noe du kunne ha tenkt deg \u00e5 v\u00e6re med p\u00e5 s\u00e5 ta kontakt med oss. F\u00f8lg oss gjerne ogs\u00e5 p\u00e5 Mental Helse Gamvik p\u00e5 Facebook. <\/p>\n\n\n\n<h2 class=\"wp-block-heading\" id=\"h-grasrotandel-mental-helse-gamvik-mental-helse-gamvik-grasrotandelen-norsk-tipping\">Grasrotandel Mental Helse Gamvik:<br><a href=\"https:\/\/www.norsk-tipping.no\/grasrotandelen\/din-mottaker\/930231754?fromSearch=true\">MENTAL HELSE GAMVIK &#8211; Grasrotandelen | Norsk Tipping<\/a><\/h2>\n\n\n\n<h2 class=\"wp-block-heading\" id=\"h-styret\">Styret:<\/h2>\n\n\n\n<p>Leder: Bente Gr\u00f8tte<br>Nestleder: May-Sissel Dypwad Hansen<br>Kasserer: Tonje Kristoffersen<br>Styremedlem: Linda R. Martinsen<br>Styremedlem: Annikken H. Olsen<br>Styremedlem: Bj\u00f8rg-Eva Lang\u00e5s<br>Vara: Syn\u00f8ve Vassvik<br>Vara: Maiken Aleksandra Gartland<\/p>\n\n\n\n\n\n<div class=\"wp-block-group alignfull is-layout-constrained wp-block-group-is-layout-constrained\">\n<div class=\"wp-block-group alignfull is-layout-constrained wp-block-group-is-layout-constrained\">\n<h3 class=\"wp-block-heading alignwide\" id=\"h-siste-nytt-fra-mental-helse-gamvik\">Siste nytt fra Mental Helse Gamvik<\/h3>\n<\/div>\n<\/div>\n\n\n<div class=\"t2-featured-content-layout alignwide alignwide wp-block-t2-featured-content-layout\">\n<div class=\"t2-featured-query-post t2-featured-content is-post-type-news wp-block-t2-featured-query-post\"><a class=\"t2-post-link wp-block-t2-post-link\" href=\"https:\/\/mentalhelse.no\/gamvik\/aktuelt\/balkos\/\">\n\t<figure style=\"--t2-focal-point: 50% 50%;\" class=\"t2-post-featured-image has-image-ratio-16-9 wp-block-t2-post-featured-image\"><img loading=\"lazy\" decoding=\"async\" width=\"1536\" height=\"2048\" src=\"https:\/\/mentalhelse.no\/content\/uploads\/sites\/286\/2026\/04\/Balpanne-1.jpg\" class=\"attachment-post-thumbnail size-post-thumbnail wp-post-image\" alt=\"\" srcset=\"https:\/\/mentalhelse.no\/content\/uploads\/sites\/286\/2026\/04\/Balpanne-1.jpg 1536w, https:\/\/mentalhelse.no\/content\/uploads\/sites\/286\/2026\/04\/Balpanne-1-225x300.jpg 225w, https:\/\/mentalhelse.no\/content\/uploads\/sites\/286\/2026\/04\/Balpanne-1-768x1024.jpg 768w, https:\/\/mentalhelse.no\/content\/uploads\/sites\/286\/2026\/04\/Balpanne-1-1152x1536.jpg 1152w\" sizes=\"auto, (max-width: 1536px) 100vw, 1536px\" style=\"--focal-point: 50% 50%;\" \/><\/figure>\n<\/a>\n\n<div class=\"wp-block-group postinfo alignfull is-layout-flow wp-block-group-is-layout-flow\">\n\t<div class=\"wp-block-mentalhelse-post-category\">\n\t\t\t\t\t<div class=\"post-type\">\n\t\t\t\t\t\t<a href=\"https:\/\/mentalhelse.no\/gamvik\/aktuelt\/\">Nyheter<\/a>\n\t\t\t\t\t<\/div>\n\t\t\t\t\t\n\t\t\t\t\t<div class=\"post-category\">\n\t\t\t\t\t\t\n\t\t\t\t\t<\/div>\n\t\t\t<\/div>\n\t<a class=\"t2-post-link wp-block-t2-post-link\" href=\"https:\/\/mentalhelse.no\/gamvik\/aktuelt\/balkos\/\">\n\t<h2 class=\"t2-post-title wp-block-t2-post-title\">B\u00e5lkos<\/h2>\n\t<\/a>\n<\/div>\n\n<\/div>\n\n<div class=\"t2-featured-query-post t2-featured-content is-post-type-news wp-block-t2-featured-query-post\"><a class=\"t2-post-link wp-block-t2-post-link\" href=\"https:\/\/mentalhelse.no\/gamvik\/aktuelt\/karneval-med-verksted-aktiviteter-og-servering-av-pizzasnurrer-og-fastelavnsboller\/\">\n\t<figure style=\"--t2-focal-point: 50% 50%;\" class=\"t2-post-featured-image has-image-ratio-16-9 wp-block-t2-post-featured-image\"><img decoding=\"async\" src=\"data:image\/jpeg;base64, \/9j\/4AAQSkZJRgABAQEAYABgAAD\/\/gA+Q1JFQVRPUjogZ2QtanBlZyB2MS4wICh1c2luZyBJSkcgSlBFRyB2ODApLCBkZWZhdWx0IHF1YWxpdHkK\/9sAQwAIBgYHBgUIBwcHCQkICgwUDQwLCwwZEhMPFB0aHx4dGhwcICQuJyAiLCMcHCg3KSwwMTQ0NB8nOT04MjwuMzQy\/9sAQwEJCQkMCwwYDQ0YMiEcITIyMjIyMjIyMjIyMjIyMjIyMjIyMjIyMjIyMjIyMjIyMjIyMjIyMjIyMjIyMjIyMjIy\/8AAEQgBLAEsAwEiAAIRAQMRAf\/EAB8AAAEFAQEBAQEBAAAAAAAAAAABAgMEBQYHCAkKC\/\/EALUQAAIBAwMCBAMFBQQEAAABfQECAwAEEQUSITFBBhNRYQcicRQygZGhCCNCscEVUtHwJDNicoIJChYXGBkaJSYnKCkqNDU2Nzg5OkNERUZHSElKU1RVVldYWVpjZGVmZ2hpanN0dXZ3eHl6g4SFhoeIiYqSk5SVlpeYmZqio6Slpqeoqaqys7S1tre4ubrCw8TFxsfIycrS09TV1tfY2drh4uPk5ebn6Onq8fLz9PX29\/j5+v\/EAB8BAAMBAQEBAQEBAQEAAAAAAAABAgMEBQYHCAkKC\/\/EALURAAIBAgQEAwQHBQQEAAECdwABAgMRBAUhMQYSQVEHYXETIjKBCBRCkaGxwQkjM1LwFWJy0QoWJDThJfEXGBkaJicoKSo1Njc4OTpDREVGR0hJSlNUVVZXWFlaY2RlZmdoaWpzdHV2d3h5eoKDhIWGh4iJipKTlJWWl5iZmqKjpKWmp6ipqrKztLW2t7i5usLDxMXGx8jJytLT1NXW19jZ2uLj5OXm5+jp6vLz9PX29\/j5+v\/aAAwDAQACEQMRAD8A9goooqRhRRRQAUUUUAFFFFABRRRQAUUUUAFFFFABRRRQAUUUUAFFFFABRRRQAUUUUAFFFFABRRRQAUUUUAFFFFABRRRQAUUUUAFFFFABRRRQAUUUUAFFFFABRRRQAUUUUAFFFFABRRRQAUUUUAFFFFABRRRQAUUUUAFFFFABRRRQAUUUUAFFFFABRRRQAUUUUAFFFFABRRRQAUUUUAFFFFABRRRQAUUUUAFFFFABRRRQAUUUUAFFFFABRRRQAUUUUAFFFFABRRRQAUUUUAFFFFABRRRQAUUUUAFFFFABRRRQAUUUUAFFFFABRRRQAUUUUAFFFFABRRRQAUUUUAFFFFABRRRQAUUUUAFFFFABRRRQAUUUUAFFFFABRRRQAUUUUAFFFFABRRRQAUUUUAFFFFABRRRQAUUUUAFFFFABRRRQAUUUUAFFFFABRRRQAUUUUAFFFFABRRRQAUUUUAFFFFABRRRQAUUUUAFFFFABRRRQAUUUUAFFFFABRRRQAUUUUAFFFFABRRRQAUUUUAFFFFABRRRQAUUUUAFFFFABRRRQAUUUUAFFFFABRRRQAUUUUAFFFFABRRRQAUUUUAFFFFABRRRQAUUUUAFFFFABRRRQAUUUUAFFFFABRRRQAUUUUAFFFFABRRRQAUUUUAFFFFABRRRQAUUUUAFFFFABRRRQAUUUUAFFFFABRRRQAUUUUAFFFFABRRRQAUUUUAFFFFABRRRQAUUUUAFFFFABRRRQAUUUUAFFFFABRRRQAUUUUAFFFFABRRRQAUUUUAFFFFABRRRQAUUUUAFFFFABRRRQAUUUUAFFFFABRRRQAUUUUAFFFFABRRRQAUUUUAFFFFABRRRQAUUUUAFFFFABRRRQAUUUUAFFFFABRRRQAUUUUAFFFFABRRRQAUUUUAFFFFABRRRQAUUUUAFFFFABRRRQAUUUUAFFFFABRRRQAUUUUAFFV75mSzkZWKkY5Bx3FEDNOxmLFVBKrHnp\/ve\/tQBYooooAKKKKACiiigAooooAKKKKACiiigAooooAKKKKACiiigAooooAKKKKACiiigAooooAKKKKACiiigAooooAKKKKACiiigBk0SzxNGxIB9KPKUTeaCQxGGx0b60+igAooooAKKKKACiiigAooooAKKKKACiiigAooooAKKKKACiiigAooooAKKKKACiiigAooooAKKKKACiiigAooooAKKKKACiiigAooooAKKKKACiiigAooooAKKKKACiiigAooooAKKKKACiiigAooooAKKKKACiiigAooooAKKKKACiiigAooooAKKKKACiiigAooooAKKKKACiiigAooooAKKKKACiiigAooooAKKKKACiiigAooooAKKKKACiiigAooooAKKKKACiiigAooooAKKKKACiiigAooooAKKKKACiiigAooooAKKKKACiiigAooooAKKKKACiiigAooooAKKKKACiiigAooooAKKKKACiiigAooooAKKKKACiiigAooooAKKKKACiiigAooooAKKKKACiiigAooooAKKKKACiiigAooooAKKKKACiiigAooooAKKKKACiiigAooooAKKKKACiiigAooooAKKKKACiiigAooooAKKKKACiiigAooooAKKKKACiiigAooooAKKKKACiiigAooooAKKKKACiiigAooooAKKKKACiiigAooooAKKKKACiiigAooooAKKKKACiiigAooooAKKKKACiiigAooooAKKKKACiiigAooooAKKKKACiiigAooooAKKKKACiiigAooooAKKKKACiiigAooooAKKKKACiiigAooooAKKKKACiiigAooooAKKKKACiiigAooooAKKKKACiiigAooooAKKKKACiiigAooooAKKKKACiiigAooooAKKKKACiiigAooooAKKKKACiiigAooooAKKKKACiiigAooooAKKKKACiiigAooooAKKKKAP\/2Q==\" alt=\"Karneval med verksted, aktiviteter og servering av pizzasnurrer og fastelavnsboller\"\/><\/figure>\n<\/a>\n\n<div class=\"wp-block-group postinfo alignfull is-layout-flow wp-block-group-is-layout-flow\">\n\t<div class=\"wp-block-mentalhelse-post-category\">\n\t\t\t\t\t<div class=\"post-type\">\n\t\t\t\t\t\t<a href=\"https:\/\/mentalhelse.no\/gamvik\/aktuelt\/\">Nyheter<\/a>\n\t\t\t\t\t<\/div>\n\t\t\t\t\t\n\t\t\t\t\t<div class=\"post-category\">\n\t\t\t\t\t\t\n\t\t\t\t\t<\/div>\n\t\t\t<\/div>\n\t<a class=\"t2-post-link wp-block-t2-post-link\" href=\"https:\/\/mentalhelse.no\/gamvik\/aktuelt\/karneval-med-verksted-aktiviteter-og-servering-av-pizzasnurrer-og-fastelavnsboller\/\">\n\t<h2 class=\"t2-post-title wp-block-t2-post-title\">Karneval med verksted, aktiviteter og servering av pizzasnurrer og fastelavnsboller<\/h2>\n\t<\/a>\n<\/div>\n\n<\/div>\n\n<div class=\"t2-featured-query-post t2-featured-content is-post-type-news wp-block-t2-featured-query-post\"><a class=\"t2-post-link wp-block-t2-post-link\" href=\"https:\/\/mentalhelse.no\/gamvik\/aktuelt\/julebord-for-sma-oh-store-17-og-18-desember-2023\/\">\n\t<figure style=\"--t2-focal-point: 50% 50%;\" class=\"t2-post-featured-image has-image-ratio-16-9 wp-block-t2-post-featured-image\"><img loading=\"lazy\" decoding=\"async\" width=\"1536\" height=\"2048\" src=\"https:\/\/mentalhelse.no\/content\/uploads\/sites\/286\/2023\/11\/jul-1.jpg\" class=\"attachment-post-thumbnail size-post-thumbnail wp-post-image\" alt=\"\" srcset=\"https:\/\/mentalhelse.no\/content\/uploads\/sites\/286\/2023\/11\/jul-1.jpg 1536w, https:\/\/mentalhelse.no\/content\/uploads\/sites\/286\/2023\/11\/jul-1-225x300.jpg 225w, https:\/\/mentalhelse.no\/content\/uploads\/sites\/286\/2023\/11\/jul-1-768x1024.jpg 768w, https:\/\/mentalhelse.no\/content\/uploads\/sites\/286\/2023\/11\/jul-1-1152x1536.jpg 1152w\" sizes=\"auto, (max-width: 1536px) 100vw, 1536px\" style=\"--focal-point: 50% 50%;\" \/><\/figure>\n<\/a>\n\n<div class=\"wp-block-group postinfo alignfull is-layout-flow wp-block-group-is-layout-flow\">\n\t<div class=\"wp-block-mentalhelse-post-category\">\n\t\t\t\t\t<div class=\"post-type\">\n\t\t\t\t\t\t<a href=\"https:\/\/mentalhelse.no\/gamvik\/aktuelt\/\">Nyheter<\/a>\n\t\t\t\t\t<\/div>\n\t\t\t\t\t\n\t\t\t\t\t<div class=\"post-category\">\n\t\t\t\t\t\t\n\t\t\t\t\t<\/div>\n\t\t\t<\/div>\n\t<a class=\"t2-post-link wp-block-t2-post-link\" href=\"https:\/\/mentalhelse.no\/gamvik\/aktuelt\/julebord-for-sma-oh-store-17-og-18-desember-2023\/\">\n\t<h2 class=\"t2-post-title wp-block-t2-post-title\">Julebord for sm\u00e5 og store 18 og 19 desember 2023 kl.1700-2000<\/h2>\n\t<\/a>\n<\/div>\n\n<\/div>\n<\/div>\n\n\t<div class=\"t2-gallery-block has-1-images is-cropped wp-block-t2-gallery\">\n\t\t<figure itemscope itemtype=\"http:\/\/schema.org\/ImageGallery\">\n\t\t\t<div class=\"t2-gallery has-3-columns make-1-big\" data-gallery-id=\"t2gallery\">\n\t\t\t\t\t\t\t\t\t<figure itemprop=\"associatedMedia\" itemscope itemtype=\"http:\/\/schema.org\/ImageObject\" class=\"t2-gallery__image has-size-100\">\n\t\t\t\t\t\t<a class=\"t2-open-gallery\" href=\"https:\/\/mentalhelse.no\/content\/uploads\/sites\/286\/2025\/04\/Bilde-av-styret-724x1024.png\" itemprop=\"contentUrl\">\n\t\t\t\t\t\t\t<img loading=\"lazy\" decoding=\"async\" width=\"724\" height=\"1024\" src=\"https:\/\/mentalhelse.no\/content\/uploads\/sites\/286\/2025\/04\/Bilde-av-styret-724x1024.png\" class=\"attachment-large size-large\" alt=\"\" itemprop=\"thumbnail\" srcset=\"https:\/\/mentalhelse.no\/content\/uploads\/sites\/286\/2025\/04\/Bilde-av-styret-724x1024.png 724w, https:\/\/mentalhelse.no\/content\/uploads\/sites\/286\/2025\/04\/Bilde-av-styret-212x300.png 212w, https:\/\/mentalhelse.no\/content\/uploads\/sites\/286\/2025\/04\/Bilde-av-styret-768x1086.png 768w, https:\/\/mentalhelse.no\/content\/uploads\/sites\/286\/2025\/04\/Bilde-av-styret-1086x1536.png 1086w, https:\/\/mentalhelse.no\/content\/uploads\/sites\/286\/2025\/04\/Bilde-av-styret-1448x2048.png 1448w\" sizes=\"auto, (max-width: 724px) 100vw, 724px\" style=\"--focal-point: 50% 50%;\" \/>\t\t\t\t\t\t<\/a>\n\t\t\t\t\t<\/figure>\n\t\t\t\t\t\t\t\t<\/div>\n\n\t\t\t\t\t<\/figure>\n\t\t<div class=\"t2-gallery__backdrop\">\n\t\t\t<div role=\"dialog\"\n\t\t\t\tid=\"t2gallery\"\n\t\t\t\taria-modal=\"true\"\n\t\t\t\taria-roledescription=\"carousel\"\n\t\t\t\taria-label=\"Gallery images\"\n\t\t\t>\n\t\t\t\t<button\n\t\t\t\t\tclass=\"t2-gallery__close\"\n\t\t\t\t\ttype=\"button\"\n\t\t\t\t\tonclick=\"T2GalleryClose()\"\n\t\t\t\t>\n\t\t\t\t\tClose<svg xmlns=\"http:\/\/www.w3.org\/2000\/svg\" viewBox=\"0 0 24 24\" height=\"24\" width=\"24\" class=\"t2-icon t2-icon-close\" aria-hidden=\"true\" focusable=\"false\"><path d=\"m12 13.4-4.9 4.9c-.2.2-.4.3-.7.3-.3 0-.5-.1-.7-.3-.2-.2-.3-.4-.3-.7s.1-.5.3-.7l4.9-4.9-4.9-4.9c-.2-.2-.3-.4-.3-.7 0-.3.1-.5.3-.7.2-.2.4-.3.7-.3.3 0 .5.1.7.3l4.9 4.9 4.9-4.9c.2-.2.4-.3.7-.3s.5.1.7.3c.2.2.3.4.3.7 0 .3-.1.5-.3.7L13.4 12l4.9 4.9c.2.2.3.4.3.7s-.1.5-.3.7c-.2.2-.4.3-.7.3s-.5-.1-.7-.3L12 13.4z\" fill=\"currentColor\" \/><\/svg>\t\t\t\t<\/button>\n\t\t\t\t<button\n\t\t\t\t\tclass=\"t2-gallery__icon t2-gallery__icon--prev\"\n\t\t\t\t\ttype=\"button\"\n\t\t\t\t\taria-controls=\"t2gallery-slides\"\n\t\t\t\t\taria-label=\"Previous image\"\n\t\t\t\t\tonClick=\"T2GalleryPrev()\"\n\t\t\t\t>\n\t\t\t\t\t<svg xmlns=\"http:\/\/www.w3.org\/2000\/svg\" viewBox=\"0 0 24 24\" height=\"24\" width=\"24\" class=\"t2-icon t2-icon-arrowback\" aria-hidden=\"true\" focusable=\"false\"><path d=\"m10.9 19.3-6.6-6.6c-.1-.1-.2-.2-.2-.3-.1-.1-.1-.3-.1-.4 0-.1 0-.3.1-.4 0-.1.1-.2.2-.3l6.6-6.6c.2-.2.4-.3.7-.3.3 0 .5.1.7.3.2.2.3.4.3.7 0 .3-.1.5-.3.7L7.4 11h11.2c.3 0 .5.1.7.3.2.2.3.4.3.7s-.1.5-.3.7c-.2.2-.4.3-.7.3H7.4l4.9 4.9c.2.2.3.4.3.7 0 .3-.1.5-.3.7-.2.2-.4.3-.7.3s-.5-.1-.7-.3z\"\/><\/svg>\t\t\t\t<\/button>\n\t\t\t\t<button\n\t\t\t\t\tclass=\"t2-gallery__icon t2-gallery__icon--next\"\n\t\t\t\t\ttype=\"button\"\n\t\t\t\t\taria-controls=\"t2gallery-slides\"\n\t\t\t\t\taria-label=\"Next image\"\n\t\t\t\t\tonClick=\"T2GalleryNext()\"\n\t\t\t\t>\n\t\t\t\t\t<svg xmlns=\"http:\/\/www.w3.org\/2000\/svg\" viewBox=\"0 0 24 24\" height=\"24\" width=\"24\" class=\"t2-icon t2-icon-arrowforward\" aria-hidden=\"true\" focusable=\"false\"><path d=\"M11.3 19.3c-.2-.2-.3-.4-.3-.7 0-.3.1-.5.3-.7l4.9-4.9H5c-.3 0-.5-.1-.7-.3-.2-.2-.3-.4-.3-.7s.1-.5.3-.7c.2-.2.4-.3.7-.3h11.2l-4.9-4.9c-.2-.2-.3-.4-.3-.7 0-.3.1-.5.3-.7.2-.2.4-.3.7-.3s.5.1.7.3l6.6 6.6c.1.1.2.2.2.3 0 .1.1.3.1.4 0 .1 0 .3-.1.4 0 .1-.1.2-.2.3l-6.6 6.6c-.2.2-.4.3-.7.3s-.5-.1-.7-.3z\"\/><\/svg>\t\t\t\t<\/button>\n\t\t\t\t<div id=\"t2gallery-slides\" aria-live=\"off\">\n\t\t\t\t\t\t\t\t\t\t\t<figure\n\t\t\t\t\t\t\tclass=\"t2-gallery__item \"\n\t\t\t\t\t\t\trole=\"group\"\n\t\t\t\t\t\t\taria-roledescription=\"slide\"\n\t\t\t\t\t\t\taria-label=\"1 of 1\"\n\t\t\t\t\t\t>\n\t\t\t\t\t\t\t<div class=\"t2-gallery__item-image\"><img loading=\"lazy\" decoding=\"async\" width=\"2480\" height=\"3507\" src=\"https:\/\/mentalhelse.no\/content\/uploads\/sites\/286\/2025\/04\/Bilde-av-styret.png\" class=\"attachment-full size-full\" alt=\"\" srcset=\"https:\/\/mentalhelse.no\/content\/uploads\/sites\/286\/2025\/04\/Bilde-av-styret.png 2480w, https:\/\/mentalhelse.no\/content\/uploads\/sites\/286\/2025\/04\/Bilde-av-styret-212x300.png 212w, https:\/\/mentalhelse.no\/content\/uploads\/sites\/286\/2025\/04\/Bilde-av-styret-724x1024.png 724w, https:\/\/mentalhelse.no\/content\/uploads\/sites\/286\/2025\/04\/Bilde-av-styret-768x1086.png 768w, https:\/\/mentalhelse.no\/content\/uploads\/sites\/286\/2025\/04\/Bilde-av-styret-1086x1536.png 1086w, https:\/\/mentalhelse.no\/content\/uploads\/sites\/286\/2025\/04\/Bilde-av-styret-1448x2048.png 1448w\" sizes=\"auto, (max-width: 2480px) 100vw, 2480px\" style=\"--focal-point: 50% 50%;\" \/><\/div>\t\t\t\t\t\t<\/figure>\n\t\t\t\t\t\t\t\t\t\t<\/div>\n\t\t\t<\/div>\n\t\t<\/div>\n\t<\/div>\n\t\n\n","protected":false},"excerpt":{"rendered":"<p>Om oss Mental Helse Gamvik startet opp h\u00f8sten 2022. Vi \u00f8nsker \u00e5 bidra til trygge og inkluderende treffpunkter i v\u00e5r kommunen. Vi mener at gode&#8230;<\/p>\n","protected":false},"author":1,"featured_media":0,"parent":0,"menu_order":0,"comment_status":"closed","ping_status":"closed","template":"","meta":{"t2_featured_media_focal_point":{"x":0.5,"y":0.5},"mh_hide_title":true,"e24d_chat_page_choice":"","footnotes":""},"class_list":["post-797","page","type-page","status-publish","hentry"],"yoast_head":"<!-- This site is optimized with the Yoast SEO Premium plugin v21.2 (Yoast SEO v21.2) - https:\/\/yoast.com\/wordpress\/plugins\/seo\/ -->\n<title>Om oss - Mental Helse - Gamvik<\/title>\n<meta name=\"description\" content=\"Her kan du lese om oss i Mental Helse Gamvik, og l\u00e6re mer om hva vi jobber med. Ta gjerne kontakt hvis du har noen sp\u00f8rsm\u00e5l!\" \/>\n<meta name=\"robots\" content=\"index, follow, max-snippet:-1, max-image-preview:large, max-video-preview:-1\" \/>\n<link rel=\"canonical\" href=\"https:\/\/mentalhelse.no\/gamvik\/om-oss\/\" \/>\n<meta property=\"og:locale\" content=\"nb_NO\" \/>\n<meta property=\"og:type\" content=\"article\" \/>\n<meta property=\"og:title\" content=\"Om oss\" \/>\n<meta property=\"og:description\" content=\"Her kan du lese om oss i Mental Helse Gamvik, og l\u00e6re mer om hva vi jobber med. Ta gjerne kontakt hvis du har noen sp\u00f8rsm\u00e5l!\" \/>\n<meta property=\"og:url\" content=\"https:\/\/mentalhelse.no\/gamvik\/om-oss\/\" \/>\n<meta property=\"og:site_name\" content=\"Gamvik\" \/>\n<meta property=\"article:modified_time\" content=\"2025-04-29T12:18:12+00:00\" \/>\n<meta property=\"og:image\" content=\"https:\/\/mentalhelse.no\/content\/uploads\/sites\/286\/2023\/11\/Benken.jpg\" \/>\n<meta name=\"twitter:card\" content=\"summary_large_image\" \/>\n<meta name=\"twitter:label1\" content=\"Ansl. lesetid\" \/>\n\t<meta name=\"twitter:data1\" content=\"1 minutt\" \/>\n<script type=\"application\/ld+json\" class=\"yoast-schema-graph\">{\"@context\":\"https:\/\/schema.org\",\"@graph\":[{\"@type\":\"WebPage\",\"@id\":\"https:\/\/mentalhelse.no\/gamvik\/om-oss\/\",\"url\":\"https:\/\/mentalhelse.no\/gamvik\/om-oss\/\",\"name\":\"Om oss - Gamvik\",\"isPartOf\":{\"@id\":\"https:\/\/mentalhelse.no\/gamvik\/#website\"},\"datePublished\":\"2023-05-10T11:14:16+00:00\",\"dateModified\":\"2025-04-29T12:18:12+00:00\",\"description\":\"Her kan du lese om oss i Mental Helse Gamvik, og l\u00e6re mer om hva vi jobber med. Ta gjerne kontakt hvis du har noen sp\u00f8rsm\u00e5l!\",\"breadcrumb\":{\"@id\":\"https:\/\/mentalhelse.no\/gamvik\/om-oss\/#breadcrumb\"},\"inLanguage\":\"nb-NO\",\"potentialAction\":[{\"@type\":\"ReadAction\",\"target\":[\"https:\/\/mentalhelse.no\/gamvik\/om-oss\/\"]}]},{\"@type\":\"BreadcrumbList\",\"@id\":\"https:\/\/mentalhelse.no\/gamvik\/om-oss\/#breadcrumb\",\"itemListElement\":[{\"@type\":\"ListItem\",\"position\":1,\"name\":\"Hjem\",\"item\":\"https:\/\/mentalhelse.no\/gamvik\/\"},{\"@type\":\"ListItem\",\"position\":2,\"name\":\"Om oss\"}]},{\"@type\":\"WebSite\",\"@id\":\"https:\/\/mentalhelse.no\/gamvik\/#website\",\"url\":\"https:\/\/mentalhelse.no\/gamvik\/\",\"name\":\"Gamvik\",\"description\":\"\",\"potentialAction\":[{\"@type\":\"SearchAction\",\"target\":{\"@type\":\"EntryPoint\",\"urlTemplate\":\"https:\/\/mentalhelse.no\/gamvik\/?s={search_term_string}\"},\"query-input\":\"required name=search_term_string\"}],\"inLanguage\":\"nb-NO\"}]}<\/script>\n<!-- \/ Yoast SEO Premium plugin. -->","yoast_head_json":{"title":"Om oss - Mental Helse - Gamvik","description":"Her kan du lese om oss i Mental Helse Gamvik, og l\u00e6re mer om hva vi jobber med. Ta gjerne kontakt hvis du har noen sp\u00f8rsm\u00e5l!","robots":{"index":"index","follow":"follow","max-snippet":"max-snippet:-1","max-image-preview":"max-image-preview:large","max-video-preview":"max-video-preview:-1"},"canonical":"https:\/\/mentalhelse.no\/gamvik\/om-oss\/","og_locale":"nb_NO","og_type":"article","og_title":"Om oss","og_description":"Her kan du lese om oss i Mental Helse Gamvik, og l\u00e6re mer om hva vi jobber med. Ta gjerne kontakt hvis du har noen sp\u00f8rsm\u00e5l!","og_url":"https:\/\/mentalhelse.no\/gamvik\/om-oss\/","og_site_name":"Gamvik","article_modified_time":"2025-04-29T12:18:12+00:00","og_image":[{"url":"https:\/\/mentalhelse.no\/content\/uploads\/sites\/286\/2023\/11\/Benken.jpg"}],"twitter_card":"summary_large_image","twitter_misc":{"Ansl. lesetid":"1 minutt"},"schema":{"@context":"https:\/\/schema.org","@graph":[{"@type":"WebPage","@id":"https:\/\/mentalhelse.no\/gamvik\/om-oss\/","url":"https:\/\/mentalhelse.no\/gamvik\/om-oss\/","name":"Om oss - Gamvik","isPartOf":{"@id":"https:\/\/mentalhelse.no\/gamvik\/#website"},"datePublished":"2023-05-10T11:14:16+00:00","dateModified":"2025-04-29T12:18:12+00:00","description":"Her kan du lese om oss i Mental Helse Gamvik, og l\u00e6re mer om hva vi jobber med. Ta gjerne kontakt hvis du har noen sp\u00f8rsm\u00e5l!","breadcrumb":{"@id":"https:\/\/mentalhelse.no\/gamvik\/om-oss\/#breadcrumb"},"inLanguage":"nb-NO","potentialAction":[{"@type":"ReadAction","target":["https:\/\/mentalhelse.no\/gamvik\/om-oss\/"]}]},{"@type":"BreadcrumbList","@id":"https:\/\/mentalhelse.no\/gamvik\/om-oss\/#breadcrumb","itemListElement":[{"@type":"ListItem","position":1,"name":"Hjem","item":"https:\/\/mentalhelse.no\/gamvik\/"},{"@type":"ListItem","position":2,"name":"Om oss"}]},{"@type":"WebSite","@id":"https:\/\/mentalhelse.no\/gamvik\/#website","url":"https:\/\/mentalhelse.no\/gamvik\/","name":"Gamvik","description":"","potentialAction":[{"@type":"SearchAction","target":{"@type":"EntryPoint","urlTemplate":"https:\/\/mentalhelse.no\/gamvik\/?s={search_term_string}"},"query-input":"required name=search_term_string"}],"inLanguage":"nb-NO"}]}},"_links":{"self":[{"href":"https:\/\/mentalhelse.no\/gamvik\/wp-json\/wp\/v2\/pages\/797","targetHints":{"allow":["GET"]}}],"collection":[{"href":"https:\/\/mentalhelse.no\/gamvik\/wp-json\/wp\/v2\/pages"}],"about":[{"href":"https:\/\/mentalhelse.no\/gamvik\/wp-json\/wp\/v2\/types\/page"}],"author":[{"embeddable":true,"href":"https:\/\/mentalhelse.no\/gamvik\/wp-json\/wp\/v2\/users\/1"}],"replies":[{"embeddable":true,"href":"https:\/\/mentalhelse.no\/gamvik\/wp-json\/wp\/v2\/comments?post=797"}],"version-history":[{"count":4,"href":"https:\/\/mentalhelse.no\/gamvik\/wp-json\/wp\/v2\/pages\/797\/revisions"}],"predecessor-version":[{"id":1241,"href":"https:\/\/mentalhelse.no\/gamvik\/wp-json\/wp\/v2\/pages\/797\/revisions\/1241"}],"wp:attachment":[{"href":"https:\/\/mentalhelse.no\/gamvik\/wp-json\/wp\/v2\/media?parent=797"}],"curies":[{"name":"wp","href":"https:\/\/api.w.org\/{rel}","templated":true}]}}