{"id":797,"date":"2023-05-10T11:14:16","date_gmt":"2023-05-10T11:14:16","guid":{"rendered":"https:\/\/mentalhelse.no\/viken\/?page_id=797"},"modified":"2025-03-07T11:53:07","modified_gmt":"2025-03-07T11:53:07","slug":"om-oss","status":"publish","type":"page","link":"https:\/\/mentalhelse.no\/giske\/om-oss\/","title":{"rendered":"Om oss"},"content":{"rendered":"\n<figure class=\"wp-block-image size-large\"><img loading=\"lazy\" decoding=\"async\" width=\"1024\" height=\"601\" src=\"https:\/\/mentalhelse.no\/content\/uploads\/sites\/217\/2023\/07\/Giske-1024x601.jpg\" alt=\"\" class=\"wp-image-995\" srcset=\"https:\/\/mentalhelse.no\/content\/uploads\/sites\/217\/2023\/07\/Giske-1024x601.jpg 1024w, https:\/\/mentalhelse.no\/content\/uploads\/sites\/217\/2023\/07\/Giske-300x176.jpg 300w, https:\/\/mentalhelse.no\/content\/uploads\/sites\/217\/2023\/07\/Giske-768x451.jpg 768w, https:\/\/mentalhelse.no\/content\/uploads\/sites\/217\/2023\/07\/Giske-1536x901.jpg 1536w, https:\/\/mentalhelse.no\/content\/uploads\/sites\/217\/2023\/07\/Giske-2048x1202.jpg 2048w\" sizes=\"auto, (max-width: 1024px) 100vw, 1024px\" \/><\/figure>\n\n\n\n<h1 class=\"wp-block-heading\" id=\"h-om-oss\">Om oss<\/h1>\n\n\n\n<p>Giske kommune best\u00e5r av \u00f8yane Giske, Vigra, God\u00f8ya og Valder\u00f8ya (kommunesenter), er ca 40 km\u00b2 stor og har ca 8.500 innbyggjarar.<\/p>\n\n\n\n<p>Vi har mange fine aktiviteter for medlemmene, blant annet &laquo;Sosial Ladestasjon&raquo; p\u00e5 fast m\u00f8teplass p\u00e5 ungdomsklubben \u00d8Y&#8217;NE bak r\u00e5dhuset.<\/p>\n\n\n\n<p>Vi arrangerer turer og deltar p\u00e5 forskjellige kulturelle tilbud, og vi har felles g\u00e5turer i naturen. <\/p>\n\n\n\n<p>\u00d8nsker du \u00e5 bli frivillig eller medlem hos oss? Da er du er hjertelig velkommen til \u00e5 ta kontakt med oss! <\/p>\n\n\n\n<h2 class=\"wp-block-heading\" id=\"h-hils-pa-lederen-var\">Hils p\u00e5 lederen v\u00e5r<\/h2>\n\n\n\n<p>Mental Helse Giske drives av en gjeng med gode og engasjerte folk som jobber for \u00e5 skape et m\u00f8tepunkt for de som \u00f8nsker et fellesskap i v\u00e5rt omr\u00e5de.<\/p>\n\n\n<div class=\"t2-featured-content-layout align align wp-block-t2-featured-content-layout\">\n<div class=\"t2-featured-single-post t2-featured-content is-post-type-person wp-block-t2-featured-single-post\">\n\t\n\t\t<div class=\"wp-block-group wp-block-t2-post-link is-layout-flow wp-block-group-is-layout-flow\">\n\t\t\t<figure style=\"--t2-focal-point: 50% 50%;\" class=\"t2-post-featured-image has-image-ratio-1-1 wp-block-t2-post-featured-image\"><img loading=\"lazy\" decoding=\"async\" width=\"210\" height=\"358\" src=\"https:\/\/mentalhelse.no\/content\/uploads\/sites\/217\/2023\/05\/FB_IMG_17334224648382.jpeg\" class=\"attachment-post-thumbnail size-post-thumbnail wp-post-image\" alt=\"\" srcset=\"https:\/\/mentalhelse.no\/content\/uploads\/sites\/217\/2023\/05\/FB_IMG_17334224648382.jpeg 210w, https:\/\/mentalhelse.no\/content\/uploads\/sites\/217\/2023\/05\/FB_IMG_17334224648382-176x300.jpeg 176w\" sizes=\"auto, (max-width: 210px) 100vw, 210px\" style=\"--focal-point: 50% 50%;\" \/><\/figure>\n\t\t\t\n\t\t\t<div class=\"wp-block-group alignfull is-layout-flow wp-block-group-is-layout-flow\">\n\t\t\t\t\n\t\t<a class=\"t2-post-link is-card-main-link wp-block-t2-post-link\" href=\"https:\/\/mentalhelse.no\/giske\/?person=hanne-hansen\">\n\t\t\t<h2 class=\"t2-post-title wp-block-t2-post-title\">Tone Elin Walderhaug<\/h2>\n\t\t<\/a>\n\t\t<div class=\"card-info wp-block-t2-people-meta\"><div class=\"card-info__post-meta meta-key-people_email\"><svg xmlns=\"http:\/\/www.w3.org\/2000\/svg\" viewBox=\"0 0 24 24\" height=\"24\" width=\"24\" class=\"t2-icon t2-icon-email people_email\" aria-hidden=\"true\" focusable=\"false\"><path d=\"M12 22c-1.4 0-2.7-.3-3.9-.8-1.2-.5-2.3-1.2-3.2-2.1s-1.6-2-2.1-3.2S2 13.4 2 12s.3-2.7.8-3.9S4 5.8 4.9 4.9s2-1.6 3.2-2.2S10.6 2 12 2s2.7.3 3.9.8S18.2 4 19.1 5s1.6 2 2.1 3.2c.5 1.1.8 2.4.8 3.8v1.4c0 1-.3 1.8-1 2.5s-1.5 1-2.5 1c-.6 0-1.2-.1-1.7-.4-.5-.3-.9-.6-1.3-1.1-.4.4-1 .8-1.6 1.1-.6.3-1.3.4-2 .4-1.4 0-2.6-.5-3.5-1.5S7 13.4 7 12s.5-2.6 1.5-3.5S10.6 7 12 7s2.6.5 3.5 1.5S17 10.6 17 12v1.4c0 .5.1.9.5 1.1.3.3.6.4 1 .4s.8-.1 1.1-.4c.3-.3.4-.7.4-1.1V12c0-2.2-.8-4.1-2.4-5.6C16.1 4.8 14.2 4 12 4s-4.1.8-5.6 2.4S4 9.8 4 12s.8 4.1 2.4 5.6C7.9 19.2 9.8 20 12 20h4c.3 0 .5.1.7.3.2.2.3.4.3.7s-.1.5-.3.7c-.2.2-.4.3-.7.3h-4zm0-7c.8 0 1.5-.3 2.1-.9s.9-1.3.9-2.1-.3-1.5-.9-2.1c-.6-.6-1.3-.9-2.1-.9s-1.5.3-2.1.9c-.6.6-.9 1.3-.9 2.1s.3 1.5.9 2.1c.6.6 1.3.9 2.1.9z\"\/><\/svg><a href=\"mailto:giske@lokallag.mentalhelse.no\">giske@lokallag.mentalhelse.no<\/a><\/div><div class=\"card-info__post-meta meta-key-people_phone\"><svg xmlns=\"http:\/\/www.w3.org\/2000\/svg\" viewBox=\"0 0 24 24\" height=\"24\" width=\"24\" class=\"t2-icon t2-icon-phone people_phone\" aria-hidden=\"true\" focusable=\"false\"><path d=\"M20 21c-2.1 0-4.2-.5-6.3-1.4-2-1-3.9-2.2-5.4-3.8s-2.8-3.4-3.8-5.4S3 6.2 3 4.1c0-.3.1-.6.3-.8.2-.2.5-.3.8-.3h4.1c.2 0 .4.1.6.2l.3.6.6 3.5v.6c0 .2-.1.4-.3.5L7 10.9c.7 1.2 1.6 2.3 2.6 3.4s2.2 2 3.5 2.7l2.3-2.3c.2-.2.3-.3.6-.3.2-.1.5-.1.7-.1l3.5.7.6.3c.2.2.2.4.2.6V20c0 .3-.1.5-.3.8-.2.1-.5.2-.7.2z\"\/><\/svg><a href=\"tel:+47 408 54 356\">+47 408 54 356<\/a><\/div><div class=\"card-info__post-meta meta-key-people_bio\">Tone Elin Walderhaug har v\u00e6rt  har v\u00e6rt tillitsvalgt i Mental Helse Giske i flere \u00e5r, og er opptatt av gode tjenestetilbud i kommunen.<\/div><\/div>\n\t\t\t<\/div>\n\t\t\t\n\t\t<\/div>\n\t\n\t<\/div>\n<\/div>\n\n\n<p><strong>Styret:<\/strong><\/p>\n\n\n\n<ul class=\"wp-block-list\">\n<li>Sekret\u00e6r\/styremedlem: Eva Thor<\/li>\n\n\n\n<li>Kasserer\/styremedlem: Iren Solli<\/li>\n\n\n\n<li>Styremedlem: Heike von der Forst<\/li>\n\n\n\n<li>Vara: Janne Farstad<\/li>\n<\/ul>\n\n\n\n\n\n<div class=\"wp-block-group alignfull is-layout-constrained wp-block-group-is-layout-constrained\">\n<h3 class=\"wp-block-heading alignwide\" id=\"h-siste-nytt-fra-mental-helse-giske\">Siste nytt fra Mental Helse Giske<\/h3>\n<\/div>\n\n\n<div class=\"t2-featured-content-layout alignwide alignwide wp-block-t2-featured-content-layout\">\n<div class=\"t2-featured-query-post t2-featured-content is-post-type-news wp-block-t2-featured-query-post\"><a class=\"t2-post-link wp-block-t2-post-link\" href=\"https:\/\/mentalhelse.no\/giske\/aktuelt\/tur-til-ona\/\">\n\t<figure style=\"--t2-focal-point: 50% 50%;\" class=\"t2-post-featured-image has-image-ratio-16-9 wp-block-t2-post-featured-image\"><img loading=\"lazy\" decoding=\"async\" width=\"1125\" height=\"1447\" src=\"https:\/\/mentalhelse.no\/content\/uploads\/sites\/217\/2025\/04\/IMG_7403.jpeg\" class=\"attachment-post-thumbnail size-post-thumbnail wp-post-image\" alt=\"\" srcset=\"https:\/\/mentalhelse.no\/content\/uploads\/sites\/217\/2025\/04\/IMG_7403.jpeg 1125w, https:\/\/mentalhelse.no\/content\/uploads\/sites\/217\/2025\/04\/IMG_7403-233x300.jpeg 233w, https:\/\/mentalhelse.no\/content\/uploads\/sites\/217\/2025\/04\/IMG_7403-796x1024.jpeg 796w, https:\/\/mentalhelse.no\/content\/uploads\/sites\/217\/2025\/04\/IMG_7403-768x988.jpeg 768w\" sizes=\"auto, (max-width: 1125px) 100vw, 1125px\" style=\"--focal-point: 50% 50%;\" \/><\/figure>\n<\/a>\n\n<div class=\"wp-block-group postinfo alignfull is-layout-flow wp-block-group-is-layout-flow\">\n\t<div class=\"wp-block-mentalhelse-post-category\">\n\t\t\t\t\t<div class=\"post-type\">\n\t\t\t\t\t\t<a href=\"https:\/\/mentalhelse.no\/giske\/aktuelt\/\">Nyheter<\/a>\n\t\t\t\t\t<\/div>\n\t\t\t\t\t\n\t\t\t\t\t<div class=\"post-category\">\n\t\t\t\t\t\t\n\t\t\t\t\t<\/div>\n\t\t\t<\/div>\n\t<a class=\"t2-post-link wp-block-t2-post-link\" href=\"https:\/\/mentalhelse.no\/giske\/aktuelt\/tur-til-ona\/\">\n\t<h2 class=\"t2-post-title wp-block-t2-post-title\">Tur til Ona.<\/h2>\n\t<\/a>\n<\/div>\n\n<\/div>\n\n<div class=\"t2-featured-query-post t2-featured-content is-post-type-news wp-block-t2-featured-query-post\"><a class=\"t2-post-link wp-block-t2-post-link\" href=\"https:\/\/mentalhelse.no\/giske\/aktuelt\/informasjon-om-beredskap\/\">\n\t<figure style=\"--t2-focal-point: 50% 50%;\" class=\"t2-post-featured-image has-image-ratio-16-9 wp-block-t2-post-featured-image\"><img loading=\"lazy\" decoding=\"async\" width=\"2560\" height=\"1920\" src=\"https:\/\/mentalhelse.no\/content\/uploads\/sites\/217\/2025\/03\/IMG_7390-scaled.jpeg\" class=\"attachment-post-thumbnail size-post-thumbnail wp-post-image\" alt=\"\" srcset=\"https:\/\/mentalhelse.no\/content\/uploads\/sites\/217\/2025\/03\/IMG_7390-scaled.jpeg 2560w, https:\/\/mentalhelse.no\/content\/uploads\/sites\/217\/2025\/03\/IMG_7390-300x225.jpeg 300w, https:\/\/mentalhelse.no\/content\/uploads\/sites\/217\/2025\/03\/IMG_7390-1024x768.jpeg 1024w, https:\/\/mentalhelse.no\/content\/uploads\/sites\/217\/2025\/03\/IMG_7390-768x576.jpeg 768w, https:\/\/mentalhelse.no\/content\/uploads\/sites\/217\/2025\/03\/IMG_7390-1536x1152.jpeg 1536w, https:\/\/mentalhelse.no\/content\/uploads\/sites\/217\/2025\/03\/IMG_7390-2048x1536.jpeg 2048w\" sizes=\"auto, (max-width: 2560px) 100vw, 2560px\" style=\"--focal-point: 50% 50%;\" \/><\/figure>\n<\/a>\n\n<div class=\"wp-block-group postinfo alignfull is-layout-flow wp-block-group-is-layout-flow\">\n\t<div class=\"wp-block-mentalhelse-post-category\">\n\t\t\t\t\t<div class=\"post-type\">\n\t\t\t\t\t\t<a href=\"https:\/\/mentalhelse.no\/giske\/aktuelt\/\">Nyheter<\/a>\n\t\t\t\t\t<\/div>\n\t\t\t\t\t\n\t\t\t\t\t<div class=\"post-category\">\n\t\t\t\t\t\t\n\t\t\t\t\t<\/div>\n\t\t\t<\/div>\n\t<a class=\"t2-post-link wp-block-t2-post-link\" href=\"https:\/\/mentalhelse.no\/giske\/aktuelt\/informasjon-om-beredskap\/\">\n\t<h2 class=\"t2-post-title wp-block-t2-post-title\">Informasjon om beredskap.<\/h2>\n\t<\/a>\n<\/div>\n\n<\/div>\n\n<div class=\"t2-featured-query-post t2-featured-content is-post-type-news wp-block-t2-featured-query-post\"><a class=\"t2-post-link wp-block-t2-post-link\" href=\"https:\/\/mentalhelse.no\/giske\/aktuelt\/4-arstider-pa-en-dag\/\">\n\t<figure style=\"--t2-focal-point: 50% 50%;\" class=\"t2-post-featured-image has-image-ratio-16-9 wp-block-t2-post-featured-image\"><img loading=\"lazy\" decoding=\"async\" width=\"2560\" height=\"1756\" src=\"https:\/\/mentalhelse.no\/content\/uploads\/sites\/217\/2025\/03\/IMG_7342-scaled.jpeg\" class=\"attachment-post-thumbnail size-post-thumbnail wp-post-image\" alt=\"\" srcset=\"https:\/\/mentalhelse.no\/content\/uploads\/sites\/217\/2025\/03\/IMG_7342-scaled.jpeg 2560w, https:\/\/mentalhelse.no\/content\/uploads\/sites\/217\/2025\/03\/IMG_7342-300x206.jpeg 300w, https:\/\/mentalhelse.no\/content\/uploads\/sites\/217\/2025\/03\/IMG_7342-1024x702.jpeg 1024w, https:\/\/mentalhelse.no\/content\/uploads\/sites\/217\/2025\/03\/IMG_7342-768x527.jpeg 768w, https:\/\/mentalhelse.no\/content\/uploads\/sites\/217\/2025\/03\/IMG_7342-1536x1053.jpeg 1536w, https:\/\/mentalhelse.no\/content\/uploads\/sites\/217\/2025\/03\/IMG_7342-2048x1404.jpeg 2048w\" sizes=\"auto, (max-width: 2560px) 100vw, 2560px\" style=\"--focal-point: 50% 50%;\" \/><\/figure>\n<\/a>\n\n<div class=\"wp-block-group postinfo alignfull is-layout-flow wp-block-group-is-layout-flow\">\n\t<div class=\"wp-block-mentalhelse-post-category\">\n\t\t\t\t\t<div class=\"post-type\">\n\t\t\t\t\t\t<a href=\"https:\/\/mentalhelse.no\/giske\/aktuelt\/\">Nyheter<\/a>\n\t\t\t\t\t<\/div>\n\t\t\t\t\t\n\t\t\t\t\t<div class=\"post-category\">\n\t\t\t\t\t\t\n\t\t\t\t\t<\/div>\n\t\t\t<\/div>\n\t<a class=\"t2-post-link wp-block-t2-post-link\" href=\"https:\/\/mentalhelse.no\/giske\/aktuelt\/4-arstider-pa-en-dag\/\">\n\t<h2 class=\"t2-post-title wp-block-t2-post-title\">4 \u00e5rstider p\u00e5 en dag.<\/h2>\n\t<\/a>\n<\/div>\n\n<\/div>\n<\/div>\n\n<div class=\"card-info wp-block-t2-people-meta\"><\/div>","protected":false},"excerpt":{"rendered":"<p>Om oss Giske kommune best\u00e5r av \u00f8yane Giske, Vigra, God\u00f8ya og Valder\u00f8ya (kommunesenter), er ca 40 km\u00b2 stor og har ca 8.500 innbyggjarar. Vi har&#8230;<\/p>\n","protected":false},"author":1,"featured_media":0,"parent":0,"menu_order":0,"comment_status":"closed","ping_status":"closed","template":"","meta":{"t2_featured_media_focal_point":{"x":0.5,"y":0.5},"mh_hide_title":true,"e24d_chat_page_choice":"","footnotes":""},"class_list":["post-797","page","type-page","status-publish","hentry"],"yoast_head":"<!-- This site is optimized with the Yoast SEO Premium plugin v21.2 (Yoast SEO v21.2) - https:\/\/yoast.com\/wordpress\/plugins\/seo\/ -->\n<title>Om oss - Mental Helse - Giske<\/title>\n<meta name=\"description\" content=\"Her kan du lese om oss i Mental Helse Giske, og l\u00e6re mer om hva vi jobber med. Ta gjerne kontakt hvis du har noen sp\u00f8rsm\u00e5l!\" \/>\n<meta name=\"robots\" content=\"index, follow, max-snippet:-1, max-image-preview:large, max-video-preview:-1\" \/>\n<link rel=\"canonical\" href=\"https:\/\/mentalhelse.no\/giske\/om-oss\/\" \/>\n<meta property=\"og:locale\" content=\"nb_NO\" \/>\n<meta property=\"og:type\" content=\"article\" \/>\n<meta property=\"og:title\" content=\"Om oss\" \/>\n<meta property=\"og:description\" content=\"Her kan du lese om oss i Mental Helse Giske, og l\u00e6re mer om hva vi jobber med. Ta gjerne kontakt hvis du har noen sp\u00f8rsm\u00e5l!\" \/>\n<meta property=\"og:url\" content=\"https:\/\/mentalhelse.no\/giske\/om-oss\/\" \/>\n<meta property=\"og:site_name\" content=\"Giske\" \/>\n<meta property=\"article:modified_time\" content=\"2025-03-07T11:53:07+00:00\" \/>\n<meta property=\"og:image\" content=\"https:\/\/mentalhelse.no\/content\/uploads\/sites\/217\/2023\/07\/Giske-1024x601.jpg\" \/>\n<meta name=\"twitter:card\" content=\"summary_large_image\" \/>\n<meta name=\"twitter:label1\" content=\"Ansl. lesetid\" \/>\n\t<meta name=\"twitter:data1\" content=\"1 minutt\" \/>\n<script type=\"application\/ld+json\" class=\"yoast-schema-graph\">{\"@context\":\"https:\/\/schema.org\",\"@graph\":[{\"@type\":\"WebPage\",\"@id\":\"https:\/\/mentalhelse.no\/giske\/om-oss\/\",\"url\":\"https:\/\/mentalhelse.no\/giske\/om-oss\/\",\"name\":\"Om oss - Giske\",\"isPartOf\":{\"@id\":\"https:\/\/mentalhelse.no\/giske\/#website\"},\"datePublished\":\"2023-05-10T11:14:16+00:00\",\"dateModified\":\"2025-03-07T11:53:07+00:00\",\"description\":\"Her kan du lese om oss i Mental Helse Giske, og l\u00e6re mer om hva vi jobber med. Ta gjerne kontakt hvis du har noen sp\u00f8rsm\u00e5l!\",\"breadcrumb\":{\"@id\":\"https:\/\/mentalhelse.no\/giske\/om-oss\/#breadcrumb\"},\"inLanguage\":\"nb-NO\",\"potentialAction\":[{\"@type\":\"ReadAction\",\"target\":[\"https:\/\/mentalhelse.no\/giske\/om-oss\/\"]}]},{\"@type\":\"BreadcrumbList\",\"@id\":\"https:\/\/mentalhelse.no\/giske\/om-oss\/#breadcrumb\",\"itemListElement\":[{\"@type\":\"ListItem\",\"position\":1,\"name\":\"Hjem\",\"item\":\"https:\/\/mentalhelse.no\/giske\/\"},{\"@type\":\"ListItem\",\"position\":2,\"name\":\"Om oss\"}]},{\"@type\":\"WebSite\",\"@id\":\"https:\/\/mentalhelse.no\/giske\/#website\",\"url\":\"https:\/\/mentalhelse.no\/giske\/\",\"name\":\"Giske\",\"description\":\"\",\"potentialAction\":[{\"@type\":\"SearchAction\",\"target\":{\"@type\":\"EntryPoint\",\"urlTemplate\":\"https:\/\/mentalhelse.no\/giske\/?s={search_term_string}\"},\"query-input\":\"required name=search_term_string\"}],\"inLanguage\":\"nb-NO\"}]}<\/script>\n<!-- \/ Yoast SEO Premium plugin. -->","yoast_head_json":{"title":"Om oss - Mental Helse - Giske","description":"Her kan du lese om oss i Mental Helse Giske, og l\u00e6re mer om hva vi jobber med. Ta gjerne kontakt hvis du har noen sp\u00f8rsm\u00e5l!","robots":{"index":"index","follow":"follow","max-snippet":"max-snippet:-1","max-image-preview":"max-image-preview:large","max-video-preview":"max-video-preview:-1"},"canonical":"https:\/\/mentalhelse.no\/giske\/om-oss\/","og_locale":"nb_NO","og_type":"article","og_title":"Om oss","og_description":"Her kan du lese om oss i Mental Helse Giske, og l\u00e6re mer om hva vi jobber med. Ta gjerne kontakt hvis du har noen sp\u00f8rsm\u00e5l!","og_url":"https:\/\/mentalhelse.no\/giske\/om-oss\/","og_site_name":"Giske","article_modified_time":"2025-03-07T11:53:07+00:00","og_image":[{"url":"https:\/\/mentalhelse.no\/content\/uploads\/sites\/217\/2023\/07\/Giske-1024x601.jpg"}],"twitter_card":"summary_large_image","twitter_misc":{"Ansl. lesetid":"1 minutt"},"schema":{"@context":"https:\/\/schema.org","@graph":[{"@type":"WebPage","@id":"https:\/\/mentalhelse.no\/giske\/om-oss\/","url":"https:\/\/mentalhelse.no\/giske\/om-oss\/","name":"Om oss - Giske","isPartOf":{"@id":"https:\/\/mentalhelse.no\/giske\/#website"},"datePublished":"2023-05-10T11:14:16+00:00","dateModified":"2025-03-07T11:53:07+00:00","description":"Her kan du lese om oss i Mental Helse Giske, og l\u00e6re mer om hva vi jobber med. Ta gjerne kontakt hvis du har noen sp\u00f8rsm\u00e5l!","breadcrumb":{"@id":"https:\/\/mentalhelse.no\/giske\/om-oss\/#breadcrumb"},"inLanguage":"nb-NO","potentialAction":[{"@type":"ReadAction","target":["https:\/\/mentalhelse.no\/giske\/om-oss\/"]}]},{"@type":"BreadcrumbList","@id":"https:\/\/mentalhelse.no\/giske\/om-oss\/#breadcrumb","itemListElement":[{"@type":"ListItem","position":1,"name":"Hjem","item":"https:\/\/mentalhelse.no\/giske\/"},{"@type":"ListItem","position":2,"name":"Om oss"}]},{"@type":"WebSite","@id":"https:\/\/mentalhelse.no\/giske\/#website","url":"https:\/\/mentalhelse.no\/giske\/","name":"Giske","description":"","potentialAction":[{"@type":"SearchAction","target":{"@type":"EntryPoint","urlTemplate":"https:\/\/mentalhelse.no\/giske\/?s={search_term_string}"},"query-input":"required name=search_term_string"}],"inLanguage":"nb-NO"}]}},"_links":{"self":[{"href":"https:\/\/mentalhelse.no\/giske\/wp-json\/wp\/v2\/pages\/797","targetHints":{"allow":["GET"]}}],"collection":[{"href":"https:\/\/mentalhelse.no\/giske\/wp-json\/wp\/v2\/pages"}],"about":[{"href":"https:\/\/mentalhelse.no\/giske\/wp-json\/wp\/v2\/types\/page"}],"author":[{"embeddable":true,"href":"https:\/\/mentalhelse.no\/giske\/wp-json\/wp\/v2\/users\/1"}],"replies":[{"embeddable":true,"href":"https:\/\/mentalhelse.no\/giske\/wp-json\/wp\/v2\/comments?post=797"}],"version-history":[{"count":4,"href":"https:\/\/mentalhelse.no\/giske\/wp-json\/wp\/v2\/pages\/797\/revisions"}],"predecessor-version":[{"id":1203,"href":"https:\/\/mentalhelse.no\/giske\/wp-json\/wp\/v2\/pages\/797\/revisions\/1203"}],"wp:attachment":[{"href":"https:\/\/mentalhelse.no\/giske\/wp-json\/wp\/v2\/media?parent=797"}],"curies":[{"name":"wp","href":"https:\/\/api.w.org\/{rel}","templated":true}]}}