{"id":797,"date":"2023-05-10T11:14:16","date_gmt":"2023-05-10T11:14:16","guid":{"rendered":"https:\/\/mentalhelse.no\/viken\/?page_id=797"},"modified":"2024-02-08T13:19:51","modified_gmt":"2024-02-08T13:19:51","slug":"om-oss","status":"publish","type":"page","link":"https:\/\/mentalhelse.no\/kirkenes\/om-oss\/","title":{"rendered":"Om oss"},"content":{"rendered":"\n<figure class=\"wp-block-image size-full\"><img loading=\"lazy\" decoding=\"async\" width=\"892\" height=\"480\" src=\"https:\/\/mentalhelse.no\/content\/uploads\/sites\/289\/2023\/08\/kirkenes-1.jpg\" alt=\"\" class=\"wp-image-1007\" srcset=\"https:\/\/mentalhelse.no\/content\/uploads\/sites\/289\/2023\/08\/kirkenes-1.jpg 892w, https:\/\/mentalhelse.no\/content\/uploads\/sites\/289\/2023\/08\/kirkenes-1-300x161.jpg 300w, https:\/\/mentalhelse.no\/content\/uploads\/sites\/289\/2023\/08\/kirkenes-1-768x413.jpg 768w\" sizes=\"auto, (max-width: 892px) 100vw, 892px\" \/><figcaption class=\"wp-element-caption\">Vinterlandskap i S\u00f8r-Varanger<\/figcaption><\/figure>\n\n\n\n<h1 class=\"wp-block-heading\" id=\"h-om-oss\">Om oss<\/h1>\n\n\n\n<p>V\u00e5re aktiviteter er ofte p\u00e5 Frivillighetens hus i Kirkenes. Her arrangerer vi b\u00e5de sosiale sammenkomster og ulike kurser. <\/p>\n\n\n\n<p>Vi mener ogs\u00e5 at det er av betydning for v\u00e5r psykiske helse at vi ogs\u00e5 har noen opplevelser sammen utenfor sentrumskjernen. Flere ganger i \u00e5ret reiser vi derfor ogs\u00e5 p\u00e5 turer. V\u00e5re aktiviteter oppdateres p\u00e5 v\u00e5r <a href=\"https:\/\/www.facebook.com\/profile.php?id=100070199977858\">Facebookside<\/a>.<\/p>\n\n\n\n<h2 class=\"wp-block-heading\" id=\"h-hils-pa-noen-av-oss\">Hils p\u00e5 noen av oss<\/h2>\n\n\n\n<p>Mental Helse Kirkenes drives av en gjeng med ivrige og engasjerte folk som jobber for \u00e5 skape et m\u00f8tepunkt for de som \u00f8nsker et fellesskap i regionen. Her ser du noen av oss.<\/p>\n\n\n\n<figure class=\"wp-block-image size-full\"><img loading=\"lazy\" decoding=\"async\" width=\"960\" height=\"720\" src=\"https:\/\/mentalhelse.no\/content\/uploads\/sites\/289\/2023\/08\/Kirkenesstyret-1.jpg\" alt=\"\" class=\"wp-image-1004\" srcset=\"https:\/\/mentalhelse.no\/content\/uploads\/sites\/289\/2023\/08\/Kirkenesstyret-1.jpg 960w, https:\/\/mentalhelse.no\/content\/uploads\/sites\/289\/2023\/08\/Kirkenesstyret-1-300x225.jpg 300w, https:\/\/mentalhelse.no\/content\/uploads\/sites\/289\/2023\/08\/Kirkenesstyret-1-768x576.jpg 768w\" sizes=\"auto, (max-width: 960px) 100vw, 960px\" \/><figcaption class=\"wp-element-caption\">Frivillige og tillitsvalgte i Mental Helse Kirkenes; Trine, Torhild, Hilde, Ann Kristin, May og May-Britt (foto nov. 2022)<\/figcaption><\/figure>\n\n\n<div class=\"t2-featured-content-layout align align wp-block-t2-featured-content-layout\"><\/div>\n\n\n<h2 class=\"wp-block-heading\" id=\"h-styret\">Styret<\/h2>\n\n\n\n<p><strong>Leder:<\/strong> May Britt Sundby<\/p>\n\n\n\n<p><strong>Nestleder: <\/strong>Trine Sivertsen-Hansen<\/p>\n\n\n\n<p><strong>Kasserer: <\/strong>Ann Kristin Sund<\/p>\n\n\n\n<p><strong>Styremedlem:<\/strong> Torhild Ackermann<\/p>\n\n\n\n<p><strong>Styremedlem: <\/strong>Hilde Eriksen<\/p>\n\n\n\n<p><\/p>\n\n\n\n\n\n<div class=\"wp-block-group alignfull is-layout-constrained wp-block-group-is-layout-constrained\">\n<h3 class=\"wp-block-heading alignwide\" id=\"h-siste-nytt-fra-mental-helse-kirkenes\">Siste nytt fra Mental Helse Kirkenes<\/h3>\n<\/div>\n\n\n<div class=\"t2-featured-content-layout alignwide alignwide wp-block-t2-featured-content-layout\">\n\n\n\n\n\n<\/div>","protected":false},"excerpt":{"rendered":"<p>Om oss V\u00e5re aktiviteter er ofte p\u00e5 Frivillighetens hus i Kirkenes. Her arrangerer vi b\u00e5de sosiale sammenkomster og ulike kurser. Vi mener ogs\u00e5 at det&#8230;<\/p>\n","protected":false},"author":1,"featured_media":0,"parent":0,"menu_order":0,"comment_status":"closed","ping_status":"closed","template":"","meta":{"t2_featured_media_focal_point":{"x":0.5,"y":0.5},"mh_hide_title":true,"e24d_chat_page_choice":"","footnotes":""},"class_list":["post-797","page","type-page","status-publish","hentry"],"yoast_head":"<!-- This site is optimized with the Yoast SEO Premium plugin v21.2 (Yoast SEO v21.2) - https:\/\/yoast.com\/wordpress\/plugins\/seo\/ -->\n<title>Om oss - Mental Helse - Kirkenes<\/title>\n<meta name=\"description\" content=\"Her kan du lese om oss i Mental Helse Drammen, og l\u00e6re mer om hva vi jobber med. Ta gjerne kontakt hvis du har noen sp\u00f8rsm\u00e5l!\" \/>\n<meta name=\"robots\" content=\"index, follow, max-snippet:-1, max-image-preview:large, max-video-preview:-1\" \/>\n<link rel=\"canonical\" href=\"https:\/\/mentalhelse.no\/kirkenes\/om-oss\/\" \/>\n<meta property=\"og:locale\" content=\"nb_NO\" \/>\n<meta property=\"og:type\" content=\"article\" \/>\n<meta property=\"og:title\" content=\"Om oss\" \/>\n<meta property=\"og:description\" content=\"Her kan du lese om oss i Mental Helse Drammen, og l\u00e6re mer om hva vi jobber med. Ta gjerne kontakt hvis du har noen sp\u00f8rsm\u00e5l!\" \/>\n<meta property=\"og:url\" content=\"https:\/\/mentalhelse.no\/kirkenes\/om-oss\/\" \/>\n<meta property=\"og:site_name\" content=\"Kirkenes\" \/>\n<meta property=\"article:modified_time\" content=\"2024-02-08T13:19:51+00:00\" \/>\n<meta property=\"og:image\" content=\"https:\/\/mentalhelse.no\/content\/uploads\/sites\/289\/2023\/08\/kirkenes-1.jpg\" \/>\n<meta name=\"twitter:card\" content=\"summary_large_image\" \/>\n<meta name=\"twitter:label1\" content=\"Ansl. lesetid\" \/>\n\t<meta name=\"twitter:data1\" content=\"2 minutter\" \/>\n<script type=\"application\/ld+json\" class=\"yoast-schema-graph\">{\"@context\":\"https:\/\/schema.org\",\"@graph\":[{\"@type\":\"WebPage\",\"@id\":\"https:\/\/mentalhelse.no\/kirkenes\/om-oss\/\",\"url\":\"https:\/\/mentalhelse.no\/kirkenes\/om-oss\/\",\"name\":\"Om oss - Kirkenes\",\"isPartOf\":{\"@id\":\"https:\/\/mentalhelse.no\/kirkenes\/#website\"},\"datePublished\":\"2023-05-10T11:14:16+00:00\",\"dateModified\":\"2024-02-08T13:19:51+00:00\",\"description\":\"Her kan du lese om oss i Mental Helse Drammen, og l\u00e6re mer om hva vi jobber med. Ta gjerne kontakt hvis du har noen sp\u00f8rsm\u00e5l!\",\"breadcrumb\":{\"@id\":\"https:\/\/mentalhelse.no\/kirkenes\/om-oss\/#breadcrumb\"},\"inLanguage\":\"nb-NO\",\"potentialAction\":[{\"@type\":\"ReadAction\",\"target\":[\"https:\/\/mentalhelse.no\/kirkenes\/om-oss\/\"]}]},{\"@type\":\"BreadcrumbList\",\"@id\":\"https:\/\/mentalhelse.no\/kirkenes\/om-oss\/#breadcrumb\",\"itemListElement\":[{\"@type\":\"ListItem\",\"position\":1,\"name\":\"Hjem\",\"item\":\"https:\/\/mentalhelse.no\/kirkenes\/\"},{\"@type\":\"ListItem\",\"position\":2,\"name\":\"Om oss\"}]},{\"@type\":\"WebSite\",\"@id\":\"https:\/\/mentalhelse.no\/kirkenes\/#website\",\"url\":\"https:\/\/mentalhelse.no\/kirkenes\/\",\"name\":\"Kirkenes\",\"description\":\"\",\"potentialAction\":[{\"@type\":\"SearchAction\",\"target\":{\"@type\":\"EntryPoint\",\"urlTemplate\":\"https:\/\/mentalhelse.no\/kirkenes\/?s={search_term_string}\"},\"query-input\":\"required name=search_term_string\"}],\"inLanguage\":\"nb-NO\"}]}<\/script>\n<!-- \/ Yoast SEO Premium plugin. -->","yoast_head_json":{"title":"Om oss - Mental Helse - Kirkenes","description":"Her kan du lese om oss i Mental Helse Drammen, og l\u00e6re mer om hva vi jobber med. Ta gjerne kontakt hvis du har noen sp\u00f8rsm\u00e5l!","robots":{"index":"index","follow":"follow","max-snippet":"max-snippet:-1","max-image-preview":"max-image-preview:large","max-video-preview":"max-video-preview:-1"},"canonical":"https:\/\/mentalhelse.no\/kirkenes\/om-oss\/","og_locale":"nb_NO","og_type":"article","og_title":"Om oss","og_description":"Her kan du lese om oss i Mental Helse Drammen, og l\u00e6re mer om hva vi jobber med. Ta gjerne kontakt hvis du har noen sp\u00f8rsm\u00e5l!","og_url":"https:\/\/mentalhelse.no\/kirkenes\/om-oss\/","og_site_name":"Kirkenes","article_modified_time":"2024-02-08T13:19:51+00:00","og_image":[{"url":"https:\/\/mentalhelse.no\/content\/uploads\/sites\/289\/2023\/08\/kirkenes-1.jpg"}],"twitter_card":"summary_large_image","twitter_misc":{"Ansl. lesetid":"2 minutter"},"schema":{"@context":"https:\/\/schema.org","@graph":[{"@type":"WebPage","@id":"https:\/\/mentalhelse.no\/kirkenes\/om-oss\/","url":"https:\/\/mentalhelse.no\/kirkenes\/om-oss\/","name":"Om oss - Kirkenes","isPartOf":{"@id":"https:\/\/mentalhelse.no\/kirkenes\/#website"},"datePublished":"2023-05-10T11:14:16+00:00","dateModified":"2024-02-08T13:19:51+00:00","description":"Her kan du lese om oss i Mental Helse Drammen, og l\u00e6re mer om hva vi jobber med. Ta gjerne kontakt hvis du har noen sp\u00f8rsm\u00e5l!","breadcrumb":{"@id":"https:\/\/mentalhelse.no\/kirkenes\/om-oss\/#breadcrumb"},"inLanguage":"nb-NO","potentialAction":[{"@type":"ReadAction","target":["https:\/\/mentalhelse.no\/kirkenes\/om-oss\/"]}]},{"@type":"BreadcrumbList","@id":"https:\/\/mentalhelse.no\/kirkenes\/om-oss\/#breadcrumb","itemListElement":[{"@type":"ListItem","position":1,"name":"Hjem","item":"https:\/\/mentalhelse.no\/kirkenes\/"},{"@type":"ListItem","position":2,"name":"Om oss"}]},{"@type":"WebSite","@id":"https:\/\/mentalhelse.no\/kirkenes\/#website","url":"https:\/\/mentalhelse.no\/kirkenes\/","name":"Kirkenes","description":"","potentialAction":[{"@type":"SearchAction","target":{"@type":"EntryPoint","urlTemplate":"https:\/\/mentalhelse.no\/kirkenes\/?s={search_term_string}"},"query-input":"required name=search_term_string"}],"inLanguage":"nb-NO"}]}},"_links":{"self":[{"href":"https:\/\/mentalhelse.no\/kirkenes\/wp-json\/wp\/v2\/pages\/797","targetHints":{"allow":["GET"]}}],"collection":[{"href":"https:\/\/mentalhelse.no\/kirkenes\/wp-json\/wp\/v2\/pages"}],"about":[{"href":"https:\/\/mentalhelse.no\/kirkenes\/wp-json\/wp\/v2\/types\/page"}],"author":[{"embeddable":true,"href":"https:\/\/mentalhelse.no\/kirkenes\/wp-json\/wp\/v2\/users\/1"}],"replies":[{"embeddable":true,"href":"https:\/\/mentalhelse.no\/kirkenes\/wp-json\/wp\/v2\/comments?post=797"}],"version-history":[{"count":5,"href":"https:\/\/mentalhelse.no\/kirkenes\/wp-json\/wp\/v2\/pages\/797\/revisions"}],"predecessor-version":[{"id":1022,"href":"https:\/\/mentalhelse.no\/kirkenes\/wp-json\/wp\/v2\/pages\/797\/revisions\/1022"}],"wp:attachment":[{"href":"https:\/\/mentalhelse.no\/kirkenes\/wp-json\/wp\/v2\/media?parent=797"}],"curies":[{"name":"wp","href":"https:\/\/api.w.org\/{rel}","templated":true}]}}