{"id":797,"date":"2023-05-10T11:14:16","date_gmt":"2023-05-10T11:14:16","guid":{"rendered":"https:\/\/mentalhelse.no\/viken\/?page_id=797"},"modified":"2025-04-03T13:20:52","modified_gmt":"2025-04-03T13:20:52","slug":"om-oss","status":"publish","type":"page","link":"https:\/\/mentalhelse.no\/kristiansund\/om-oss\/","title":{"rendered":"Om oss"},"content":{"rendered":"\n<figure class=\"wp-block-image size-large\"><img loading=\"lazy\" decoding=\"async\" width=\"1024\" height=\"768\" src=\"https:\/\/mentalhelse.no\/content\/uploads\/sites\/221\/2023\/07\/Kr.sund-turgruppe-1024x768.jpg\" alt=\"\" class=\"wp-image-999\" srcset=\"https:\/\/mentalhelse.no\/content\/uploads\/sites\/221\/2023\/07\/Kr.sund-turgruppe-1024x768.jpg 1024w, https:\/\/mentalhelse.no\/content\/uploads\/sites\/221\/2023\/07\/Kr.sund-turgruppe-300x225.jpg 300w, https:\/\/mentalhelse.no\/content\/uploads\/sites\/221\/2023\/07\/Kr.sund-turgruppe-768x576.jpg 768w, https:\/\/mentalhelse.no\/content\/uploads\/sites\/221\/2023\/07\/Kr.sund-turgruppe.jpg 1071w\" sizes=\"auto, (max-width: 1024px) 100vw, 1024px\" \/><\/figure>\n\n\n\n<h1 class=\"wp-block-heading\" id=\"h-om-oss\">Om oss<\/h1>\n\n\n\n\t\t<div class=\"mh-social-links wp-block-mh-social-links\">\n\t\t\t\n\n\t\t<div class=\"t2-social-link wp-block-mh-social-link\">\n\t\t\t<a href=\"https:\/\/www.facebook.com\/mentalhelsekristiansund\" target=\"_blank\" rel=\"noopener noreferrer\">\n\t\t\t\t<svg xmlns=\"http:\/\/www.w3.org\/2000\/svg\" viewBox=\"0 0 24 24\" height=\"24\" width=\"24\" class=\"t2-icon t2-icon-mh-facebook\" aria-hidden=\"true\" focusable=\"false\"><path d=\"M16.6234 3.00387L14.2249 3C11.5302 3 9.78878 4.79672 9.78878 7.57761V9.6882H7.37715C7.16875 9.6882 7 9.8581 7 10.0677V13.1257C7 13.3352 7.16895 13.5049 7.37715 13.5049H9.78878V21.2212C9.78878 21.4308 9.95753 21.6005 10.1659 21.6005H13.3124C13.5208 21.6005 13.6896 21.4306 13.6896 21.2212V13.5049H16.5093C16.7177 13.5049 16.8865 13.3352 16.8865 13.1257L16.8876 10.0677C16.8876 9.96704 16.8478 9.87067 16.7772 9.79946C16.7066 9.72825 16.6103 9.6882 16.5103 9.6882H13.6896V7.89903C13.6896 7.03908 13.8933 6.60253 15.0073 6.60253L16.623 6.60195C16.8312 6.60195 17 6.43205 17 6.22267V3.38314C17 3.17396 16.8314 3.00426 16.6234 3.00387Z\" fill=\"currentColor\"\/><\/svg>\n\t\t\t<\/a>\n\t\t<\/div>\n\n\n\t\t<div class=\"t2-social-link wp-block-mh-social-link\">\n\t\t\t<a href=\"https:\/\/www.instagram.com\/mentalhelsekristiansund\/\" target=\"_blank\" rel=\"noopener noreferrer\">\n\t\t\t\t<svg xmlns=\"http:\/\/www.w3.org\/2000\/svg\" viewBox=\"0 0 24 24\" height=\"24\" width=\"24\" class=\"t2-icon t2-icon-mh-instagram\" aria-hidden=\"true\" focusable=\"false\"><path d=\"M16.0325 3C18.7717 3 21.0001 5.22841 21 7.96735V16.0326C21 18.7716 18.7717 21 16.0325 21H7.96724C5.22831 21 3 18.7717 3 16.0326V7.96735C3 5.22841 5.22831 3 7.96724 3H16.0325ZM19.403 16.0326L19.4029 7.96735C19.4029 6.10902 17.8909 4.59705 16.0325 4.59705H7.96724C6.10891 4.59705 4.59705 6.10902 4.59705 7.96735V16.0326C4.59705 17.891 6.10891 19.403 7.96724 19.4029H16.0326C17.891 19.4029 19.403 17.891 19.403 16.0326ZM12 7.5C14.4813 7.5 16.5 9.51871 16.5 12.0001C16.5 14.4814 14.4813 16.5 12 16.5C9.51866 16.5 7.5 14.4814 7.5 12.0001C7.5 9.51871 9.51866 7.5 12 7.5ZM12 14.9504C13.6268 14.9504 14.9506 13.6269 14.9506 12C14.9506 10.373 13.6269 9.04941 12 9.04941C10.3731 9.04941 9.04948 10.373 9.04948 12C9.04948 13.6269 10.3732 14.9504 12 14.9504ZM16.875 6C17.1716 6 17.462 6.11966 17.6707 6.32932C17.8803 6.53795 18 6.82841 18 7.125C18 7.42057 17.8803 7.71102 17.6707 7.92068C17.461 8.12932 17.1716 8.25 16.875 8.25C16.5795 8.25 16.289 8.12932 16.0803 7.92068C15.8707 7.71102 15.75 7.42067 15.75 7.125C15.75 6.82841 15.8705 6.53795 16.0803 6.32932C16.289 6.11966 16.5795 6 16.875 6Z\" fill=\"currentColor\"\/><\/svg>\n\t\t\t<\/a>\n\t\t<\/div>\n\n\t\t<\/div>\n\n\n<p>Vi tilbyr mange ulike aktiviteter i lokalmilj\u00f8et v\u00e5rt, for b\u00e5de store og sm\u00e5. <\/p>\n\n\n\n<p>Av faste aktiviteter kan vi nevne Mandagsklubben og Kvinneklubben som har tilholdsted i lokalet til Kristiansund Frivilligsentral. Dette er sosiale m\u00f8teplasser for alle voksne, ogs\u00e5 for de som ikke er medlemmer av v\u00e5rt lokallag. P\u00e5 Mandagsklubben og Kvinneklubben deler vi alltid et godt m\u00e5ltid og gode samtaler sammen. Vi tilbyr ogs\u00e5 kreative aktiviteter; eget smykkebord hvor du kan stikke innom og lage deg et flott smykke, du kan male, tegne og pr\u00f8ve deg p\u00e5 gelprint. I tillegg hender det titt og ofte at vi har ulike kurs; redesign, h\u00e5ndarbeide og mye mer.<\/p>\n\n\n\n<p><br> Turgruppa som har ukentlige turer i n\u00e6romr\u00e5dene hver tirsdag, samt minibussturer utenfor sentrumsomr\u00e5det en gang per m\u00e5ned.<\/p>\n\n\n\n<p>Nytt av \u00e5ret er aktiviteter for familier og aktivitet for barn som til enhver tid oppholder seg p\u00e5 Nordm\u00f8re krisesenter. Her har vi fokus p\u00e5 friluftsliv og alt det spennende, varierte og morsomme man kan gj\u00f8re sammen ute i naturen.<\/p>\n\n\n\n<p>Vi har mange flotte frivillige som gj\u00f8r en flott innsats for gjennomf\u00f8ring av v\u00e5re mange aktiviteter, og en jevn str\u00f8m av b\u00e5de medlemmer og andre interesserte til v\u00e5re tilbud. Mat og kreative aktiviteter er samlende uavhengig av alder, kj\u00f8nn og etnisitet og noe vi fortsatt skal ha fokus p\u00e5 i \u00e5rene som kommer.<\/p>\n\n\n\n<p>\u00d8nsker du \u00e5 bli frivillig eller medlem hos oss? Da er du er hjertelig velkommen til \u00e5 ta kontakt med oss! <\/p>\n\n\n\n<h2 class=\"wp-block-heading\" id=\"h-hils-pa-lederen-var\">Hils p\u00e5 lederen v\u00e5r<\/h2>\n\n\n\n<p>Mental Helse Kristiansund drives av en gjeng med ivrige og engasjerte folk som jobber for \u00e5 skape et m\u00f8tepunkt for de som \u00f8nsker et fellesskap i v\u00e5rt omr\u00e5de. <\/p>\n\n\n<div class=\"t2-featured-content-layout align align wp-block-t2-featured-content-layout\">\n<div class=\"t2-featured-single-post t2-featured-content is-post-type-person is-style-default wp-block-t2-featured-single-post t2-featured-content-layout-col-6\">\n\t\n\t\t<div class=\"wp-block-group wp-block-t2-post-link is-layout-flow wp-block-group-is-layout-flow\">\n\t\t\t<figure style=\"--t2-focal-point: 50% 50%;\" class=\"t2-post-featured-image has-image-ratio-1-1 wp-block-t2-post-featured-image\"><img loading=\"lazy\" decoding=\"async\" width=\"613\" height=\"613\" src=\"https:\/\/mentalhelse.no\/content\/uploads\/sites\/221\/2023\/07\/anette-scheen.jpg\" class=\"attachment-post-thumbnail size-post-thumbnail wp-post-image\" alt=\"\" srcset=\"https:\/\/mentalhelse.no\/content\/uploads\/sites\/221\/2023\/07\/anette-scheen.jpg 613w, https:\/\/mentalhelse.no\/content\/uploads\/sites\/221\/2023\/07\/anette-scheen-300x300.jpg 300w, https:\/\/mentalhelse.no\/content\/uploads\/sites\/221\/2023\/07\/anette-scheen-150x150.jpg 150w\" sizes=\"auto, (max-width: 613px) 100vw, 613px\" style=\"--focal-point: 50% 50%;\" \/><\/figure>\n\t\t\t\n\t\t\t<div class=\"wp-block-group alignfull is-layout-flow wp-block-group-is-layout-flow\">\n\t\t\t\t\n\t\t<a class=\"t2-post-link is-card-main-link wp-block-t2-post-link\" href=\"https:\/\/mentalhelse.no\/kristiansund\/?person=anette-scheen\">\n\t\t\t<h2 class=\"t2-post-title wp-block-t2-post-title\">Anette Scheen<\/h2>\n\t\t<\/a>\n\t\t<div class=\"card-info wp-block-t2-people-meta\"><div class=\"card-info__post-meta meta-key-people_email\"><svg xmlns=\"http:\/\/www.w3.org\/2000\/svg\" viewBox=\"0 0 24 24\" height=\"24\" width=\"24\" class=\"t2-icon t2-icon-email people_email\" aria-hidden=\"true\" focusable=\"false\"><path d=\"M12 22c-1.4 0-2.7-.3-3.9-.8-1.2-.5-2.3-1.2-3.2-2.1s-1.6-2-2.1-3.2S2 13.4 2 12s.3-2.7.8-3.9S4 5.8 4.9 4.9s2-1.6 3.2-2.2S10.6 2 12 2s2.7.3 3.9.8S18.2 4 19.1 5s1.6 2 2.1 3.2c.5 1.1.8 2.4.8 3.8v1.4c0 1-.3 1.8-1 2.5s-1.5 1-2.5 1c-.6 0-1.2-.1-1.7-.4-.5-.3-.9-.6-1.3-1.1-.4.4-1 .8-1.6 1.1-.6.3-1.3.4-2 .4-1.4 0-2.6-.5-3.5-1.5S7 13.4 7 12s.5-2.6 1.5-3.5S10.6 7 12 7s2.6.5 3.5 1.5S17 10.6 17 12v1.4c0 .5.1.9.5 1.1.3.3.6.4 1 .4s.8-.1 1.1-.4c.3-.3.4-.7.4-1.1V12c0-2.2-.8-4.1-2.4-5.6C16.1 4.8 14.2 4 12 4s-4.1.8-5.6 2.4S4 9.8 4 12s.8 4.1 2.4 5.6C7.9 19.2 9.8 20 12 20h4c.3 0 .5.1.7.3.2.2.3.4.3.7s-.1.5-.3.7c-.2.2-.4.3-.7.3h-4zm0-7c.8 0 1.5-.3 2.1-.9s.9-1.3.9-2.1-.3-1.5-.9-2.1c-.6-.6-1.3-.9-2.1-.9s-1.5.3-2.1.9c-.6.6-.9 1.3-.9 2.1s.3 1.5.9 2.1c.6.6 1.3.9 2.1.9z\"\/><\/svg><a href=\"mailto:kristiansund@lokallag.mentalhelse.no\">kristiansund@lokallag.mentalhelse.no<\/a><\/div><div class=\"card-info__post-meta meta-key-people_phone\"><svg xmlns=\"http:\/\/www.w3.org\/2000\/svg\" viewBox=\"0 0 24 24\" height=\"24\" width=\"24\" class=\"t2-icon t2-icon-phone people_phone\" aria-hidden=\"true\" focusable=\"false\"><path d=\"M20 21c-2.1 0-4.2-.5-6.3-1.4-2-1-3.9-2.2-5.4-3.8s-2.8-3.4-3.8-5.4S3 6.2 3 4.1c0-.3.1-.6.3-.8.2-.2.5-.3.8-.3h4.1c.2 0 .4.1.6.2l.3.6.6 3.5v.6c0 .2-.1.4-.3.5L7 10.9c.7 1.2 1.6 2.3 2.6 3.4s2.2 2 3.5 2.7l2.3-2.3c.2-.2.3-.3.6-.3.2-.1.5-.1.7-.1l3.5.7.6.3c.2.2.2.4.2.6V20c0 .3-.1.5-.3.8-.2.1-.5.2-.7.2z\"\/><\/svg><a href=\"tel:+47 974 72 014\">+47 974 72 014<\/a><\/div><div class=\"card-info__post-meta meta-key-people_bio\">Anette har v\u00e6rt leder av lokallaget i Mental Helse Kristiansund i flere \u00e5r, og er en ildsjel som tilrettelegger for stor aktivitet og trygghet, og som bidrar til \u00e5 bygge nettverk for de som deltar p\u00e5 tilbud og aktiviteter i Kristiansund.<\/div><\/div>\n\t\t\t<\/div>\n\t\t\t\n\t\t<\/div>\n\t\n\t<\/div>\n<\/div>\n\n\n<h2 class=\"wp-block-heading\" id=\"h-styret\">Styret<\/h2>\n\n\n\n<p><strong>Leder:<\/strong> Anette Scheen<br><strong>Kasserer:<\/strong> Elisabeth Kongshaug Lien<br><strong>Sekret\u00e6r:<\/strong> Wibeke B. Nilsen<br><strong>Styremedlem:<\/strong> Marie V\u00e5gen Sand\u00f8y<br><strong>Styremedlem:<\/strong> Nuri Soeseno<br><strong>Styremedlem:<\/strong> Cecilie Evensen<br><strong>Styremedlem:<\/strong> Marion Jakobsen<br><strong>Vara:<\/strong> Hel\u00e9n Furru<br><\/p>\n\n\n\n<div class=\"wp-block-group alignfull is-layout-constrained wp-block-group-is-layout-constrained\">\n<h3 class=\"wp-block-heading alignwide\" id=\"h-siste-nytt-fra-mental-helse-kristiansund\">Siste nytt fra Mental Helse Kristiansund<\/h3>\n<\/div>\n\n\n<div class=\"t2-featured-content-layout alignwide alignwide wp-block-t2-featured-content-layout\">\n<div class=\"t2-featured-query-post t2-featured-content is-post-type-news wp-block-t2-featured-query-post\"><a class=\"t2-post-link wp-block-t2-post-link\" href=\"https:\/\/mentalhelse.no\/kristiansund\/aktuelt\/paskeeggjakt-og-grilling-for-familier\/\">\n\t<figure style=\"--t2-focal-point: 50% 50%;\" class=\"t2-post-featured-image has-image-ratio-16-9 wp-block-t2-post-featured-image\"><img loading=\"lazy\" decoding=\"async\" width=\"1536\" height=\"1024\" src=\"https:\/\/mentalhelse.no\/content\/uploads\/sites\/221\/2026\/04\/c11f45ea-3e13-4b7f-a88a-348ccd748050.png\" class=\"attachment-post-thumbnail size-post-thumbnail wp-post-image\" alt=\"\" srcset=\"https:\/\/mentalhelse.no\/content\/uploads\/sites\/221\/2026\/04\/c11f45ea-3e13-4b7f-a88a-348ccd748050.png 1536w, https:\/\/mentalhelse.no\/content\/uploads\/sites\/221\/2026\/04\/c11f45ea-3e13-4b7f-a88a-348ccd748050-300x200.png 300w, https:\/\/mentalhelse.no\/content\/uploads\/sites\/221\/2026\/04\/c11f45ea-3e13-4b7f-a88a-348ccd748050-1024x683.png 1024w, https:\/\/mentalhelse.no\/content\/uploads\/sites\/221\/2026\/04\/c11f45ea-3e13-4b7f-a88a-348ccd748050-768x512.png 768w\" sizes=\"auto, (max-width: 1536px) 100vw, 1536px\" style=\"--focal-point: 50% 50%;\" \/><\/figure>\n<\/a>\n\n<div class=\"wp-block-group postinfo alignfull is-layout-flow wp-block-group-is-layout-flow\">\n\t<div class=\"wp-block-mentalhelse-post-category\">\n\t\t\t\t\t<div class=\"post-type\">\n\t\t\t\t\t\t<a href=\"https:\/\/mentalhelse.no\/kristiansund\/aktuelt\/\">Nyheter<\/a>\n\t\t\t\t\t<\/div>\n\t\t\t\t\t\n\t\t\t\t\t<div class=\"post-category\">\n\t\t\t\t\t\t\n\t\t\t\t\t<\/div>\n\t\t\t<\/div>\n\t<a class=\"t2-post-link wp-block-t2-post-link\" href=\"https:\/\/mentalhelse.no\/kristiansund\/aktuelt\/paskeeggjakt-og-grilling-for-familier\/\">\n\t<h2 class=\"t2-post-title wp-block-t2-post-title\">P\u00e5skeeggjakt og grilling for familier p\u00e5 Skj\u00e6rtorsdag<\/h2>\n\t<\/a>\n<\/div>\n\n<\/div>\n\n<div class=\"t2-featured-query-post t2-featured-content is-post-type-news wp-block-t2-featured-query-post\"><a class=\"t2-post-link wp-block-t2-post-link\" href=\"https:\/\/mentalhelse.no\/kristiansund\/aktuelt\/%f0%9f%8e%84-aktiviteter-i-julen-2025\/\">\n\t<figure style=\"--t2-focal-point: 50% 50%;\" class=\"t2-post-featured-image has-image-ratio-16-9 wp-block-t2-post-featured-image\"><img loading=\"lazy\" decoding=\"async\" width=\"851\" height=\"315\" src=\"https:\/\/mentalhelse.no\/content\/uploads\/sites\/221\/2024\/12\/Design-uten-navn-52.jpg\" class=\"attachment-post-thumbnail size-post-thumbnail wp-post-image\" alt=\"\" srcset=\"https:\/\/mentalhelse.no\/content\/uploads\/sites\/221\/2024\/12\/Design-uten-navn-52.jpg 851w, https:\/\/mentalhelse.no\/content\/uploads\/sites\/221\/2024\/12\/Design-uten-navn-52-300x111.jpg 300w, https:\/\/mentalhelse.no\/content\/uploads\/sites\/221\/2024\/12\/Design-uten-navn-52-768x284.jpg 768w\" sizes=\"auto, (max-width: 851px) 100vw, 851px\" style=\"--focal-point: 50% 50%;\" \/><\/figure>\n<\/a>\n\n<div class=\"wp-block-group postinfo alignfull is-layout-flow wp-block-group-is-layout-flow\">\n\t<div class=\"wp-block-mentalhelse-post-category\">\n\t\t\t\t\t<div class=\"post-type\">\n\t\t\t\t\t\t<a href=\"https:\/\/mentalhelse.no\/kristiansund\/aktuelt\/\">Nyheter<\/a>\n\t\t\t\t\t<\/div>\n\t\t\t\t\t\n\t\t\t\t\t<div class=\"post-category\">\n\t\t\t\t\t\t\n\t\t\t\t\t<\/div>\n\t\t\t<\/div>\n\t<a class=\"t2-post-link wp-block-t2-post-link\" href=\"https:\/\/mentalhelse.no\/kristiansund\/aktuelt\/%f0%9f%8e%84-aktiviteter-i-julen-2025\/\">\n\t<h2 class=\"t2-post-title wp-block-t2-post-title\">\ud83c\udf84 Aktiviteter i julen 2025<\/h2>\n\t<\/a>\n<\/div>\n\n<\/div>\n\n<div class=\"t2-featured-query-post t2-featured-content is-post-type-news wp-block-t2-featured-query-post\"><a class=\"t2-post-link wp-block-t2-post-link\" href=\"https:\/\/mentalhelse.no\/kristiansund\/aktuelt\/%f0%9f%8e%84-julelotteri-2025-stott-mh-kristiansund-og-vinn-fine-premier\/\">\n\t<figure style=\"--t2-focal-point: 50% 50%;\" class=\"t2-post-featured-image has-image-ratio-16-9 wp-block-t2-post-featured-image\"><img loading=\"lazy\" decoding=\"async\" width=\"1536\" height=\"1024\" src=\"https:\/\/mentalhelse.no\/content\/uploads\/sites\/221\/2025\/11\/Julelotteri-2025-for-Mental-Helse.png\" class=\"attachment-post-thumbnail size-post-thumbnail wp-post-image\" alt=\"\" srcset=\"https:\/\/mentalhelse.no\/content\/uploads\/sites\/221\/2025\/11\/Julelotteri-2025-for-Mental-Helse.png 1536w, https:\/\/mentalhelse.no\/content\/uploads\/sites\/221\/2025\/11\/Julelotteri-2025-for-Mental-Helse-300x200.png 300w, https:\/\/mentalhelse.no\/content\/uploads\/sites\/221\/2025\/11\/Julelotteri-2025-for-Mental-Helse-1024x683.png 1024w, https:\/\/mentalhelse.no\/content\/uploads\/sites\/221\/2025\/11\/Julelotteri-2025-for-Mental-Helse-768x512.png 768w\" sizes=\"auto, (max-width: 1536px) 100vw, 1536px\" style=\"--focal-point: 50% 50%;\" \/><\/figure>\n<\/a>\n\n<div class=\"wp-block-group postinfo alignfull is-layout-flow wp-block-group-is-layout-flow\">\n\t<div class=\"wp-block-mentalhelse-post-category\">\n\t\t\t\t\t<div class=\"post-type\">\n\t\t\t\t\t\t<a href=\"https:\/\/mentalhelse.no\/kristiansund\/aktuelt\/\">Nyheter<\/a>\n\t\t\t\t\t<\/div>\n\t\t\t\t\t\n\t\t\t\t\t<div class=\"post-category\">\n\t\t\t\t\t\t\n\t\t\t\t\t<\/div>\n\t\t\t<\/div>\n\t<a class=\"t2-post-link wp-block-t2-post-link\" href=\"https:\/\/mentalhelse.no\/kristiansund\/aktuelt\/%f0%9f%8e%84-julelotteri-2025-stott-mh-kristiansund-og-vinn-fine-premier\/\">\n\t<h2 class=\"t2-post-title wp-block-t2-post-title\">\ud83c\udf84 Julelotteri 2025 \u2013 st\u00f8tt MH Kristiansund og vinn fine premier!<\/h2>\n\t<\/a>\n<\/div>\n\n<\/div>\n<\/div>\n\n\n<div class=\"wp-block-columns is-layout-flex wp-container-core-columns-is-layout-1 wp-block-columns-is-layout-flex\">\n<div class=\"wp-block-column is-layout-flow wp-block-column-is-layout-flow\" style=\"flex-basis:100%\"><div class=\"card-info wp-block-t2-people-meta\"><\/div><\/div>\n<\/div>\n\n\n<div class=\"card-info wp-block-t2-people-meta\"><\/div>","protected":false},"excerpt":{"rendered":"<p>Om oss Vi tilbyr mange ulike aktiviteter i lokalmilj\u00f8et v\u00e5rt, for b\u00e5de store og sm\u00e5. Av faste aktiviteter kan vi nevne Mandagsklubben og Kvinneklubben som&#8230;<\/p>\n","protected":false},"author":1,"featured_media":0,"parent":0,"menu_order":0,"comment_status":"closed","ping_status":"closed","template":"","meta":{"t2_featured_media_focal_point":{"x":0.5,"y":0.5},"mh_hide_title":true,"e24d_chat_page_choice":"","footnotes":""},"class_list":["post-797","page","type-page","status-publish","hentry"],"yoast_head":"<!-- This site is optimized with the Yoast SEO Premium plugin v21.2 (Yoast SEO v21.2) - https:\/\/yoast.com\/wordpress\/plugins\/seo\/ -->\n<title>Om oss - Mental Helse - Kristiansund<\/title>\n<meta name=\"description\" content=\"Her kan du lese om oss i Mental Helse Kristiansund, og l\u00e6re mer om hva vi jobber med. Ta gjerne kontakt hvis du har noen sp\u00f8rsm\u00e5l!\" \/>\n<meta name=\"robots\" content=\"index, follow, max-snippet:-1, max-image-preview:large, max-video-preview:-1\" \/>\n<link rel=\"canonical\" href=\"https:\/\/mentalhelse.no\/kristiansund\/om-oss\/\" \/>\n<meta property=\"og:locale\" content=\"nb_NO\" \/>\n<meta property=\"og:type\" content=\"article\" \/>\n<meta property=\"og:title\" content=\"Om oss\" \/>\n<meta property=\"og:description\" content=\"Her kan du lese om oss i Mental Helse Kristiansund, og l\u00e6re mer om hva vi jobber med. Ta gjerne kontakt hvis du har noen sp\u00f8rsm\u00e5l!\" \/>\n<meta property=\"og:url\" content=\"https:\/\/mentalhelse.no\/kristiansund\/om-oss\/\" \/>\n<meta property=\"og:site_name\" content=\"Kristiansund\" \/>\n<meta property=\"article:modified_time\" content=\"2025-04-03T13:20:52+00:00\" \/>\n<meta property=\"og:image\" content=\"https:\/\/mentalhelse.no\/content\/uploads\/sites\/221\/2023\/07\/Kr.sund-turgruppe-1024x768.jpg\" \/>\n<meta name=\"twitter:card\" content=\"summary_large_image\" \/>\n<meta name=\"twitter:label1\" content=\"Ansl. lesetid\" \/>\n\t<meta name=\"twitter:data1\" content=\"2 minutter\" \/>\n<script type=\"application\/ld+json\" class=\"yoast-schema-graph\">{\"@context\":\"https:\/\/schema.org\",\"@graph\":[{\"@type\":\"WebPage\",\"@id\":\"https:\/\/mentalhelse.no\/kristiansund\/om-oss\/\",\"url\":\"https:\/\/mentalhelse.no\/kristiansund\/om-oss\/\",\"name\":\"Om oss - Kristiansund\",\"isPartOf\":{\"@id\":\"https:\/\/mentalhelse.no\/kristiansund\/#website\"},\"datePublished\":\"2023-05-10T11:14:16+00:00\",\"dateModified\":\"2025-04-03T13:20:52+00:00\",\"description\":\"Her kan du lese om oss i Mental Helse Kristiansund, og l\u00e6re mer om hva vi jobber med. Ta gjerne kontakt hvis du har noen sp\u00f8rsm\u00e5l!\",\"breadcrumb\":{\"@id\":\"https:\/\/mentalhelse.no\/kristiansund\/om-oss\/#breadcrumb\"},\"inLanguage\":\"nb-NO\",\"potentialAction\":[{\"@type\":\"ReadAction\",\"target\":[\"https:\/\/mentalhelse.no\/kristiansund\/om-oss\/\"]}]},{\"@type\":\"BreadcrumbList\",\"@id\":\"https:\/\/mentalhelse.no\/kristiansund\/om-oss\/#breadcrumb\",\"itemListElement\":[{\"@type\":\"ListItem\",\"position\":1,\"name\":\"Hjem\",\"item\":\"https:\/\/mentalhelse.no\/kristiansund\/\"},{\"@type\":\"ListItem\",\"position\":2,\"name\":\"Om oss\"}]},{\"@type\":\"WebSite\",\"@id\":\"https:\/\/mentalhelse.no\/kristiansund\/#website\",\"url\":\"https:\/\/mentalhelse.no\/kristiansund\/\",\"name\":\"Kristiansund\",\"description\":\"\",\"potentialAction\":[{\"@type\":\"SearchAction\",\"target\":{\"@type\":\"EntryPoint\",\"urlTemplate\":\"https:\/\/mentalhelse.no\/kristiansund\/?s={search_term_string}\"},\"query-input\":\"required name=search_term_string\"}],\"inLanguage\":\"nb-NO\"}]}<\/script>\n<!-- \/ Yoast SEO Premium plugin. -->","yoast_head_json":{"title":"Om oss - Mental Helse - Kristiansund","description":"Her kan du lese om oss i Mental Helse Kristiansund, og l\u00e6re mer om hva vi jobber med. Ta gjerne kontakt hvis du har noen sp\u00f8rsm\u00e5l!","robots":{"index":"index","follow":"follow","max-snippet":"max-snippet:-1","max-image-preview":"max-image-preview:large","max-video-preview":"max-video-preview:-1"},"canonical":"https:\/\/mentalhelse.no\/kristiansund\/om-oss\/","og_locale":"nb_NO","og_type":"article","og_title":"Om oss","og_description":"Her kan du lese om oss i Mental Helse Kristiansund, og l\u00e6re mer om hva vi jobber med. Ta gjerne kontakt hvis du har noen sp\u00f8rsm\u00e5l!","og_url":"https:\/\/mentalhelse.no\/kristiansund\/om-oss\/","og_site_name":"Kristiansund","article_modified_time":"2025-04-03T13:20:52+00:00","og_image":[{"url":"https:\/\/mentalhelse.no\/content\/uploads\/sites\/221\/2023\/07\/Kr.sund-turgruppe-1024x768.jpg"}],"twitter_card":"summary_large_image","twitter_misc":{"Ansl. lesetid":"2 minutter"},"schema":{"@context":"https:\/\/schema.org","@graph":[{"@type":"WebPage","@id":"https:\/\/mentalhelse.no\/kristiansund\/om-oss\/","url":"https:\/\/mentalhelse.no\/kristiansund\/om-oss\/","name":"Om oss - Kristiansund","isPartOf":{"@id":"https:\/\/mentalhelse.no\/kristiansund\/#website"},"datePublished":"2023-05-10T11:14:16+00:00","dateModified":"2025-04-03T13:20:52+00:00","description":"Her kan du lese om oss i Mental Helse Kristiansund, og l\u00e6re mer om hva vi jobber med. Ta gjerne kontakt hvis du har noen sp\u00f8rsm\u00e5l!","breadcrumb":{"@id":"https:\/\/mentalhelse.no\/kristiansund\/om-oss\/#breadcrumb"},"inLanguage":"nb-NO","potentialAction":[{"@type":"ReadAction","target":["https:\/\/mentalhelse.no\/kristiansund\/om-oss\/"]}]},{"@type":"BreadcrumbList","@id":"https:\/\/mentalhelse.no\/kristiansund\/om-oss\/#breadcrumb","itemListElement":[{"@type":"ListItem","position":1,"name":"Hjem","item":"https:\/\/mentalhelse.no\/kristiansund\/"},{"@type":"ListItem","position":2,"name":"Om oss"}]},{"@type":"WebSite","@id":"https:\/\/mentalhelse.no\/kristiansund\/#website","url":"https:\/\/mentalhelse.no\/kristiansund\/","name":"Kristiansund","description":"","potentialAction":[{"@type":"SearchAction","target":{"@type":"EntryPoint","urlTemplate":"https:\/\/mentalhelse.no\/kristiansund\/?s={search_term_string}"},"query-input":"required name=search_term_string"}],"inLanguage":"nb-NO"}]}},"_links":{"self":[{"href":"https:\/\/mentalhelse.no\/kristiansund\/wp-json\/wp\/v2\/pages\/797","targetHints":{"allow":["GET"]}}],"collection":[{"href":"https:\/\/mentalhelse.no\/kristiansund\/wp-json\/wp\/v2\/pages"}],"about":[{"href":"https:\/\/mentalhelse.no\/kristiansund\/wp-json\/wp\/v2\/types\/page"}],"author":[{"embeddable":true,"href":"https:\/\/mentalhelse.no\/kristiansund\/wp-json\/wp\/v2\/users\/1"}],"replies":[{"embeddable":true,"href":"https:\/\/mentalhelse.no\/kristiansund\/wp-json\/wp\/v2\/comments?post=797"}],"version-history":[{"count":4,"href":"https:\/\/mentalhelse.no\/kristiansund\/wp-json\/wp\/v2\/pages\/797\/revisions"}],"predecessor-version":[{"id":1538,"href":"https:\/\/mentalhelse.no\/kristiansund\/wp-json\/wp\/v2\/pages\/797\/revisions\/1538"}],"wp:attachment":[{"href":"https:\/\/mentalhelse.no\/kristiansund\/wp-json\/wp\/v2\/media?parent=797"}],"curies":[{"name":"wp","href":"https:\/\/api.w.org\/{rel}","templated":true}]}}