{"id":797,"date":"2023-05-10T11:14:16","date_gmt":"2023-05-10T11:14:16","guid":{"rendered":"https:\/\/mentalhelse.no\/viken\/?page_id=797"},"modified":"2025-04-26T16:33:12","modified_gmt":"2025-04-26T16:33:12","slug":"om-oss","status":"publish","type":"page","link":"https:\/\/mentalhelse.no\/kvinnherad\/om-oss\/","title":{"rendered":"Om oss"},"content":{"rendered":"\n<figure class=\"wp-block-image size-large\"><img loading=\"lazy\" decoding=\"async\" width=\"1024\" height=\"683\" src=\"https:\/\/mentalhelse.no\/content\/uploads\/sites\/270\/2023\/08\/photo-1579208575657-c595a05383b7-1024x683.webp\" alt=\"\" class=\"wp-image-998\" srcset=\"https:\/\/mentalhelse.no\/content\/uploads\/sites\/270\/2023\/08\/photo-1579208575657-c595a05383b7-1024x683.webp 1024w, https:\/\/mentalhelse.no\/content\/uploads\/sites\/270\/2023\/08\/photo-1579208575657-c595a05383b7-300x200.webp 300w, https:\/\/mentalhelse.no\/content\/uploads\/sites\/270\/2023\/08\/photo-1579208575657-c595a05383b7-768x512.webp 768w, https:\/\/mentalhelse.no\/content\/uploads\/sites\/270\/2023\/08\/photo-1579208575657-c595a05383b7-1536x1024.webp 1536w, https:\/\/mentalhelse.no\/content\/uploads\/sites\/270\/2023\/08\/photo-1579208575657-c595a05383b7.webp 1740w\" sizes=\"auto, (max-width: 1024px) 100vw, 1024px\" \/><\/figure>\n\n\n\n<h1 class=\"wp-block-heading\" id=\"h-om-oss\">Om oss<\/h1>\n\n\n\n<p>\u00d8nsker du \u00e5 bli frivillig eller medlem hos oss? Da er du er hjertelig velkommen til \u00e5 ta kontakt.<\/p>\n\n\n\n<p>Du finner oss ogs\u00e5 p\u00e5 <a href=\"https:\/\/www.facebook.com\/profile.php?id=100086409355231\">facebook<\/a><\/p>\n\n\n\n<p>Mental Helse Kvinnherad drives av en gjeng med ivrige og engasjerte folk som jobber for \u00e5 skape et m\u00f8tepunkt for de som \u00f8nsker et fellesskap i regionen. <\/p>\n\n\n\n<p>Blant aktivitetene kan vi nevne strikkeklubb, Hobbykafe, sommerfest og markering av verdensdagen for psykisk helse. Vi har ogs\u00e5 strikk og lytt p\u00e5 biblioteket som er et samarbeid mellom biblioteket og Mental Helse. Der strikker vi og lytter til ei koselig dame som leser ut i fra en bok.  <\/p>\n\n\n\n<p>Alle er hjertelig velkommen til \u00e5 delta p\u00e5 v\u00e5re arrangement. Og det er heilt gratis \ud83d\ude42<\/p>\n\n\n\n<p><\/p>\n\n\n\n<p><strong>Styret<\/strong>:<\/p>\n\n\n\n<p><strong>Leder:<\/strong> Inger Andreassen Warberg<\/p>\n\n\n\n<p><strong>Nestleder:<\/strong> Christina Hasle<\/p>\n\n\n\n<p><strong>Kasserer:<\/strong> Kent Are Kj\u00f8rsvik Petterson<\/p>\n\n\n\n<p><strong>Sekret\u00e6r:<\/strong> Catherine Wergeland<\/p>\n\n\n\n<p><strong>Styremedlem:<\/strong> Heidi Kj\u00f8rsvik Petterson<\/p>\n\n\n\n<p>                          Kristin H\u00f8is\u00e6ther<\/p>\n\n\n\n<p>                          Margunn Anita Erdal<\/p>\n\n\n\n<p>                          Anne Blix Torget<\/p>\n\n\n\n<p><strong>Varamedlem:<\/strong> Lene Taranger<\/p>\n\n\n\n<p>                          Kj\u00e6rstin Nisamjan<\/p>\n\n\n\n<p>                          Karin Lygre<\/p>\n\n\n\n<p><\/p>\n\n\n\n<div class=\"wp-block-group alignfull is-layout-constrained wp-block-group-is-layout-constrained\">\n<h3 class=\"wp-block-heading alignwide\" id=\"h-siste-nytt-fra-mental-helse-kvinnherad\">Siste nytt fra Mental Helse Kvinnherad<\/h3>\n\n\n\n<p><\/p>\n<\/div>\n\n\n\n<h4 class=\"wp-block-heading\" id=\"h-1-og-8-mai-er-det-ikkje-strikk-og-lytt-men-8-mai-blir-det-dilletur-til-halsnoy-istedenfor\">1 og 8 mai er det ikkje strikk og lytt. Men 8 mai blir det dilletur til Halsn\u00f8y istedenfor<\/h4>\n\n\n<div class=\"card-info wp-block-t2-people-meta\"><\/div>\n\n<div class=\"t2-featured-content-layout alignwide alignwide wp-block-t2-featured-content-layout\">\n<div class=\"t2-featured-query-post t2-featured-content is-post-type-news wp-block-t2-featured-query-post\"><a class=\"t2-post-link wp-block-t2-post-link\" href=\"https:\/\/mentalhelse.no\/kvinnherad\/aktuelt\/forjulskos\/\">\n\t<figure style=\"--t2-focal-point: 50% 50%;\" class=\"t2-post-featured-image has-image-ratio-16-9 wp-block-t2-post-featured-image\"><img loading=\"lazy\" decoding=\"async\" width=\"945\" height=\"1024\" src=\"https:\/\/mentalhelse.no\/content\/uploads\/sites\/270\/2025\/11\/Julekule-2025-1-scaled-e1761644330472-945x1024-1.jpg\" class=\"attachment-post-thumbnail size-post-thumbnail wp-post-image\" alt=\"\" srcset=\"https:\/\/mentalhelse.no\/content\/uploads\/sites\/270\/2025\/11\/Julekule-2025-1-scaled-e1761644330472-945x1024-1.jpg 945w, https:\/\/mentalhelse.no\/content\/uploads\/sites\/270\/2025\/11\/Julekule-2025-1-scaled-e1761644330472-945x1024-1-277x300.jpg 277w, https:\/\/mentalhelse.no\/content\/uploads\/sites\/270\/2025\/11\/Julekule-2025-1-scaled-e1761644330472-945x1024-1-768x832.jpg 768w\" sizes=\"auto, (max-width: 945px) 100vw, 945px\" style=\"--focal-point: 50% 50%;\" \/><\/figure>\n<\/a>\n\n<div class=\"wp-block-group postinfo alignfull is-layout-flow wp-block-group-is-layout-flow\">\n\t<div class=\"wp-block-mentalhelse-post-category\">\n\t\t\t\t\t<div class=\"post-type\">\n\t\t\t\t\t\t<a href=\"https:\/\/mentalhelse.no\/kvinnherad\/aktuelt\/\">Nyheter<\/a>\n\t\t\t\t\t<\/div>\n\t\t\t\t\t\n\t\t\t\t\t<div class=\"post-category\">\n\t\t\t\t\t\t\n\t\t\t\t\t<\/div>\n\t\t\t<\/div>\n\t<a class=\"t2-post-link wp-block-t2-post-link\" href=\"https:\/\/mentalhelse.no\/kvinnherad\/aktuelt\/forjulskos\/\">\n\t<h2 class=\"t2-post-title wp-block-t2-post-title\">F\u00f8rjulskos<\/h2>\n\t<\/a>\n<\/div>\n\n<\/div>\n\n<div class=\"t2-featured-query-post t2-featured-content is-post-type-news wp-block-t2-featured-query-post\"><a class=\"t2-post-link wp-block-t2-post-link\" href=\"https:\/\/mentalhelse.no\/kvinnherad\/aktuelt\/stotte-fra-hjartebank\/\">\n\t<figure style=\"--t2-focal-point: 50% 50%;\" class=\"t2-post-featured-image has-image-ratio-16-9 wp-block-t2-post-featured-image\"><img loading=\"lazy\" decoding=\"async\" width=\"1920\" height=\"2560\" src=\"https:\/\/mentalhelse.no\/content\/uploads\/sites\/270\/2025\/10\/E0781A9F-1B36-4412-983D-07E775F08777-scaled.jpeg\" class=\"attachment-post-thumbnail size-post-thumbnail wp-post-image\" alt=\"\" srcset=\"https:\/\/mentalhelse.no\/content\/uploads\/sites\/270\/2025\/10\/E0781A9F-1B36-4412-983D-07E775F08777-scaled.jpeg 1920w, https:\/\/mentalhelse.no\/content\/uploads\/sites\/270\/2025\/10\/E0781A9F-1B36-4412-983D-07E775F08777-225x300.jpeg 225w, https:\/\/mentalhelse.no\/content\/uploads\/sites\/270\/2025\/10\/E0781A9F-1B36-4412-983D-07E775F08777-768x1024.jpeg 768w, https:\/\/mentalhelse.no\/content\/uploads\/sites\/270\/2025\/10\/E0781A9F-1B36-4412-983D-07E775F08777-1152x1536.jpeg 1152w, https:\/\/mentalhelse.no\/content\/uploads\/sites\/270\/2025\/10\/E0781A9F-1B36-4412-983D-07E775F08777-1536x2048.jpeg 1536w\" sizes=\"auto, (max-width: 1920px) 100vw, 1920px\" style=\"--focal-point: 50% 50%;\" \/><\/figure>\n<\/a>\n\n<div class=\"wp-block-group postinfo alignfull is-layout-flow wp-block-group-is-layout-flow\">\n\t<div class=\"wp-block-mentalhelse-post-category\">\n\t\t\t\t\t<div class=\"post-type\">\n\t\t\t\t\t\t<a href=\"https:\/\/mentalhelse.no\/kvinnherad\/aktuelt\/\">Nyheter<\/a>\n\t\t\t\t\t<\/div>\n\t\t\t\t\t\n\t\t\t\t\t<div class=\"post-category\">\n\t\t\t\t\t\t\n\t\t\t\t\t<\/div>\n\t\t\t<\/div>\n\t<a class=\"t2-post-link wp-block-t2-post-link\" href=\"https:\/\/mentalhelse.no\/kvinnherad\/aktuelt\/stotte-fra-hjartebank\/\">\n\t<h2 class=\"t2-post-title wp-block-t2-post-title\">St\u00f8tte fra Hjartebank<\/h2>\n\t<\/a>\n<\/div>\n\n<\/div>\n\n<div class=\"t2-featured-query-post t2-featured-content is-post-type-news wp-block-t2-featured-query-post\"><a class=\"t2-post-link wp-block-t2-post-link\" href=\"https:\/\/mentalhelse.no\/kvinnherad\/aktuelt\/frivilligbors-i-kulturhuset-pa-husnes\/\">\n\t<figure style=\"--t2-focal-point: 50% 50%;\" class=\"t2-post-featured-image has-image-ratio-16-9 wp-block-t2-post-featured-image\"><img loading=\"lazy\" decoding=\"async\" width=\"2560\" height=\"1920\" src=\"https:\/\/mentalhelse.no\/content\/uploads\/sites\/270\/2025\/04\/8a8e0d3a67905b379f6f793ac2605dc7-scaled.jpeg\" class=\"attachment-post-thumbnail size-post-thumbnail wp-post-image\" alt=\"Anne Blix Torget og Catherine Wergeland p\u00e5 den 1. Frivilligb\u00f8rsen i Kvinnherad\" srcset=\"https:\/\/mentalhelse.no\/content\/uploads\/sites\/270\/2025\/04\/8a8e0d3a67905b379f6f793ac2605dc7-scaled.jpeg 2560w, https:\/\/mentalhelse.no\/content\/uploads\/sites\/270\/2025\/04\/8a8e0d3a67905b379f6f793ac2605dc7-300x225.jpeg 300w, https:\/\/mentalhelse.no\/content\/uploads\/sites\/270\/2025\/04\/8a8e0d3a67905b379f6f793ac2605dc7-1024x768.jpeg 1024w, https:\/\/mentalhelse.no\/content\/uploads\/sites\/270\/2025\/04\/8a8e0d3a67905b379f6f793ac2605dc7-768x576.jpeg 768w, https:\/\/mentalhelse.no\/content\/uploads\/sites\/270\/2025\/04\/8a8e0d3a67905b379f6f793ac2605dc7-1536x1152.jpeg 1536w, https:\/\/mentalhelse.no\/content\/uploads\/sites\/270\/2025\/04\/8a8e0d3a67905b379f6f793ac2605dc7-2048x1536.jpeg 2048w\" sizes=\"auto, (max-width: 2560px) 100vw, 2560px\" style=\"--focal-point: 50% 50%;\" \/><\/figure>\n<\/a>\n\n<div class=\"wp-block-group postinfo alignfull is-layout-flow wp-block-group-is-layout-flow\">\n\t<div class=\"wp-block-mentalhelse-post-category\">\n\t\t\t\t\t<div class=\"post-type\">\n\t\t\t\t\t\t<a href=\"https:\/\/mentalhelse.no\/kvinnherad\/aktuelt\/\">Nyheter<\/a>\n\t\t\t\t\t<\/div>\n\t\t\t\t\t\n\t\t\t\t\t<div class=\"post-category\">\n\t\t\t\t\t\t\n\t\t\t\t\t<\/div>\n\t\t\t<\/div>\n\t<a class=\"t2-post-link wp-block-t2-post-link\" href=\"https:\/\/mentalhelse.no\/kvinnherad\/aktuelt\/frivilligbors-i-kulturhuset-pa-husnes\/\">\n\t<h2 class=\"t2-post-title wp-block-t2-post-title\">Frivilligb\u00f8rs i Kulturhuset p\u00e5 Husnes<\/h2>\n\t<\/a>\n<\/div>\n\n<\/div>\n<\/div>","protected":false},"excerpt":{"rendered":"<p>Om oss \u00d8nsker du \u00e5 bli frivillig eller medlem hos oss? Da er du er hjertelig velkommen til \u00e5 ta kontakt. Du finner oss ogs\u00e5&#8230;<\/p>\n","protected":false},"author":1,"featured_media":0,"parent":0,"menu_order":0,"comment_status":"closed","ping_status":"closed","template":"","meta":{"t2_featured_media_focal_point":{"x":0.5,"y":0.5},"mh_hide_title":true,"e24d_chat_page_choice":"","footnotes":""},"class_list":["post-797","page","type-page","status-publish","hentry"],"yoast_head":"<!-- This site is optimized with the Yoast SEO Premium plugin v21.2 (Yoast SEO v21.2) - https:\/\/yoast.com\/wordpress\/plugins\/seo\/ -->\n<title>Om oss - Mental Helse - Kvinnherad<\/title>\n<meta name=\"description\" content=\"Her kan du lese om oss i Mental Helse Kvinnherad, og l\u00e6re mer om hva vi jobber med. Ta gjerne kontakt hvis du har noen sp\u00f8rsm\u00e5l!\" \/>\n<meta name=\"robots\" content=\"index, follow, max-snippet:-1, max-image-preview:large, max-video-preview:-1\" \/>\n<link rel=\"canonical\" href=\"https:\/\/mentalhelse.no\/kvinnherad\/om-oss\/\" \/>\n<meta property=\"og:locale\" content=\"nb_NO\" \/>\n<meta property=\"og:type\" content=\"article\" \/>\n<meta property=\"og:title\" content=\"Om oss\" \/>\n<meta property=\"og:description\" content=\"Her kan du lese om oss i Mental Helse Kvinnherad, og l\u00e6re mer om hva vi jobber med. Ta gjerne kontakt hvis du har noen sp\u00f8rsm\u00e5l!\" \/>\n<meta property=\"og:url\" content=\"https:\/\/mentalhelse.no\/kvinnherad\/om-oss\/\" \/>\n<meta property=\"og:site_name\" content=\"Kvinnherad\" \/>\n<meta property=\"article:modified_time\" content=\"2025-04-26T16:33:12+00:00\" \/>\n<meta property=\"og:image\" content=\"https:\/\/mentalhelse.no\/content\/uploads\/sites\/270\/2023\/08\/photo-1579208575657-c595a05383b7-1024x683.webp\" \/>\n<meta name=\"twitter:card\" content=\"summary_large_image\" \/>\n<meta name=\"twitter:label1\" content=\"Ansl. lesetid\" \/>\n\t<meta name=\"twitter:data1\" content=\"2 minutter\" \/>\n<script type=\"application\/ld+json\" class=\"yoast-schema-graph\">{\"@context\":\"https:\/\/schema.org\",\"@graph\":[{\"@type\":\"WebPage\",\"@id\":\"https:\/\/mentalhelse.no\/kvinnherad\/om-oss\/\",\"url\":\"https:\/\/mentalhelse.no\/kvinnherad\/om-oss\/\",\"name\":\"Om oss - Kvinnherad\",\"isPartOf\":{\"@id\":\"https:\/\/mentalhelse.no\/kvinnherad\/#website\"},\"datePublished\":\"2023-05-10T11:14:16+00:00\",\"dateModified\":\"2025-04-26T16:33:12+00:00\",\"description\":\"Her kan du lese om oss i Mental Helse Kvinnherad, og l\u00e6re mer om hva vi jobber med. Ta gjerne kontakt hvis du har noen sp\u00f8rsm\u00e5l!\",\"breadcrumb\":{\"@id\":\"https:\/\/mentalhelse.no\/kvinnherad\/om-oss\/#breadcrumb\"},\"inLanguage\":\"nb-NO\",\"potentialAction\":[{\"@type\":\"ReadAction\",\"target\":[\"https:\/\/mentalhelse.no\/kvinnherad\/om-oss\/\"]}]},{\"@type\":\"BreadcrumbList\",\"@id\":\"https:\/\/mentalhelse.no\/kvinnherad\/om-oss\/#breadcrumb\",\"itemListElement\":[{\"@type\":\"ListItem\",\"position\":1,\"name\":\"Hjem\",\"item\":\"https:\/\/mentalhelse.no\/kvinnherad\/\"},{\"@type\":\"ListItem\",\"position\":2,\"name\":\"Om oss\"}]},{\"@type\":\"WebSite\",\"@id\":\"https:\/\/mentalhelse.no\/kvinnherad\/#website\",\"url\":\"https:\/\/mentalhelse.no\/kvinnherad\/\",\"name\":\"Kvinnherad\",\"description\":\"\",\"potentialAction\":[{\"@type\":\"SearchAction\",\"target\":{\"@type\":\"EntryPoint\",\"urlTemplate\":\"https:\/\/mentalhelse.no\/kvinnherad\/?s={search_term_string}\"},\"query-input\":\"required name=search_term_string\"}],\"inLanguage\":\"nb-NO\"}]}<\/script>\n<!-- \/ Yoast SEO Premium plugin. -->","yoast_head_json":{"title":"Om oss - Mental Helse - Kvinnherad","description":"Her kan du lese om oss i Mental Helse Kvinnherad, og l\u00e6re mer om hva vi jobber med. Ta gjerne kontakt hvis du har noen sp\u00f8rsm\u00e5l!","robots":{"index":"index","follow":"follow","max-snippet":"max-snippet:-1","max-image-preview":"max-image-preview:large","max-video-preview":"max-video-preview:-1"},"canonical":"https:\/\/mentalhelse.no\/kvinnherad\/om-oss\/","og_locale":"nb_NO","og_type":"article","og_title":"Om oss","og_description":"Her kan du lese om oss i Mental Helse Kvinnherad, og l\u00e6re mer om hva vi jobber med. Ta gjerne kontakt hvis du har noen sp\u00f8rsm\u00e5l!","og_url":"https:\/\/mentalhelse.no\/kvinnherad\/om-oss\/","og_site_name":"Kvinnherad","article_modified_time":"2025-04-26T16:33:12+00:00","og_image":[{"url":"https:\/\/mentalhelse.no\/content\/uploads\/sites\/270\/2023\/08\/photo-1579208575657-c595a05383b7-1024x683.webp"}],"twitter_card":"summary_large_image","twitter_misc":{"Ansl. lesetid":"2 minutter"},"schema":{"@context":"https:\/\/schema.org","@graph":[{"@type":"WebPage","@id":"https:\/\/mentalhelse.no\/kvinnherad\/om-oss\/","url":"https:\/\/mentalhelse.no\/kvinnherad\/om-oss\/","name":"Om oss - Kvinnherad","isPartOf":{"@id":"https:\/\/mentalhelse.no\/kvinnherad\/#website"},"datePublished":"2023-05-10T11:14:16+00:00","dateModified":"2025-04-26T16:33:12+00:00","description":"Her kan du lese om oss i Mental Helse Kvinnherad, og l\u00e6re mer om hva vi jobber med. Ta gjerne kontakt hvis du har noen sp\u00f8rsm\u00e5l!","breadcrumb":{"@id":"https:\/\/mentalhelse.no\/kvinnherad\/om-oss\/#breadcrumb"},"inLanguage":"nb-NO","potentialAction":[{"@type":"ReadAction","target":["https:\/\/mentalhelse.no\/kvinnherad\/om-oss\/"]}]},{"@type":"BreadcrumbList","@id":"https:\/\/mentalhelse.no\/kvinnherad\/om-oss\/#breadcrumb","itemListElement":[{"@type":"ListItem","position":1,"name":"Hjem","item":"https:\/\/mentalhelse.no\/kvinnherad\/"},{"@type":"ListItem","position":2,"name":"Om oss"}]},{"@type":"WebSite","@id":"https:\/\/mentalhelse.no\/kvinnherad\/#website","url":"https:\/\/mentalhelse.no\/kvinnherad\/","name":"Kvinnherad","description":"","potentialAction":[{"@type":"SearchAction","target":{"@type":"EntryPoint","urlTemplate":"https:\/\/mentalhelse.no\/kvinnherad\/?s={search_term_string}"},"query-input":"required name=search_term_string"}],"inLanguage":"nb-NO"}]}},"_links":{"self":[{"href":"https:\/\/mentalhelse.no\/kvinnherad\/wp-json\/wp\/v2\/pages\/797","targetHints":{"allow":["GET"]}}],"collection":[{"href":"https:\/\/mentalhelse.no\/kvinnherad\/wp-json\/wp\/v2\/pages"}],"about":[{"href":"https:\/\/mentalhelse.no\/kvinnherad\/wp-json\/wp\/v2\/types\/page"}],"author":[{"embeddable":true,"href":"https:\/\/mentalhelse.no\/kvinnherad\/wp-json\/wp\/v2\/users\/1"}],"replies":[{"embeddable":true,"href":"https:\/\/mentalhelse.no\/kvinnherad\/wp-json\/wp\/v2\/comments?post=797"}],"version-history":[{"count":4,"href":"https:\/\/mentalhelse.no\/kvinnherad\/wp-json\/wp\/v2\/pages\/797\/revisions"}],"predecessor-version":[{"id":1159,"href":"https:\/\/mentalhelse.no\/kvinnherad\/wp-json\/wp\/v2\/pages\/797\/revisions\/1159"}],"wp:attachment":[{"href":"https:\/\/mentalhelse.no\/kvinnherad\/wp-json\/wp\/v2\/media?parent=797"}],"curies":[{"name":"wp","href":"https:\/\/api.w.org\/{rel}","templated":true}]}}