{"id":797,"date":"2023-05-10T11:14:16","date_gmt":"2023-05-10T11:14:16","guid":{"rendered":"https:\/\/mentalhelse.no\/viken\/?page_id=797"},"modified":"2024-02-08T13:17:14","modified_gmt":"2024-02-08T13:17:14","slug":"om-oss","status":"publish","type":"page","link":"https:\/\/mentalhelse.no\/masoy\/om-oss\/","title":{"rendered":"Om oss"},"content":{"rendered":"\n<figure class=\"wp-block-image aligncenter size-large is-resized\"><img loading=\"lazy\" decoding=\"async\" src=\"https:\/\/mentalhelse.no\/content\/uploads\/sites\/295\/2023\/08\/Havoysund-1024x768.jpg\" alt=\"Sundet som deler \u00f8ya og fastlandet i Hav\u00f8ysund. Fjell i bakgrunnen. Bl\u00e5 himmel. \" class=\"wp-image-1003\" style=\"width:592px;height:444px\" width=\"592\" height=\"444\" srcset=\"https:\/\/mentalhelse.no\/content\/uploads\/sites\/295\/2023\/08\/Havoysund-1024x768.jpg 1024w, https:\/\/mentalhelse.no\/content\/uploads\/sites\/295\/2023\/08\/Havoysund-300x225.jpg 300w, https:\/\/mentalhelse.no\/content\/uploads\/sites\/295\/2023\/08\/Havoysund-768x576.jpg 768w, https:\/\/mentalhelse.no\/content\/uploads\/sites\/295\/2023\/08\/Havoysund-1536x1152.jpg 1536w, https:\/\/mentalhelse.no\/content\/uploads\/sites\/295\/2023\/08\/Havoysund.jpg 2016w\" sizes=\"auto, (max-width: 592px) 100vw, 592px\" \/><figcaption class=\"wp-element-caption\"> Sundet mellom \u00f8y og fastland i Hav\u00f8ysund. Foto: Aina Kaupang<\/figcaption><\/figure>\n\n\n\n<h1 class=\"wp-block-heading\" id=\"h-om-oss\">Om oss<\/h1>\n\n\n\n<p>Laget har \u00e5rlige arrangement knyttet opp mot Verdensdagen for psykisk helse, vi \u00f8nsker oss gjerne kontakt med aktive medlemmer slik at vi kan gjennomf\u00f8re enda flere aktiviteter. Mental Helse M\u00e5s\u00f8y kan f\u00f8lges p\u00e5 <a href=\"https:\/\/www.facebook.com\/groups\/203830453157769\">Facebook.<\/a> <\/p>\n\n\n\n<h2 class=\"wp-block-heading\" id=\"h-styret\">Styret<\/h2>\n\n\n\n<p>I 2022 ble det valgt f\u00f8lgende styre: <\/p>\n\n\n\n<p><strong>Leder:<\/strong> Monica Isobel Glenna<\/p>\n\n\n\n<p><strong>Kasserer:<\/strong> Gudleif Kristiansen<\/p>\n\n\n\n<p><strong>Styremedlem\/ sekret\u00e6r:<\/strong> Mette Olsen<\/p>\n\n\n\n<p><strong>Styremedlem:<\/strong> Janne Amundsen<\/p>\n\n\n\n<p><strong>Styremedlem:<\/strong> Hege J\u00f8rgensen<\/p>\n\n\n\n\n\n<div class=\"wp-block-columns is-layout-flex wp-container-core-columns-is-layout-1 wp-block-columns-is-layout-flex\">\n<div class=\"wp-block-column is-layout-flow wp-block-column-is-layout-flow\" style=\"flex-basis:100%\"><div class=\"card-info wp-block-t2-people-meta\"><\/div><\/div>\n<\/div>\n\n\n\n<div class=\"wp-block-group alignfull is-layout-constrained wp-block-group-is-layout-constrained\">\n<h3 class=\"wp-block-heading alignwide\" id=\"h-siste-nytt-fra-mental-helse-masoy\">Siste nytt fra Mental Helse M\u00e5s\u00f8y<\/h3>\n<\/div>\n\n\n<div class=\"t2-featured-content-layout alignwide alignwide wp-block-t2-featured-content-layout\">\n\n\n\n\n\n<\/div>","protected":false},"excerpt":{"rendered":"<p>Om oss Laget har \u00e5rlige arrangement knyttet opp mot Verdensdagen for psykisk helse, vi \u00f8nsker oss gjerne kontakt med aktive medlemmer slik at vi kan&#8230;<\/p>\n","protected":false},"author":1,"featured_media":0,"parent":0,"menu_order":0,"comment_status":"closed","ping_status":"closed","template":"","meta":{"t2_featured_media_focal_point":{"x":0.5,"y":0.5},"mh_hide_title":true,"e24d_chat_page_choice":"","footnotes":""},"class_list":["post-797","page","type-page","status-publish","hentry"],"yoast_head":"<!-- This site is optimized with the Yoast SEO Premium plugin v21.2 (Yoast SEO v21.2) - https:\/\/yoast.com\/wordpress\/plugins\/seo\/ -->\n<title>Om oss - Mental Helse - M\u00e5s\u00f8y<\/title>\n<meta name=\"description\" content=\"Her kan du lese om oss i Mental Helse Drammen, og l\u00e6re mer om hva vi jobber med. Ta gjerne kontakt hvis du har noen sp\u00f8rsm\u00e5l!\" \/>\n<meta name=\"robots\" content=\"index, follow, max-snippet:-1, max-image-preview:large, max-video-preview:-1\" \/>\n<link rel=\"canonical\" href=\"https:\/\/mentalhelse.no\/masoy\/om-oss\/\" \/>\n<meta property=\"og:locale\" content=\"nb_NO\" \/>\n<meta property=\"og:type\" content=\"article\" \/>\n<meta property=\"og:title\" content=\"Om oss\" \/>\n<meta property=\"og:description\" content=\"Her kan du lese om oss i Mental Helse Drammen, og l\u00e6re mer om hva vi jobber med. Ta gjerne kontakt hvis du har noen sp\u00f8rsm\u00e5l!\" \/>\n<meta property=\"og:url\" content=\"https:\/\/mentalhelse.no\/masoy\/om-oss\/\" \/>\n<meta property=\"og:site_name\" content=\"M\u00e5s\u00f8y\" \/>\n<meta property=\"article:modified_time\" content=\"2024-02-08T13:17:14+00:00\" \/>\n<meta property=\"og:image\" content=\"https:\/\/mentalhelse.no\/content\/uploads\/sites\/295\/2023\/08\/Havoysund-1024x768.jpg\" \/>\n<meta name=\"twitter:card\" content=\"summary_large_image\" \/>\n<meta name=\"twitter:label1\" content=\"Ansl. lesetid\" \/>\n\t<meta name=\"twitter:data1\" content=\"1 minutt\" \/>\n<script type=\"application\/ld+json\" class=\"yoast-schema-graph\">{\"@context\":\"https:\/\/schema.org\",\"@graph\":[{\"@type\":\"WebPage\",\"@id\":\"https:\/\/mentalhelse.no\/masoy\/om-oss\/\",\"url\":\"https:\/\/mentalhelse.no\/masoy\/om-oss\/\",\"name\":\"Om oss - M\u00e5s\u00f8y\",\"isPartOf\":{\"@id\":\"https:\/\/mentalhelse.no\/masoy\/#website\"},\"datePublished\":\"2023-05-10T11:14:16+00:00\",\"dateModified\":\"2024-02-08T13:17:14+00:00\",\"description\":\"Her kan du lese om oss i Mental Helse Drammen, og l\u00e6re mer om hva vi jobber med. Ta gjerne kontakt hvis du har noen sp\u00f8rsm\u00e5l!\",\"breadcrumb\":{\"@id\":\"https:\/\/mentalhelse.no\/masoy\/om-oss\/#breadcrumb\"},\"inLanguage\":\"nb-NO\",\"potentialAction\":[{\"@type\":\"ReadAction\",\"target\":[\"https:\/\/mentalhelse.no\/masoy\/om-oss\/\"]}]},{\"@type\":\"BreadcrumbList\",\"@id\":\"https:\/\/mentalhelse.no\/masoy\/om-oss\/#breadcrumb\",\"itemListElement\":[{\"@type\":\"ListItem\",\"position\":1,\"name\":\"Hjem\",\"item\":\"https:\/\/mentalhelse.no\/masoy\/\"},{\"@type\":\"ListItem\",\"position\":2,\"name\":\"Om oss\"}]},{\"@type\":\"WebSite\",\"@id\":\"https:\/\/mentalhelse.no\/masoy\/#website\",\"url\":\"https:\/\/mentalhelse.no\/masoy\/\",\"name\":\"M\u00e5s\u00f8y\",\"description\":\"\",\"potentialAction\":[{\"@type\":\"SearchAction\",\"target\":{\"@type\":\"EntryPoint\",\"urlTemplate\":\"https:\/\/mentalhelse.no\/masoy\/?s={search_term_string}\"},\"query-input\":\"required name=search_term_string\"}],\"inLanguage\":\"nb-NO\"}]}<\/script>\n<!-- \/ Yoast SEO Premium plugin. -->","yoast_head_json":{"title":"Om oss - Mental Helse - M\u00e5s\u00f8y","description":"Her kan du lese om oss i Mental Helse Drammen, og l\u00e6re mer om hva vi jobber med. Ta gjerne kontakt hvis du har noen sp\u00f8rsm\u00e5l!","robots":{"index":"index","follow":"follow","max-snippet":"max-snippet:-1","max-image-preview":"max-image-preview:large","max-video-preview":"max-video-preview:-1"},"canonical":"https:\/\/mentalhelse.no\/masoy\/om-oss\/","og_locale":"nb_NO","og_type":"article","og_title":"Om oss","og_description":"Her kan du lese om oss i Mental Helse Drammen, og l\u00e6re mer om hva vi jobber med. Ta gjerne kontakt hvis du har noen sp\u00f8rsm\u00e5l!","og_url":"https:\/\/mentalhelse.no\/masoy\/om-oss\/","og_site_name":"M\u00e5s\u00f8y","article_modified_time":"2024-02-08T13:17:14+00:00","og_image":[{"url":"https:\/\/mentalhelse.no\/content\/uploads\/sites\/295\/2023\/08\/Havoysund-1024x768.jpg"}],"twitter_card":"summary_large_image","twitter_misc":{"Ansl. lesetid":"1 minutt"},"schema":{"@context":"https:\/\/schema.org","@graph":[{"@type":"WebPage","@id":"https:\/\/mentalhelse.no\/masoy\/om-oss\/","url":"https:\/\/mentalhelse.no\/masoy\/om-oss\/","name":"Om oss - M\u00e5s\u00f8y","isPartOf":{"@id":"https:\/\/mentalhelse.no\/masoy\/#website"},"datePublished":"2023-05-10T11:14:16+00:00","dateModified":"2024-02-08T13:17:14+00:00","description":"Her kan du lese om oss i Mental Helse Drammen, og l\u00e6re mer om hva vi jobber med. Ta gjerne kontakt hvis du har noen sp\u00f8rsm\u00e5l!","breadcrumb":{"@id":"https:\/\/mentalhelse.no\/masoy\/om-oss\/#breadcrumb"},"inLanguage":"nb-NO","potentialAction":[{"@type":"ReadAction","target":["https:\/\/mentalhelse.no\/masoy\/om-oss\/"]}]},{"@type":"BreadcrumbList","@id":"https:\/\/mentalhelse.no\/masoy\/om-oss\/#breadcrumb","itemListElement":[{"@type":"ListItem","position":1,"name":"Hjem","item":"https:\/\/mentalhelse.no\/masoy\/"},{"@type":"ListItem","position":2,"name":"Om oss"}]},{"@type":"WebSite","@id":"https:\/\/mentalhelse.no\/masoy\/#website","url":"https:\/\/mentalhelse.no\/masoy\/","name":"M\u00e5s\u00f8y","description":"","potentialAction":[{"@type":"SearchAction","target":{"@type":"EntryPoint","urlTemplate":"https:\/\/mentalhelse.no\/masoy\/?s={search_term_string}"},"query-input":"required name=search_term_string"}],"inLanguage":"nb-NO"}]}},"_links":{"self":[{"href":"https:\/\/mentalhelse.no\/masoy\/wp-json\/wp\/v2\/pages\/797","targetHints":{"allow":["GET"]}}],"collection":[{"href":"https:\/\/mentalhelse.no\/masoy\/wp-json\/wp\/v2\/pages"}],"about":[{"href":"https:\/\/mentalhelse.no\/masoy\/wp-json\/wp\/v2\/types\/page"}],"author":[{"embeddable":true,"href":"https:\/\/mentalhelse.no\/masoy\/wp-json\/wp\/v2\/users\/1"}],"replies":[{"embeddable":true,"href":"https:\/\/mentalhelse.no\/masoy\/wp-json\/wp\/v2\/comments?post=797"}],"version-history":[{"count":5,"href":"https:\/\/mentalhelse.no\/masoy\/wp-json\/wp\/v2\/pages\/797\/revisions"}],"predecessor-version":[{"id":1027,"href":"https:\/\/mentalhelse.no\/masoy\/wp-json\/wp\/v2\/pages\/797\/revisions\/1027"}],"wp:attachment":[{"href":"https:\/\/mentalhelse.no\/masoy\/wp-json\/wp\/v2\/media?parent=797"}],"curies":[{"name":"wp","href":"https:\/\/api.w.org\/{rel}","templated":true}]}}