{"id":756,"date":"2023-05-09T11:55:25","date_gmt":"2023-05-09T11:55:25","guid":{"rendered":"https:\/\/mentalhelse.no\/viken\/?page_id=756"},"modified":"2025-10-21T07:47:36","modified_gmt":"2025-10-21T07:47:36","slug":"nittedal","status":"publish","type":"page","link":"https:\/\/mentalhelse.no\/nittedal\/","title":{"rendered":"Nittedal"},"content":{"rendered":"\n\t<div style=\"--t2-hero-dim:0.5;\" class=\"t2-hero t2-hero-content-position-center-left t2-hero-has-dim-50 t2-hero-image-position-right t2-hero-has-image alignfull is-style-two-one wp-block-t2-hero\">\n\t\t<img decoding=\"async\" width=\"1024\" height=\"683\" src=\"https:\/\/mentalhelse.no\/content\/uploads\/sites\/331\/2023\/07\/jogge-i-skog-1024x683.jpg\" class=\"t2-hero__image\" alt=\"\" style=\"object-position: 50% 50%; --focal-point: 50% 50%;\" loading=\"eager\" fetchpriority=\"high\" srcset=\"https:\/\/mentalhelse.no\/content\/uploads\/sites\/331\/2023\/07\/jogge-i-skog-1024x683.jpg 1024w, https:\/\/mentalhelse.no\/content\/uploads\/sites\/331\/2023\/07\/jogge-i-skog-300x200.jpg 300w, https:\/\/mentalhelse.no\/content\/uploads\/sites\/331\/2023\/07\/jogge-i-skog-768x512.jpg 768w, https:\/\/mentalhelse.no\/content\/uploads\/sites\/331\/2023\/07\/jogge-i-skog-1536x1024.jpg 1536w, https:\/\/mentalhelse.no\/content\/uploads\/sites\/331\/2023\/07\/jogge-i-skog-2048x1365.jpg 2048w\" sizes=\"(max-width: 1024px) 100vw, 1024px\" \/>\n\t\t<div class=\"t2-hero__header\"><div class=\"t2-hero__header__content\">\n<h1 class=\"has-text-align-left alignwide wp-block-post-title\">Nittedal<\/h1>\n\n\n<p>Nittedal er et lokallag i Akershus, med over 100 medlemmer. Det er et aktivt lag som arrangerer medlems turer, aktiviteter og Felles Matglede, som er fast annenhver onsdag kveld. MH Nittedal samarbeider ogs\u00e5 med Enhet for psykisk helse og rus i Nittedal kommune. P\u00e5 Solli Aktivitetshus har MH Nittedal sine kontorer, hvor de samarbeider tett med Solli Aktivitetshus. De har ogs\u00e5 \u00e5rlig markering av Verdensdagen for psykisk helse som er den 10. oktober, hvert \u00e5r.<\/p>\n\n\n\n<div class=\"wp-block-buttons is-layout-flex wp-block-buttons-is-layout-flex\">\n<div class=\"wp-block-button is-style-outline is-style-outline--1\"><a class=\"wp-block-button__link wp-element-button\" href=\"https:\/\/mentalhelse.no\/nittedal\/om-oss\/\">Om oss<\/a><\/div>\n<\/div>\n\n<\/div><\/div>\n\t<\/div>\n\n\n\n\n<div class=\"wp-block-group alignfull is-layout-constrained wp-block-group-is-layout-constrained\">\n<h3 class=\"wp-block-heading alignwide\" id=\"h-siste-nytt-fra-mental-helse-nittedal\">Siste nytt fra Mental Helse Nittedal<\/h3>\n<\/div>\n\n\n<div class=\"t2-featured-content-layout alignwide alignwide wp-block-t2-featured-content-layout\">\n\n\n\n\n\n<\/div>\n\n\n\t\t<div class=\"mh-related-posts alignfull alignfull wp-block-mentalhelse-related-posts brown-light-mode\">\n\t\t\t<div class=\"mh-related-posts__inner\">\n\t\t\t\t\n\n<h3 class=\"wp-block-heading\" id=\"h-nyheter-fra-mental-helse\">Nyheter fra Mental Helse<\/h3>\n\n\n<div class=\"t2-featured-content-layout alignwide alignwide wp-block-t2-featured-content-layout\">\n<div class=\"t2-featured-query-post t2-featured-content is-post-type-news is-style-default wp-block-t2-featured-query-post t2-featured-content-layout-col-4\"><a class=\"t2-post-link wp-block-t2-post-link\" href=\"https:\/\/mentalhelse.no\/aktuelt\/nettverk-for-selvmordsforebygging-i-gang-igjen\/\">\n\t<figure style=\"--t2-focal-point: 50% 50%;\" class=\"t2-post-featured-image has-image-ratio-16-9 wp-block-t2-post-featured-image\"><img loading=\"lazy\" decoding=\"async\" width=\"1736\" height=\"1080\" src=\"https:\/\/mentalhelse.no\/content\/uploads\/2026\/04\/nettverk-for-selvmordsforebygging-30.04.2026.jpg\" class=\"attachment-post-thumbnail size-post-thumbnail wp-post-image\" alt=\"\" srcset=\"https:\/\/mentalhelse.no\/content\/uploads\/2026\/04\/nettverk-for-selvmordsforebygging-30.04.2026.jpg 1736w, https:\/\/mentalhelse.no\/content\/uploads\/2026\/04\/nettverk-for-selvmordsforebygging-30.04.2026-300x187.jpg 300w, https:\/\/mentalhelse.no\/content\/uploads\/2026\/04\/nettverk-for-selvmordsforebygging-30.04.2026-1024x637.jpg 1024w, https:\/\/mentalhelse.no\/content\/uploads\/2026\/04\/nettverk-for-selvmordsforebygging-30.04.2026-768x478.jpg 768w, https:\/\/mentalhelse.no\/content\/uploads\/2026\/04\/nettverk-for-selvmordsforebygging-30.04.2026-1536x956.jpg 1536w\" sizes=\"auto, (max-width: 1736px) 100vw, 1736px\" style=\"--focal-point: 50% 50%;\" \/><\/figure>\n<\/a>\n\n<div class=\"wp-block-group postinfo alignfull is-layout-flow wp-block-group-is-layout-flow\">\n\t<div class=\"wp-block-mentalhelse-post-category\">\n\t\t\t\t\t<div class=\"post-type\">\n\t\t\t\t\t\t<a href=\"https:\/\/mentalhelse.no\/aktuelt\/\">Nyheter<\/a>\n\t\t\t\t\t<\/div>\n\t\t\t\t\t\n\t\t\t\t\t<div class=\"post-category\">\n\t\t\t\t\t\t\n\t\t\t\t\t<\/div>\n\t\t\t<\/div>\n\t<a class=\"t2-post-link wp-block-t2-post-link\" href=\"https:\/\/mentalhelse.no\/aktuelt\/nettverk-for-selvmordsforebygging-i-gang-igjen\/\">\n\t<h2 class=\"t2-post-title wp-block-t2-post-title\">Nettverk for selvmordsforebygging i gang igjen<\/h2>\n\t<\/a>\n<\/div>\n\n<\/div>\n\n<div class=\"t2-featured-query-post t2-featured-content is-post-type-news news_category-press-release is-style-default wp-block-t2-featured-query-post t2-featured-content-layout-col-4\"><a class=\"t2-post-link wp-block-t2-post-link\" href=\"https:\/\/mentalhelse.no\/aktuelt\/selvmord-et-samfunnsproblem-som-kan-loses\/\">\n\t<figure style=\"--t2-focal-point: 50% 50%;\" class=\"t2-post-featured-image has-image-ratio-16-9 wp-block-t2-post-featured-image\"><img loading=\"lazy\" decoding=\"async\" width=\"2560\" height=\"1707\" src=\"https:\/\/mentalhelse.no\/content\/uploads\/2026\/04\/731fb7be-871a-467b-9dde-dbd5907dce45-scaled.jpg\" class=\"attachment-post-thumbnail size-post-thumbnail wp-post-image\" alt=\"\" srcset=\"https:\/\/mentalhelse.no\/content\/uploads\/2026\/04\/731fb7be-871a-467b-9dde-dbd5907dce45-scaled.jpg 2560w, https:\/\/mentalhelse.no\/content\/uploads\/2026\/04\/731fb7be-871a-467b-9dde-dbd5907dce45-300x200.jpg 300w, https:\/\/mentalhelse.no\/content\/uploads\/2026\/04\/731fb7be-871a-467b-9dde-dbd5907dce45-1024x683.jpg 1024w, https:\/\/mentalhelse.no\/content\/uploads\/2026\/04\/731fb7be-871a-467b-9dde-dbd5907dce45-768x512.jpg 768w, https:\/\/mentalhelse.no\/content\/uploads\/2026\/04\/731fb7be-871a-467b-9dde-dbd5907dce45-1536x1024.jpg 1536w, https:\/\/mentalhelse.no\/content\/uploads\/2026\/04\/731fb7be-871a-467b-9dde-dbd5907dce45-2048x1365.jpg 2048w\" sizes=\"auto, (max-width: 2560px) 100vw, 2560px\" style=\"--focal-point: 50% 50%;\" \/><\/figure>\n<\/a>\n\n<div class=\"wp-block-group postinfo alignfull is-layout-flow wp-block-group-is-layout-flow\">\n\t<div class=\"wp-block-mentalhelse-post-category\">\n\t\t\t\t\t<div class=\"post-type\">\n\t\t\t\t\t\t<a href=\"https:\/\/mentalhelse.no\/aktuelt\/\">Nyheter<\/a>\n\t\t\t\t\t<\/div>\n\t\t\t\t\t<div class=\"separator\"><\/div>\n\t\t\t\t\t<div class=\"post-category\">\n\t\t\t\t\t\t<a href=\"https:\/\/mentalhelse.no\/aktuelt-kategori\/press-release\/\">Pressemelding<\/a>\n\t\t\t\t\t<\/div>\n\t\t\t<\/div>\n\t<a class=\"t2-post-link wp-block-t2-post-link\" href=\"https:\/\/mentalhelse.no\/aktuelt\/selvmord-et-samfunnsproblem-som-kan-loses\/\">\n\t<h2 class=\"t2-post-title wp-block-t2-post-title\">Selvmord \u2013 et samfunnsproblem som kan l\u00f8ses<\/h2>\n\t<\/a>\n<\/div>\n\n<\/div>\n\n<div class=\"t2-featured-query-post t2-featured-content is-post-type-news news_category-press-release is-style-default wp-block-t2-featured-query-post t2-featured-content-layout-col-4\"><a class=\"t2-post-link wp-block-t2-post-link\" href=\"https:\/\/mentalhelse.no\/aktuelt\/tillit-er-beredskap\/\">\n\t<figure style=\"--t2-focal-point: 50% 50%;\" class=\"t2-post-featured-image has-image-ratio-16-9 wp-block-t2-post-featured-image\"><img loading=\"lazy\" decoding=\"async\" width=\"960\" height=\"540\" src=\"https:\/\/mentalhelse.no\/content\/uploads\/2026\/04\/00d597fd-8c57-482f-b465-59e354a9f058.png\" class=\"attachment-post-thumbnail size-post-thumbnail wp-post-image\" alt=\"\" srcset=\"https:\/\/mentalhelse.no\/content\/uploads\/2026\/04\/00d597fd-8c57-482f-b465-59e354a9f058.png 960w, https:\/\/mentalhelse.no\/content\/uploads\/2026\/04\/00d597fd-8c57-482f-b465-59e354a9f058-300x169.png 300w, https:\/\/mentalhelse.no\/content\/uploads\/2026\/04\/00d597fd-8c57-482f-b465-59e354a9f058-768x432.png 768w\" sizes=\"auto, (max-width: 960px) 100vw, 960px\" style=\"--focal-point: 50% 50%;\" \/><\/figure>\n<\/a>\n\n<div class=\"wp-block-group postinfo alignfull is-layout-flow wp-block-group-is-layout-flow\">\n\t<div class=\"wp-block-mentalhelse-post-category\">\n\t\t\t\t\t<div class=\"post-type\">\n\t\t\t\t\t\t<a href=\"https:\/\/mentalhelse.no\/aktuelt\/\">Nyheter<\/a>\n\t\t\t\t\t<\/div>\n\t\t\t\t\t<div class=\"separator\"><\/div>\n\t\t\t\t\t<div class=\"post-category\">\n\t\t\t\t\t\t<a href=\"https:\/\/mentalhelse.no\/aktuelt-kategori\/press-release\/\">Pressemelding<\/a>\n\t\t\t\t\t<\/div>\n\t\t\t<\/div>\n\t<a class=\"t2-post-link wp-block-t2-post-link\" href=\"https:\/\/mentalhelse.no\/aktuelt\/tillit-er-beredskap\/\">\n\t<h2 class=\"t2-post-title wp-block-t2-post-title\">Tillit er beredskap<\/h2>\n\t<\/a>\n<\/div>\n\n<\/div>\n<\/div>\n\n\t\t\t<\/div>\n\t\t<\/div>","protected":false},"excerpt":{"rendered":"<p>Siste nytt fra Mental Helse Nittedal<\/p>\n","protected":false},"author":1,"featured_media":758,"parent":0,"menu_order":0,"comment_status":"closed","ping_status":"closed","template":"","meta":{"t2_featured_media_focal_point":{"x":0.5,"y":0.5},"mh_hide_title":true,"e24d_chat_page_choice":"","footnotes":""},"class_list":["post-756","page","type-page","status-publish","has-post-thumbnail","hentry"],"yoast_head":"<!-- This site is optimized with the Yoast SEO Premium plugin v21.2 (Yoast SEO v21.2) - https:\/\/yoast.com\/wordpress\/plugins\/seo\/ -->\n<title>Mental Helse - Nittedal - Mental Helse - Nittedal<\/title>\n<meta name=\"description\" content=\"Vi er Mental Helses lokallag i Nittedal. Vi er et aktivt lag som arrangerer medlemsturer, kafe og &quot;felles matglede&quot; annenhver onsdag.\" \/>\n<meta name=\"robots\" content=\"index, follow, max-snippet:-1, max-image-preview:large, max-video-preview:-1\" \/>\n<link rel=\"canonical\" href=\"https:\/\/mentalhelse.no\/nittedal\/\" \/>\n<meta property=\"og:locale\" content=\"nb_NO\" \/>\n<meta property=\"og:type\" content=\"article\" \/>\n<meta property=\"og:title\" content=\"Nittedal\" \/>\n<meta property=\"og:description\" content=\"Vi er Mental Helses lokallag i Nittedal. Vi er et aktivt lag som arrangerer medlemsturer, kafe og &quot;felles matglede&quot; annenhver onsdag.\" \/>\n<meta property=\"og:url\" content=\"https:\/\/mentalhelse.no\/nittedal\/\" \/>\n<meta property=\"og:site_name\" content=\"Nittedal\" \/>\n<meta property=\"article:modified_time\" content=\"2025-10-21T07:47:36+00:00\" \/>\n<meta property=\"og:image\" content=\"https:\/\/mentalhelse.no\/content\/uploads\/sites\/331\/2023\/05\/karoline-vargdal-m9GyvqF8ccQ-unsplash-scaled.jpg\" \/>\n\t<meta property=\"og:image:width\" content=\"2560\" \/>\n\t<meta property=\"og:image:height\" content=\"1626\" \/>\n\t<meta property=\"og:image:type\" content=\"image\/jpeg\" \/>\n<meta name=\"twitter:card\" content=\"summary_large_image\" \/>\n<meta name=\"twitter:label1\" content=\"Ansl. lesetid\" \/>\n\t<meta name=\"twitter:data1\" content=\"1 minutt\" \/>\n<script type=\"application\/ld+json\" class=\"yoast-schema-graph\">{\"@context\":\"https:\/\/schema.org\",\"@graph\":[{\"@type\":\"WebPage\",\"@id\":\"https:\/\/mentalhelse.no\/nittedal\/\",\"url\":\"https:\/\/mentalhelse.no\/nittedal\/\",\"name\":\"Nittedal - Nittedal\",\"isPartOf\":{\"@id\":\"https:\/\/mentalhelse.no\/nittedal\/#website\"},\"datePublished\":\"2023-05-09T11:55:25+00:00\",\"dateModified\":\"2025-10-21T07:47:36+00:00\",\"description\":\"Vi er Mental Helses lokallag i Nittedal. Vi er et aktivt lag som arrangerer medlemsturer, kafe og \\\"felles matglede\\\" annenhver onsdag.\",\"breadcrumb\":{\"@id\":\"https:\/\/mentalhelse.no\/nittedal\/#breadcrumb\"},\"inLanguage\":\"nb-NO\",\"potentialAction\":[{\"@type\":\"ReadAction\",\"target\":[\"https:\/\/mentalhelse.no\/nittedal\/\"]}]},{\"@type\":\"BreadcrumbList\",\"@id\":\"https:\/\/mentalhelse.no\/nittedal\/#breadcrumb\",\"itemListElement\":[{\"@type\":\"ListItem\",\"position\":1,\"name\":\"Hjem\",\"item\":\"https:\/\/mentalhelse.no\/nittedal\/\"},{\"@type\":\"ListItem\",\"position\":2,\"name\":\"Nittedal\"}]},{\"@type\":\"WebSite\",\"@id\":\"https:\/\/mentalhelse.no\/nittedal\/#website\",\"url\":\"https:\/\/mentalhelse.no\/nittedal\/\",\"name\":\"Nittedal\",\"description\":\"\",\"potentialAction\":[{\"@type\":\"SearchAction\",\"target\":{\"@type\":\"EntryPoint\",\"urlTemplate\":\"https:\/\/mentalhelse.no\/nittedal\/?s={search_term_string}\"},\"query-input\":\"required name=search_term_string\"}],\"inLanguage\":\"nb-NO\"}]}<\/script>\n<!-- \/ Yoast SEO Premium plugin. -->","yoast_head_json":{"title":"Mental Helse - Nittedal - Mental Helse - Nittedal","description":"Vi er Mental Helses lokallag i Nittedal. Vi er et aktivt lag som arrangerer medlemsturer, kafe og \"felles matglede\" annenhver onsdag.","robots":{"index":"index","follow":"follow","max-snippet":"max-snippet:-1","max-image-preview":"max-image-preview:large","max-video-preview":"max-video-preview:-1"},"canonical":"https:\/\/mentalhelse.no\/nittedal\/","og_locale":"nb_NO","og_type":"article","og_title":"Nittedal","og_description":"Vi er Mental Helses lokallag i Nittedal. Vi er et aktivt lag som arrangerer medlemsturer, kafe og \"felles matglede\" annenhver onsdag.","og_url":"https:\/\/mentalhelse.no\/nittedal\/","og_site_name":"Nittedal","article_modified_time":"2025-10-21T07:47:36+00:00","og_image":[{"width":2560,"height":1626,"url":"https:\/\/mentalhelse.no\/content\/uploads\/sites\/331\/2023\/05\/karoline-vargdal-m9GyvqF8ccQ-unsplash-scaled.jpg","type":"image\/jpeg"}],"twitter_card":"summary_large_image","twitter_misc":{"Ansl. lesetid":"1 minutt"},"schema":{"@context":"https:\/\/schema.org","@graph":[{"@type":"WebPage","@id":"https:\/\/mentalhelse.no\/nittedal\/","url":"https:\/\/mentalhelse.no\/nittedal\/","name":"Nittedal - Nittedal","isPartOf":{"@id":"https:\/\/mentalhelse.no\/nittedal\/#website"},"datePublished":"2023-05-09T11:55:25+00:00","dateModified":"2025-10-21T07:47:36+00:00","description":"Vi er Mental Helses lokallag i Nittedal. Vi er et aktivt lag som arrangerer medlemsturer, kafe og \"felles matglede\" annenhver onsdag.","breadcrumb":{"@id":"https:\/\/mentalhelse.no\/nittedal\/#breadcrumb"},"inLanguage":"nb-NO","potentialAction":[{"@type":"ReadAction","target":["https:\/\/mentalhelse.no\/nittedal\/"]}]},{"@type":"BreadcrumbList","@id":"https:\/\/mentalhelse.no\/nittedal\/#breadcrumb","itemListElement":[{"@type":"ListItem","position":1,"name":"Hjem","item":"https:\/\/mentalhelse.no\/nittedal\/"},{"@type":"ListItem","position":2,"name":"Nittedal"}]},{"@type":"WebSite","@id":"https:\/\/mentalhelse.no\/nittedal\/#website","url":"https:\/\/mentalhelse.no\/nittedal\/","name":"Nittedal","description":"","potentialAction":[{"@type":"SearchAction","target":{"@type":"EntryPoint","urlTemplate":"https:\/\/mentalhelse.no\/nittedal\/?s={search_term_string}"},"query-input":"required name=search_term_string"}],"inLanguage":"nb-NO"}]}},"_links":{"self":[{"href":"https:\/\/mentalhelse.no\/nittedal\/wp-json\/wp\/v2\/pages\/756","targetHints":{"allow":["GET"]}}],"collection":[{"href":"https:\/\/mentalhelse.no\/nittedal\/wp-json\/wp\/v2\/pages"}],"about":[{"href":"https:\/\/mentalhelse.no\/nittedal\/wp-json\/wp\/v2\/types\/page"}],"author":[{"embeddable":true,"href":"https:\/\/mentalhelse.no\/nittedal\/wp-json\/wp\/v2\/users\/1"}],"replies":[{"embeddable":true,"href":"https:\/\/mentalhelse.no\/nittedal\/wp-json\/wp\/v2\/comments?post=756"}],"version-history":[{"count":4,"href":"https:\/\/mentalhelse.no\/nittedal\/wp-json\/wp\/v2\/pages\/756\/revisions"}],"predecessor-version":[{"id":1170,"href":"https:\/\/mentalhelse.no\/nittedal\/wp-json\/wp\/v2\/pages\/756\/revisions\/1170"}],"wp:featuredmedia":[{"embeddable":true,"href":"https:\/\/mentalhelse.no\/nittedal\/wp-json\/wp\/v2\/media\/758"}],"wp:attachment":[{"href":"https:\/\/mentalhelse.no\/nittedal\/wp-json\/wp\/v2\/media?parent=756"}],"curies":[{"name":"wp","href":"https:\/\/api.w.org\/{rel}","templated":true}]}}