{"id":797,"date":"2023-05-10T11:14:16","date_gmt":"2023-05-10T11:14:16","guid":{"rendered":"https:\/\/mentalhelse.no\/viken\/?page_id=797"},"modified":"2025-10-21T07:48:07","modified_gmt":"2025-10-21T07:48:07","slug":"om-oss","status":"publish","type":"page","link":"https:\/\/mentalhelse.no\/nittedal\/om-oss\/","title":{"rendered":"Om oss"},"content":{"rendered":"\n<figure class=\"wp-block-image size-large is-resized\"><img loading=\"lazy\" decoding=\"async\" width=\"1024\" height=\"768\" src=\"https:\/\/mentalhelse.no\/content\/uploads\/sites\/331\/2023\/10\/nettsidebilde-1024x768.jpg\" alt=\"\" class=\"wp-image-1076\" style=\"width:790px;height:593px\" srcset=\"https:\/\/mentalhelse.no\/content\/uploads\/sites\/331\/2023\/10\/nettsidebilde-1024x768.jpg 1024w, https:\/\/mentalhelse.no\/content\/uploads\/sites\/331\/2023\/10\/nettsidebilde-300x225.jpg 300w, https:\/\/mentalhelse.no\/content\/uploads\/sites\/331\/2023\/10\/nettsidebilde-768x576.jpg 768w, https:\/\/mentalhelse.no\/content\/uploads\/sites\/331\/2023\/10\/nettsidebilde-1536x1152.jpg 1536w, https:\/\/mentalhelse.no\/content\/uploads\/sites\/331\/2023\/10\/nettsidebilde-2048x1536.jpg 2048w\" sizes=\"auto, (max-width: 1024px) 100vw, 1024px\" \/><\/figure>\n\n\n\n<h1 class=\"wp-block-heading\" id=\"h-om-oss\">Om oss<\/h1>\n\n\n\n<p>MH Nittedal er et lokallag i Akershus med over 100 medlemmer. Vi er et aktivt lag som arrangerer medlemsturer, aktiviteter og Kafe Felles Matglede, som vi arrangerer fast annenhver onsdag kveld. MH Nittedal samarbeider ogs\u00e5 med Enhet for psykisk helse og rus i Nittedal kommune samt Solli aktivitetshus der vi ogs\u00e5 har kontordag hver mandag. Vi er ogs\u00e5 arrang\u00f8r av Verdensdagen for psykisk helse den 10. oktober hvert \u00e5r.<\/p>\n\n\n\n<p>\u00d8nsker du \u00e5 bli frivillig eller medlem hos oss? Da er du er hjertelig velkommen til \u00e5 ta kontakt med oss! <\/p>\n\n\n\n<h2 class=\"wp-block-heading\" id=\"h-dette-er-styret-vart\">Dette er styret v\u00e5rt:<\/h2>\n\n\n\n<p><em>*For henvendelser, vennligst ta kontakt med fylkesstyret i Mental Helse Akershus p\u00e5 akershus@mentalhelse.no<\/em><\/p>\n\n\n\n<div class=\"wp-block-group is-layout-constrained wp-block-group-is-layout-constrained\">\n<div class=\"wp-block-columns is-layout-flex wp-container-core-columns-is-layout-2 wp-block-columns-is-layout-flex\">\n<div class=\"wp-block-column is-layout-flow wp-block-column-is-layout-flow\" style=\"flex-basis:100%\">\n<div class=\"wp-block-group alignfull is-layout-constrained wp-block-group-is-layout-constrained\">\n<div class=\"wp-block-columns alignfull is-layout-flex wp-container-core-columns-is-layout-1 wp-block-columns-is-layout-flex\">\n<div class=\"wp-block-column is-layout-flow wp-block-column-is-layout-flow\" style=\"flex-basis:74%\">\n<p><strong>Leder<\/strong> (i permisjon)<br>Espen Gundersen<br>E-post: nittedal@mentalhelse.no<\/p>\n<\/div>\n\n\n\n<div class=\"wp-block-column is-layout-flow wp-block-column-is-layout-flow\" style=\"flex-basis:26%\">\n<figure class=\"wp-block-image\"><img loading=\"lazy\" decoding=\"async\" width=\"826\" height=\"1024\" src=\"https:\/\/mentalhelse.no\/content\/uploads\/sites\/331\/2023\/10\/Leder-Espen-Gundersen-826x1024.jpg\" alt=\"\" class=\"wp-image-1078\" srcset=\"https:\/\/mentalhelse.no\/content\/uploads\/sites\/331\/2023\/10\/Leder-Espen-Gundersen-826x1024.jpg 826w, https:\/\/mentalhelse.no\/content\/uploads\/sites\/331\/2023\/10\/Leder-Espen-Gundersen-242x300.jpg 242w, https:\/\/mentalhelse.no\/content\/uploads\/sites\/331\/2023\/10\/Leder-Espen-Gundersen-768x952.jpg 768w, https:\/\/mentalhelse.no\/content\/uploads\/sites\/331\/2023\/10\/Leder-Espen-Gundersen-1239x1536.jpg 1239w, https:\/\/mentalhelse.no\/content\/uploads\/sites\/331\/2023\/10\/Leder-Espen-Gundersen-1652x2048.jpg 1652w\" sizes=\"auto, (max-width: 826px) 100vw, 826px\" \/><\/figure>\n<\/div>\n<\/div>\n<\/div>\n<\/div>\n<\/div>\n<\/div>\n\n\n\n<p><strong>Styremedlem<\/strong>: Nina Vikvam<\/p>\n\n\n\n<p>Varamedlem: Asgeir Innerdal<\/p>\n\n\n\n<p>Varamedlem: Rita Kielland<\/p>\n\n\n\n<p><\/p>\n\n\n\n<div class=\"wp-block-group is-content-justification-left is-nowrap is-layout-flex wp-container-core-group-is-layout-3 wp-block-group-is-layout-flex\">\n\t\t<div class=\"mh-social-links wp-block-mh-social-links\">\n\t\t\t\n\n\t\t<div class=\"t2-social-link alignfull wp-block-mh-social-link\">\n\t\t\t<a href=\"https:\/\/www.facebook.com\/mentalhelsenittedal\" target=\"_blank\" rel=\"noopener noreferrer\">\n\t\t\t\t<svg xmlns=\"http:\/\/www.w3.org\/2000\/svg\" viewBox=\"0 0 24 24\" height=\"24\" width=\"24\" class=\"t2-icon t2-icon-mh-facebook\" aria-hidden=\"true\" focusable=\"false\"><path d=\"M16.6234 3.00387L14.2249 3C11.5302 3 9.78878 4.79672 9.78878 7.57761V9.6882H7.37715C7.16875 9.6882 7 9.8581 7 10.0677V13.1257C7 13.3352 7.16895 13.5049 7.37715 13.5049H9.78878V21.2212C9.78878 21.4308 9.95753 21.6005 10.1659 21.6005H13.3124C13.5208 21.6005 13.6896 21.4306 13.6896 21.2212V13.5049H16.5093C16.7177 13.5049 16.8865 13.3352 16.8865 13.1257L16.8876 10.0677C16.8876 9.96704 16.8478 9.87067 16.7772 9.79946C16.7066 9.72825 16.6103 9.6882 16.5103 9.6882H13.6896V7.89903C13.6896 7.03908 13.8933 6.60253 15.0073 6.60253L16.623 6.60195C16.8312 6.60195 17 6.43205 17 6.22267V3.38314C17 3.17396 16.8314 3.00426 16.6234 3.00387Z\" fill=\"currentColor\"\/><\/svg>\n\t\t\t<\/a>\n\t\t<\/div>\n\n\t\t<\/div>\n\n\n<p>Bes\u00f8k oss p\u00e5 facebook<\/p>\n<\/div>\n\n\n<div class=\"card-info wp-block-t2-people-meta\"><\/div>\n\n\n<div class=\"wp-block-group alignfull is-layout-constrained wp-block-group-is-layout-constrained\">\n<h3 class=\"wp-block-heading alignwide\" id=\"h-siste-nytt-fra-mental-helse-nittedal\">Siste nytt fra Mental Helse Nittedal<\/h3>\n<\/div>\n\n\n<div class=\"t2-featured-content-layout alignwide alignwide wp-block-t2-featured-content-layout\">\n\n\n\n\n\n<\/div>","protected":false},"excerpt":{"rendered":"<p>Om oss MH Nittedal er et lokallag i Akershus med over 100 medlemmer. Vi er et aktivt lag som arrangerer medlemsturer, aktiviteter og Kafe Felles&#8230;<\/p>\n","protected":false},"author":1,"featured_media":0,"parent":0,"menu_order":0,"comment_status":"closed","ping_status":"closed","template":"","meta":{"t2_featured_media_focal_point":{"x":0.5,"y":0.5},"mh_hide_title":true,"e24d_chat_page_choice":"","footnotes":""},"class_list":["post-797","page","type-page","status-publish","hentry"],"yoast_head":"<!-- This site is optimized with the Yoast SEO Premium plugin v21.2 (Yoast SEO v21.2) - https:\/\/yoast.com\/wordpress\/plugins\/seo\/ -->\n<title>Om oss - Mental Helse - Nittedal<\/title>\n<meta name=\"description\" content=\"Her kan du lese om oss i Mental Helse Nittedal, og l\u00e6re mer om hva vi jobber med. Ta gjerne kontakt hvis du har noen sp\u00f8rsm\u00e5l!\" \/>\n<meta name=\"robots\" content=\"index, follow, max-snippet:-1, max-image-preview:large, max-video-preview:-1\" \/>\n<link rel=\"canonical\" href=\"https:\/\/mentalhelse.no\/nittedal\/om-oss\/\" \/>\n<meta property=\"og:locale\" content=\"nb_NO\" \/>\n<meta property=\"og:type\" content=\"article\" \/>\n<meta property=\"og:title\" content=\"Om oss\" \/>\n<meta property=\"og:description\" content=\"Her kan du lese om oss i Mental Helse Nittedal, og l\u00e6re mer om hva vi jobber med. Ta gjerne kontakt hvis du har noen sp\u00f8rsm\u00e5l!\" \/>\n<meta property=\"og:url\" content=\"https:\/\/mentalhelse.no\/nittedal\/om-oss\/\" \/>\n<meta property=\"og:site_name\" content=\"Nittedal\" \/>\n<meta property=\"article:modified_time\" content=\"2025-10-21T07:48:07+00:00\" \/>\n<meta property=\"og:image\" content=\"https:\/\/mentalhelse.no\/content\/uploads\/sites\/331\/2023\/10\/nettsidebilde-1024x768.jpg\" \/>\n<meta name=\"twitter:card\" content=\"summary_large_image\" \/>\n<meta name=\"twitter:label1\" content=\"Ansl. lesetid\" \/>\n\t<meta name=\"twitter:data1\" content=\"2 minutter\" \/>\n<script type=\"application\/ld+json\" class=\"yoast-schema-graph\">{\"@context\":\"https:\/\/schema.org\",\"@graph\":[{\"@type\":\"WebPage\",\"@id\":\"https:\/\/mentalhelse.no\/nittedal\/om-oss\/\",\"url\":\"https:\/\/mentalhelse.no\/nittedal\/om-oss\/\",\"name\":\"Om oss - Nittedal\",\"isPartOf\":{\"@id\":\"https:\/\/mentalhelse.no\/nittedal\/#website\"},\"datePublished\":\"2023-05-10T11:14:16+00:00\",\"dateModified\":\"2025-10-21T07:48:07+00:00\",\"description\":\"Her kan du lese om oss i Mental Helse Nittedal, og l\u00e6re mer om hva vi jobber med. Ta gjerne kontakt hvis du har noen sp\u00f8rsm\u00e5l!\",\"breadcrumb\":{\"@id\":\"https:\/\/mentalhelse.no\/nittedal\/om-oss\/#breadcrumb\"},\"inLanguage\":\"nb-NO\",\"potentialAction\":[{\"@type\":\"ReadAction\",\"target\":[\"https:\/\/mentalhelse.no\/nittedal\/om-oss\/\"]}]},{\"@type\":\"BreadcrumbList\",\"@id\":\"https:\/\/mentalhelse.no\/nittedal\/om-oss\/#breadcrumb\",\"itemListElement\":[{\"@type\":\"ListItem\",\"position\":1,\"name\":\"Hjem\",\"item\":\"https:\/\/mentalhelse.no\/nittedal\/\"},{\"@type\":\"ListItem\",\"position\":2,\"name\":\"Om oss\"}]},{\"@type\":\"WebSite\",\"@id\":\"https:\/\/mentalhelse.no\/nittedal\/#website\",\"url\":\"https:\/\/mentalhelse.no\/nittedal\/\",\"name\":\"Nittedal\",\"description\":\"\",\"potentialAction\":[{\"@type\":\"SearchAction\",\"target\":{\"@type\":\"EntryPoint\",\"urlTemplate\":\"https:\/\/mentalhelse.no\/nittedal\/?s={search_term_string}\"},\"query-input\":\"required name=search_term_string\"}],\"inLanguage\":\"nb-NO\"}]}<\/script>\n<!-- \/ Yoast SEO Premium plugin. -->","yoast_head_json":{"title":"Om oss - Mental Helse - Nittedal","description":"Her kan du lese om oss i Mental Helse Nittedal, og l\u00e6re mer om hva vi jobber med. Ta gjerne kontakt hvis du har noen sp\u00f8rsm\u00e5l!","robots":{"index":"index","follow":"follow","max-snippet":"max-snippet:-1","max-image-preview":"max-image-preview:large","max-video-preview":"max-video-preview:-1"},"canonical":"https:\/\/mentalhelse.no\/nittedal\/om-oss\/","og_locale":"nb_NO","og_type":"article","og_title":"Om oss","og_description":"Her kan du lese om oss i Mental Helse Nittedal, og l\u00e6re mer om hva vi jobber med. Ta gjerne kontakt hvis du har noen sp\u00f8rsm\u00e5l!","og_url":"https:\/\/mentalhelse.no\/nittedal\/om-oss\/","og_site_name":"Nittedal","article_modified_time":"2025-10-21T07:48:07+00:00","og_image":[{"url":"https:\/\/mentalhelse.no\/content\/uploads\/sites\/331\/2023\/10\/nettsidebilde-1024x768.jpg"}],"twitter_card":"summary_large_image","twitter_misc":{"Ansl. lesetid":"2 minutter"},"schema":{"@context":"https:\/\/schema.org","@graph":[{"@type":"WebPage","@id":"https:\/\/mentalhelse.no\/nittedal\/om-oss\/","url":"https:\/\/mentalhelse.no\/nittedal\/om-oss\/","name":"Om oss - Nittedal","isPartOf":{"@id":"https:\/\/mentalhelse.no\/nittedal\/#website"},"datePublished":"2023-05-10T11:14:16+00:00","dateModified":"2025-10-21T07:48:07+00:00","description":"Her kan du lese om oss i Mental Helse Nittedal, og l\u00e6re mer om hva vi jobber med. Ta gjerne kontakt hvis du har noen sp\u00f8rsm\u00e5l!","breadcrumb":{"@id":"https:\/\/mentalhelse.no\/nittedal\/om-oss\/#breadcrumb"},"inLanguage":"nb-NO","potentialAction":[{"@type":"ReadAction","target":["https:\/\/mentalhelse.no\/nittedal\/om-oss\/"]}]},{"@type":"BreadcrumbList","@id":"https:\/\/mentalhelse.no\/nittedal\/om-oss\/#breadcrumb","itemListElement":[{"@type":"ListItem","position":1,"name":"Hjem","item":"https:\/\/mentalhelse.no\/nittedal\/"},{"@type":"ListItem","position":2,"name":"Om oss"}]},{"@type":"WebSite","@id":"https:\/\/mentalhelse.no\/nittedal\/#website","url":"https:\/\/mentalhelse.no\/nittedal\/","name":"Nittedal","description":"","potentialAction":[{"@type":"SearchAction","target":{"@type":"EntryPoint","urlTemplate":"https:\/\/mentalhelse.no\/nittedal\/?s={search_term_string}"},"query-input":"required name=search_term_string"}],"inLanguage":"nb-NO"}]}},"_links":{"self":[{"href":"https:\/\/mentalhelse.no\/nittedal\/wp-json\/wp\/v2\/pages\/797","targetHints":{"allow":["GET"]}}],"collection":[{"href":"https:\/\/mentalhelse.no\/nittedal\/wp-json\/wp\/v2\/pages"}],"about":[{"href":"https:\/\/mentalhelse.no\/nittedal\/wp-json\/wp\/v2\/types\/page"}],"author":[{"embeddable":true,"href":"https:\/\/mentalhelse.no\/nittedal\/wp-json\/wp\/v2\/users\/1"}],"replies":[{"embeddable":true,"href":"https:\/\/mentalhelse.no\/nittedal\/wp-json\/wp\/v2\/comments?post=797"}],"version-history":[{"count":5,"href":"https:\/\/mentalhelse.no\/nittedal\/wp-json\/wp\/v2\/pages\/797\/revisions"}],"predecessor-version":[{"id":1171,"href":"https:\/\/mentalhelse.no\/nittedal\/wp-json\/wp\/v2\/pages\/797\/revisions\/1171"}],"wp:attachment":[{"href":"https:\/\/mentalhelse.no\/nittedal\/wp-json\/wp\/v2\/media?parent=797"}],"curies":[{"name":"wp","href":"https:\/\/api.w.org\/{rel}","templated":true}]}}