{"id":797,"date":"2023-05-10T11:14:16","date_gmt":"2023-05-10T11:14:16","guid":{"rendered":"https:\/\/mentalhelse.no\/viken\/?page_id=797"},"modified":"2025-06-12T11:51:48","modified_gmt":"2025-06-12T11:51:48","slug":"om-oss","status":"publish","type":"page","link":"https:\/\/mentalhelse.no\/nordkapp\/om-oss\/","title":{"rendered":"Om oss"},"content":{"rendered":"\n<figure class=\"wp-block-image size-large\"><img loading=\"lazy\" decoding=\"async\" width=\"1024\" height=\"683\" src=\"https:\/\/mentalhelse.no\/content\/uploads\/sites\/296\/2023\/09\/rein-1024x683.jpg\" alt=\"\" class=\"wp-image-1005\" srcset=\"https:\/\/mentalhelse.no\/content\/uploads\/sites\/296\/2023\/09\/rein-1024x683.jpg 1024w, https:\/\/mentalhelse.no\/content\/uploads\/sites\/296\/2023\/09\/rein-300x200.jpg 300w, https:\/\/mentalhelse.no\/content\/uploads\/sites\/296\/2023\/09\/rein-768x512.jpg 768w, https:\/\/mentalhelse.no\/content\/uploads\/sites\/296\/2023\/09\/rein-1536x1024.jpg 1536w, https:\/\/mentalhelse.no\/content\/uploads\/sites\/296\/2023\/09\/rein-2048x1365.jpg 2048w\" sizes=\"auto, (max-width: 1024px) 100vw, 1024px\" \/><figcaption class=\"wp-element-caption\">Nordkapp er ogs\u00e5 sommerbeite for en del rein. <\/figcaption><\/figure>\n\n\n\n<h1 class=\"wp-block-heading\" id=\"h-om-oss\">Om oss<\/h1>\n\n\n\n<p>Mental Helse Nordkapp ble stiftet 21. januar 2020 og har nylig startet opp igjen. Her vil vil legge ut informasjon om kommende arrangement. <\/p>\n\n\n\n<p>Har du lyst til \u00e5 bli frivillig eller medlem hos oss? Da er du er hjertelig velkommen til \u00e5 ta kontakt!<\/p>\n\n\n\n<h2 class=\"wp-block-heading\" id=\"h-styret\">Styret<\/h2>\n\n\n\n<p><strong>Leder:<\/strong> Miriann Karlsen<br><strong>Nestleder:<\/strong> Eva Ulriksen<br><strong>Kasserer:<\/strong> Tove Lill Hansen<br><strong>Styremedlem:<\/strong> Elena Dobreva<br><strong>Styremedlem:<\/strong> Jeanette Pettersen<br><strong>Styremedlem:<\/strong> Anita Hansen<br><\/p>\n\n\n\n<figure class=\"wp-block-image size-large\"><img loading=\"lazy\" decoding=\"async\" width=\"1024\" height=\"690\" src=\"https:\/\/mentalhelse.no\/content\/uploads\/sites\/296\/2025\/06\/Styret-MH-Nordkapp-1024x690.jpg\" alt=\"\" class=\"wp-image-1015\" srcset=\"https:\/\/mentalhelse.no\/content\/uploads\/sites\/296\/2025\/06\/Styret-MH-Nordkapp-1024x690.jpg 1024w, https:\/\/mentalhelse.no\/content\/uploads\/sites\/296\/2025\/06\/Styret-MH-Nordkapp-300x202.jpg 300w, https:\/\/mentalhelse.no\/content\/uploads\/sites\/296\/2025\/06\/Styret-MH-Nordkapp-768x518.jpg 768w, https:\/\/mentalhelse.no\/content\/uploads\/sites\/296\/2025\/06\/Styret-MH-Nordkapp-1536x1035.jpg 1536w, https:\/\/mentalhelse.no\/content\/uploads\/sites\/296\/2025\/06\/Styret-MH-Nordkapp-2048x1380.jpg 2048w\" sizes=\"auto, (max-width: 1024px) 100vw, 1024px\" \/><figcaption class=\"wp-element-caption\">Fra venstre: Eva Ulriksen, Miriann Karlsen, Elena Dobreva, Jeanette Pettersen og Anita Hansen<\/figcaption><\/figure>\n\n\n\n<h2 class=\"wp-block-heading\" id=\"h-kontakt\">Kontakt<\/h2>\n\n\n\n<p>Mental Helse Nordkapp<\/p>\n\n\n\n<p><strong>Leder: <\/strong><br>Miriann Karlsen<br>Tlf: 984 12 760<br>Epost: <a href=\"mailto:nordkapp@lokallag.mentalhelse.no\">nordkapp@lokallag.mentalhelse.no<\/a><\/p>\n\n\n\n<p><strong>Org.nr.:<\/strong><br><br><strong>Kontonr.:<\/strong><br><\/p>\n\n\n\n<div class=\"wp-block-columns is-layout-flex wp-container-core-columns-is-layout-1 wp-block-columns-is-layout-flex\">\n<div class=\"wp-block-column is-layout-flow wp-block-column-is-layout-flow\" style=\"flex-basis:100%\"><div class=\"card-info wp-block-t2-people-meta\"><\/div><\/div>\n<\/div>\n\n\n<div class=\"card-info wp-block-t2-people-meta\"><\/div>\n\n\n\t\t<div class=\"mh-related-posts alignfull alignfull wp-block-mentalhelse-related-posts gray-mode\">\n\t\t\t<div class=\"mh-related-posts__inner\">\n\t\t\t\t\n\n<h3 class=\"wp-block-heading\" id=\"h-siste-nytt-fra-mental-helse-nordkapp-0\">Siste nytt fra Mental Helse Nordkapp<\/h3>\n\n\n<div class=\"t2-featured-content-layout alignwide alignwide wp-block-t2-featured-content-layout\">\n\n\n\n\n\n<\/div>\n\n\t\t\t<\/div>\n\t\t<\/div>","protected":false},"excerpt":{"rendered":"<p>Om oss Mental Helse Nordkapp ble stiftet 21. januar 2020 og har nylig startet opp igjen. Her vil vil legge ut informasjon om kommende arrangement&#8230;.<\/p>\n","protected":false},"author":1,"featured_media":0,"parent":0,"menu_order":0,"comment_status":"closed","ping_status":"closed","template":"","meta":{"t2_featured_media_focal_point":{"x":0.5,"y":0.5},"mh_hide_title":true,"e24d_chat_page_choice":"","footnotes":""},"class_list":["post-797","page","type-page","status-publish","hentry"],"yoast_head":"<!-- This site is optimized with the Yoast SEO Premium plugin v21.2 (Yoast SEO v21.2) - https:\/\/yoast.com\/wordpress\/plugins\/seo\/ -->\n<title>Om oss - Mental Helse - Nordkapp<\/title>\n<meta name=\"description\" content=\"Her kan du lese om oss i Mental Helse Drammen, og l\u00e6re mer om hva vi jobber med. Ta gjerne kontakt hvis du har noen sp\u00f8rsm\u00e5l!\" \/>\n<meta name=\"robots\" content=\"index, follow, max-snippet:-1, max-image-preview:large, max-video-preview:-1\" \/>\n<link rel=\"canonical\" href=\"https:\/\/mentalhelse.no\/nordkapp\/om-oss\/\" \/>\n<meta property=\"og:locale\" content=\"nb_NO\" \/>\n<meta property=\"og:type\" content=\"article\" \/>\n<meta property=\"og:title\" content=\"Om oss\" \/>\n<meta property=\"og:description\" content=\"Her kan du lese om oss i Mental Helse Drammen, og l\u00e6re mer om hva vi jobber med. Ta gjerne kontakt hvis du har noen sp\u00f8rsm\u00e5l!\" \/>\n<meta property=\"og:url\" content=\"https:\/\/mentalhelse.no\/nordkapp\/om-oss\/\" \/>\n<meta property=\"og:site_name\" content=\"Nordkapp\" \/>\n<meta property=\"article:modified_time\" content=\"2025-06-12T11:51:48+00:00\" \/>\n<meta property=\"og:image\" content=\"https:\/\/mentalhelse.no\/content\/uploads\/sites\/296\/2023\/09\/rein-1024x683.jpg\" \/>\n<meta name=\"twitter:card\" content=\"summary_large_image\" \/>\n<meta name=\"twitter:label1\" content=\"Ansl. lesetid\" \/>\n\t<meta name=\"twitter:data1\" content=\"1 minutt\" \/>\n<script type=\"application\/ld+json\" class=\"yoast-schema-graph\">{\"@context\":\"https:\/\/schema.org\",\"@graph\":[{\"@type\":\"WebPage\",\"@id\":\"https:\/\/mentalhelse.no\/nordkapp\/om-oss\/\",\"url\":\"https:\/\/mentalhelse.no\/nordkapp\/om-oss\/\",\"name\":\"Om oss - Nordkapp\",\"isPartOf\":{\"@id\":\"https:\/\/mentalhelse.no\/nordkapp\/#website\"},\"datePublished\":\"2023-05-10T11:14:16+00:00\",\"dateModified\":\"2025-06-12T11:51:48+00:00\",\"description\":\"Her kan du lese om oss i Mental Helse Drammen, og l\u00e6re mer om hva vi jobber med. Ta gjerne kontakt hvis du har noen sp\u00f8rsm\u00e5l!\",\"breadcrumb\":{\"@id\":\"https:\/\/mentalhelse.no\/nordkapp\/om-oss\/#breadcrumb\"},\"inLanguage\":\"nb-NO\",\"potentialAction\":[{\"@type\":\"ReadAction\",\"target\":[\"https:\/\/mentalhelse.no\/nordkapp\/om-oss\/\"]}]},{\"@type\":\"BreadcrumbList\",\"@id\":\"https:\/\/mentalhelse.no\/nordkapp\/om-oss\/#breadcrumb\",\"itemListElement\":[{\"@type\":\"ListItem\",\"position\":1,\"name\":\"Hjem\",\"item\":\"https:\/\/mentalhelse.no\/nordkapp\/\"},{\"@type\":\"ListItem\",\"position\":2,\"name\":\"Om oss\"}]},{\"@type\":\"WebSite\",\"@id\":\"https:\/\/mentalhelse.no\/nordkapp\/#website\",\"url\":\"https:\/\/mentalhelse.no\/nordkapp\/\",\"name\":\"Nordkapp\",\"description\":\"\",\"potentialAction\":[{\"@type\":\"SearchAction\",\"target\":{\"@type\":\"EntryPoint\",\"urlTemplate\":\"https:\/\/mentalhelse.no\/nordkapp\/?s={search_term_string}\"},\"query-input\":\"required name=search_term_string\"}],\"inLanguage\":\"nb-NO\"}]}<\/script>\n<!-- \/ Yoast SEO Premium plugin. -->","yoast_head_json":{"title":"Om oss - Mental Helse - Nordkapp","description":"Her kan du lese om oss i Mental Helse Drammen, og l\u00e6re mer om hva vi jobber med. Ta gjerne kontakt hvis du har noen sp\u00f8rsm\u00e5l!","robots":{"index":"index","follow":"follow","max-snippet":"max-snippet:-1","max-image-preview":"max-image-preview:large","max-video-preview":"max-video-preview:-1"},"canonical":"https:\/\/mentalhelse.no\/nordkapp\/om-oss\/","og_locale":"nb_NO","og_type":"article","og_title":"Om oss","og_description":"Her kan du lese om oss i Mental Helse Drammen, og l\u00e6re mer om hva vi jobber med. Ta gjerne kontakt hvis du har noen sp\u00f8rsm\u00e5l!","og_url":"https:\/\/mentalhelse.no\/nordkapp\/om-oss\/","og_site_name":"Nordkapp","article_modified_time":"2025-06-12T11:51:48+00:00","og_image":[{"url":"https:\/\/mentalhelse.no\/content\/uploads\/sites\/296\/2023\/09\/rein-1024x683.jpg"}],"twitter_card":"summary_large_image","twitter_misc":{"Ansl. lesetid":"1 minutt"},"schema":{"@context":"https:\/\/schema.org","@graph":[{"@type":"WebPage","@id":"https:\/\/mentalhelse.no\/nordkapp\/om-oss\/","url":"https:\/\/mentalhelse.no\/nordkapp\/om-oss\/","name":"Om oss - Nordkapp","isPartOf":{"@id":"https:\/\/mentalhelse.no\/nordkapp\/#website"},"datePublished":"2023-05-10T11:14:16+00:00","dateModified":"2025-06-12T11:51:48+00:00","description":"Her kan du lese om oss i Mental Helse Drammen, og l\u00e6re mer om hva vi jobber med. Ta gjerne kontakt hvis du har noen sp\u00f8rsm\u00e5l!","breadcrumb":{"@id":"https:\/\/mentalhelse.no\/nordkapp\/om-oss\/#breadcrumb"},"inLanguage":"nb-NO","potentialAction":[{"@type":"ReadAction","target":["https:\/\/mentalhelse.no\/nordkapp\/om-oss\/"]}]},{"@type":"BreadcrumbList","@id":"https:\/\/mentalhelse.no\/nordkapp\/om-oss\/#breadcrumb","itemListElement":[{"@type":"ListItem","position":1,"name":"Hjem","item":"https:\/\/mentalhelse.no\/nordkapp\/"},{"@type":"ListItem","position":2,"name":"Om oss"}]},{"@type":"WebSite","@id":"https:\/\/mentalhelse.no\/nordkapp\/#website","url":"https:\/\/mentalhelse.no\/nordkapp\/","name":"Nordkapp","description":"","potentialAction":[{"@type":"SearchAction","target":{"@type":"EntryPoint","urlTemplate":"https:\/\/mentalhelse.no\/nordkapp\/?s={search_term_string}"},"query-input":"required name=search_term_string"}],"inLanguage":"nb-NO"}]}},"_links":{"self":[{"href":"https:\/\/mentalhelse.no\/nordkapp\/wp-json\/wp\/v2\/pages\/797","targetHints":{"allow":["GET"]}}],"collection":[{"href":"https:\/\/mentalhelse.no\/nordkapp\/wp-json\/wp\/v2\/pages"}],"about":[{"href":"https:\/\/mentalhelse.no\/nordkapp\/wp-json\/wp\/v2\/types\/page"}],"author":[{"embeddable":true,"href":"https:\/\/mentalhelse.no\/nordkapp\/wp-json\/wp\/v2\/users\/1"}],"replies":[{"embeddable":true,"href":"https:\/\/mentalhelse.no\/nordkapp\/wp-json\/wp\/v2\/comments?post=797"}],"version-history":[{"count":5,"href":"https:\/\/mentalhelse.no\/nordkapp\/wp-json\/wp\/v2\/pages\/797\/revisions"}],"predecessor-version":[{"id":1078,"href":"https:\/\/mentalhelse.no\/nordkapp\/wp-json\/wp\/v2\/pages\/797\/revisions\/1078"}],"wp:attachment":[{"href":"https:\/\/mentalhelse.no\/nordkapp\/wp-json\/wp\/v2\/media?parent=797"}],"curies":[{"name":"wp","href":"https:\/\/api.w.org\/{rel}","templated":true}]}}