{"id":797,"date":"2023-05-10T11:14:16","date_gmt":"2023-05-10T11:14:16","guid":{"rendered":"https:\/\/mentalhelse.no\/viken\/?page_id=797"},"modified":"2025-12-05T23:41:16","modified_gmt":"2025-12-05T23:41:16","slug":"om-oss","status":"publish","type":"page","link":"https:\/\/mentalhelse.no\/nordland\/om-oss\/","title":{"rendered":"Om oss"},"content":{"rendered":"\n<figure class=\"wp-block-image size-large\"><img loading=\"lazy\" decoding=\"async\" width=\"768\" height=\"1024\" src=\"https:\/\/mentalhelse.no\/content\/uploads\/sites\/189\/2025\/12\/FB_IMG_1764976330161-768x1024.jpg\" alt=\"\" class=\"wp-image-1176\" srcset=\"https:\/\/mentalhelse.no\/content\/uploads\/sites\/189\/2025\/12\/FB_IMG_1764976330161-768x1024.jpg 768w, https:\/\/mentalhelse.no\/content\/uploads\/sites\/189\/2025\/12\/FB_IMG_1764976330161-225x300.jpg 225w, https:\/\/mentalhelse.no\/content\/uploads\/sites\/189\/2025\/12\/FB_IMG_1764976330161-1152x1536.jpg 1152w, https:\/\/mentalhelse.no\/content\/uploads\/sites\/189\/2025\/12\/FB_IMG_1764976330161.jpg 1536w\" sizes=\"auto, (max-width: 768px) 100vw, 768px\" \/><\/figure>\n\n\n\n<h1 class=\"wp-block-heading\" id=\"h-om-oss\">Om oss<\/h1>\n\n\n\n<p>Mental Helse Nordland er ett av fylkeslagene i Mental Helse, og er ett av landets st\u00f8rste fylkeslag, b\u00e5de i antall medlemmer og i antall lokallag.<\/p>\n\n\n\n<p><\/p>\n\n\n\n<p>\u00d8nsker du \u00e5 bli frivillig eller medlem hos oss? Da er du er hjertelig velkommen til \u00e5 ta kontakt med oss! <\/p>\n\n\n<div class=\"t2-featured-content-layout align align wp-block-t2-featured-content-layout\"><\/div>\n\n\n<h2 class=\"wp-block-heading\" id=\"h-styret\">Styret<\/h2>\n\n\n\n<p><strong>Leder: <\/strong>Remi Andr\u00e9 Olsen<br><strong>Nestleder<\/strong>: Johnny Risjord<br><strong>Kasserer<\/strong>: Zoy Lilleg\u00e5rd<br><strong>Styremedlem<\/strong>: Karl Johnny Karlsen<br><strong>Styremedlem<\/strong>: Sissel Andreassen<br><strong>Styremedlem<\/strong>: Charlie Cousens <\/p>\n\n\n\n<p><strong>Varamedlemmer<\/strong>:<br>Ole-Andre Korneliussen <br>Marit S\u00f8rdal<br>Jeanette Amundsen<\/p>\n\n\n\n<h3 class=\"wp-block-heading\" id=\"h-kontakt\">Kontakt:<\/h3>\n\n\n\n<p><strong>Leder:<\/strong>&nbsp;<br>Remi Andr\u00e9 Olsen<br><a href=\"mailto:nordland@mentalhelse.no\">nordland@mentalhelse.no<\/a> <br>901 77 211<\/p>\n\n\n\n<p><strong>Organisasjonsavdelingen:<\/strong>&nbsp;<br>E-post: <a href=\"mailto:medlem@mentalhelse.no\">medlem@mentalhelse.no<\/a><br>Tlf: 352 96 060 tastevalg 2<\/p>\n\n\n\n<div class=\"wp-block-columns is-layout-flex wp-container-core-columns-is-layout-1 wp-block-columns-is-layout-flex\">\n<div class=\"wp-block-column is-layout-flow wp-block-column-is-layout-flow\" style=\"flex-basis:100%\"><div class=\"card-info wp-block-t2-people-meta\"><\/div><\/div>\n<\/div>\n\n\n<div class=\"card-info wp-block-t2-people-meta\"><\/div>\n\n\n\t\t<div class=\"mh-related-posts alignfull alignfull wp-block-mentalhelse-related-posts gray-mode\">\n\t\t\t<div class=\"mh-related-posts__inner\">\n\t\t\t\t\n\n<h3 class=\"wp-block-heading\" id=\"h-siste-nytt-fra-nordland\">Siste nytt fra Nordland<\/h3>\n\n\n<div class=\"t2-featured-content-layout alignwide alignwide wp-block-t2-featured-content-layout\">\n<div class=\"t2-featured-query-post t2-featured-content is-post-type-news is-style-default wp-block-t2-featured-query-post t2-featured-content-layout-col-4\"><a class=\"t2-post-link wp-block-t2-post-link\" href=\"https:\/\/mentalhelse.no\/nordland\/aktuelt\/arsmote-pa-teams\/\">\n\t<figure style=\"--t2-focal-point: 50% 50%;\" class=\"t2-post-featured-image has-image-ratio-16-9 wp-block-t2-post-featured-image\"><img loading=\"lazy\" decoding=\"async\" width=\"2560\" height=\"1707\" src=\"https:\/\/mentalhelse.no\/content\/uploads\/sites\/189\/2025\/03\/Digitalt-arsmote-scaled.jpg\" class=\"attachment-post-thumbnail size-post-thumbnail wp-post-image\" alt=\"\" srcset=\"https:\/\/mentalhelse.no\/content\/uploads\/sites\/189\/2025\/03\/Digitalt-arsmote-scaled.jpg 2560w, https:\/\/mentalhelse.no\/content\/uploads\/sites\/189\/2025\/03\/Digitalt-arsmote-300x200.jpg 300w, https:\/\/mentalhelse.no\/content\/uploads\/sites\/189\/2025\/03\/Digitalt-arsmote-1024x683.jpg 1024w, https:\/\/mentalhelse.no\/content\/uploads\/sites\/189\/2025\/03\/Digitalt-arsmote-768x512.jpg 768w, https:\/\/mentalhelse.no\/content\/uploads\/sites\/189\/2025\/03\/Digitalt-arsmote-1536x1024.jpg 1536w, https:\/\/mentalhelse.no\/content\/uploads\/sites\/189\/2025\/03\/Digitalt-arsmote-2048x1365.jpg 2048w\" sizes=\"auto, (max-width: 2560px) 100vw, 2560px\" style=\"--focal-point: 50% 50%;\" \/><\/figure>\n<\/a>\n\n<div class=\"wp-block-group postinfo alignfull is-layout-flow wp-block-group-is-layout-flow\">\n\t<div class=\"wp-block-mentalhelse-post-category\">\n\t\t\t\t\t<div class=\"post-type\">\n\t\t\t\t\t\t<a href=\"https:\/\/mentalhelse.no\/nordland\/aktuelt\/\">Nyheter<\/a>\n\t\t\t\t\t<\/div>\n\t\t\t\t\t\n\t\t\t\t\t<div class=\"post-category\">\n\t\t\t\t\t\t\n\t\t\t\t\t<\/div>\n\t\t\t<\/div>\n\t<a class=\"t2-post-link wp-block-t2-post-link\" href=\"https:\/\/mentalhelse.no\/nordland\/aktuelt\/arsmote-pa-teams\/\">\n\t<h2 class=\"t2-post-title wp-block-t2-post-title\">\u00c5rsm\u00f8te p\u00e5 Teams<\/h2>\n\t<\/a>\n<\/div>\n\n<\/div>\n\n<div class=\"t2-featured-query-post t2-featured-content is-post-type-news wp-block-t2-featured-query-post t2-featured-content-layout-col-4\"><a class=\"t2-post-link wp-block-t2-post-link\" href=\"https:\/\/mentalhelse.no\/nordland\/aktuelt\/studieledere-star-i-fronten-for-okt-kompetanse-blant-tillitsvalgte\/\">\n\t<figure style=\"--t2-focal-point: 50% 50%;\" class=\"t2-post-featured-image has-image-ratio-16-9 wp-block-t2-post-featured-image\"><img loading=\"lazy\" decoding=\"async\" width=\"2048\" height=\"1536\" src=\"https:\/\/mentalhelse.no\/content\/uploads\/sites\/189\/2024\/06\/448363317_10159616631315759_8573034091864125569_n.jpg\" class=\"attachment-post-thumbnail size-post-thumbnail wp-post-image\" alt=\"\" srcset=\"https:\/\/mentalhelse.no\/content\/uploads\/sites\/189\/2024\/06\/448363317_10159616631315759_8573034091864125569_n.jpg 2048w, https:\/\/mentalhelse.no\/content\/uploads\/sites\/189\/2024\/06\/448363317_10159616631315759_8573034091864125569_n-300x225.jpg 300w, https:\/\/mentalhelse.no\/content\/uploads\/sites\/189\/2024\/06\/448363317_10159616631315759_8573034091864125569_n-1024x768.jpg 1024w, https:\/\/mentalhelse.no\/content\/uploads\/sites\/189\/2024\/06\/448363317_10159616631315759_8573034091864125569_n-768x576.jpg 768w, https:\/\/mentalhelse.no\/content\/uploads\/sites\/189\/2024\/06\/448363317_10159616631315759_8573034091864125569_n-1536x1152.jpg 1536w\" sizes=\"auto, (max-width: 2048px) 100vw, 2048px\" style=\"--focal-point: 50% 50%;\" \/><\/figure>\n<\/a>\n\n<div class=\"wp-block-group postinfo alignfull is-layout-flow wp-block-group-is-layout-flow\">\n\t<div class=\"wp-block-mentalhelse-post-category\">\n\t\t\t\t\t<div class=\"post-type\">\n\t\t\t\t\t\t<a href=\"https:\/\/mentalhelse.no\/nordland\/aktuelt\/\">Nyheter<\/a>\n\t\t\t\t\t<\/div>\n\t\t\t\t\t\n\t\t\t\t\t<div class=\"post-category\">\n\t\t\t\t\t\t\n\t\t\t\t\t<\/div>\n\t\t\t<\/div>\n\t<a class=\"t2-post-link wp-block-t2-post-link\" href=\"https:\/\/mentalhelse.no\/nordland\/aktuelt\/studieledere-star-i-fronten-for-okt-kompetanse-blant-tillitsvalgte\/\">\n\t<h2 class=\"t2-post-title wp-block-t2-post-title\">Studieledere st\u00e5r i fronten for \u00f8kt kompetanse blant tillitsvalgte<\/h2>\n\t<\/a>\n<\/div>\n\n<\/div>\n\n<div class=\"t2-featured-query-post t2-featured-content is-post-type-news wp-block-t2-featured-query-post t2-featured-content-layout-col-4\"><a class=\"t2-post-link wp-block-t2-post-link\" href=\"https:\/\/mentalhelse.no\/nordland\/aktuelt\/fylkesstyremote-i-bodo\/\">\n\t<figure style=\"--t2-focal-point: 50% 50%;\" class=\"t2-post-featured-image has-image-ratio-16-9 wp-block-t2-post-featured-image\"><img loading=\"lazy\" decoding=\"async\" width=\"2560\" height=\"1224\" src=\"https:\/\/mentalhelse.no\/content\/uploads\/sites\/189\/2024\/06\/Bodo-scaled.jpg\" class=\"attachment-post-thumbnail size-post-thumbnail wp-post-image\" alt=\"\" srcset=\"https:\/\/mentalhelse.no\/content\/uploads\/sites\/189\/2024\/06\/Bodo-scaled.jpg 2560w, https:\/\/mentalhelse.no\/content\/uploads\/sites\/189\/2024\/06\/Bodo-300x143.jpg 300w, https:\/\/mentalhelse.no\/content\/uploads\/sites\/189\/2024\/06\/Bodo-1024x490.jpg 1024w, https:\/\/mentalhelse.no\/content\/uploads\/sites\/189\/2024\/06\/Bodo-768x367.jpg 768w, https:\/\/mentalhelse.no\/content\/uploads\/sites\/189\/2024\/06\/Bodo-1536x735.jpg 1536w, https:\/\/mentalhelse.no\/content\/uploads\/sites\/189\/2024\/06\/Bodo-2048x980.jpg 2048w\" sizes=\"auto, (max-width: 2560px) 100vw, 2560px\" style=\"--focal-point: 50% 50%;\" \/><\/figure>\n<\/a>\n\n<div class=\"wp-block-group postinfo alignfull is-layout-flow wp-block-group-is-layout-flow\">\n\t<div class=\"wp-block-mentalhelse-post-category\">\n\t\t\t\t\t<div class=\"post-type\">\n\t\t\t\t\t\t<a href=\"https:\/\/mentalhelse.no\/nordland\/aktuelt\/\">Nyheter<\/a>\n\t\t\t\t\t<\/div>\n\t\t\t\t\t\n\t\t\t\t\t<div class=\"post-category\">\n\t\t\t\t\t\t\n\t\t\t\t\t<\/div>\n\t\t\t<\/div>\n\t<a class=\"t2-post-link wp-block-t2-post-link\" href=\"https:\/\/mentalhelse.no\/nordland\/aktuelt\/fylkesstyremote-i-bodo\/\">\n\t<h2 class=\"t2-post-title wp-block-t2-post-title\">Fylkesstyrem\u00f8te i Bod\u00f8<\/h2>\n\t<\/a>\n<\/div>\n\n<\/div>\n<\/div>\n\n\t\t\t<\/div>\n\t\t<\/div>","protected":false},"excerpt":{"rendered":"<p>Om oss Mental Helse Nordland er ett av fylkeslagene i Mental Helse, og er ett av landets st\u00f8rste fylkeslag, b\u00e5de i antall medlemmer og i&#8230;<\/p>\n","protected":false},"author":1,"featured_media":1176,"parent":0,"menu_order":0,"comment_status":"closed","ping_status":"closed","template":"","meta":{"t2_featured_media_focal_point":{"x":0.5,"y":0.5},"mh_hide_title":true,"e24d_chat_page_choice":"","footnotes":""},"class_list":["post-797","page","type-page","status-publish","has-post-thumbnail","hentry"],"yoast_head":"<!-- This site is optimized with the Yoast SEO Premium plugin v21.2 (Yoast SEO v21.2) - https:\/\/yoast.com\/wordpress\/plugins\/seo\/ -->\n<title>Om oss - Mental Helse - Nordland<\/title>\n<meta name=\"description\" content=\"Her kan du lese om oss i Mental Helse Nordland, og l\u00e6re mer om hva vi jobber med. Ta gjerne kontakt hvis du har noen sp\u00f8rsm\u00e5l!\" \/>\n<meta name=\"robots\" content=\"index, follow, max-snippet:-1, max-image-preview:large, max-video-preview:-1\" \/>\n<link rel=\"canonical\" href=\"https:\/\/mentalhelse.no\/nordland\/om-oss\/\" \/>\n<meta property=\"og:locale\" content=\"nb_NO\" \/>\n<meta property=\"og:type\" content=\"article\" \/>\n<meta property=\"og:title\" content=\"Om oss\" \/>\n<meta property=\"og:description\" content=\"Her kan du lese om oss i Mental Helse Nordland, og l\u00e6re mer om hva vi jobber med. Ta gjerne kontakt hvis du har noen sp\u00f8rsm\u00e5l!\" \/>\n<meta property=\"og:url\" content=\"https:\/\/mentalhelse.no\/nordland\/om-oss\/\" \/>\n<meta property=\"og:site_name\" content=\"Nordland\" \/>\n<meta property=\"article:modified_time\" content=\"2025-12-05T23:41:16+00:00\" \/>\n<meta property=\"og:image\" content=\"https:\/\/mentalhelse.no\/content\/uploads\/sites\/189\/2025\/12\/FB_IMG_1764976330161.jpg\" \/>\n\t<meta property=\"og:image:width\" content=\"1536\" \/>\n\t<meta property=\"og:image:height\" content=\"2048\" \/>\n\t<meta property=\"og:image:type\" content=\"image\/jpeg\" \/>\n<meta name=\"twitter:card\" content=\"summary_large_image\" \/>\n<meta name=\"twitter:label1\" content=\"Ansl. lesetid\" \/>\n\t<meta name=\"twitter:data1\" content=\"1 minutt\" \/>\n<script type=\"application\/ld+json\" class=\"yoast-schema-graph\">{\"@context\":\"https:\/\/schema.org\",\"@graph\":[{\"@type\":\"WebPage\",\"@id\":\"https:\/\/mentalhelse.no\/nordland\/om-oss\/\",\"url\":\"https:\/\/mentalhelse.no\/nordland\/om-oss\/\",\"name\":\"Om oss - Nordland\",\"isPartOf\":{\"@id\":\"https:\/\/mentalhelse.no\/nordland\/#website\"},\"datePublished\":\"2023-05-10T11:14:16+00:00\",\"dateModified\":\"2025-12-05T23:41:16+00:00\",\"description\":\"Her kan du lese om oss i Mental Helse Nordland, og l\u00e6re mer om hva vi jobber med. Ta gjerne kontakt hvis du har noen sp\u00f8rsm\u00e5l!\",\"breadcrumb\":{\"@id\":\"https:\/\/mentalhelse.no\/nordland\/om-oss\/#breadcrumb\"},\"inLanguage\":\"nb-NO\",\"potentialAction\":[{\"@type\":\"ReadAction\",\"target\":[\"https:\/\/mentalhelse.no\/nordland\/om-oss\/\"]}]},{\"@type\":\"BreadcrumbList\",\"@id\":\"https:\/\/mentalhelse.no\/nordland\/om-oss\/#breadcrumb\",\"itemListElement\":[{\"@type\":\"ListItem\",\"position\":1,\"name\":\"Hjem\",\"item\":\"https:\/\/mentalhelse.no\/nordland\/\"},{\"@type\":\"ListItem\",\"position\":2,\"name\":\"Om oss\"}]},{\"@type\":\"WebSite\",\"@id\":\"https:\/\/mentalhelse.no\/nordland\/#website\",\"url\":\"https:\/\/mentalhelse.no\/nordland\/\",\"name\":\"Nordland\",\"description\":\"\",\"potentialAction\":[{\"@type\":\"SearchAction\",\"target\":{\"@type\":\"EntryPoint\",\"urlTemplate\":\"https:\/\/mentalhelse.no\/nordland\/?s={search_term_string}\"},\"query-input\":\"required name=search_term_string\"}],\"inLanguage\":\"nb-NO\"}]}<\/script>\n<!-- \/ Yoast SEO Premium plugin. -->","yoast_head_json":{"title":"Om oss - Mental Helse - Nordland","description":"Her kan du lese om oss i Mental Helse Nordland, og l\u00e6re mer om hva vi jobber med. Ta gjerne kontakt hvis du har noen sp\u00f8rsm\u00e5l!","robots":{"index":"index","follow":"follow","max-snippet":"max-snippet:-1","max-image-preview":"max-image-preview:large","max-video-preview":"max-video-preview:-1"},"canonical":"https:\/\/mentalhelse.no\/nordland\/om-oss\/","og_locale":"nb_NO","og_type":"article","og_title":"Om oss","og_description":"Her kan du lese om oss i Mental Helse Nordland, og l\u00e6re mer om hva vi jobber med. Ta gjerne kontakt hvis du har noen sp\u00f8rsm\u00e5l!","og_url":"https:\/\/mentalhelse.no\/nordland\/om-oss\/","og_site_name":"Nordland","article_modified_time":"2025-12-05T23:41:16+00:00","og_image":[{"width":1536,"height":2048,"url":"https:\/\/mentalhelse.no\/content\/uploads\/sites\/189\/2025\/12\/FB_IMG_1764976330161.jpg","type":"image\/jpeg"}],"twitter_card":"summary_large_image","twitter_misc":{"Ansl. lesetid":"1 minutt"},"schema":{"@context":"https:\/\/schema.org","@graph":[{"@type":"WebPage","@id":"https:\/\/mentalhelse.no\/nordland\/om-oss\/","url":"https:\/\/mentalhelse.no\/nordland\/om-oss\/","name":"Om oss - Nordland","isPartOf":{"@id":"https:\/\/mentalhelse.no\/nordland\/#website"},"datePublished":"2023-05-10T11:14:16+00:00","dateModified":"2025-12-05T23:41:16+00:00","description":"Her kan du lese om oss i Mental Helse Nordland, og l\u00e6re mer om hva vi jobber med. Ta gjerne kontakt hvis du har noen sp\u00f8rsm\u00e5l!","breadcrumb":{"@id":"https:\/\/mentalhelse.no\/nordland\/om-oss\/#breadcrumb"},"inLanguage":"nb-NO","potentialAction":[{"@type":"ReadAction","target":["https:\/\/mentalhelse.no\/nordland\/om-oss\/"]}]},{"@type":"BreadcrumbList","@id":"https:\/\/mentalhelse.no\/nordland\/om-oss\/#breadcrumb","itemListElement":[{"@type":"ListItem","position":1,"name":"Hjem","item":"https:\/\/mentalhelse.no\/nordland\/"},{"@type":"ListItem","position":2,"name":"Om oss"}]},{"@type":"WebSite","@id":"https:\/\/mentalhelse.no\/nordland\/#website","url":"https:\/\/mentalhelse.no\/nordland\/","name":"Nordland","description":"","potentialAction":[{"@type":"SearchAction","target":{"@type":"EntryPoint","urlTemplate":"https:\/\/mentalhelse.no\/nordland\/?s={search_term_string}"},"query-input":"required name=search_term_string"}],"inLanguage":"nb-NO"}]}},"_links":{"self":[{"href":"https:\/\/mentalhelse.no\/nordland\/wp-json\/wp\/v2\/pages\/797","targetHints":{"allow":["GET"]}}],"collection":[{"href":"https:\/\/mentalhelse.no\/nordland\/wp-json\/wp\/v2\/pages"}],"about":[{"href":"https:\/\/mentalhelse.no\/nordland\/wp-json\/wp\/v2\/types\/page"}],"author":[{"embeddable":true,"href":"https:\/\/mentalhelse.no\/nordland\/wp-json\/wp\/v2\/users\/1"}],"replies":[{"embeddable":true,"href":"https:\/\/mentalhelse.no\/nordland\/wp-json\/wp\/v2\/comments?post=797"}],"version-history":[{"count":4,"href":"https:\/\/mentalhelse.no\/nordland\/wp-json\/wp\/v2\/pages\/797\/revisions"}],"predecessor-version":[{"id":1180,"href":"https:\/\/mentalhelse.no\/nordland\/wp-json\/wp\/v2\/pages\/797\/revisions\/1180"}],"wp:featuredmedia":[{"embeddable":true,"href":"https:\/\/mentalhelse.no\/nordland\/wp-json\/wp\/v2\/media\/1176"}],"wp:attachment":[{"href":"https:\/\/mentalhelse.no\/nordland\/wp-json\/wp\/v2\/media?parent=797"}],"curies":[{"name":"wp","href":"https:\/\/api.w.org\/{rel}","templated":true}]}}