{"id":797,"date":"2023-05-10T11:14:16","date_gmt":"2023-05-10T11:14:16","guid":{"rendered":"https:\/\/mentalhelse.no\/viken\/?page_id=797"},"modified":"2025-05-03T21:32:18","modified_gmt":"2025-05-03T21:32:18","slug":"om-oss","status":"publish","type":"page","link":"https:\/\/mentalhelse.no\/ostfold\/om-oss\/","title":{"rendered":"Om oss"},"content":{"rendered":"\n<h1 class=\"wp-block-heading\" id=\"h-om-oss\">Om oss<\/h1>\n\n\n\n<p>Mental Helse \u00d8stfold dekker byene Sarpsborg, Fredrikstad, Moss og Omegn, Halden og Indre \u00d8stfold. Vi er en positiv gjeng og et meget engasjerende styre, som brenner for \u00e5 skape et bedre psykisk helsetilbud. <\/p>\n\n\n\n<p>\u00d8nsker du \u00e5 bli frivillig eller medlem hos oss? Da er du er hjertelig velkommen til \u00e5 ta kontakt!<\/p>\n\n\n\n<p><strong>V\u00e5re verdier i Mental Helse er:<\/strong><\/p>\n\n\n\n<p><strong>LIKEVERD &#8211; \u00c5PENHET &#8211; RESPEKT &#8211; INKLUDERING<\/strong> <\/p>\n\n\n\n<p>Styrem\u00f8tene holdes 1 gang pr m\u00e5ned, utenom i juli hvor vi tar oss en velfortjent ferie. Alle styrem\u00f8ter er p\u00e5 Helsehuset i Sarpsborg.<\/p>\n\n\n\n<p>\u00d8nsker du \u00e5 bli frivillig eller medlem hos oss? Da er du er hjertelig velkommen til \u00e5 ta kontakt med oss! <\/p>\n\n\n\n<h2 class=\"wp-block-heading\" id=\"h-kontakt\">Kontakt<\/h2>\n\n\n\n<p><strong>Fylkesleder Connie Yven<\/strong><\/p>\n\n\n\n<p>Mobil: +47 94 81 48 00 <\/p>\n\n\n\n<p><strong>Postadresse: <\/strong><br>Brenneveien 260<\/p>\n\n\n\n<p>1730 Ise<\/p>\n\n\n\n<p><br><strong>E-post:<\/strong><br><a href=\"mailto:ostfold@mentalhelse.no\" target=\"_blank\" rel=\"noreferrer noopener\">ostfold@mentalhelse.no<\/a><br><strong>Org.nr:<\/strong><br>932 580 071<\/p>\n\n\n\n<h2 class=\"wp-block-heading\" id=\"h-det-nye-styret-etter-arsmotet-april-2025\">Det nye styret etter \u00c5rsm\u00f8tet april 2025<\/h2>\n\n\n\n<p>Leder: Connie Yven<\/p>\n\n\n\n<p>Nestleder: Berit S Ruud<\/p>\n\n\n\n<p>Sekret\u00e6r: Grete Marie Nilsen<\/p>\n\n\n\n<p>Kasserer: \u00d8yvind Dahl<\/p>\n\n\n\n<p>Styremedlemmer: Aud Haarseth Dahl<\/p>\n\n\n\n<p>Styremedlem: Trond Hegerstr\u00f8m<\/p>\n\n\n\n<p>Styremedlem: Henriette Nielsen.<\/p>\n\n\n\n<p>1.Varamedlem: Anne &#8211; Marie Eriksen <\/p>\n\n\n\n<p>2.Varamedlem: Ingunn Hansen.<\/p>\n\n\n\n<figure class=\"wp-block-image size-large\"><img loading=\"lazy\" decoding=\"async\" width=\"966\" height=\"1024\" src=\"https:\/\/mentalhelse.no\/content\/uploads\/sites\/338\/2025\/05\/Nye-fylkesstyret-2025-966x1024.jpg\" alt=\"\" class=\"wp-image-1110\" srcset=\"https:\/\/mentalhelse.no\/content\/uploads\/sites\/338\/2025\/05\/Nye-fylkesstyret-2025-966x1024.jpg 966w, https:\/\/mentalhelse.no\/content\/uploads\/sites\/338\/2025\/05\/Nye-fylkesstyret-2025-283x300.jpg 283w, https:\/\/mentalhelse.no\/content\/uploads\/sites\/338\/2025\/05\/Nye-fylkesstyret-2025-768x814.jpg 768w, https:\/\/mentalhelse.no\/content\/uploads\/sites\/338\/2025\/05\/Nye-fylkesstyret-2025.jpg 1158w\" sizes=\"auto, (max-width: 966px) 100vw, 966px\" \/><\/figure>\n\n\n\n<p class=\"has-text-align-left\"><br><a href=\"https:\/\/www.facebook.com\/profile.php?id=61554538863518\">https:\/\/www.facebook.com\/profile.php?id=61554538863518<\/a>ND<\/p>\n\n\n\n<p><strong>Du finner oss p\u00e5 Facebook og Instagram<\/strong><\/p>\n\n\n\n\t\t<div class=\"mh-social-links wp-block-mh-social-links\">\n\t\t\t\n\n\t\t<div class=\"t2-social-link wp-block-mh-social-link\">\n\t\t\t<a href=\"https:\/\/www.facebook.com\/profile.php?id=61554538863518\" target=\"_blank\" rel=\"noopener noreferrer\">\n\t\t\t\t<svg xmlns=\"http:\/\/www.w3.org\/2000\/svg\" viewBox=\"0 0 24 24\" height=\"24\" width=\"24\" class=\"t2-icon t2-icon-mh-facebook\" aria-hidden=\"true\" focusable=\"false\"><path d=\"M16.6234 3.00387L14.2249 3C11.5302 3 9.78878 4.79672 9.78878 7.57761V9.6882H7.37715C7.16875 9.6882 7 9.8581 7 10.0677V13.1257C7 13.3352 7.16895 13.5049 7.37715 13.5049H9.78878V21.2212C9.78878 21.4308 9.95753 21.6005 10.1659 21.6005H13.3124C13.5208 21.6005 13.6896 21.4306 13.6896 21.2212V13.5049H16.5093C16.7177 13.5049 16.8865 13.3352 16.8865 13.1257L16.8876 10.0677C16.8876 9.96704 16.8478 9.87067 16.7772 9.79946C16.7066 9.72825 16.6103 9.6882 16.5103 9.6882H13.6896V7.89903C13.6896 7.03908 13.8933 6.60253 15.0073 6.60253L16.623 6.60195C16.8312 6.60195 17 6.43205 17 6.22267V3.38314C17 3.17396 16.8314 3.00426 16.6234 3.00387Z\" fill=\"currentColor\"\/><\/svg>\n\t\t\t<\/a>\n\t\t<\/div>\n\n\n\t\t<div class=\"t2-social-link wp-block-mh-social-link\">\n\t\t\t<a href=\"https:\/\/www.instagram.com\/mentalhelseostfold\/\" target=\"_blank\" rel=\"noopener noreferrer\">\n\t\t\t\t<svg xmlns=\"http:\/\/www.w3.org\/2000\/svg\" viewBox=\"0 0 24 24\" height=\"24\" width=\"24\" class=\"t2-icon t2-icon-mh-instagram\" aria-hidden=\"true\" focusable=\"false\"><path d=\"M16.0325 3C18.7717 3 21.0001 5.22841 21 7.96735V16.0326C21 18.7716 18.7717 21 16.0325 21H7.96724C5.22831 21 3 18.7717 3 16.0326V7.96735C3 5.22841 5.22831 3 7.96724 3H16.0325ZM19.403 16.0326L19.4029 7.96735C19.4029 6.10902 17.8909 4.59705 16.0325 4.59705H7.96724C6.10891 4.59705 4.59705 6.10902 4.59705 7.96735V16.0326C4.59705 17.891 6.10891 19.403 7.96724 19.4029H16.0326C17.891 19.4029 19.403 17.891 19.403 16.0326ZM12 7.5C14.4813 7.5 16.5 9.51871 16.5 12.0001C16.5 14.4814 14.4813 16.5 12 16.5C9.51866 16.5 7.5 14.4814 7.5 12.0001C7.5 9.51871 9.51866 7.5 12 7.5ZM12 14.9504C13.6268 14.9504 14.9506 13.6269 14.9506 12C14.9506 10.373 13.6269 9.04941 12 9.04941C10.3731 9.04941 9.04948 10.373 9.04948 12C9.04948 13.6269 10.3732 14.9504 12 14.9504ZM16.875 6C17.1716 6 17.462 6.11966 17.6707 6.32932C17.8803 6.53795 18 6.82841 18 7.125C18 7.42057 17.8803 7.71102 17.6707 7.92068C17.461 8.12932 17.1716 8.25 16.875 8.25C16.5795 8.25 16.289 8.12932 16.0803 7.92068C15.8707 7.71102 15.75 7.42067 15.75 7.125C15.75 6.82841 15.8705 6.53795 16.0803 6.32932C16.289 6.11966 16.5795 6 16.875 6Z\" fill=\"currentColor\"\/><\/svg>\n\t\t\t<\/a>\n\t\t<\/div>\n\n\t\t<\/div>\n\n\n<h3 class=\"wp-block-heading alignwide\" id=\"h-siste-nytt-fra-mental-helse-ostfold\">Siste nytt fra Mental Helse \u00d8stfold<\/h3>\n\n\n<div class=\"card-info wp-block-t2-people-meta\"><\/div>\n\n<div class=\"t2-featured-content-layout alignwide alignwide wp-block-t2-featured-content-layout\">\n<div class=\"t2-featured-query-post t2-featured-content is-post-type-news wp-block-t2-featured-query-post\"><a class=\"t2-post-link wp-block-t2-post-link\" href=\"https:\/\/mentalhelse.no\/ostfold\/aktuelt\/studieledere-star-i-fronten-for-okt-kompetanse-blant-tillitsvalgte\/\">\n\t<figure style=\"--t2-focal-point: 50% 50%;\" class=\"t2-post-featured-image has-image-ratio-16-9 wp-block-t2-post-featured-image\"><img loading=\"lazy\" decoding=\"async\" width=\"2048\" height=\"1536\" src=\"https:\/\/mentalhelse.no\/content\/uploads\/sites\/338\/2024\/06\/448363317_10159616631315759_8573034091864125569_n-1.jpg\" class=\"attachment-post-thumbnail size-post-thumbnail wp-post-image\" alt=\"\" srcset=\"https:\/\/mentalhelse.no\/content\/uploads\/sites\/338\/2024\/06\/448363317_10159616631315759_8573034091864125569_n-1.jpg 2048w, https:\/\/mentalhelse.no\/content\/uploads\/sites\/338\/2024\/06\/448363317_10159616631315759_8573034091864125569_n-1-300x225.jpg 300w, https:\/\/mentalhelse.no\/content\/uploads\/sites\/338\/2024\/06\/448363317_10159616631315759_8573034091864125569_n-1-1024x768.jpg 1024w, https:\/\/mentalhelse.no\/content\/uploads\/sites\/338\/2024\/06\/448363317_10159616631315759_8573034091864125569_n-1-768x576.jpg 768w, https:\/\/mentalhelse.no\/content\/uploads\/sites\/338\/2024\/06\/448363317_10159616631315759_8573034091864125569_n-1-1536x1152.jpg 1536w\" sizes=\"auto, (max-width: 2048px) 100vw, 2048px\" style=\"--focal-point: 50% 50%;\" \/><\/figure>\n<\/a>\n\n<div class=\"wp-block-group postinfo alignfull is-layout-flow wp-block-group-is-layout-flow\">\n\t<div class=\"wp-block-mentalhelse-post-category\">\n\t\t\t\t\t<div class=\"post-type\">\n\t\t\t\t\t\t<a href=\"https:\/\/mentalhelse.no\/ostfold\/aktuelt\/\">Nyheter<\/a>\n\t\t\t\t\t<\/div>\n\t\t\t\t\t\n\t\t\t\t\t<div class=\"post-category\">\n\t\t\t\t\t\t\n\t\t\t\t\t<\/div>\n\t\t\t<\/div>\n\t<a class=\"t2-post-link wp-block-t2-post-link\" href=\"https:\/\/mentalhelse.no\/ostfold\/aktuelt\/studieledere-star-i-fronten-for-okt-kompetanse-blant-tillitsvalgte\/\">\n\t<h2 class=\"t2-post-title wp-block-t2-post-title\">Studieledere st\u00e5r i fronten for \u00f8kt kompetanse blant tillitsvalgte<\/h2>\n\t<\/a>\n<\/div>\n\n<\/div>\n\n<div class=\"t2-featured-query-post t2-featured-content is-post-type-news wp-block-t2-featured-query-post\"><a class=\"t2-post-link wp-block-t2-post-link\" href=\"https:\/\/mentalhelse.no\/ostfold\/aktuelt\/vil-styrke-brukermedvirkning-i-mental-helse\/\">\n\t<figure style=\"--t2-focal-point: 50% 50%;\" class=\"t2-post-featured-image has-image-ratio-16-9 wp-block-t2-post-featured-image\"><img loading=\"lazy\" decoding=\"async\" width=\"935\" height=\"1024\" src=\"https:\/\/mentalhelse.no\/content\/uploads\/sites\/338\/2024\/06\/IMG_20240608_104950-scaled-e1718010766732-935x1024-1.jpg\" class=\"attachment-post-thumbnail size-post-thumbnail wp-post-image\" alt=\"\" srcset=\"https:\/\/mentalhelse.no\/content\/uploads\/sites\/338\/2024\/06\/IMG_20240608_104950-scaled-e1718010766732-935x1024-1.jpg 935w, https:\/\/mentalhelse.no\/content\/uploads\/sites\/338\/2024\/06\/IMG_20240608_104950-scaled-e1718010766732-935x1024-1-274x300.jpg 274w, https:\/\/mentalhelse.no\/content\/uploads\/sites\/338\/2024\/06\/IMG_20240608_104950-scaled-e1718010766732-935x1024-1-768x841.jpg 768w\" sizes=\"auto, (max-width: 935px) 100vw, 935px\" style=\"--focal-point: 50% 50%;\" \/><\/figure>\n<\/a>\n\n<div class=\"wp-block-group postinfo alignfull is-layout-flow wp-block-group-is-layout-flow\">\n\t<div class=\"wp-block-mentalhelse-post-category\">\n\t\t\t\t\t<div class=\"post-type\">\n\t\t\t\t\t\t<a href=\"https:\/\/mentalhelse.no\/ostfold\/aktuelt\/\">Nyheter<\/a>\n\t\t\t\t\t<\/div>\n\t\t\t\t\t\n\t\t\t\t\t<div class=\"post-category\">\n\t\t\t\t\t\t\n\t\t\t\t\t<\/div>\n\t\t\t<\/div>\n\t<a class=\"t2-post-link wp-block-t2-post-link\" href=\"https:\/\/mentalhelse.no\/ostfold\/aktuelt\/vil-styrke-brukermedvirkning-i-mental-helse\/\">\n\t<h2 class=\"t2-post-title wp-block-t2-post-title\">Vil styrke brukermedvirkning i Mental Helse<\/h2>\n\t<\/a>\n<\/div>\n\n<\/div>\n\n<div class=\"t2-featured-query-post t2-featured-content is-post-type-news wp-block-t2-featured-query-post\"><a class=\"t2-post-link wp-block-t2-post-link\" href=\"https:\/\/mentalhelse.no\/ostfold\/aktuelt\/arsmote-2024\/\">\n\t<figure style=\"--t2-focal-point: 50% 50%;\" class=\"t2-post-featured-image has-image-ratio-16-9 wp-block-t2-post-featured-image\"><img loading=\"lazy\" decoding=\"async\" width=\"720\" height=\"720\" src=\"https:\/\/mentalhelse.no\/content\/uploads\/sites\/338\/2024\/03\/meeting-1015316_960_720.webp\" class=\"attachment-post-thumbnail size-post-thumbnail wp-post-image\" alt=\"\" srcset=\"https:\/\/mentalhelse.no\/content\/uploads\/sites\/338\/2024\/03\/meeting-1015316_960_720.webp 720w, https:\/\/mentalhelse.no\/content\/uploads\/sites\/338\/2024\/03\/meeting-1015316_960_720-300x300.webp 300w, https:\/\/mentalhelse.no\/content\/uploads\/sites\/338\/2024\/03\/meeting-1015316_960_720-150x150.webp 150w\" sizes=\"auto, (max-width: 720px) 100vw, 720px\" style=\"--focal-point: 50% 50%;\" \/><\/figure>\n<\/a>\n\n<div class=\"wp-block-group postinfo alignfull is-layout-flow wp-block-group-is-layout-flow\">\n\t<div class=\"wp-block-mentalhelse-post-category\">\n\t\t\t\t\t<div class=\"post-type\">\n\t\t\t\t\t\t<a href=\"https:\/\/mentalhelse.no\/ostfold\/aktuelt\/\">Nyheter<\/a>\n\t\t\t\t\t<\/div>\n\t\t\t\t\t\n\t\t\t\t\t<div class=\"post-category\">\n\t\t\t\t\t\t\n\t\t\t\t\t<\/div>\n\t\t\t<\/div>\n\t<a class=\"t2-post-link wp-block-t2-post-link\" href=\"https:\/\/mentalhelse.no\/ostfold\/aktuelt\/arsmote-2024\/\">\n\t<h2 class=\"t2-post-title wp-block-t2-post-title\">\u00c5rsm\u00f8te 2024 (NYTT STED!)<\/h2>\n\t<\/a>\n<\/div>\n\n<\/div>\n<\/div>\n\n","protected":false},"excerpt":{"rendered":"<p>Om oss Mental Helse \u00d8stfold dekker byene Sarpsborg, Fredrikstad, Moss og Omegn, Halden og Indre \u00d8stfold. Vi er en positiv gjeng og et meget engasjerende&#8230;<\/p>\n","protected":false},"author":1,"featured_media":0,"parent":0,"menu_order":0,"comment_status":"closed","ping_status":"closed","template":"","meta":{"t2_featured_media_focal_point":{"x":0.5,"y":0.5},"mh_hide_title":true,"e24d_chat_page_choice":"","footnotes":""},"class_list":["post-797","page","type-page","status-publish","hentry"],"yoast_head":"<!-- This site is optimized with the Yoast SEO Premium plugin v21.2 (Yoast SEO v21.2) - https:\/\/yoast.com\/wordpress\/plugins\/seo\/ -->\n<title>Om oss - Mental Helse - \u00d8stfold<\/title>\n<meta name=\"description\" content=\"Her kan du lese om oss i Mental Helse Drammen, og l\u00e6re mer om hva vi jobber med. Ta gjerne kontakt hvis du har noen sp\u00f8rsm\u00e5l!\" \/>\n<meta name=\"robots\" content=\"index, follow, max-snippet:-1, max-image-preview:large, max-video-preview:-1\" \/>\n<link rel=\"canonical\" href=\"https:\/\/mentalhelse.no\/ostfold\/om-oss\/\" \/>\n<meta property=\"og:locale\" content=\"nb_NO\" \/>\n<meta property=\"og:type\" content=\"article\" \/>\n<meta property=\"og:title\" content=\"Om oss\" \/>\n<meta property=\"og:description\" content=\"Her kan du lese om oss i Mental Helse Drammen, og l\u00e6re mer om hva vi jobber med. Ta gjerne kontakt hvis du har noen sp\u00f8rsm\u00e5l!\" \/>\n<meta property=\"og:url\" content=\"https:\/\/mentalhelse.no\/ostfold\/om-oss\/\" \/>\n<meta property=\"og:site_name\" content=\"\u00d8stfold\" \/>\n<meta property=\"article:modified_time\" content=\"2025-05-03T21:32:18+00:00\" \/>\n<meta property=\"og:image\" content=\"https:\/\/mentalhelse.no\/content\/uploads\/sites\/338\/2025\/05\/Nye-fylkesstyret-2025-966x1024.jpg\" \/>\n<meta name=\"twitter:card\" content=\"summary_large_image\" \/>\n<meta name=\"twitter:label1\" content=\"Ansl. lesetid\" \/>\n\t<meta name=\"twitter:data1\" content=\"2 minutter\" \/>\n<script type=\"application\/ld+json\" class=\"yoast-schema-graph\">{\"@context\":\"https:\/\/schema.org\",\"@graph\":[{\"@type\":\"WebPage\",\"@id\":\"https:\/\/mentalhelse.no\/ostfold\/om-oss\/\",\"url\":\"https:\/\/mentalhelse.no\/ostfold\/om-oss\/\",\"name\":\"Om oss - \u00d8stfold\",\"isPartOf\":{\"@id\":\"https:\/\/mentalhelse.no\/ostfold\/#website\"},\"datePublished\":\"2023-05-10T11:14:16+00:00\",\"dateModified\":\"2025-05-03T21:32:18+00:00\",\"description\":\"Her kan du lese om oss i Mental Helse Drammen, og l\u00e6re mer om hva vi jobber med. Ta gjerne kontakt hvis du har noen sp\u00f8rsm\u00e5l!\",\"breadcrumb\":{\"@id\":\"https:\/\/mentalhelse.no\/ostfold\/om-oss\/#breadcrumb\"},\"inLanguage\":\"nb-NO\",\"potentialAction\":[{\"@type\":\"ReadAction\",\"target\":[\"https:\/\/mentalhelse.no\/ostfold\/om-oss\/\"]}]},{\"@type\":\"BreadcrumbList\",\"@id\":\"https:\/\/mentalhelse.no\/ostfold\/om-oss\/#breadcrumb\",\"itemListElement\":[{\"@type\":\"ListItem\",\"position\":1,\"name\":\"Hjem\",\"item\":\"https:\/\/mentalhelse.no\/ostfold\/\"},{\"@type\":\"ListItem\",\"position\":2,\"name\":\"Om oss\"}]},{\"@type\":\"WebSite\",\"@id\":\"https:\/\/mentalhelse.no\/ostfold\/#website\",\"url\":\"https:\/\/mentalhelse.no\/ostfold\/\",\"name\":\"\u00d8stfold\",\"description\":\"\",\"potentialAction\":[{\"@type\":\"SearchAction\",\"target\":{\"@type\":\"EntryPoint\",\"urlTemplate\":\"https:\/\/mentalhelse.no\/ostfold\/?s={search_term_string}\"},\"query-input\":\"required name=search_term_string\"}],\"inLanguage\":\"nb-NO\"}]}<\/script>\n<!-- \/ Yoast SEO Premium plugin. -->","yoast_head_json":{"title":"Om oss - Mental Helse - \u00d8stfold","description":"Her kan du lese om oss i Mental Helse Drammen, og l\u00e6re mer om hva vi jobber med. Ta gjerne kontakt hvis du har noen sp\u00f8rsm\u00e5l!","robots":{"index":"index","follow":"follow","max-snippet":"max-snippet:-1","max-image-preview":"max-image-preview:large","max-video-preview":"max-video-preview:-1"},"canonical":"https:\/\/mentalhelse.no\/ostfold\/om-oss\/","og_locale":"nb_NO","og_type":"article","og_title":"Om oss","og_description":"Her kan du lese om oss i Mental Helse Drammen, og l\u00e6re mer om hva vi jobber med. Ta gjerne kontakt hvis du har noen sp\u00f8rsm\u00e5l!","og_url":"https:\/\/mentalhelse.no\/ostfold\/om-oss\/","og_site_name":"\u00d8stfold","article_modified_time":"2025-05-03T21:32:18+00:00","og_image":[{"url":"https:\/\/mentalhelse.no\/content\/uploads\/sites\/338\/2025\/05\/Nye-fylkesstyret-2025-966x1024.jpg"}],"twitter_card":"summary_large_image","twitter_misc":{"Ansl. lesetid":"2 minutter"},"schema":{"@context":"https:\/\/schema.org","@graph":[{"@type":"WebPage","@id":"https:\/\/mentalhelse.no\/ostfold\/om-oss\/","url":"https:\/\/mentalhelse.no\/ostfold\/om-oss\/","name":"Om oss - \u00d8stfold","isPartOf":{"@id":"https:\/\/mentalhelse.no\/ostfold\/#website"},"datePublished":"2023-05-10T11:14:16+00:00","dateModified":"2025-05-03T21:32:18+00:00","description":"Her kan du lese om oss i Mental Helse Drammen, og l\u00e6re mer om hva vi jobber med. Ta gjerne kontakt hvis du har noen sp\u00f8rsm\u00e5l!","breadcrumb":{"@id":"https:\/\/mentalhelse.no\/ostfold\/om-oss\/#breadcrumb"},"inLanguage":"nb-NO","potentialAction":[{"@type":"ReadAction","target":["https:\/\/mentalhelse.no\/ostfold\/om-oss\/"]}]},{"@type":"BreadcrumbList","@id":"https:\/\/mentalhelse.no\/ostfold\/om-oss\/#breadcrumb","itemListElement":[{"@type":"ListItem","position":1,"name":"Hjem","item":"https:\/\/mentalhelse.no\/ostfold\/"},{"@type":"ListItem","position":2,"name":"Om oss"}]},{"@type":"WebSite","@id":"https:\/\/mentalhelse.no\/ostfold\/#website","url":"https:\/\/mentalhelse.no\/ostfold\/","name":"\u00d8stfold","description":"","potentialAction":[{"@type":"SearchAction","target":{"@type":"EntryPoint","urlTemplate":"https:\/\/mentalhelse.no\/ostfold\/?s={search_term_string}"},"query-input":"required name=search_term_string"}],"inLanguage":"nb-NO"}]}},"_links":{"self":[{"href":"https:\/\/mentalhelse.no\/ostfold\/wp-json\/wp\/v2\/pages\/797","targetHints":{"allow":["GET"]}}],"collection":[{"href":"https:\/\/mentalhelse.no\/ostfold\/wp-json\/wp\/v2\/pages"}],"about":[{"href":"https:\/\/mentalhelse.no\/ostfold\/wp-json\/wp\/v2\/types\/page"}],"author":[{"embeddable":true,"href":"https:\/\/mentalhelse.no\/ostfold\/wp-json\/wp\/v2\/users\/1"}],"replies":[{"embeddable":true,"href":"https:\/\/mentalhelse.no\/ostfold\/wp-json\/wp\/v2\/comments?post=797"}],"version-history":[{"count":5,"href":"https:\/\/mentalhelse.no\/ostfold\/wp-json\/wp\/v2\/pages\/797\/revisions"}],"predecessor-version":[{"id":1112,"href":"https:\/\/mentalhelse.no\/ostfold\/wp-json\/wp\/v2\/pages\/797\/revisions\/1112"}],"wp:attachment":[{"href":"https:\/\/mentalhelse.no\/ostfold\/wp-json\/wp\/v2\/media?parent=797"}],"curies":[{"name":"wp","href":"https:\/\/api.w.org\/{rel}","templated":true}]}}