{"id":797,"date":"2023-05-10T11:14:16","date_gmt":"2023-05-10T11:14:16","guid":{"rendered":"https:\/\/mentalhelse.no\/viken\/?page_id=797"},"modified":"2026-01-27T18:34:15","modified_gmt":"2026-01-27T18:34:15","slug":"om-oss","status":"publish","type":"page","link":"https:\/\/mentalhelse.no\/raelingen\/om-oss\/","title":{"rendered":"Om oss"},"content":{"rendered":"\n<figure class=\"wp-block-image size-large\"><img loading=\"lazy\" decoding=\"async\" width=\"1024\" height=\"683\" src=\"https:\/\/mentalhelse.no\/content\/uploads\/sites\/334\/2023\/07\/aker-1024x683.jpg\" alt=\"\" class=\"wp-image-994\" srcset=\"https:\/\/mentalhelse.no\/content\/uploads\/sites\/334\/2023\/07\/aker-1024x683.jpg 1024w, https:\/\/mentalhelse.no\/content\/uploads\/sites\/334\/2023\/07\/aker-300x200.jpg 300w, https:\/\/mentalhelse.no\/content\/uploads\/sites\/334\/2023\/07\/aker-768x512.jpg 768w, https:\/\/mentalhelse.no\/content\/uploads\/sites\/334\/2023\/07\/aker-1536x1024.jpg 1536w, https:\/\/mentalhelse.no\/content\/uploads\/sites\/334\/2023\/07\/aker-2048x1365.jpg 2048w\" sizes=\"auto, (max-width: 1024px) 100vw, 1024px\" \/><\/figure>\n\n\n\n<h1 class=\"wp-block-heading\" id=\"h-om-oss\">Om oss<\/h1>\n\n\n\n<p>Mental Helse R\u00e6lingen er et lokallag i Akershus. Laget har n\u00e5 28 medlemmer. Med jevnlige medlemsaktiviteter som kafe bes\u00f8k, medlemsm\u00f8ter, g\u00e5turer, teater og konsert bes\u00f8k og sommerfest og julebord.<\/p>\n\n\n\n<p>Vi er ogs\u00e5 medlem av r\u00e5det for mennesker med nedsatt funksjonsevne i kommunen. <\/p>\n\n\n\n<p>\u00d8nsker du \u00e5 bli frivillig eller medlem hos oss? Da er du er hjertelig velkommen til \u00e5 ta kontakt med oss! <\/p>\n\n\n\n<h2 class=\"wp-block-heading\" id=\"h-styret\">Styret<\/h2>\n\n\n\n<p><strong>Leder<\/strong>: Gunnar Singstad<br><strong>Kasserer<\/strong>: Inger Marie Andresen<br><strong>Sekret\u00e6r<\/strong>: Ingrid Skjelmoen Mauritzen<br><strong>Styremedlem<\/strong>: Amela H. \u00d8ien<br><strong>Styremedlem<\/strong>: Mariann Olstad<br><strong>Styremedlem:<\/strong> Jarek Andre Gjelstad<br><strong>Vara:<\/strong> Arve Morten Jendem<\/p>\n\n\n\n<p><strong>E-post<\/strong>: <a href=\"mailto:raelingen@lokallag.mentalhelse.no\">raelingen@lokallag.mentalhelse.no<\/a><br><strong>Tlf<\/strong>: <a href=\"tel:46760034\">46760034<\/a><br><\/p>\n\n\n\n<div class=\"wp-block-group alignfull is-layout-constrained wp-block-group-is-layout-constrained\">\n<h3 class=\"wp-block-heading alignwide\" id=\"h-siste-nytt-fra-mental-helse-raelingen\">Siste nytt fra Mental Helse R\u00e6lingen<\/h3>\n<\/div>\n\n\n<div class=\"t2-featured-content-layout alignwide alignwide wp-block-t2-featured-content-layout\">\n<div class=\"t2-featured-query-post t2-featured-content is-post-type-news wp-block-t2-featured-query-post\"><a class=\"t2-post-link wp-block-t2-post-link\" href=\"https:\/\/mentalhelse.no\/raelingen\/aktuelt\/syntes-du-dognet-har-for-mange-timer-vi-i-mental-helse-raelingen-er-en-gjeng-med-godt-humor-som-far-timer-til-a-foles-som-minutter-vi-motes-bade-pa-dagtid-og-kveldstid-onsker-nye-medlemmer-velkomme\/\">\n\t<figure style=\"--t2-focal-point: 50% 50%;\" class=\"t2-post-featured-image has-image-ratio-16-9 wp-block-t2-post-featured-image\"><img loading=\"lazy\" decoding=\"async\" width=\"777\" height=\"346\" src=\"https:\/\/mentalhelse.no\/content\/uploads\/sites\/334\/2025\/10\/Mangfold.webp\" class=\"attachment-post-thumbnail size-post-thumbnail wp-post-image\" alt=\"\" srcset=\"https:\/\/mentalhelse.no\/content\/uploads\/sites\/334\/2025\/10\/Mangfold.webp 777w, https:\/\/mentalhelse.no\/content\/uploads\/sites\/334\/2025\/10\/Mangfold-300x134.webp 300w, https:\/\/mentalhelse.no\/content\/uploads\/sites\/334\/2025\/10\/Mangfold-768x342.webp 768w\" sizes=\"auto, (max-width: 777px) 100vw, 777px\" style=\"--focal-point: 50% 50%;\" \/><\/figure>\n<\/a>\n\n<div class=\"wp-block-group postinfo alignfull is-layout-flow wp-block-group-is-layout-flow\">\n\t<div class=\"wp-block-mentalhelse-post-category\">\n\t\t\t\t\t<div class=\"post-type\">\n\t\t\t\t\t\t<a href=\"https:\/\/mentalhelse.no\/raelingen\/aktuelt\/\">Nyheter<\/a>\n\t\t\t\t\t<\/div>\n\t\t\t\t\t\n\t\t\t\t\t<div class=\"post-category\">\n\t\t\t\t\t\t\n\t\t\t\t\t<\/div>\n\t\t\t<\/div>\n\t<a class=\"t2-post-link wp-block-t2-post-link\" href=\"https:\/\/mentalhelse.no\/raelingen\/aktuelt\/syntes-du-dognet-har-for-mange-timer-vi-i-mental-helse-raelingen-er-en-gjeng-med-godt-humor-som-far-timer-til-a-foles-som-minutter-vi-motes-bade-pa-dagtid-og-kveldstid-onsker-nye-medlemmer-velkomme\/\">\n\t<h2 class=\"t2-post-title wp-block-t2-post-title\">Syntes du d\u00f8gnet har for mange timer? Vi i Mental Helse R\u00e6lingen er en gjeng med godt hum\u00f8r som f\u00e5r timer til \u00e5 f\u00f8les som minutter. Vi m\u00f8tes b\u00e5de p\u00e5 dagtid og kveldstid. \u00d8nsker nye medlemmer velkommen. Har du noen sp\u00f8rsm\u00e5l ta gjerne kontakt.<\/h2>\n\t<\/a>\n<\/div>\n\n<\/div>\n\n<div class=\"t2-featured-query-post t2-featured-content is-post-type-news wp-block-t2-featured-query-post\"><a class=\"t2-post-link wp-block-t2-post-link\" href=\"https:\/\/mentalhelse.no\/raelingen\/aktuelt\/onsker-du-a-stotte-oss-med-din-grasrotandel-er-vi-veldig-takknemlig-mental-helse-raelingen\/\">\n\t<figure style=\"--t2-focal-point: 50% 50%;\" class=\"t2-post-featured-image has-image-ratio-16-9 wp-block-t2-post-featured-image\"><img loading=\"lazy\" decoding=\"async\" width=\"225\" height=\"225\" src=\"https:\/\/mentalhelse.no\/content\/uploads\/sites\/334\/2025\/10\/norsk-tipping.png\" class=\"attachment-post-thumbnail size-post-thumbnail wp-post-image\" alt=\"\" srcset=\"https:\/\/mentalhelse.no\/content\/uploads\/sites\/334\/2025\/10\/norsk-tipping.png 225w, https:\/\/mentalhelse.no\/content\/uploads\/sites\/334\/2025\/10\/norsk-tipping-150x150.png 150w\" sizes=\"auto, (max-width: 225px) 100vw, 225px\" style=\"--focal-point: 50% 50%;\" \/><\/figure>\n<\/a>\n\n<div class=\"wp-block-group postinfo alignfull is-layout-flow wp-block-group-is-layout-flow\">\n\t<div class=\"wp-block-mentalhelse-post-category\">\n\t\t\t\t\t<div class=\"post-type\">\n\t\t\t\t\t\t<a href=\"https:\/\/mentalhelse.no\/raelingen\/aktuelt\/\">Nyheter<\/a>\n\t\t\t\t\t<\/div>\n\t\t\t\t\t\n\t\t\t\t\t<div class=\"post-category\">\n\t\t\t\t\t\t\n\t\t\t\t\t<\/div>\n\t\t\t<\/div>\n\t<a class=\"t2-post-link wp-block-t2-post-link\" href=\"https:\/\/mentalhelse.no\/raelingen\/aktuelt\/onsker-du-a-stotte-oss-med-din-grasrotandel-er-vi-veldig-takknemlig-mental-helse-raelingen\/\">\n\t<h2 class=\"t2-post-title wp-block-t2-post-title\">\u00d8nsker du \u00e5 st\u00f8tte oss med din grasrotandel er vi veldig takknemlig. \n*Mental Helse R\u00e6lingen.<\/h2>\n\t<\/a>\n<\/div>\n\n<\/div>\n\n\n<\/div>","protected":false},"excerpt":{"rendered":"<p>Om oss Mental Helse R\u00e6lingen er et lokallag i Akershus. Laget har n\u00e5 28 medlemmer. Med jevnlige medlemsaktiviteter som kafe bes\u00f8k, medlemsm\u00f8ter, g\u00e5turer, teater og&#8230;<\/p>\n","protected":false},"author":1,"featured_media":0,"parent":0,"menu_order":0,"comment_status":"closed","ping_status":"closed","template":"","meta":{"t2_featured_media_focal_point":{"x":0.5,"y":0.5},"mh_hide_title":true,"e24d_chat_page_choice":"","footnotes":""},"class_list":["post-797","page","type-page","status-publish","hentry"],"yoast_head":"<!-- This site is optimized with the Yoast SEO Premium plugin v21.2 (Yoast SEO v21.2) - https:\/\/yoast.com\/wordpress\/plugins\/seo\/ -->\n<title>Om oss - Mental Helse - R\u00e6lingen<\/title>\n<meta name=\"description\" content=\"Her kan du lese om oss i Mental Helse R\u00e6lingen, og l\u00e6re mer om hva vi jobber med. Ta gjerne kontakt hvis du har noen sp\u00f8rsm\u00e5l!\" \/>\n<meta name=\"robots\" content=\"index, follow, max-snippet:-1, max-image-preview:large, max-video-preview:-1\" \/>\n<link rel=\"canonical\" href=\"https:\/\/mentalhelse.no\/raelingen\/om-oss\/\" \/>\n<meta property=\"og:locale\" content=\"nb_NO\" \/>\n<meta property=\"og:type\" content=\"article\" \/>\n<meta property=\"og:title\" content=\"Om oss\" \/>\n<meta property=\"og:description\" content=\"Her kan du lese om oss i Mental Helse R\u00e6lingen, og l\u00e6re mer om hva vi jobber med. Ta gjerne kontakt hvis du har noen sp\u00f8rsm\u00e5l!\" \/>\n<meta property=\"og:url\" content=\"https:\/\/mentalhelse.no\/raelingen\/om-oss\/\" \/>\n<meta property=\"og:site_name\" content=\"R\u00e6lingen\" \/>\n<meta property=\"article:modified_time\" content=\"2026-01-27T18:34:15+00:00\" \/>\n<meta property=\"og:image\" content=\"https:\/\/mentalhelse.no\/content\/uploads\/sites\/334\/2023\/07\/aker-1024x683.jpg\" \/>\n<meta name=\"twitter:card\" content=\"summary_large_image\" \/>\n<meta name=\"twitter:label1\" content=\"Ansl. lesetid\" \/>\n\t<meta name=\"twitter:data1\" content=\"1 minutt\" \/>\n<script type=\"application\/ld+json\" class=\"yoast-schema-graph\">{\"@context\":\"https:\/\/schema.org\",\"@graph\":[{\"@type\":\"WebPage\",\"@id\":\"https:\/\/mentalhelse.no\/raelingen\/om-oss\/\",\"url\":\"https:\/\/mentalhelse.no\/raelingen\/om-oss\/\",\"name\":\"Om oss - R\u00e6lingen\",\"isPartOf\":{\"@id\":\"https:\/\/mentalhelse.no\/raelingen\/#website\"},\"datePublished\":\"2023-05-10T11:14:16+00:00\",\"dateModified\":\"2026-01-27T18:34:15+00:00\",\"description\":\"Her kan du lese om oss i Mental Helse R\u00e6lingen, og l\u00e6re mer om hva vi jobber med. Ta gjerne kontakt hvis du har noen sp\u00f8rsm\u00e5l!\",\"breadcrumb\":{\"@id\":\"https:\/\/mentalhelse.no\/raelingen\/om-oss\/#breadcrumb\"},\"inLanguage\":\"nb-NO\",\"potentialAction\":[{\"@type\":\"ReadAction\",\"target\":[\"https:\/\/mentalhelse.no\/raelingen\/om-oss\/\"]}]},{\"@type\":\"BreadcrumbList\",\"@id\":\"https:\/\/mentalhelse.no\/raelingen\/om-oss\/#breadcrumb\",\"itemListElement\":[{\"@type\":\"ListItem\",\"position\":1,\"name\":\"Hjem\",\"item\":\"https:\/\/mentalhelse.no\/raelingen\/\"},{\"@type\":\"ListItem\",\"position\":2,\"name\":\"Om oss\"}]},{\"@type\":\"WebSite\",\"@id\":\"https:\/\/mentalhelse.no\/raelingen\/#website\",\"url\":\"https:\/\/mentalhelse.no\/raelingen\/\",\"name\":\"R\u00e6lingen\",\"description\":\"\",\"potentialAction\":[{\"@type\":\"SearchAction\",\"target\":{\"@type\":\"EntryPoint\",\"urlTemplate\":\"https:\/\/mentalhelse.no\/raelingen\/?s={search_term_string}\"},\"query-input\":\"required name=search_term_string\"}],\"inLanguage\":\"nb-NO\"}]}<\/script>\n<!-- \/ Yoast SEO Premium plugin. -->","yoast_head_json":{"title":"Om oss - Mental Helse - R\u00e6lingen","description":"Her kan du lese om oss i Mental Helse R\u00e6lingen, og l\u00e6re mer om hva vi jobber med. Ta gjerne kontakt hvis du har noen sp\u00f8rsm\u00e5l!","robots":{"index":"index","follow":"follow","max-snippet":"max-snippet:-1","max-image-preview":"max-image-preview:large","max-video-preview":"max-video-preview:-1"},"canonical":"https:\/\/mentalhelse.no\/raelingen\/om-oss\/","og_locale":"nb_NO","og_type":"article","og_title":"Om oss","og_description":"Her kan du lese om oss i Mental Helse R\u00e6lingen, og l\u00e6re mer om hva vi jobber med. Ta gjerne kontakt hvis du har noen sp\u00f8rsm\u00e5l!","og_url":"https:\/\/mentalhelse.no\/raelingen\/om-oss\/","og_site_name":"R\u00e6lingen","article_modified_time":"2026-01-27T18:34:15+00:00","og_image":[{"url":"https:\/\/mentalhelse.no\/content\/uploads\/sites\/334\/2023\/07\/aker-1024x683.jpg"}],"twitter_card":"summary_large_image","twitter_misc":{"Ansl. lesetid":"1 minutt"},"schema":{"@context":"https:\/\/schema.org","@graph":[{"@type":"WebPage","@id":"https:\/\/mentalhelse.no\/raelingen\/om-oss\/","url":"https:\/\/mentalhelse.no\/raelingen\/om-oss\/","name":"Om oss - R\u00e6lingen","isPartOf":{"@id":"https:\/\/mentalhelse.no\/raelingen\/#website"},"datePublished":"2023-05-10T11:14:16+00:00","dateModified":"2026-01-27T18:34:15+00:00","description":"Her kan du lese om oss i Mental Helse R\u00e6lingen, og l\u00e6re mer om hva vi jobber med. Ta gjerne kontakt hvis du har noen sp\u00f8rsm\u00e5l!","breadcrumb":{"@id":"https:\/\/mentalhelse.no\/raelingen\/om-oss\/#breadcrumb"},"inLanguage":"nb-NO","potentialAction":[{"@type":"ReadAction","target":["https:\/\/mentalhelse.no\/raelingen\/om-oss\/"]}]},{"@type":"BreadcrumbList","@id":"https:\/\/mentalhelse.no\/raelingen\/om-oss\/#breadcrumb","itemListElement":[{"@type":"ListItem","position":1,"name":"Hjem","item":"https:\/\/mentalhelse.no\/raelingen\/"},{"@type":"ListItem","position":2,"name":"Om oss"}]},{"@type":"WebSite","@id":"https:\/\/mentalhelse.no\/raelingen\/#website","url":"https:\/\/mentalhelse.no\/raelingen\/","name":"R\u00e6lingen","description":"","potentialAction":[{"@type":"SearchAction","target":{"@type":"EntryPoint","urlTemplate":"https:\/\/mentalhelse.no\/raelingen\/?s={search_term_string}"},"query-input":"required name=search_term_string"}],"inLanguage":"nb-NO"}]}},"_links":{"self":[{"href":"https:\/\/mentalhelse.no\/raelingen\/wp-json\/wp\/v2\/pages\/797","targetHints":{"allow":["GET"]}}],"collection":[{"href":"https:\/\/mentalhelse.no\/raelingen\/wp-json\/wp\/v2\/pages"}],"about":[{"href":"https:\/\/mentalhelse.no\/raelingen\/wp-json\/wp\/v2\/types\/page"}],"author":[{"embeddable":true,"href":"https:\/\/mentalhelse.no\/raelingen\/wp-json\/wp\/v2\/users\/1"}],"replies":[{"embeddable":true,"href":"https:\/\/mentalhelse.no\/raelingen\/wp-json\/wp\/v2\/comments?post=797"}],"version-history":[{"count":5,"href":"https:\/\/mentalhelse.no\/raelingen\/wp-json\/wp\/v2\/pages\/797\/revisions"}],"predecessor-version":[{"id":1055,"href":"https:\/\/mentalhelse.no\/raelingen\/wp-json\/wp\/v2\/pages\/797\/revisions\/1055"}],"wp:attachment":[{"href":"https:\/\/mentalhelse.no\/raelingen\/wp-json\/wp\/v2\/media?parent=797"}],"curies":[{"name":"wp","href":"https:\/\/api.w.org\/{rel}","templated":true}]}}