{"id":797,"date":"2023-05-10T11:14:16","date_gmt":"2023-05-10T11:14:16","guid":{"rendered":"https:\/\/mentalhelse.no\/viken\/?page_id=797"},"modified":"2026-02-24T08:07:37","modified_gmt":"2026-02-24T08:07:37","slug":"om-oss","status":"publish","type":"page","link":"https:\/\/mentalhelse.no\/sandefjord\/om-oss\/","title":{"rendered":"Om oss"},"content":{"rendered":"\n<figure class=\"wp-block-image size-large\"><img loading=\"lazy\" decoding=\"async\" width=\"1024\" height=\"576\" src=\"https:\/\/mentalhelse.no\/content\/uploads\/sites\/282\/2023\/11\/Hvalfangstmonumentet-1-1024x576.jpg\" alt=\"\" class=\"wp-image-1035\" srcset=\"https:\/\/mentalhelse.no\/content\/uploads\/sites\/282\/2023\/11\/Hvalfangstmonumentet-1-1024x576.jpg 1024w, https:\/\/mentalhelse.no\/content\/uploads\/sites\/282\/2023\/11\/Hvalfangstmonumentet-1-300x169.jpg 300w, https:\/\/mentalhelse.no\/content\/uploads\/sites\/282\/2023\/11\/Hvalfangstmonumentet-1-768x432.jpg 768w, https:\/\/mentalhelse.no\/content\/uploads\/sites\/282\/2023\/11\/Hvalfangstmonumentet-1.jpg 1200w\" sizes=\"auto, (max-width: 1024px) 100vw, 1024px\" \/><\/figure>\n\n\n\n<h1 class=\"wp-block-heading\" id=\"h-om-oss\">Om oss<\/h1>\n\n\n\n<p>Mental Helse Sandefjord er et lokallag i Vestfold og Telemark. Lokallaget har i overkant av 50 medlemmer, og arrangerer jevnlige medlemsaktiviteter.<\/p>\n\n\n\n<p>\u00d8nsker du \u00e5 bli medlem hos oss? Da er du er hjertelig velkommen til \u00e5 ta kontakt med oss! <\/p>\n\n\n<div class=\"t2-featured-content-layout align align wp-block-t2-featured-content-layout\"><\/div>\n\n\n<h2 class=\"wp-block-heading\" id=\"h-styret\">Styret<\/h2>\n\n\n\n<p><strong>Leder:&nbsp;<\/strong>Gustav L\u00f8venhjelm<br><strong>Kasserer:<\/strong>&nbsp;Nathalie Solstad S\u00e6le<br><strong>Styremedlemmer:<\/strong> Benjamin Th\u00f8rnquist<\/p>\n\n\n\n<p><strong>Vara medlem:<\/strong> Elsa Adler<\/p>\n\n\n\n<div class=\"wp-block-group alignfull is-layout-constrained wp-block-group-is-layout-constrained\">\n<h3 class=\"wp-block-heading alignwide\" id=\"h-siste-nytt-fra-mental-helse-sandefjord\">Siste nytt fra Mental Helse Sandefjord<\/h3>\n<\/div>\n\n\n<div class=\"t2-featured-content-layout alignwide alignwide wp-block-t2-featured-content-layout\">\n<div class=\"t2-featured-query-post t2-featured-content is-post-type-news wp-block-t2-featured-query-post\"><a class=\"t2-post-link wp-block-t2-post-link\" href=\"https:\/\/mentalhelse.no\/sandefjord\/aktuelt\/fullforing-av-arsmotet-2026\/\">\n\t<figure style=\"--t2-focal-point: 50% 50%;\" class=\"t2-post-featured-image has-image-ratio-16-9 wp-block-t2-post-featured-image\"><img loading=\"lazy\" decoding=\"async\" width=\"1320\" height=\"743\" src=\"https:\/\/mentalhelse.no\/content\/uploads\/sites\/282\/2023\/12\/Inkalling-Arsmote-1.jpg\" class=\"attachment-post-thumbnail size-post-thumbnail wp-post-image\" alt=\"\" srcset=\"https:\/\/mentalhelse.no\/content\/uploads\/sites\/282\/2023\/12\/Inkalling-Arsmote-1.jpg 1320w, https:\/\/mentalhelse.no\/content\/uploads\/sites\/282\/2023\/12\/Inkalling-Arsmote-1-300x169.jpg 300w, https:\/\/mentalhelse.no\/content\/uploads\/sites\/282\/2023\/12\/Inkalling-Arsmote-1-1024x576.jpg 1024w, https:\/\/mentalhelse.no\/content\/uploads\/sites\/282\/2023\/12\/Inkalling-Arsmote-1-768x432.jpg 768w\" sizes=\"auto, (max-width: 1320px) 100vw, 1320px\" style=\"--focal-point: 50% 50%;\" \/><\/figure>\n<\/a>\n\n<div class=\"wp-block-group postinfo alignfull is-layout-flow wp-block-group-is-layout-flow\">\n\t<div class=\"wp-block-mentalhelse-post-category\">\n\t\t\t\t\t<div class=\"post-type\">\n\t\t\t\t\t\t<a href=\"https:\/\/mentalhelse.no\/sandefjord\/aktuelt\/\">Nyheter<\/a>\n\t\t\t\t\t<\/div>\n\t\t\t\t\t\n\t\t\t\t\t<div class=\"post-category\">\n\t\t\t\t\t\t\n\t\t\t\t\t<\/div>\n\t\t\t<\/div>\n\t<a class=\"t2-post-link wp-block-t2-post-link\" href=\"https:\/\/mentalhelse.no\/sandefjord\/aktuelt\/fullforing-av-arsmotet-2026\/\">\n\t<h2 class=\"t2-post-title wp-block-t2-post-title\">Fullf\u00f8ring av \u00e5rsm\u00f8tet 2026.<\/h2>\n\t<\/a>\n<\/div>\n\n<\/div>\n\n<div class=\"t2-featured-query-post t2-featured-content is-post-type-news wp-block-t2-featured-query-post\"><a class=\"t2-post-link wp-block-t2-post-link\" href=\"https:\/\/mentalhelse.no\/sandefjord\/aktuelt\/arsmote-papirene-2026\/\">\n\t<figure style=\"--t2-focal-point: 50% 50%;\" class=\"t2-post-featured-image has-image-ratio-16-9 wp-block-t2-post-featured-image\"><img loading=\"lazy\" decoding=\"async\" width=\"960\" height=\"467\" src=\"https:\/\/mentalhelse.no\/content\/uploads\/sites\/282\/2026\/01\/Arsmote-A.jpg\" class=\"attachment-post-thumbnail size-post-thumbnail wp-post-image\" alt=\"\" srcset=\"https:\/\/mentalhelse.no\/content\/uploads\/sites\/282\/2026\/01\/Arsmote-A.jpg 960w, https:\/\/mentalhelse.no\/content\/uploads\/sites\/282\/2026\/01\/Arsmote-A-300x146.jpg 300w, https:\/\/mentalhelse.no\/content\/uploads\/sites\/282\/2026\/01\/Arsmote-A-768x374.jpg 768w\" sizes=\"auto, (max-width: 960px) 100vw, 960px\" style=\"--focal-point: 50% 50%;\" \/><\/figure>\n<\/a>\n\n<div class=\"wp-block-group postinfo alignfull is-layout-flow wp-block-group-is-layout-flow\">\n\t<div class=\"wp-block-mentalhelse-post-category\">\n\t\t\t\t\t<div class=\"post-type\">\n\t\t\t\t\t\t<a href=\"https:\/\/mentalhelse.no\/sandefjord\/aktuelt\/\">Nyheter<\/a>\n\t\t\t\t\t<\/div>\n\t\t\t\t\t\n\t\t\t\t\t<div class=\"post-category\">\n\t\t\t\t\t\t\n\t\t\t\t\t<\/div>\n\t\t\t<\/div>\n\t<a class=\"t2-post-link wp-block-t2-post-link\" href=\"https:\/\/mentalhelse.no\/sandefjord\/aktuelt\/arsmote-papirene-2026\/\">\n\t<h2 class=\"t2-post-title wp-block-t2-post-title\">\u00c5rsm\u00f8tepapirene 2026<\/h2>\n\t<\/a>\n<\/div>\n\n<\/div>\n\n<div class=\"t2-featured-query-post t2-featured-content is-post-type-news wp-block-t2-featured-query-post\"><a class=\"t2-post-link wp-block-t2-post-link\" href=\"https:\/\/mentalhelse.no\/sandefjord\/aktuelt\/julebord-2025\/\">\n\t<figure style=\"--t2-focal-point: 50% 50%;\" class=\"t2-post-featured-image has-image-ratio-16-9 wp-block-t2-post-featured-image\"><img loading=\"lazy\" decoding=\"async\" width=\"282\" height=\"200\" src=\"https:\/\/mentalhelse.no\/content\/uploads\/sites\/282\/2025\/12\/i284008264426791871._szw440h440_.jpg\" class=\"attachment-post-thumbnail size-post-thumbnail wp-post-image\" alt=\"\" style=\"--focal-point: 50% 50%;\" \/><\/figure>\n<\/a>\n\n<div class=\"wp-block-group postinfo alignfull is-layout-flow wp-block-group-is-layout-flow\">\n\t<div class=\"wp-block-mentalhelse-post-category\">\n\t\t\t\t\t<div class=\"post-type\">\n\t\t\t\t\t\t<a href=\"https:\/\/mentalhelse.no\/sandefjord\/aktuelt\/\">Nyheter<\/a>\n\t\t\t\t\t<\/div>\n\t\t\t\t\t\n\t\t\t\t\t<div class=\"post-category\">\n\t\t\t\t\t\t\n\t\t\t\t\t<\/div>\n\t\t\t<\/div>\n\t<a class=\"t2-post-link wp-block-t2-post-link\" href=\"https:\/\/mentalhelse.no\/sandefjord\/aktuelt\/julebord-2025\/\">\n\t<h2 class=\"t2-post-title wp-block-t2-post-title\">Julebord 2025<\/h2>\n\t<\/a>\n<\/div>\n\n<\/div>\n<\/div>","protected":false},"excerpt":{"rendered":"<p>Om oss Mental Helse Sandefjord er et lokallag i Vestfold og Telemark. Lokallaget har i overkant av 50 medlemmer, og arrangerer jevnlige medlemsaktiviteter. \u00d8nsker du&#8230;<\/p>\n","protected":false},"author":1,"featured_media":0,"parent":0,"menu_order":0,"comment_status":"closed","ping_status":"closed","template":"","meta":{"t2_featured_media_focal_point":{"x":0.5,"y":0.5},"mh_hide_title":true,"e24d_chat_page_choice":"","footnotes":""},"class_list":["post-797","page","type-page","status-publish","hentry"],"yoast_head":"<!-- This site is optimized with the Yoast SEO Premium plugin v21.2 (Yoast SEO v21.2) - https:\/\/yoast.com\/wordpress\/plugins\/seo\/ -->\n<title>Om oss - Mental Helse - Sandefjord<\/title>\n<meta name=\"description\" content=\"Her kan du lese om oss i Mental Helse Sandefjord, og l\u00e6re mer om hva vi jobber med. Ta gjerne kontakt hvis du har noen sp\u00f8rsm\u00e5l!\" \/>\n<meta name=\"robots\" content=\"index, follow, max-snippet:-1, max-image-preview:large, max-video-preview:-1\" \/>\n<link rel=\"canonical\" href=\"https:\/\/mentalhelse.no\/sandefjord\/om-oss\/\" \/>\n<meta property=\"og:locale\" content=\"nb_NO\" \/>\n<meta property=\"og:type\" content=\"article\" \/>\n<meta property=\"og:title\" content=\"Om oss\" \/>\n<meta property=\"og:description\" content=\"Her kan du lese om oss i Mental Helse Sandefjord, og l\u00e6re mer om hva vi jobber med. Ta gjerne kontakt hvis du har noen sp\u00f8rsm\u00e5l!\" \/>\n<meta property=\"og:url\" content=\"https:\/\/mentalhelse.no\/sandefjord\/om-oss\/\" \/>\n<meta property=\"og:site_name\" content=\"Sandefjord\" \/>\n<meta property=\"article:modified_time\" content=\"2026-02-24T08:07:37+00:00\" \/>\n<meta property=\"og:image\" content=\"https:\/\/mentalhelse.no\/content\/uploads\/sites\/282\/2023\/11\/Hvalfangstmonumentet-1-1024x576.jpg\" \/>\n<meta name=\"twitter:card\" content=\"summary_large_image\" \/>\n<meta name=\"twitter:label1\" content=\"Ansl. lesetid\" \/>\n\t<meta name=\"twitter:data1\" content=\"1 minutt\" \/>\n<script type=\"application\/ld+json\" class=\"yoast-schema-graph\">{\"@context\":\"https:\/\/schema.org\",\"@graph\":[{\"@type\":\"WebPage\",\"@id\":\"https:\/\/mentalhelse.no\/sandefjord\/om-oss\/\",\"url\":\"https:\/\/mentalhelse.no\/sandefjord\/om-oss\/\",\"name\":\"Om oss - Sandefjord\",\"isPartOf\":{\"@id\":\"https:\/\/mentalhelse.no\/sandefjord\/#website\"},\"datePublished\":\"2023-05-10T11:14:16+00:00\",\"dateModified\":\"2026-02-24T08:07:37+00:00\",\"description\":\"Her kan du lese om oss i Mental Helse Sandefjord, og l\u00e6re mer om hva vi jobber med. Ta gjerne kontakt hvis du har noen sp\u00f8rsm\u00e5l!\",\"breadcrumb\":{\"@id\":\"https:\/\/mentalhelse.no\/sandefjord\/om-oss\/#breadcrumb\"},\"inLanguage\":\"nb-NO\",\"potentialAction\":[{\"@type\":\"ReadAction\",\"target\":[\"https:\/\/mentalhelse.no\/sandefjord\/om-oss\/\"]}]},{\"@type\":\"BreadcrumbList\",\"@id\":\"https:\/\/mentalhelse.no\/sandefjord\/om-oss\/#breadcrumb\",\"itemListElement\":[{\"@type\":\"ListItem\",\"position\":1,\"name\":\"Hjem\",\"item\":\"https:\/\/mentalhelse.no\/sandefjord\/\"},{\"@type\":\"ListItem\",\"position\":2,\"name\":\"Om oss\"}]},{\"@type\":\"WebSite\",\"@id\":\"https:\/\/mentalhelse.no\/sandefjord\/#website\",\"url\":\"https:\/\/mentalhelse.no\/sandefjord\/\",\"name\":\"Sandefjord\",\"description\":\"\",\"potentialAction\":[{\"@type\":\"SearchAction\",\"target\":{\"@type\":\"EntryPoint\",\"urlTemplate\":\"https:\/\/mentalhelse.no\/sandefjord\/?s={search_term_string}\"},\"query-input\":\"required name=search_term_string\"}],\"inLanguage\":\"nb-NO\"}]}<\/script>\n<!-- \/ Yoast SEO Premium plugin. -->","yoast_head_json":{"title":"Om oss - Mental Helse - Sandefjord","description":"Her kan du lese om oss i Mental Helse Sandefjord, og l\u00e6re mer om hva vi jobber med. Ta gjerne kontakt hvis du har noen sp\u00f8rsm\u00e5l!","robots":{"index":"index","follow":"follow","max-snippet":"max-snippet:-1","max-image-preview":"max-image-preview:large","max-video-preview":"max-video-preview:-1"},"canonical":"https:\/\/mentalhelse.no\/sandefjord\/om-oss\/","og_locale":"nb_NO","og_type":"article","og_title":"Om oss","og_description":"Her kan du lese om oss i Mental Helse Sandefjord, og l\u00e6re mer om hva vi jobber med. Ta gjerne kontakt hvis du har noen sp\u00f8rsm\u00e5l!","og_url":"https:\/\/mentalhelse.no\/sandefjord\/om-oss\/","og_site_name":"Sandefjord","article_modified_time":"2026-02-24T08:07:37+00:00","og_image":[{"url":"https:\/\/mentalhelse.no\/content\/uploads\/sites\/282\/2023\/11\/Hvalfangstmonumentet-1-1024x576.jpg"}],"twitter_card":"summary_large_image","twitter_misc":{"Ansl. lesetid":"1 minutt"},"schema":{"@context":"https:\/\/schema.org","@graph":[{"@type":"WebPage","@id":"https:\/\/mentalhelse.no\/sandefjord\/om-oss\/","url":"https:\/\/mentalhelse.no\/sandefjord\/om-oss\/","name":"Om oss - Sandefjord","isPartOf":{"@id":"https:\/\/mentalhelse.no\/sandefjord\/#website"},"datePublished":"2023-05-10T11:14:16+00:00","dateModified":"2026-02-24T08:07:37+00:00","description":"Her kan du lese om oss i Mental Helse Sandefjord, og l\u00e6re mer om hva vi jobber med. Ta gjerne kontakt hvis du har noen sp\u00f8rsm\u00e5l!","breadcrumb":{"@id":"https:\/\/mentalhelse.no\/sandefjord\/om-oss\/#breadcrumb"},"inLanguage":"nb-NO","potentialAction":[{"@type":"ReadAction","target":["https:\/\/mentalhelse.no\/sandefjord\/om-oss\/"]}]},{"@type":"BreadcrumbList","@id":"https:\/\/mentalhelse.no\/sandefjord\/om-oss\/#breadcrumb","itemListElement":[{"@type":"ListItem","position":1,"name":"Hjem","item":"https:\/\/mentalhelse.no\/sandefjord\/"},{"@type":"ListItem","position":2,"name":"Om oss"}]},{"@type":"WebSite","@id":"https:\/\/mentalhelse.no\/sandefjord\/#website","url":"https:\/\/mentalhelse.no\/sandefjord\/","name":"Sandefjord","description":"","potentialAction":[{"@type":"SearchAction","target":{"@type":"EntryPoint","urlTemplate":"https:\/\/mentalhelse.no\/sandefjord\/?s={search_term_string}"},"query-input":"required name=search_term_string"}],"inLanguage":"nb-NO"}]}},"_links":{"self":[{"href":"https:\/\/mentalhelse.no\/sandefjord\/wp-json\/wp\/v2\/pages\/797","targetHints":{"allow":["GET"]}}],"collection":[{"href":"https:\/\/mentalhelse.no\/sandefjord\/wp-json\/wp\/v2\/pages"}],"about":[{"href":"https:\/\/mentalhelse.no\/sandefjord\/wp-json\/wp\/v2\/types\/page"}],"author":[{"embeddable":true,"href":"https:\/\/mentalhelse.no\/sandefjord\/wp-json\/wp\/v2\/users\/1"}],"replies":[{"embeddable":true,"href":"https:\/\/mentalhelse.no\/sandefjord\/wp-json\/wp\/v2\/comments?post=797"}],"version-history":[{"count":4,"href":"https:\/\/mentalhelse.no\/sandefjord\/wp-json\/wp\/v2\/pages\/797\/revisions"}],"predecessor-version":[{"id":1343,"href":"https:\/\/mentalhelse.no\/sandefjord\/wp-json\/wp\/v2\/pages\/797\/revisions\/1343"}],"wp:attachment":[{"href":"https:\/\/mentalhelse.no\/sandefjord\/wp-json\/wp\/v2\/media?parent=797"}],"curies":[{"name":"wp","href":"https:\/\/api.w.org\/{rel}","templated":true}]}}