{"id":797,"date":"2023-05-10T11:14:16","date_gmt":"2023-05-10T11:14:16","guid":{"rendered":"https:\/\/mentalhelse.no\/viken\/?page_id=797"},"modified":"2026-03-17T10:23:30","modified_gmt":"2026-03-17T10:23:30","slug":"om-oss","status":"publish","type":"page","link":"https:\/\/mentalhelse.no\/sarpsborg\/om-oss\/","title":{"rendered":"Om oss"},"content":{"rendered":"\n<figure class=\"wp-block-image size-large\"><img loading=\"lazy\" decoding=\"async\" width=\"1024\" height=\"576\" src=\"https:\/\/mentalhelse.no\/content\/uploads\/sites\/344\/2023\/06\/Solnedgang-1024x576.jpg\" alt=\"\" class=\"wp-image-998\" srcset=\"https:\/\/mentalhelse.no\/content\/uploads\/sites\/344\/2023\/06\/Solnedgang-1024x576.jpg 1024w, https:\/\/mentalhelse.no\/content\/uploads\/sites\/344\/2023\/06\/Solnedgang-300x169.jpg 300w, https:\/\/mentalhelse.no\/content\/uploads\/sites\/344\/2023\/06\/Solnedgang-768x432.jpg 768w, https:\/\/mentalhelse.no\/content\/uploads\/sites\/344\/2023\/06\/Solnedgang-1536x864.jpg 1536w, https:\/\/mentalhelse.no\/content\/uploads\/sites\/344\/2023\/06\/Solnedgang-2048x1152.jpg 2048w\" sizes=\"auto, (max-width: 1024px) 100vw, 1024px\" \/><\/figure>\n\n\n\n<h1 class=\"wp-block-heading\" id=\"h-om-oss\">Om oss<\/h1>\n\n\n\n<p>Sarpsborg er et lokallag i \u00d8stfold. De har rundt 650 medlemmer, og dekker Sarpsborg kommune. <\/p>\n\n\n\n<p>Torsdager i partallsuker m\u00f8tes vi p\u00e5 Helsehuset i Sarpsborg kl 18:00 hvor vi har \u00c5pent Treffpunkt. <\/p>\n\n\n\n<p>\u00d8nsker du \u00e5 bli frivillig eller medlem hos oss? Da er du er hjertelig velkommen til \u00e5 ta kontakt med oss! <\/p>\n\n\n\n<h2 class=\"wp-block-heading\" id=\"h-styret\">Styret<\/h2>\n\n\n\n<div class=\"wp-block-group is-vertical is-layout-flex wp-container-core-group-is-layout-1 wp-block-group-is-layout-flex\">\n<p class=\"has-text-align-left\"><strong>Leder<\/strong>: <\/p>\n\n\n\n<p class=\"has-text-align-left\">Connie Yven<br>tlf: 94 81 48 00, e-post: <a href=\"sarpsborg@mentalhelse.no\">sarpsborg@mentalhelse.no <\/a><br><strong>Nestleder<\/strong>:<\/p>\n\n\n\n<p class=\"has-text-align-left\">Aud Haarseth Dahl<br>tlf: 980 52 577, e-post: <a href=\"mailto:sarpsborg@mentalhelse.no\">sarpsborg@mentalhelse.no <\/a><br><strong>Kasserer<\/strong>:&nbsp;<\/p>\n\n\n\n<p class=\"has-text-align-left\">\u00d8yvind Dahl<br>tlf: 99 71 62 57. e-post: <a href=\"mailto:dahoyaud@gmail.com\">dahoyaud@gmail.com<\/a><\/p>\n\n\n\n<p class=\"has-text-align-left\"><strong>Styremedlemmer:<\/strong><\/p>\n\n\n\n<p class=\"has-text-align-left\">Grethe Johansen<\/p>\n\n\n\n<p>Ziba Amind<\/p>\n\n\n\n<p>May Lill Arnesen<\/p>\n\n\n\n<p>Robert Nordli<\/p>\n\n\n\n<p>Frank Hoffman<\/p>\n\n\n\n<p>Jon-Erik Olavesen<\/p>\n<\/div>\n\n\n\n<div class=\"wp-block-group alignfull is-layout-constrained wp-block-group-is-layout-constrained\">\n<h3 class=\"wp-block-heading alignwide\" id=\"h-siste-nytt-fra-mental-helse-sarpsborg\">Siste nytt fra Mental Helse Sarpsborg<\/h3>\n<\/div>\n\n\n<div class=\"t2-featured-content-layout alignwide alignwide wp-block-t2-featured-content-layout\">\n<div class=\"t2-featured-query-post t2-featured-content is-post-type-news wp-block-t2-featured-query-post\"><a class=\"t2-post-link wp-block-t2-post-link\" href=\"https:\/\/mentalhelse.no\/sarpsborg\/aktuelt\/vi-markerte-verdensdagen-for-psykisk-helse\/\">\n\t<figure style=\"--t2-focal-point: 50% 50%;\" class=\"t2-post-featured-image has-image-ratio-16-9 wp-block-t2-post-featured-image\"><img loading=\"lazy\" decoding=\"async\" width=\"2048\" height=\"1536\" src=\"https:\/\/mentalhelse.no\/content\/uploads\/sites\/344\/2024\/10\/462316353_922040226639946_5228902158912795931_n.jpg\" class=\"attachment-post-thumbnail size-post-thumbnail wp-post-image\" alt=\"\" srcset=\"https:\/\/mentalhelse.no\/content\/uploads\/sites\/344\/2024\/10\/462316353_922040226639946_5228902158912795931_n.jpg 2048w, https:\/\/mentalhelse.no\/content\/uploads\/sites\/344\/2024\/10\/462316353_922040226639946_5228902158912795931_n-300x225.jpg 300w, https:\/\/mentalhelse.no\/content\/uploads\/sites\/344\/2024\/10\/462316353_922040226639946_5228902158912795931_n-1024x768.jpg 1024w, https:\/\/mentalhelse.no\/content\/uploads\/sites\/344\/2024\/10\/462316353_922040226639946_5228902158912795931_n-768x576.jpg 768w, https:\/\/mentalhelse.no\/content\/uploads\/sites\/344\/2024\/10\/462316353_922040226639946_5228902158912795931_n-1536x1152.jpg 1536w\" sizes=\"auto, (max-width: 2048px) 100vw, 2048px\" style=\"--focal-point: 50% 50%;\" \/><\/figure>\n<\/a>\n\n<div class=\"wp-block-group postinfo alignfull is-layout-flow wp-block-group-is-layout-flow\">\n\t<div class=\"wp-block-mentalhelse-post-category\">\n\t\t\t\t\t<div class=\"post-type\">\n\t\t\t\t\t\t<a href=\"https:\/\/mentalhelse.no\/sarpsborg\/aktuelt\/\">Nyheter<\/a>\n\t\t\t\t\t<\/div>\n\t\t\t\t\t\n\t\t\t\t\t<div class=\"post-category\">\n\t\t\t\t\t\t\n\t\t\t\t\t<\/div>\n\t\t\t<\/div>\n\t<a class=\"t2-post-link wp-block-t2-post-link\" href=\"https:\/\/mentalhelse.no\/sarpsborg\/aktuelt\/vi-markerte-verdensdagen-for-psykisk-helse\/\">\n\t<h2 class=\"t2-post-title wp-block-t2-post-title\">Vi markerte Verdensdagen for psykisk helse<\/h2>\n\t<\/a>\n<\/div>\n\n<\/div>\n\n<div class=\"t2-featured-query-post t2-featured-content is-post-type-news wp-block-t2-featured-query-post\"><a class=\"t2-post-link wp-block-t2-post-link\" href=\"https:\/\/mentalhelse.no\/sarpsborg\/aktuelt\/vel-gjennomfort-arsmote-2024\/\">\n\t<figure style=\"--t2-focal-point: 50% 50%;\" class=\"t2-post-featured-image has-image-ratio-16-9 wp-block-t2-post-featured-image\"><img loading=\"lazy\" decoding=\"async\" width=\"2560\" height=\"1920\" src=\"https:\/\/mentalhelse.no\/content\/uploads\/sites\/344\/2024\/02\/423454474_780494207319280_6730411784955101812_n-scaled.jpg\" class=\"attachment-post-thumbnail size-post-thumbnail wp-post-image\" alt=\"\" srcset=\"https:\/\/mentalhelse.no\/content\/uploads\/sites\/344\/2024\/02\/423454474_780494207319280_6730411784955101812_n-scaled.jpg 2560w, https:\/\/mentalhelse.no\/content\/uploads\/sites\/344\/2024\/02\/423454474_780494207319280_6730411784955101812_n-300x225.jpg 300w, https:\/\/mentalhelse.no\/content\/uploads\/sites\/344\/2024\/02\/423454474_780494207319280_6730411784955101812_n-1024x768.jpg 1024w, https:\/\/mentalhelse.no\/content\/uploads\/sites\/344\/2024\/02\/423454474_780494207319280_6730411784955101812_n-768x576.jpg 768w, https:\/\/mentalhelse.no\/content\/uploads\/sites\/344\/2024\/02\/423454474_780494207319280_6730411784955101812_n-1536x1152.jpg 1536w, https:\/\/mentalhelse.no\/content\/uploads\/sites\/344\/2024\/02\/423454474_780494207319280_6730411784955101812_n-2048x1536.jpg 2048w\" sizes=\"auto, (max-width: 2560px) 100vw, 2560px\" style=\"--focal-point: 50% 50%;\" \/><\/figure>\n<\/a>\n\n<div class=\"wp-block-group postinfo alignfull is-layout-flow wp-block-group-is-layout-flow\">\n\t<div class=\"wp-block-mentalhelse-post-category\">\n\t\t\t\t\t<div class=\"post-type\">\n\t\t\t\t\t\t<a href=\"https:\/\/mentalhelse.no\/sarpsborg\/aktuelt\/\">Nyheter<\/a>\n\t\t\t\t\t<\/div>\n\t\t\t\t\t\n\t\t\t\t\t<div class=\"post-category\">\n\t\t\t\t\t\t\n\t\t\t\t\t<\/div>\n\t\t\t<\/div>\n\t<a class=\"t2-post-link wp-block-t2-post-link\" href=\"https:\/\/mentalhelse.no\/sarpsborg\/aktuelt\/vel-gjennomfort-arsmote-2024\/\">\n\t<h2 class=\"t2-post-title wp-block-t2-post-title\">Vel gjennomf\u00f8rt \u00e5rsm\u00f8te 2024<\/h2>\n\t<\/a>\n<\/div>\n\n<\/div>\n\n<div class=\"t2-featured-query-post t2-featured-content is-post-type-news wp-block-t2-featured-query-post\"><a class=\"t2-post-link wp-block-t2-post-link\" href=\"https:\/\/mentalhelse.no\/sarpsborg\/aktuelt\/arsmote-2024\/\">\n\t<figure style=\"--t2-focal-point: 50% 50%;\" class=\"t2-post-featured-image has-image-ratio-16-9 wp-block-t2-post-featured-image\"><img loading=\"lazy\" decoding=\"async\" width=\"960\" height=\"641\" src=\"https:\/\/mentalhelse.no\/content\/uploads\/sites\/344\/2024\/02\/3033F058-C19D-417F-8394-D4C98C1C571D.jpeg\" class=\"attachment-post-thumbnail size-post-thumbnail wp-post-image\" alt=\"\" srcset=\"https:\/\/mentalhelse.no\/content\/uploads\/sites\/344\/2024\/02\/3033F058-C19D-417F-8394-D4C98C1C571D.jpeg 960w, https:\/\/mentalhelse.no\/content\/uploads\/sites\/344\/2024\/02\/3033F058-C19D-417F-8394-D4C98C1C571D-300x200.jpeg 300w, https:\/\/mentalhelse.no\/content\/uploads\/sites\/344\/2024\/02\/3033F058-C19D-417F-8394-D4C98C1C571D-768x513.jpeg 768w\" sizes=\"auto, (max-width: 960px) 100vw, 960px\" style=\"--focal-point: 50% 50%;\" \/><\/figure>\n<\/a>\n\n<div class=\"wp-block-group postinfo alignfull is-layout-flow wp-block-group-is-layout-flow\">\n\t<div class=\"wp-block-mentalhelse-post-category\">\n\t\t\t\t\t<div class=\"post-type\">\n\t\t\t\t\t\t<a href=\"https:\/\/mentalhelse.no\/sarpsborg\/aktuelt\/\">Nyheter<\/a>\n\t\t\t\t\t<\/div>\n\t\t\t\t\t\n\t\t\t\t\t<div class=\"post-category\">\n\t\t\t\t\t\t\n\t\t\t\t\t<\/div>\n\t\t\t<\/div>\n\t<a class=\"t2-post-link wp-block-t2-post-link\" href=\"https:\/\/mentalhelse.no\/sarpsborg\/aktuelt\/arsmote-2024\/\">\n\t<h2 class=\"t2-post-title wp-block-t2-post-title\">\u00c5rsm\u00f8te 2024<\/h2>\n\t<\/a>\n<\/div>\n\n<\/div>\n<\/div>","protected":false},"excerpt":{"rendered":"<p>Om oss Sarpsborg er et lokallag i \u00d8stfold. De har rundt 650 medlemmer, og dekker Sarpsborg kommune. Torsdager i partallsuker m\u00f8tes vi p\u00e5 Helsehuset i&#8230;<\/p>\n","protected":false},"author":1,"featured_media":0,"parent":0,"menu_order":0,"comment_status":"closed","ping_status":"closed","template":"","meta":{"t2_featured_media_focal_point":{"x":0.5,"y":0.5},"mh_hide_title":true,"e24d_chat_page_choice":"","footnotes":""},"class_list":["post-797","page","type-page","status-publish","hentry"],"yoast_head":"<!-- This site is optimized with the Yoast SEO Premium plugin v21.2 (Yoast SEO v21.2) - https:\/\/yoast.com\/wordpress\/plugins\/seo\/ -->\n<title>Om oss - Sarpsborg<\/title>\n<meta name=\"description\" content=\"Her kan du lese om oss i Mental Helse Sarpsborg, og l\u00e6re mer om hva vi jobber med. Ta gjerne kontakt hvis du har noen sp\u00f8rsm\u00e5l!\" \/>\n<meta name=\"robots\" content=\"index, follow, max-snippet:-1, max-image-preview:large, max-video-preview:-1\" \/>\n<link rel=\"canonical\" href=\"https:\/\/mentalhelse.no\/sarpsborg\/om-oss\/\" \/>\n<meta property=\"og:locale\" content=\"nb_NO\" \/>\n<meta property=\"og:type\" content=\"article\" \/>\n<meta property=\"og:title\" content=\"Om oss\" \/>\n<meta property=\"og:description\" content=\"Her kan du lese om oss i Mental Helse Sarpsborg, og l\u00e6re mer om hva vi jobber med. Ta gjerne kontakt hvis du har noen sp\u00f8rsm\u00e5l!\" \/>\n<meta property=\"og:url\" content=\"https:\/\/mentalhelse.no\/sarpsborg\/om-oss\/\" \/>\n<meta property=\"og:site_name\" content=\"Sarpsborg\" \/>\n<meta property=\"article:modified_time\" content=\"2026-03-17T10:23:30+00:00\" \/>\n<meta property=\"og:image\" content=\"https:\/\/mentalhelse.no\/content\/uploads\/sites\/344\/2023\/06\/Solnedgang-1024x576.jpg\" \/>\n<meta name=\"twitter:card\" content=\"summary_large_image\" \/>\n<meta name=\"twitter:label1\" content=\"Ansl. lesetid\" \/>\n\t<meta name=\"twitter:data1\" content=\"1 minutt\" \/>\n<script type=\"application\/ld+json\" class=\"yoast-schema-graph\">{\"@context\":\"https:\/\/schema.org\",\"@graph\":[{\"@type\":\"WebPage\",\"@id\":\"https:\/\/mentalhelse.no\/sarpsborg\/om-oss\/\",\"url\":\"https:\/\/mentalhelse.no\/sarpsborg\/om-oss\/\",\"name\":\"Om oss - Sarpsborg\",\"isPartOf\":{\"@id\":\"https:\/\/mentalhelse.no\/sarpsborg\/#website\"},\"datePublished\":\"2023-05-10T11:14:16+00:00\",\"dateModified\":\"2026-03-17T10:23:30+00:00\",\"description\":\"Her kan du lese om oss i Mental Helse Sarpsborg, og l\u00e6re mer om hva vi jobber med. Ta gjerne kontakt hvis du har noen sp\u00f8rsm\u00e5l!\",\"breadcrumb\":{\"@id\":\"https:\/\/mentalhelse.no\/sarpsborg\/om-oss\/#breadcrumb\"},\"inLanguage\":\"nb-NO\",\"potentialAction\":[{\"@type\":\"ReadAction\",\"target\":[\"https:\/\/mentalhelse.no\/sarpsborg\/om-oss\/\"]}]},{\"@type\":\"BreadcrumbList\",\"@id\":\"https:\/\/mentalhelse.no\/sarpsborg\/om-oss\/#breadcrumb\",\"itemListElement\":[{\"@type\":\"ListItem\",\"position\":1,\"name\":\"Hjem\",\"item\":\"https:\/\/mentalhelse.no\/sarpsborg\/\"},{\"@type\":\"ListItem\",\"position\":2,\"name\":\"Om oss\"}]},{\"@type\":\"WebSite\",\"@id\":\"https:\/\/mentalhelse.no\/sarpsborg\/#website\",\"url\":\"https:\/\/mentalhelse.no\/sarpsborg\/\",\"name\":\"Sarpsborg\",\"description\":\"\",\"potentialAction\":[{\"@type\":\"SearchAction\",\"target\":{\"@type\":\"EntryPoint\",\"urlTemplate\":\"https:\/\/mentalhelse.no\/sarpsborg\/?s={search_term_string}\"},\"query-input\":\"required name=search_term_string\"}],\"inLanguage\":\"nb-NO\"}]}<\/script>\n<!-- \/ Yoast SEO Premium plugin. -->","yoast_head_json":{"title":"Om oss - Sarpsborg","description":"Her kan du lese om oss i Mental Helse Sarpsborg, og l\u00e6re mer om hva vi jobber med. Ta gjerne kontakt hvis du har noen sp\u00f8rsm\u00e5l!","robots":{"index":"index","follow":"follow","max-snippet":"max-snippet:-1","max-image-preview":"max-image-preview:large","max-video-preview":"max-video-preview:-1"},"canonical":"https:\/\/mentalhelse.no\/sarpsborg\/om-oss\/","og_locale":"nb_NO","og_type":"article","og_title":"Om oss","og_description":"Her kan du lese om oss i Mental Helse Sarpsborg, og l\u00e6re mer om hva vi jobber med. Ta gjerne kontakt hvis du har noen sp\u00f8rsm\u00e5l!","og_url":"https:\/\/mentalhelse.no\/sarpsborg\/om-oss\/","og_site_name":"Sarpsborg","article_modified_time":"2026-03-17T10:23:30+00:00","og_image":[{"url":"https:\/\/mentalhelse.no\/content\/uploads\/sites\/344\/2023\/06\/Solnedgang-1024x576.jpg"}],"twitter_card":"summary_large_image","twitter_misc":{"Ansl. lesetid":"1 minutt"},"schema":{"@context":"https:\/\/schema.org","@graph":[{"@type":"WebPage","@id":"https:\/\/mentalhelse.no\/sarpsborg\/om-oss\/","url":"https:\/\/mentalhelse.no\/sarpsborg\/om-oss\/","name":"Om oss - Sarpsborg","isPartOf":{"@id":"https:\/\/mentalhelse.no\/sarpsborg\/#website"},"datePublished":"2023-05-10T11:14:16+00:00","dateModified":"2026-03-17T10:23:30+00:00","description":"Her kan du lese om oss i Mental Helse Sarpsborg, og l\u00e6re mer om hva vi jobber med. Ta gjerne kontakt hvis du har noen sp\u00f8rsm\u00e5l!","breadcrumb":{"@id":"https:\/\/mentalhelse.no\/sarpsborg\/om-oss\/#breadcrumb"},"inLanguage":"nb-NO","potentialAction":[{"@type":"ReadAction","target":["https:\/\/mentalhelse.no\/sarpsborg\/om-oss\/"]}]},{"@type":"BreadcrumbList","@id":"https:\/\/mentalhelse.no\/sarpsborg\/om-oss\/#breadcrumb","itemListElement":[{"@type":"ListItem","position":1,"name":"Hjem","item":"https:\/\/mentalhelse.no\/sarpsborg\/"},{"@type":"ListItem","position":2,"name":"Om oss"}]},{"@type":"WebSite","@id":"https:\/\/mentalhelse.no\/sarpsborg\/#website","url":"https:\/\/mentalhelse.no\/sarpsborg\/","name":"Sarpsborg","description":"","potentialAction":[{"@type":"SearchAction","target":{"@type":"EntryPoint","urlTemplate":"https:\/\/mentalhelse.no\/sarpsborg\/?s={search_term_string}"},"query-input":"required name=search_term_string"}],"inLanguage":"nb-NO"}]}},"_links":{"self":[{"href":"https:\/\/mentalhelse.no\/sarpsborg\/wp-json\/wp\/v2\/pages\/797","targetHints":{"allow":["GET"]}}],"collection":[{"href":"https:\/\/mentalhelse.no\/sarpsborg\/wp-json\/wp\/v2\/pages"}],"about":[{"href":"https:\/\/mentalhelse.no\/sarpsborg\/wp-json\/wp\/v2\/types\/page"}],"author":[{"embeddable":true,"href":"https:\/\/mentalhelse.no\/sarpsborg\/wp-json\/wp\/v2\/users\/1"}],"replies":[{"embeddable":true,"href":"https:\/\/mentalhelse.no\/sarpsborg\/wp-json\/wp\/v2\/comments?post=797"}],"version-history":[{"count":4,"href":"https:\/\/mentalhelse.no\/sarpsborg\/wp-json\/wp\/v2\/pages\/797\/revisions"}],"predecessor-version":[{"id":1156,"href":"https:\/\/mentalhelse.no\/sarpsborg\/wp-json\/wp\/v2\/pages\/797\/revisions\/1156"}],"wp:attachment":[{"href":"https:\/\/mentalhelse.no\/sarpsborg\/wp-json\/wp\/v2\/media?parent=797"}],"curies":[{"name":"wp","href":"https:\/\/api.w.org\/{rel}","templated":true}]}}