{"id":756,"date":"2023-05-09T11:55:25","date_gmt":"2023-05-09T11:55:25","guid":{"rendered":"https:\/\/mentalhelse.no\/viken\/?page_id=756"},"modified":"2026-03-03T06:21:46","modified_gmt":"2026-03-03T06:21:46","slug":"drammen","status":"publish","type":"page","link":"https:\/\/mentalhelse.no\/senja\/","title":{"rendered":"Senja\/ S\u00e1\u017e\u017e\u00e1"},"content":{"rendered":"\n\t<div style=\"--t2-hero-dim:0.5;\" class=\"t2-hero t2-hero-content-position-center-left t2-hero-has-dim-50 t2-hero-image-position-right t2-hero-has-image alignfull is-style-two-one wp-block-t2-hero\">\n\t\t<img decoding=\"async\" width=\"768\" height=\"1024\" src=\"https:\/\/mentalhelse.no\/content\/uploads\/sites\/293\/2026\/02\/20260207_135855-768x1024.jpg\" class=\"t2-hero__image\" alt=\"\" style=\"object-position: 50% 50%; --focal-point: 51% 50%;\" loading=\"eager\" fetchpriority=\"high\" srcset=\"https:\/\/mentalhelse.no\/content\/uploads\/sites\/293\/2026\/02\/20260207_135855-768x1024.jpg 768w, https:\/\/mentalhelse.no\/content\/uploads\/sites\/293\/2026\/02\/20260207_135855-225x300.jpg 225w, https:\/\/mentalhelse.no\/content\/uploads\/sites\/293\/2026\/02\/20260207_135855-1152x1536.jpg 1152w, https:\/\/mentalhelse.no\/content\/uploads\/sites\/293\/2026\/02\/20260207_135855-1536x2048.jpg 1536w, https:\/\/mentalhelse.no\/content\/uploads\/sites\/293\/2026\/02\/20260207_135855-scaled.jpg 1920w\" sizes=\"(max-width: 768px) 100vw, 768px\" \/>\n\t\t<div class=\"t2-hero__header\"><div class=\"t2-hero__header__content\">\n<h1 class=\"has-text-align-left alignwide wp-block-post-title\">Senja\/ S\u00e1\u017e\u017e\u00e1<\/h1>\n\n\n<p>Lokallaget Mental Helse Senja gjenoppstartet i januar 2026. Senja kommune ble etablert i 2020 ved sammensl\u00e5ing av kommunene Lenvik, Torsken, Berg og Tran\u00f8y. Mental Helse Senja har ikke egne lokaler.<\/p>\n\n\n\n<div class=\"wp-block-buttons is-layout-flex wp-block-buttons-is-layout-flex\">\n<div class=\"wp-block-button is-style-outline is-style-outline--1\"><a class=\"wp-block-button__link wp-element-button\" href=\"https:\/\/mentalhelse.no\/senja\/om-oss\/\">Om oss<\/a><\/div>\n<\/div>\n\n<\/div><\/div>\n\t<\/div>\n\n\n\n\n<div class=\"wp-block-group alignfull is-layout-constrained wp-block-group-is-layout-constrained\">\n<h3 class=\"wp-block-heading alignwide\" id=\"h-siste-nytt-fra-mental-helse-senja\">Siste nytt fra Mental Helse Senja<\/h3>\n<\/div>\n\n\n<div class=\"t2-featured-content-layout alignwide alignwide wp-block-t2-featured-content-layout\">\n<div class=\"t2-featured-query-post t2-featured-content is-post-type-news wp-block-t2-featured-query-post\"><a class=\"t2-post-link wp-block-t2-post-link\" href=\"https:\/\/mentalhelse.no\/senja\/aktuelt\/en-inspirerende-arsmotehelg\/\">\n\t<figure style=\"--t2-focal-point: 53% 20%;\" class=\"t2-post-featured-image has-image-ratio-16-9 wp-block-t2-post-featured-image\"><img loading=\"lazy\" decoding=\"async\" width=\"2560\" height=\"1928\" src=\"https:\/\/mentalhelse.no\/content\/uploads\/sites\/293\/2026\/04\/Fylkesarsmote2026_01-scaled.jpg\" class=\"attachment-post-thumbnail size-post-thumbnail wp-post-image\" alt=\"Bilde fra Fylkes\u00e5rsm\u00f8tet i Troms\u00f8 april 2026, delegater fra Mental Helse Senja.\" srcset=\"https:\/\/mentalhelse.no\/content\/uploads\/sites\/293\/2026\/04\/Fylkesarsmote2026_01-scaled.jpg 2560w, https:\/\/mentalhelse.no\/content\/uploads\/sites\/293\/2026\/04\/Fylkesarsmote2026_01-300x226.jpg 300w, https:\/\/mentalhelse.no\/content\/uploads\/sites\/293\/2026\/04\/Fylkesarsmote2026_01-1024x771.jpg 1024w, https:\/\/mentalhelse.no\/content\/uploads\/sites\/293\/2026\/04\/Fylkesarsmote2026_01-768x578.jpg 768w, https:\/\/mentalhelse.no\/content\/uploads\/sites\/293\/2026\/04\/Fylkesarsmote2026_01-1536x1157.jpg 1536w, https:\/\/mentalhelse.no\/content\/uploads\/sites\/293\/2026\/04\/Fylkesarsmote2026_01-2048x1542.jpg 2048w\" sizes=\"auto, (max-width: 2560px) 100vw, 2560px\" style=\"--focal-point: 53% 20%;\" \/><\/figure>\n<\/a>\n\n<div class=\"wp-block-group postinfo alignfull is-layout-flow wp-block-group-is-layout-flow\">\n\t<div class=\"wp-block-mentalhelse-post-category\">\n\t\t\t\t\t<div class=\"post-type\">\n\t\t\t\t\t\t<a href=\"https:\/\/mentalhelse.no\/senja\/aktuelt\/\">Nyheter<\/a>\n\t\t\t\t\t<\/div>\n\t\t\t\t\t\n\t\t\t\t\t<div class=\"post-category\">\n\t\t\t\t\t\t\n\t\t\t\t\t<\/div>\n\t\t\t<\/div>\n\t<a class=\"t2-post-link wp-block-t2-post-link\" href=\"https:\/\/mentalhelse.no\/senja\/aktuelt\/en-inspirerende-arsmotehelg\/\">\n\t<h2 class=\"t2-post-title wp-block-t2-post-title\">En inspirerende \u00e5rsm\u00f8tehelg!<\/h2>\n\t<\/a>\n<\/div>\n\n<\/div>\n\n<div class=\"t2-featured-query-post t2-featured-content is-post-type-news wp-block-t2-featured-query-post\"><a class=\"t2-post-link wp-block-t2-post-link\" href=\"https:\/\/mentalhelse.no\/senja\/aktuelt\/vi-soker-frivillige\/\">\n\t<figure style=\"--t2-focal-point: 51% 32%;\" class=\"t2-post-featured-image has-image-ratio-16-9 wp-block-t2-post-featured-image\"><img loading=\"lazy\" decoding=\"async\" width=\"1748\" height=\"2480\" src=\"https:\/\/mentalhelse.no\/content\/uploads\/sites\/293\/2026\/04\/MHS-frivillige-plakat-april-26.png\" class=\"attachment-post-thumbnail size-post-thumbnail wp-post-image\" alt=\"Mental Helse Senja s\u00f8ker frivillige til \u00e5 v\u00e6re med n\u00e5r vi arrangerer lesesirkel, tegneklubb, plein air. Vi s\u00f8ker ogs\u00e5 frivillige til andre ting. Hva er DU interessert i?\" srcset=\"https:\/\/mentalhelse.no\/content\/uploads\/sites\/293\/2026\/04\/MHS-frivillige-plakat-april-26.png 1748w, https:\/\/mentalhelse.no\/content\/uploads\/sites\/293\/2026\/04\/MHS-frivillige-plakat-april-26-211x300.png 211w, https:\/\/mentalhelse.no\/content\/uploads\/sites\/293\/2026\/04\/MHS-frivillige-plakat-april-26-722x1024.png 722w, https:\/\/mentalhelse.no\/content\/uploads\/sites\/293\/2026\/04\/MHS-frivillige-plakat-april-26-768x1090.png 768w, https:\/\/mentalhelse.no\/content\/uploads\/sites\/293\/2026\/04\/MHS-frivillige-plakat-april-26-1083x1536.png 1083w, https:\/\/mentalhelse.no\/content\/uploads\/sites\/293\/2026\/04\/MHS-frivillige-plakat-april-26-1444x2048.png 1444w\" sizes=\"auto, (max-width: 1748px) 100vw, 1748px\" style=\"--focal-point: 51% 32%;\" \/><\/figure>\n<\/a>\n\n<div class=\"wp-block-group postinfo alignfull is-layout-flow wp-block-group-is-layout-flow\">\n\t<div class=\"wp-block-mentalhelse-post-category\">\n\t\t\t\t\t<div class=\"post-type\">\n\t\t\t\t\t\t<a href=\"https:\/\/mentalhelse.no\/senja\/aktuelt\/\">Nyheter<\/a>\n\t\t\t\t\t<\/div>\n\t\t\t\t\t\n\t\t\t\t\t<div class=\"post-category\">\n\t\t\t\t\t\t\n\t\t\t\t\t<\/div>\n\t\t\t<\/div>\n\t<a class=\"t2-post-link wp-block-t2-post-link\" href=\"https:\/\/mentalhelse.no\/senja\/aktuelt\/vi-soker-frivillige\/\">\n\t<h2 class=\"t2-post-title wp-block-t2-post-title\">Vi s\u00f8ker frivillige!<\/h2>\n\t<\/a>\n<\/div>\n\n<\/div>\n\n<div class=\"t2-featured-query-post t2-featured-content is-post-type-news wp-block-t2-featured-query-post\"><a class=\"t2-post-link wp-block-t2-post-link\" href=\"https:\/\/mentalhelse.no\/senja\/aktuelt\/oppdatering-etter-arsmotet-17-mars\/\">\n\t<figure style=\"--t2-focal-point: 50% 42%;\" class=\"t2-post-featured-image has-image-ratio-16-9 wp-block-t2-post-featured-image\"><img loading=\"lazy\" decoding=\"async\" width=\"2560\" height=\"2560\" src=\"https:\/\/mentalhelse.no\/content\/uploads\/sites\/293\/2026\/03\/20240930_122353-scaled.jpg\" class=\"attachment-post-thumbnail size-post-thumbnail wp-post-image\" alt=\"\" srcset=\"https:\/\/mentalhelse.no\/content\/uploads\/sites\/293\/2026\/03\/20240930_122353-scaled.jpg 2560w, https:\/\/mentalhelse.no\/content\/uploads\/sites\/293\/2026\/03\/20240930_122353-300x300.jpg 300w, https:\/\/mentalhelse.no\/content\/uploads\/sites\/293\/2026\/03\/20240930_122353-1024x1024.jpg 1024w, https:\/\/mentalhelse.no\/content\/uploads\/sites\/293\/2026\/03\/20240930_122353-150x150.jpg 150w, https:\/\/mentalhelse.no\/content\/uploads\/sites\/293\/2026\/03\/20240930_122353-768x768.jpg 768w, https:\/\/mentalhelse.no\/content\/uploads\/sites\/293\/2026\/03\/20240930_122353-1536x1536.jpg 1536w, https:\/\/mentalhelse.no\/content\/uploads\/sites\/293\/2026\/03\/20240930_122353-2048x2048.jpg 2048w\" sizes=\"auto, (max-width: 2560px) 100vw, 2560px\" style=\"--focal-point: 50% 42%;\" \/><\/figure>\n<\/a>\n\n<div class=\"wp-block-group postinfo alignfull is-layout-flow wp-block-group-is-layout-flow\">\n\t<div class=\"wp-block-mentalhelse-post-category\">\n\t\t\t\t\t<div class=\"post-type\">\n\t\t\t\t\t\t<a href=\"https:\/\/mentalhelse.no\/senja\/aktuelt\/\">Nyheter<\/a>\n\t\t\t\t\t<\/div>\n\t\t\t\t\t\n\t\t\t\t\t<div class=\"post-category\">\n\t\t\t\t\t\t\n\t\t\t\t\t<\/div>\n\t\t\t<\/div>\n\t<a class=\"t2-post-link wp-block-t2-post-link\" href=\"https:\/\/mentalhelse.no\/senja\/aktuelt\/oppdatering-etter-arsmotet-17-mars\/\">\n\t<h2 class=\"t2-post-title wp-block-t2-post-title\">Oppdatering etter \u00e5rsm\u00f8tet 17.mars<\/h2>\n\t<\/a>\n<\/div>\n\n<\/div>\n<\/div>\n\n\n\t\t<div class=\"mh-related-posts alignfull alignfull wp-block-mentalhelse-related-posts brown-light-mode\">\n\t\t\t<div class=\"mh-related-posts__inner\">\n\t\t\t\t\n\n<h3 class=\"wp-block-heading\" id=\"h-nyheter-fra-mental-helse\">Nyheter fra Mental Helse<\/h3>\n\n\n<div class=\"t2-featured-content-layout alignwide alignwide wp-block-t2-featured-content-layout\">\n<div class=\"t2-featured-query-post t2-featured-content is-post-type-news is-style-default wp-block-t2-featured-query-post t2-featured-content-layout-col-4\"><a class=\"t2-post-link wp-block-t2-post-link\" href=\"https:\/\/mentalhelse.no\/aktuelt\/nettverk-for-selvmordsforebygging-i-gang-igjen\/\">\n\t<figure style=\"--t2-focal-point: 50% 50%;\" class=\"t2-post-featured-image has-image-ratio-16-9 wp-block-t2-post-featured-image\"><img loading=\"lazy\" decoding=\"async\" width=\"1736\" height=\"1080\" src=\"https:\/\/mentalhelse.no\/content\/uploads\/2026\/04\/nettverk-for-selvmordsforebygging-30.04.2026.jpg\" class=\"attachment-post-thumbnail size-post-thumbnail wp-post-image\" alt=\"\" srcset=\"https:\/\/mentalhelse.no\/content\/uploads\/2026\/04\/nettverk-for-selvmordsforebygging-30.04.2026.jpg 1736w, https:\/\/mentalhelse.no\/content\/uploads\/2026\/04\/nettverk-for-selvmordsforebygging-30.04.2026-300x187.jpg 300w, https:\/\/mentalhelse.no\/content\/uploads\/2026\/04\/nettverk-for-selvmordsforebygging-30.04.2026-1024x637.jpg 1024w, https:\/\/mentalhelse.no\/content\/uploads\/2026\/04\/nettverk-for-selvmordsforebygging-30.04.2026-768x478.jpg 768w, https:\/\/mentalhelse.no\/content\/uploads\/2026\/04\/nettverk-for-selvmordsforebygging-30.04.2026-1536x956.jpg 1536w\" sizes=\"auto, (max-width: 1736px) 100vw, 1736px\" style=\"--focal-point: 50% 50%;\" \/><\/figure>\n<\/a>\n\n<div class=\"wp-block-group postinfo alignfull is-layout-flow wp-block-group-is-layout-flow\">\n\t<div class=\"wp-block-mentalhelse-post-category\">\n\t\t\t\t\t<div class=\"post-type\">\n\t\t\t\t\t\t<a href=\"https:\/\/mentalhelse.no\/aktuelt\/\">Nyheter<\/a>\n\t\t\t\t\t<\/div>\n\t\t\t\t\t\n\t\t\t\t\t<div class=\"post-category\">\n\t\t\t\t\t\t\n\t\t\t\t\t<\/div>\n\t\t\t<\/div>\n\t<a class=\"t2-post-link wp-block-t2-post-link\" href=\"https:\/\/mentalhelse.no\/aktuelt\/nettverk-for-selvmordsforebygging-i-gang-igjen\/\">\n\t<h2 class=\"t2-post-title wp-block-t2-post-title\">Nettverk for selvmordsforebygging i gang igjen<\/h2>\n\t<\/a>\n<\/div>\n\n<\/div>\n\n<div class=\"t2-featured-query-post t2-featured-content is-post-type-news news_category-press-release is-style-default wp-block-t2-featured-query-post t2-featured-content-layout-col-4\"><a class=\"t2-post-link wp-block-t2-post-link\" href=\"https:\/\/mentalhelse.no\/aktuelt\/selvmord-et-samfunnsproblem-som-kan-loses\/\">\n\t<figure style=\"--t2-focal-point: 50% 50%;\" class=\"t2-post-featured-image has-image-ratio-16-9 wp-block-t2-post-featured-image\"><img loading=\"lazy\" decoding=\"async\" width=\"2560\" height=\"1707\" src=\"https:\/\/mentalhelse.no\/content\/uploads\/2026\/04\/731fb7be-871a-467b-9dde-dbd5907dce45-scaled.jpg\" class=\"attachment-post-thumbnail size-post-thumbnail wp-post-image\" alt=\"\" srcset=\"https:\/\/mentalhelse.no\/content\/uploads\/2026\/04\/731fb7be-871a-467b-9dde-dbd5907dce45-scaled.jpg 2560w, https:\/\/mentalhelse.no\/content\/uploads\/2026\/04\/731fb7be-871a-467b-9dde-dbd5907dce45-300x200.jpg 300w, https:\/\/mentalhelse.no\/content\/uploads\/2026\/04\/731fb7be-871a-467b-9dde-dbd5907dce45-1024x683.jpg 1024w, https:\/\/mentalhelse.no\/content\/uploads\/2026\/04\/731fb7be-871a-467b-9dde-dbd5907dce45-768x512.jpg 768w, https:\/\/mentalhelse.no\/content\/uploads\/2026\/04\/731fb7be-871a-467b-9dde-dbd5907dce45-1536x1024.jpg 1536w, https:\/\/mentalhelse.no\/content\/uploads\/2026\/04\/731fb7be-871a-467b-9dde-dbd5907dce45-2048x1365.jpg 2048w\" sizes=\"auto, (max-width: 2560px) 100vw, 2560px\" style=\"--focal-point: 50% 50%;\" \/><\/figure>\n<\/a>\n\n<div class=\"wp-block-group postinfo alignfull is-layout-flow wp-block-group-is-layout-flow\">\n\t<div class=\"wp-block-mentalhelse-post-category\">\n\t\t\t\t\t<div class=\"post-type\">\n\t\t\t\t\t\t<a href=\"https:\/\/mentalhelse.no\/aktuelt\/\">Nyheter<\/a>\n\t\t\t\t\t<\/div>\n\t\t\t\t\t<div class=\"separator\"><\/div>\n\t\t\t\t\t<div class=\"post-category\">\n\t\t\t\t\t\t<a href=\"https:\/\/mentalhelse.no\/aktuelt-kategori\/press-release\/\">Pressemelding<\/a>\n\t\t\t\t\t<\/div>\n\t\t\t<\/div>\n\t<a class=\"t2-post-link wp-block-t2-post-link\" href=\"https:\/\/mentalhelse.no\/aktuelt\/selvmord-et-samfunnsproblem-som-kan-loses\/\">\n\t<h2 class=\"t2-post-title wp-block-t2-post-title\">Selvmord \u2013 et samfunnsproblem som kan l\u00f8ses<\/h2>\n\t<\/a>\n<\/div>\n\n<\/div>\n\n<div class=\"t2-featured-query-post t2-featured-content is-post-type-news news_category-press-release is-style-default wp-block-t2-featured-query-post t2-featured-content-layout-col-4\"><a class=\"t2-post-link wp-block-t2-post-link\" href=\"https:\/\/mentalhelse.no\/aktuelt\/tillit-er-beredskap\/\">\n\t<figure style=\"--t2-focal-point: 50% 50%;\" class=\"t2-post-featured-image has-image-ratio-16-9 wp-block-t2-post-featured-image\"><img loading=\"lazy\" decoding=\"async\" width=\"960\" height=\"540\" src=\"https:\/\/mentalhelse.no\/content\/uploads\/2026\/04\/00d597fd-8c57-482f-b465-59e354a9f058.png\" class=\"attachment-post-thumbnail size-post-thumbnail wp-post-image\" alt=\"\" srcset=\"https:\/\/mentalhelse.no\/content\/uploads\/2026\/04\/00d597fd-8c57-482f-b465-59e354a9f058.png 960w, https:\/\/mentalhelse.no\/content\/uploads\/2026\/04\/00d597fd-8c57-482f-b465-59e354a9f058-300x169.png 300w, https:\/\/mentalhelse.no\/content\/uploads\/2026\/04\/00d597fd-8c57-482f-b465-59e354a9f058-768x432.png 768w\" sizes=\"auto, (max-width: 960px) 100vw, 960px\" style=\"--focal-point: 50% 50%;\" \/><\/figure>\n<\/a>\n\n<div class=\"wp-block-group postinfo alignfull is-layout-flow wp-block-group-is-layout-flow\">\n\t<div class=\"wp-block-mentalhelse-post-category\">\n\t\t\t\t\t<div class=\"post-type\">\n\t\t\t\t\t\t<a href=\"https:\/\/mentalhelse.no\/aktuelt\/\">Nyheter<\/a>\n\t\t\t\t\t<\/div>\n\t\t\t\t\t<div class=\"separator\"><\/div>\n\t\t\t\t\t<div class=\"post-category\">\n\t\t\t\t\t\t<a href=\"https:\/\/mentalhelse.no\/aktuelt-kategori\/press-release\/\">Pressemelding<\/a>\n\t\t\t\t\t<\/div>\n\t\t\t<\/div>\n\t<a class=\"t2-post-link wp-block-t2-post-link\" href=\"https:\/\/mentalhelse.no\/aktuelt\/tillit-er-beredskap\/\">\n\t<h2 class=\"t2-post-title wp-block-t2-post-title\">Tillit er beredskap<\/h2>\n\t<\/a>\n<\/div>\n\n<\/div>\n<\/div>\n\n\t\t\t<\/div>\n\t\t<\/div>","protected":false},"excerpt":{"rendered":"<p>Siste nytt fra Mental Helse Senja<\/p>\n","protected":false},"author":1,"featured_media":0,"parent":0,"menu_order":0,"comment_status":"closed","ping_status":"closed","template":"","meta":{"t2_featured_media_focal_point":{"x":0.5,"y":0.5},"mh_hide_title":true,"e24d_chat_page_choice":"","footnotes":""},"class_list":["post-756","page","type-page","status-publish","hentry"],"yoast_head":"<!-- This site is optimized with the Yoast SEO Premium plugin v21.2 (Yoast SEO v21.2) - https:\/\/yoast.com\/wordpress\/plugins\/seo\/ -->\n<title>Mental Helse - Senja\/ S\u00e1\u017e\u017e\u00e1 - Mental Helse - Senja<\/title>\n<meta name=\"description\" content=\"Vi er Mental Helses lokallag i Senja. Vi har medlemsm\u00f8ter og arrangerer flere turer \u00e5rlig. Les mer p\u00e5 v\u00e5re nettsider!\" \/>\n<meta name=\"robots\" content=\"index, follow, max-snippet:-1, max-image-preview:large, max-video-preview:-1\" \/>\n<link rel=\"canonical\" href=\"https:\/\/mentalhelse.no\/senja\/\" \/>\n<meta property=\"og:locale\" content=\"nb_NO\" \/>\n<meta property=\"og:type\" content=\"article\" \/>\n<meta property=\"og:title\" content=\"Senja\/ S\u00e1\u017e\u017e\u00e1\" \/>\n<meta property=\"og:description\" content=\"Vi er Mental Helses lokallag i Senja. Vi har medlemsm\u00f8ter og arrangerer flere turer \u00e5rlig. Les mer p\u00e5 v\u00e5re nettsider!\" \/>\n<meta property=\"og:url\" content=\"https:\/\/mentalhelse.no\/senja\/\" \/>\n<meta property=\"og:site_name\" content=\"Senja\" \/>\n<meta property=\"article:modified_time\" content=\"2026-03-03T06:21:46+00:00\" \/>\n<meta name=\"twitter:card\" content=\"summary_large_image\" \/>\n<meta name=\"twitter:label1\" content=\"Ansl. lesetid\" \/>\n\t<meta name=\"twitter:data1\" content=\"1 minutt\" \/>\n<script type=\"application\/ld+json\" class=\"yoast-schema-graph\">{\"@context\":\"https:\/\/schema.org\",\"@graph\":[{\"@type\":\"WebPage\",\"@id\":\"https:\/\/mentalhelse.no\/senja\/\",\"url\":\"https:\/\/mentalhelse.no\/senja\/\",\"name\":\"Senja\/ S\u00e1\u017e\u017e\u00e1 - Senja\",\"isPartOf\":{\"@id\":\"https:\/\/mentalhelse.no\/senja\/#website\"},\"datePublished\":\"2023-05-09T11:55:25+00:00\",\"dateModified\":\"2026-03-03T06:21:46+00:00\",\"description\":\"Vi er Mental Helses lokallag i Senja. Vi har medlemsm\u00f8ter og arrangerer flere turer \u00e5rlig. Les mer p\u00e5 v\u00e5re nettsider!\",\"breadcrumb\":{\"@id\":\"https:\/\/mentalhelse.no\/senja\/#breadcrumb\"},\"inLanguage\":\"nb-NO\",\"potentialAction\":[{\"@type\":\"ReadAction\",\"target\":[\"https:\/\/mentalhelse.no\/senja\/\"]}]},{\"@type\":\"BreadcrumbList\",\"@id\":\"https:\/\/mentalhelse.no\/senja\/#breadcrumb\",\"itemListElement\":[{\"@type\":\"ListItem\",\"position\":1,\"name\":\"Hjem\",\"item\":\"https:\/\/mentalhelse.no\/senja\/\"},{\"@type\":\"ListItem\",\"position\":2,\"name\":\"Senja\/ S\u00e1\u017e\u017e\u00e1\"}]},{\"@type\":\"WebSite\",\"@id\":\"https:\/\/mentalhelse.no\/senja\/#website\",\"url\":\"https:\/\/mentalhelse.no\/senja\/\",\"name\":\"Senja\",\"description\":\"\",\"potentialAction\":[{\"@type\":\"SearchAction\",\"target\":{\"@type\":\"EntryPoint\",\"urlTemplate\":\"https:\/\/mentalhelse.no\/senja\/?s={search_term_string}\"},\"query-input\":\"required name=search_term_string\"}],\"inLanguage\":\"nb-NO\"}]}<\/script>\n<!-- \/ Yoast SEO Premium plugin. -->","yoast_head_json":{"title":"Mental Helse - Senja\/ S\u00e1\u017e\u017e\u00e1 - Mental Helse - Senja","description":"Vi er Mental Helses lokallag i Senja. Vi har medlemsm\u00f8ter og arrangerer flere turer \u00e5rlig. Les mer p\u00e5 v\u00e5re nettsider!","robots":{"index":"index","follow":"follow","max-snippet":"max-snippet:-1","max-image-preview":"max-image-preview:large","max-video-preview":"max-video-preview:-1"},"canonical":"https:\/\/mentalhelse.no\/senja\/","og_locale":"nb_NO","og_type":"article","og_title":"Senja\/ S\u00e1\u017e\u017e\u00e1","og_description":"Vi er Mental Helses lokallag i Senja. Vi har medlemsm\u00f8ter og arrangerer flere turer \u00e5rlig. Les mer p\u00e5 v\u00e5re nettsider!","og_url":"https:\/\/mentalhelse.no\/senja\/","og_site_name":"Senja","article_modified_time":"2026-03-03T06:21:46+00:00","twitter_card":"summary_large_image","twitter_misc":{"Ansl. lesetid":"1 minutt"},"schema":{"@context":"https:\/\/schema.org","@graph":[{"@type":"WebPage","@id":"https:\/\/mentalhelse.no\/senja\/","url":"https:\/\/mentalhelse.no\/senja\/","name":"Senja\/ S\u00e1\u017e\u017e\u00e1 - Senja","isPartOf":{"@id":"https:\/\/mentalhelse.no\/senja\/#website"},"datePublished":"2023-05-09T11:55:25+00:00","dateModified":"2026-03-03T06:21:46+00:00","description":"Vi er Mental Helses lokallag i Senja. Vi har medlemsm\u00f8ter og arrangerer flere turer \u00e5rlig. Les mer p\u00e5 v\u00e5re nettsider!","breadcrumb":{"@id":"https:\/\/mentalhelse.no\/senja\/#breadcrumb"},"inLanguage":"nb-NO","potentialAction":[{"@type":"ReadAction","target":["https:\/\/mentalhelse.no\/senja\/"]}]},{"@type":"BreadcrumbList","@id":"https:\/\/mentalhelse.no\/senja\/#breadcrumb","itemListElement":[{"@type":"ListItem","position":1,"name":"Hjem","item":"https:\/\/mentalhelse.no\/senja\/"},{"@type":"ListItem","position":2,"name":"Senja\/ S\u00e1\u017e\u017e\u00e1"}]},{"@type":"WebSite","@id":"https:\/\/mentalhelse.no\/senja\/#website","url":"https:\/\/mentalhelse.no\/senja\/","name":"Senja","description":"","potentialAction":[{"@type":"SearchAction","target":{"@type":"EntryPoint","urlTemplate":"https:\/\/mentalhelse.no\/senja\/?s={search_term_string}"},"query-input":"required name=search_term_string"}],"inLanguage":"nb-NO"}]}},"_links":{"self":[{"href":"https:\/\/mentalhelse.no\/senja\/wp-json\/wp\/v2\/pages\/756","targetHints":{"allow":["GET"]}}],"collection":[{"href":"https:\/\/mentalhelse.no\/senja\/wp-json\/wp\/v2\/pages"}],"about":[{"href":"https:\/\/mentalhelse.no\/senja\/wp-json\/wp\/v2\/types\/page"}],"author":[{"embeddable":true,"href":"https:\/\/mentalhelse.no\/senja\/wp-json\/wp\/v2\/users\/1"}],"replies":[{"embeddable":true,"href":"https:\/\/mentalhelse.no\/senja\/wp-json\/wp\/v2\/comments?post=756"}],"version-history":[{"count":4,"href":"https:\/\/mentalhelse.no\/senja\/wp-json\/wp\/v2\/pages\/756\/revisions"}],"predecessor-version":[{"id":1074,"href":"https:\/\/mentalhelse.no\/senja\/wp-json\/wp\/v2\/pages\/756\/revisions\/1074"}],"wp:attachment":[{"href":"https:\/\/mentalhelse.no\/senja\/wp-json\/wp\/v2\/media?parent=756"}],"curies":[{"name":"wp","href":"https:\/\/api.w.org\/{rel}","templated":true}]}}