{"id":797,"date":"2023-05-10T11:14:16","date_gmt":"2023-05-10T11:14:16","guid":{"rendered":"https:\/\/mentalhelse.no\/viken\/?page_id=797"},"modified":"2026-02-25T16:30:02","modified_gmt":"2026-02-25T16:30:02","slug":"om-oss","status":"publish","type":"page","link":"https:\/\/mentalhelse.no\/skodje-og-orskog\/om-oss\/","title":{"rendered":"Om oss"},"content":{"rendered":"\n<figure class=\"wp-block-image size-full\"><img loading=\"lazy\" decoding=\"async\" width=\"1022\" height=\"496\" src=\"https:\/\/mentalhelse.no\/content\/uploads\/sites\/348\/2023\/09\/Skodje-Orskog.jpg\" alt=\"Skodje, Mental Helse Skodje\/\u00d8rskog\" class=\"wp-image-1043\" srcset=\"https:\/\/mentalhelse.no\/content\/uploads\/sites\/348\/2023\/09\/Skodje-Orskog.jpg 1022w, https:\/\/mentalhelse.no\/content\/uploads\/sites\/348\/2023\/09\/Skodje-Orskog-300x146.jpg 300w, https:\/\/mentalhelse.no\/content\/uploads\/sites\/348\/2023\/09\/Skodje-Orskog-768x373.jpg 768w\" sizes=\"auto, (max-width: 1022px) 100vw, 1022px\" \/><\/figure>\n\n\n\n<h1 class=\"wp-block-heading\" id=\"h-om-oss\">Om oss<\/h1>\n\n\n\n<p>Skodje\/\u00d8rskog er et aktivt lag som arrangerer medlemsturer, medlemskvelder og mer&#8230; Vi driver ogs\u00e5 Sommerfuglen Aktivitet p\u00e5 Skodje i samarbeid med \u00c5lesund kommune. Dette tilbudet er \u00e5pent for alle, mandag til fredag 10:00-15:00. Vi har ogs\u00e5 \u00e5rlig markering av Verdensdagen for psykisk helse.<\/p>\n\n\n\n<p>\u00d8nsker du \u00e5 bli frivillig eller medlem hos oss? Da er du er hjertelig velkommen til \u00e5 ta kontakt med oss! <\/p>\n\n\n\n<h2 class=\"wp-block-heading\" id=\"h-hils-pa-lederen-var\">Hils p\u00e5 lederen v\u00e5r<\/h2>\n\n\n\n<p>Mental Helse Skodje\/\u00d8rskog drives av en gjeng med engasjerte folk som jobber for \u00e5 skape et m\u00f8tepunkt for de som \u00f8nsker et fellesskap i n\u00e6rmilj\u00f8et. <\/p>\n\n\n<div class=\"t2-featured-content-layout align align wp-block-t2-featured-content-layout\">\n<div class=\"t2-featured-single-post t2-featured-content is-post-type-person role-lokallagsleder wp-block-t2-featured-single-post\">\n\t\n\t\t<div class=\"wp-block-group wp-block-t2-post-link is-layout-flow wp-block-group-is-layout-flow\">\n\t\t\t<figure style=\"--t2-focal-point: 50% 50%;\" class=\"t2-post-featured-image has-image-ratio-1-1 wp-block-t2-post-featured-image\"><img loading=\"lazy\" decoding=\"async\" width=\"566\" height=\"716\" src=\"https:\/\/mentalhelse.no\/content\/uploads\/sites\/348\/2023\/09\/Ingeborg-Steffensen.jpg\" class=\"attachment-post-thumbnail size-post-thumbnail wp-post-image\" alt=\"\" srcset=\"https:\/\/mentalhelse.no\/content\/uploads\/sites\/348\/2023\/09\/Ingeborg-Steffensen.jpg 566w, https:\/\/mentalhelse.no\/content\/uploads\/sites\/348\/2023\/09\/Ingeborg-Steffensen-237x300.jpg 237w\" sizes=\"auto, (max-width: 566px) 100vw, 566px\" style=\"--focal-point: 50% 50%;\" \/><\/figure>\n\t\t\t\n\t\t\t<div class=\"wp-block-group alignfull is-layout-flow wp-block-group-is-layout-flow\">\n\t\t\t\t\n\t\t<a class=\"t2-post-link is-card-main-link wp-block-t2-post-link\" href=\"https:\/\/mentalhelse.no\/skodje-og-orskog\/?person=hans-hansen\">\n\t\t\t<h2 class=\"t2-post-title wp-block-t2-post-title\">Ingeborg Steffensen<\/h2>\n\t\t<\/a>\n\t\t<div class=\"taxonomy-role wp-block-post-terms\"><a href=\"https:\/\/mentalhelse.no\/skodje-og-orskog\/role\/lokallagsleder\/\" rel=\"tag\">Lokallagsleder<\/a><\/div><div class=\"card-info wp-block-t2-people-meta\"><div class=\"card-info__post-meta meta-key-people_email\"><svg xmlns=\"http:\/\/www.w3.org\/2000\/svg\" viewBox=\"0 0 24 24\" height=\"24\" width=\"24\" class=\"t2-icon t2-icon-email people_email\" aria-hidden=\"true\" focusable=\"false\"><path d=\"M12 22c-1.4 0-2.7-.3-3.9-.8-1.2-.5-2.3-1.2-3.2-2.1s-1.6-2-2.1-3.2S2 13.4 2 12s.3-2.7.8-3.9S4 5.8 4.9 4.9s2-1.6 3.2-2.2S10.6 2 12 2s2.7.3 3.9.8S18.2 4 19.1 5s1.6 2 2.1 3.2c.5 1.1.8 2.4.8 3.8v1.4c0 1-.3 1.8-1 2.5s-1.5 1-2.5 1c-.6 0-1.2-.1-1.7-.4-.5-.3-.9-.6-1.3-1.1-.4.4-1 .8-1.6 1.1-.6.3-1.3.4-2 .4-1.4 0-2.6-.5-3.5-1.5S7 13.4 7 12s.5-2.6 1.5-3.5S10.6 7 12 7s2.6.5 3.5 1.5S17 10.6 17 12v1.4c0 .5.1.9.5 1.1.3.3.6.4 1 .4s.8-.1 1.1-.4c.3-.3.4-.7.4-1.1V12c0-2.2-.8-4.1-2.4-5.6C16.1 4.8 14.2 4 12 4s-4.1.8-5.6 2.4S4 9.8 4 12s.8 4.1 2.4 5.6C7.9 19.2 9.8 20 12 20h4c.3 0 .5.1.7.3.2.2.3.4.3.7s-.1.5-.3.7c-.2.2-.4.3-.7.3h-4zm0-7c.8 0 1.5-.3 2.1-.9s.9-1.3.9-2.1-.3-1.5-.9-2.1c-.6-.6-1.3-.9-2.1-.9s-1.5.3-2.1.9c-.6.6-.9 1.3-.9 2.1s.3 1.5.9 2.1c.6.6 1.3.9 2.1.9z\"\/><\/svg><a href=\"mailto:skoors@lokallag.mentalhelse.no\">skoors@lokallag.mentalhelse.no<\/a><\/div><div class=\"card-info__post-meta meta-key-people_phone\"><svg xmlns=\"http:\/\/www.w3.org\/2000\/svg\" viewBox=\"0 0 24 24\" height=\"24\" width=\"24\" class=\"t2-icon t2-icon-phone people_phone\" aria-hidden=\"true\" focusable=\"false\"><path d=\"M20 21c-2.1 0-4.2-.5-6.3-1.4-2-1-3.9-2.2-5.4-3.8s-2.8-3.4-3.8-5.4S3 6.2 3 4.1c0-.3.1-.6.3-.8.2-.2.5-.3.8-.3h4.1c.2 0 .4.1.6.2l.3.6.6 3.5v.6c0 .2-.1.4-.3.5L7 10.9c.7 1.2 1.6 2.3 2.6 3.4s2.2 2 3.5 2.7l2.3-2.3c.2-.2.3-.3.6-.3.2-.1.5-.1.7-.1l3.5.7.6.3c.2.2.2.4.2.6V20c0 .3-.1.5-.3.8-.2.1-.5.2-.7.2z\"\/><\/svg><a href=\"tel:984 07 114\">984 07 114<\/a><\/div><div class=\"card-info__post-meta meta-key-people_bio\">Ingeborg har v\u00e6rt aktiv i organisasjonen i en \u00e5rrekke. Glad i hobbyaktiviteter og gode samtaler. Ingeborg brenner for lavterskeltilbud for alle, at alle skal ha en plass \u00e5 h\u00f8re til.<\/div><\/div>\n\t\t\t<\/div>\n\t\t\t\n\t\t<\/div>\n\t\n\t<\/div>\n<\/div>\n\n\n<h2 class=\"wp-block-heading\" id=\"h-hele-styret-vart\">Hele styret v\u00e5rt:<br><\/h2>\n\n\n\n<ul class=\"wp-block-list\">\n<li><strong>Leder:<\/strong> Ingeborg Steffensen<\/li>\n\n\n\n<li><strong>Nestleder:<\/strong> Terje Thoresen<\/li>\n\n\n\n<li><strong>Sekret\u00e6r:<\/strong> Helene Tveida<\/li>\n\n\n\n<li><strong>Kasserer:<\/strong> Brit Ellen Carlsen<\/li>\n\n\n\n<li><strong>Studieleder: <\/strong>Julia Kristina Ness<\/li>\n\n\n\n<li><strong>Styremedlem:<\/strong> Nils-Inge Holm<\/li>\n\n\n\n<li><strong>Styremedlem<\/strong>: Aase Birgit Rugtveit Holm<\/li>\n\n\n\n<li><strong>1. varamedlem:<\/strong> Therese Martinsen<\/li>\n\n\n\n<li><strong>2. varamedlem<\/strong>: Stig Asbj\u00f8rnsen Myren<\/li>\n\n\n\n<li><strong>3. varamedlem:<\/strong> Per Einar Tellnes<\/li>\n<\/ul>\n\n\n\n\t\t<div class=\"mh-event-latest t2-featured-content-layout alignwide wp-block-t2-featured-content-layout wp-block-mh-event-latest\">\n\t\t<h3 class=\"mh-event-latest__block-title\">Kommende arrangementer<\/h3>\n\t\t<div class=\"t2-featured-query-post t2-featured-content is-post-type-event wp-block-mh-event-latest\">\n<div class=\"wp-block-group alignfull is-layout-flow wp-block-group-is-layout-flow\">\n\t<a class=\"t2-post-link wp-block-t2-post-link\" href=\"https:\/\/mentalhelse.no\/event\/webinar-fra-funkis-studieplaner\/\">\n\t<figure style=\"--t2-focal-point: 50% 50%;\" class=\"t2-post-featured-image has-image-ratio-16-9 wp-block-t2-post-featured-image\"><img loading=\"lazy\" decoding=\"async\" width=\"2560\" height=\"1707\" src=\"https:\/\/mentalhelse.no\/content\/uploads\/2025\/10\/pexels-picjumbo-com-55570-461077-scaled.jpg\" class=\"attachment-post-thumbnail size-post-thumbnail wp-post-image\" alt=\"\" srcset=\"https:\/\/mentalhelse.no\/content\/uploads\/2025\/10\/pexels-picjumbo-com-55570-461077-scaled.jpg 2560w, https:\/\/mentalhelse.no\/content\/uploads\/2025\/10\/pexels-picjumbo-com-55570-461077-300x200.jpg 300w, https:\/\/mentalhelse.no\/content\/uploads\/2025\/10\/pexels-picjumbo-com-55570-461077-1024x683.jpg 1024w, https:\/\/mentalhelse.no\/content\/uploads\/2025\/10\/pexels-picjumbo-com-55570-461077-768x512.jpg 768w, https:\/\/mentalhelse.no\/content\/uploads\/2025\/10\/pexels-picjumbo-com-55570-461077-1536x1024.jpg 1536w, https:\/\/mentalhelse.no\/content\/uploads\/2025\/10\/pexels-picjumbo-com-55570-461077-2048x1366.jpg 2048w\" sizes=\"auto, (max-width: 2560px) 100vw, 2560px\" style=\"--focal-point: 46% 80%;\" \/><\/figure>\n\t<\/a>\n\t\n\t<div class=\"wp-block-group mh-event-details__content is-layout-flow wp-block-group-is-layout-flow\">\n\t\t<div class=\"mh-event-date-badge wp-block-mh-event-date-badge\">\n\t\t\t\t\t<div class=\"mh-event-date-badge__inner\">\n\t\t\t\t\t\n\t\t<div class=\"mh-event-date-badge__date-block\">\n\t\t\t<div class=\"mh-event-date-badge__day\">30<\/div>\n\t\t\t<div class=\"mh-event-date-badge__month\">apr<\/div>\n\t\t\t<div class=\"mh-event-date-badge__year\"><\/div>\n\t\t<\/div>\n\t\t\t\t\t<\/div>\n\t\t\t\t<\/div>\n\t\t<a class=\"t2-post-link wp-block-t2-post-link\" href=\"https:\/\/mentalhelse.no\/event\/webinar-fra-funkis-studieplaner\/\">\n\t\t<h2 class=\"t2-post-title wp-block-t2-post-title\">Webinar fra Funkis: Studieplaner<\/h2>\n\t\t<\/a>\n\t\t\n\t\t<div class=\"mh-event-details wp-block-mh-event-details\">\n\t\t\t<div class=\"mh-event-details__inner\">\n\t\t\t\t<div class=\"mh-event-details__date-wrap\"><div class=\"mh-event-details__date\"><svg xmlns=\"http:\/\/www.w3.org\/2000\/svg\" viewBox=\"0 0 24 24\" height=\"24\" width=\"24\" class=\"t2-icon t2-icon-mh-calendar\" aria-hidden=\"true\" focusable=\"false\"><path fill-rule=\"evenodd\" clip-rule=\"evenodd\" d=\"M8 1.5C8.27614 1.5 8.5 1.72386 8.5 2V3.5H15.5V2C15.5 1.72386 15.7239 1.5 16 1.5C16.2761 1.5 16.5 1.72386 16.5 2V3.5H19C20.3807 3.5 21.5 4.61929 21.5 6V20C21.5 21.3807 20.3807 22.5 19 22.5H5C3.61929 22.5 2.5 21.3807 2.5 20V6C2.5 4.61929 3.61929 3.5 5 3.5H7.5V2C7.5 1.72386 7.72386 1.5 8 1.5ZM7.5 4.5H5C4.17157 4.5 3.5 5.17157 3.5 6V9.5H20.5V6C20.5 5.17157 19.8285 4.5 19 4.5H16.5V6C16.5 6.27614 16.2761 6.5 16 6.5C15.7239 6.5 15.5 6.27614 15.5 6V4.5H8.5V6C8.5 6.27614 8.27614 6.5 8 6.5C7.72386 6.5 7.5 6.27614 7.5 6V4.5ZM20.5 10.5H3.5V20C3.5 20.8285 4.17157 21.5 5 21.5H19C19.8285 21.5 20.5 20.8285 20.5 20V10.5Z\" fill=\"currentColor\"\/><\/svg><date>30. april 2026<\/date><\/div><\/div><div class=\"mh-event-details__time\"><svg xmlns=\"http:\/\/www.w3.org\/2000\/svg\" viewBox=\"0 0 24 24\" height=\"24\" width=\"24\" class=\"t2-icon t2-icon-mh-clock\" aria-hidden=\"true\" focusable=\"false\"><path fill-rule=\"evenodd\" clip-rule=\"evenodd\" d=\"M12.275 4.5C7.98098 4.5 4.5 7.98098 4.5 12.275C4.5 16.5691 7.98098 20.05 12.275 20.05C16.5691 20.05 20.05 16.5691 20.05 12.275C20.05 7.98098 16.5691 4.5 12.275 4.5ZM3.5 12.275C3.5 7.4287 7.4287 3.5 12.275 3.5C17.1213 3.5 21.05 7.4287 21.05 12.275C21.05 17.1213 17.1213 21.05 12.275 21.05C7.4287 21.05 3.5 17.1213 3.5 12.275ZM12.275 6.80999C12.5511 6.80999 12.775 7.03385 12.775 7.30999V11.966L15.8086 13.4828C16.0556 13.6063 16.1557 13.9066 16.0322 14.1536C15.9087 14.4006 15.6084 14.5007 15.3614 14.3772L12.0514 12.7222C11.882 12.6375 11.775 12.4644 11.775 12.275V7.30999C11.775 7.03385 11.9989 6.80999 12.275 6.80999Z\" fill=\"currentColor\"\/><\/svg><time>  17:00<\/time><\/div>\n\t\t\t\t\n\t\t\t<\/div>\n\t\t<\/div>\n\t<\/div>\n\t\n<\/div>\n\n<\/div>\n\t\t<div class=\"mh-event-latest__archive-link\">\n\t\t<a href=\"https:\/\/mentalhelse.no\/skodje-og-orskog\/event\/\" class=\"mh-event-latest__archive-link\">Se alle arrangementer<\/a>\n\t\t<\/div>\n\t\t<\/div>\n\n\n<div class=\"wp-block-group alignfull is-layout-constrained wp-block-group-is-layout-constrained\">\n<h3 class=\"wp-block-heading alignwide\" id=\"h-siste-nytt-fra-mental-helse-skodje-og-orskog\">Siste nytt fra Mental Helse Skodje og \u00d8rskog<\/h3>\n<\/div>\n\n\n<div class=\"t2-featured-content-layout alignwide alignwide wp-block-t2-featured-content-layout\">\n<div class=\"t2-featured-query-post t2-featured-content is-post-type-news wp-block-t2-featured-query-post\"><a class=\"t2-post-link wp-block-t2-post-link\" href=\"https:\/\/mentalhelse.no\/skodje-og-orskog\/aktuelt\/hyggelig-prat-om-et-fellesskap-som-betyr-noe\/\">\n\t<figure style=\"--t2-focal-point: 48% 49%;\" class=\"t2-post-featured-image has-image-ratio-16-9 wp-block-t2-post-featured-image\"><img loading=\"lazy\" decoding=\"async\" width=\"2560\" height=\"1920\" src=\"https:\/\/mentalhelse.no\/content\/uploads\/sites\/348\/2026\/03\/Radio.jpeg\" class=\"attachment-post-thumbnail size-post-thumbnail wp-post-image\" alt=\"\" srcset=\"https:\/\/mentalhelse.no\/content\/uploads\/sites\/348\/2026\/03\/Radio.jpeg 2560w, https:\/\/mentalhelse.no\/content\/uploads\/sites\/348\/2026\/03\/Radio-300x225.jpeg 300w, https:\/\/mentalhelse.no\/content\/uploads\/sites\/348\/2026\/03\/Radio-1024x768.jpeg 1024w, https:\/\/mentalhelse.no\/content\/uploads\/sites\/348\/2026\/03\/Radio-768x576.jpeg 768w, https:\/\/mentalhelse.no\/content\/uploads\/sites\/348\/2026\/03\/Radio-1536x1152.jpeg 1536w, https:\/\/mentalhelse.no\/content\/uploads\/sites\/348\/2026\/03\/Radio-2048x1536.jpeg 2048w\" sizes=\"auto, (max-width: 2560px) 100vw, 2560px\" style=\"--focal-point: 48% 49%;\" \/><\/figure>\n<\/a>\n\n<div class=\"wp-block-group postinfo alignfull is-layout-flow wp-block-group-is-layout-flow\">\n\t<div class=\"wp-block-mentalhelse-post-category\">\n\t\t\t\t\t<div class=\"post-type\">\n\t\t\t\t\t\t<a href=\"https:\/\/mentalhelse.no\/skodje-og-orskog\/aktuelt\/\">Nyheter<\/a>\n\t\t\t\t\t<\/div>\n\t\t\t\t\t\n\t\t\t\t\t<div class=\"post-category\">\n\t\t\t\t\t\t\n\t\t\t\t\t<\/div>\n\t\t\t<\/div>\n\t<a class=\"t2-post-link wp-block-t2-post-link\" href=\"https:\/\/mentalhelse.no\/skodje-og-orskog\/aktuelt\/hyggelig-prat-om-et-fellesskap-som-betyr-noe\/\">\n\t<h2 class=\"t2-post-title wp-block-t2-post-title\">Hyggelig prat om et fellesskap som betyr noe<\/h2>\n\t<\/a>\n<\/div>\n\n<\/div>\n\n<div class=\"t2-featured-query-post t2-featured-content is-post-type-news wp-block-t2-featured-query-post\"><a class=\"t2-post-link wp-block-t2-post-link\" href=\"https:\/\/mentalhelse.no\/skodje-og-orskog\/aktuelt\/arsmotet-2026\/\">\n\t<figure style=\"--t2-focal-point: 50% 50%;\" class=\"t2-post-featured-image has-image-ratio-16-9 wp-block-t2-post-featured-image\"><img loading=\"lazy\" decoding=\"async\" width=\"1920\" height=\"1414\" src=\"https:\/\/mentalhelse.no\/content\/uploads\/sites\/348\/2026\/03\/openclipart-vectors-meeting-152506_1920.png\" class=\"attachment-post-thumbnail size-post-thumbnail wp-post-image\" alt=\"\" srcset=\"https:\/\/mentalhelse.no\/content\/uploads\/sites\/348\/2026\/03\/openclipart-vectors-meeting-152506_1920.png 1920w, https:\/\/mentalhelse.no\/content\/uploads\/sites\/348\/2026\/03\/openclipart-vectors-meeting-152506_1920-300x221.png 300w, https:\/\/mentalhelse.no\/content\/uploads\/sites\/348\/2026\/03\/openclipart-vectors-meeting-152506_1920-1024x754.png 1024w, https:\/\/mentalhelse.no\/content\/uploads\/sites\/348\/2026\/03\/openclipart-vectors-meeting-152506_1920-768x566.png 768w, https:\/\/mentalhelse.no\/content\/uploads\/sites\/348\/2026\/03\/openclipart-vectors-meeting-152506_1920-1536x1131.png 1536w\" sizes=\"auto, (max-width: 1920px) 100vw, 1920px\" style=\"--focal-point: 50% 50%;\" \/><\/figure>\n<\/a>\n\n<div class=\"wp-block-group postinfo alignfull is-layout-flow wp-block-group-is-layout-flow\">\n\t<div class=\"wp-block-mentalhelse-post-category\">\n\t\t\t\t\t<div class=\"post-type\">\n\t\t\t\t\t\t<a href=\"https:\/\/mentalhelse.no\/skodje-og-orskog\/aktuelt\/\">Nyheter<\/a>\n\t\t\t\t\t<\/div>\n\t\t\t\t\t\n\t\t\t\t\t<div class=\"post-category\">\n\t\t\t\t\t\t\n\t\t\t\t\t<\/div>\n\t\t\t<\/div>\n\t<a class=\"t2-post-link wp-block-t2-post-link\" href=\"https:\/\/mentalhelse.no\/skodje-og-orskog\/aktuelt\/arsmotet-2026\/\">\n\t<h2 class=\"t2-post-title wp-block-t2-post-title\">\u00c5rsm\u00f8tet 2026<\/h2>\n\t<\/a>\n<\/div>\n\n<\/div>\n\n<div class=\"t2-featured-query-post t2-featured-content is-post-type-news wp-block-t2-featured-query-post\"><a class=\"t2-post-link wp-block-t2-post-link\" href=\"https:\/\/mentalhelse.no\/skodje-og-orskog\/aktuelt\/julebord-i-festlig-lag\/\">\n\t<figure style=\"--t2-focal-point: 58% 36%;\" class=\"t2-post-featured-image has-image-ratio-16-9 wp-block-t2-post-featured-image\"><img loading=\"lazy\" decoding=\"async\" width=\"316\" height=\"298\" src=\"https:\/\/mentalhelse.no\/content\/uploads\/sites\/348\/2026\/01\/Bilde2.png\" class=\"attachment-post-thumbnail size-post-thumbnail wp-post-image\" alt=\"\" srcset=\"https:\/\/mentalhelse.no\/content\/uploads\/sites\/348\/2026\/01\/Bilde2.png 316w, https:\/\/mentalhelse.no\/content\/uploads\/sites\/348\/2026\/01\/Bilde2-300x283.png 300w\" sizes=\"auto, (max-width: 316px) 100vw, 316px\" style=\"--focal-point: 58% 36%;\" \/><\/figure>\n<\/a>\n\n<div class=\"wp-block-group postinfo alignfull is-layout-flow wp-block-group-is-layout-flow\">\n\t<div class=\"wp-block-mentalhelse-post-category\">\n\t\t\t\t\t<div class=\"post-type\">\n\t\t\t\t\t\t<a href=\"https:\/\/mentalhelse.no\/skodje-og-orskog\/aktuelt\/\">Nyheter<\/a>\n\t\t\t\t\t<\/div>\n\t\t\t\t\t\n\t\t\t\t\t<div class=\"post-category\">\n\t\t\t\t\t\t\n\t\t\t\t\t<\/div>\n\t\t\t<\/div>\n\t<a class=\"t2-post-link wp-block-t2-post-link\" href=\"https:\/\/mentalhelse.no\/skodje-og-orskog\/aktuelt\/julebord-i-festlig-lag\/\">\n\t<h2 class=\"t2-post-title wp-block-t2-post-title\">Julebord i festlig lag<\/h2>\n\t<\/a>\n<\/div>\n\n<\/div>\n<\/div>","protected":false},"excerpt":{"rendered":"<p>Om oss Skodje\/\u00d8rskog er et aktivt lag som arrangerer medlemsturer, medlemskvelder og mer&#8230; Vi driver ogs\u00e5 Sommerfuglen Aktivitet p\u00e5 Skodje i samarbeid med \u00c5lesund kommune&#8230;.<\/p>\n","protected":false},"author":1,"featured_media":0,"parent":0,"menu_order":0,"comment_status":"closed","ping_status":"closed","template":"","meta":{"t2_featured_media_focal_point":{"x":0.5,"y":0.5},"mh_hide_title":true,"e24d_chat_page_choice":"","footnotes":""},"class_list":["post-797","page","type-page","status-publish","hentry"],"yoast_head":"<!-- This site is optimized with the Yoast SEO Premium plugin v21.2 (Yoast SEO v21.2) - https:\/\/yoast.com\/wordpress\/plugins\/seo\/ -->\n<title>Om oss - Mental Helse - Skodje og \u00d8rskog<\/title>\n<meta name=\"description\" content=\"Her kan du lese om oss i Mental Helse Drammen, og l\u00e6re mer om hva vi jobber med. Ta gjerne kontakt hvis du har noen sp\u00f8rsm\u00e5l!\" \/>\n<meta name=\"robots\" content=\"index, follow, max-snippet:-1, max-image-preview:large, max-video-preview:-1\" \/>\n<link rel=\"canonical\" href=\"https:\/\/mentalhelse.no\/skodje-og-orskog\/om-oss\/\" \/>\n<meta property=\"og:locale\" content=\"nb_NO\" \/>\n<meta property=\"og:type\" content=\"article\" \/>\n<meta property=\"og:title\" content=\"Om oss\" \/>\n<meta property=\"og:description\" content=\"Her kan du lese om oss i Mental Helse Drammen, og l\u00e6re mer om hva vi jobber med. Ta gjerne kontakt hvis du har noen sp\u00f8rsm\u00e5l!\" \/>\n<meta property=\"og:url\" content=\"https:\/\/mentalhelse.no\/skodje-og-orskog\/om-oss\/\" \/>\n<meta property=\"og:site_name\" content=\"Skodje og \u00d8rskog\" \/>\n<meta property=\"article:modified_time\" content=\"2026-02-25T16:30:02+00:00\" \/>\n<meta property=\"og:image\" content=\"https:\/\/mentalhelse.no\/content\/uploads\/sites\/348\/2023\/09\/Skodje-Orskog.jpg\" \/>\n<meta name=\"twitter:card\" content=\"summary_large_image\" \/>\n<meta name=\"twitter:label1\" content=\"Ansl. lesetid\" \/>\n\t<meta name=\"twitter:data1\" content=\"1 minutt\" \/>\n<script type=\"application\/ld+json\" class=\"yoast-schema-graph\">{\"@context\":\"https:\/\/schema.org\",\"@graph\":[{\"@type\":\"WebPage\",\"@id\":\"https:\/\/mentalhelse.no\/skodje-og-orskog\/om-oss\/\",\"url\":\"https:\/\/mentalhelse.no\/skodje-og-orskog\/om-oss\/\",\"name\":\"Om oss - Skodje og \u00d8rskog\",\"isPartOf\":{\"@id\":\"https:\/\/mentalhelse.no\/skodje-og-orskog\/#website\"},\"datePublished\":\"2023-05-10T11:14:16+00:00\",\"dateModified\":\"2026-02-25T16:30:02+00:00\",\"description\":\"Her kan du lese om oss i Mental Helse Drammen, og l\u00e6re mer om hva vi jobber med. Ta gjerne kontakt hvis du har noen sp\u00f8rsm\u00e5l!\",\"breadcrumb\":{\"@id\":\"https:\/\/mentalhelse.no\/skodje-og-orskog\/om-oss\/#breadcrumb\"},\"inLanguage\":\"nb-NO\",\"potentialAction\":[{\"@type\":\"ReadAction\",\"target\":[\"https:\/\/mentalhelse.no\/skodje-og-orskog\/om-oss\/\"]}]},{\"@type\":\"BreadcrumbList\",\"@id\":\"https:\/\/mentalhelse.no\/skodje-og-orskog\/om-oss\/#breadcrumb\",\"itemListElement\":[{\"@type\":\"ListItem\",\"position\":1,\"name\":\"Hjem\",\"item\":\"https:\/\/mentalhelse.no\/skodje-og-orskog\/\"},{\"@type\":\"ListItem\",\"position\":2,\"name\":\"Om oss\"}]},{\"@type\":\"WebSite\",\"@id\":\"https:\/\/mentalhelse.no\/skodje-og-orskog\/#website\",\"url\":\"https:\/\/mentalhelse.no\/skodje-og-orskog\/\",\"name\":\"Skodje og \u00d8rskog\",\"description\":\"\",\"potentialAction\":[{\"@type\":\"SearchAction\",\"target\":{\"@type\":\"EntryPoint\",\"urlTemplate\":\"https:\/\/mentalhelse.no\/skodje-og-orskog\/?s={search_term_string}\"},\"query-input\":\"required name=search_term_string\"}],\"inLanguage\":\"nb-NO\"}]}<\/script>\n<!-- \/ Yoast SEO Premium plugin. -->","yoast_head_json":{"title":"Om oss - Mental Helse - Skodje og \u00d8rskog","description":"Her kan du lese om oss i Mental Helse Drammen, og l\u00e6re mer om hva vi jobber med. Ta gjerne kontakt hvis du har noen sp\u00f8rsm\u00e5l!","robots":{"index":"index","follow":"follow","max-snippet":"max-snippet:-1","max-image-preview":"max-image-preview:large","max-video-preview":"max-video-preview:-1"},"canonical":"https:\/\/mentalhelse.no\/skodje-og-orskog\/om-oss\/","og_locale":"nb_NO","og_type":"article","og_title":"Om oss","og_description":"Her kan du lese om oss i Mental Helse Drammen, og l\u00e6re mer om hva vi jobber med. Ta gjerne kontakt hvis du har noen sp\u00f8rsm\u00e5l!","og_url":"https:\/\/mentalhelse.no\/skodje-og-orskog\/om-oss\/","og_site_name":"Skodje og \u00d8rskog","article_modified_time":"2026-02-25T16:30:02+00:00","og_image":[{"url":"https:\/\/mentalhelse.no\/content\/uploads\/sites\/348\/2023\/09\/Skodje-Orskog.jpg"}],"twitter_card":"summary_large_image","twitter_misc":{"Ansl. lesetid":"1 minutt"},"schema":{"@context":"https:\/\/schema.org","@graph":[{"@type":"WebPage","@id":"https:\/\/mentalhelse.no\/skodje-og-orskog\/om-oss\/","url":"https:\/\/mentalhelse.no\/skodje-og-orskog\/om-oss\/","name":"Om oss - Skodje og \u00d8rskog","isPartOf":{"@id":"https:\/\/mentalhelse.no\/skodje-og-orskog\/#website"},"datePublished":"2023-05-10T11:14:16+00:00","dateModified":"2026-02-25T16:30:02+00:00","description":"Her kan du lese om oss i Mental Helse Drammen, og l\u00e6re mer om hva vi jobber med. Ta gjerne kontakt hvis du har noen sp\u00f8rsm\u00e5l!","breadcrumb":{"@id":"https:\/\/mentalhelse.no\/skodje-og-orskog\/om-oss\/#breadcrumb"},"inLanguage":"nb-NO","potentialAction":[{"@type":"ReadAction","target":["https:\/\/mentalhelse.no\/skodje-og-orskog\/om-oss\/"]}]},{"@type":"BreadcrumbList","@id":"https:\/\/mentalhelse.no\/skodje-og-orskog\/om-oss\/#breadcrumb","itemListElement":[{"@type":"ListItem","position":1,"name":"Hjem","item":"https:\/\/mentalhelse.no\/skodje-og-orskog\/"},{"@type":"ListItem","position":2,"name":"Om oss"}]},{"@type":"WebSite","@id":"https:\/\/mentalhelse.no\/skodje-og-orskog\/#website","url":"https:\/\/mentalhelse.no\/skodje-og-orskog\/","name":"Skodje og \u00d8rskog","description":"","potentialAction":[{"@type":"SearchAction","target":{"@type":"EntryPoint","urlTemplate":"https:\/\/mentalhelse.no\/skodje-og-orskog\/?s={search_term_string}"},"query-input":"required name=search_term_string"}],"inLanguage":"nb-NO"}]}},"_links":{"self":[{"href":"https:\/\/mentalhelse.no\/skodje-og-orskog\/wp-json\/wp\/v2\/pages\/797","targetHints":{"allow":["GET"]}}],"collection":[{"href":"https:\/\/mentalhelse.no\/skodje-og-orskog\/wp-json\/wp\/v2\/pages"}],"about":[{"href":"https:\/\/mentalhelse.no\/skodje-og-orskog\/wp-json\/wp\/v2\/types\/page"}],"author":[{"embeddable":true,"href":"https:\/\/mentalhelse.no\/skodje-og-orskog\/wp-json\/wp\/v2\/users\/1"}],"replies":[{"embeddable":true,"href":"https:\/\/mentalhelse.no\/skodje-og-orskog\/wp-json\/wp\/v2\/comments?post=797"}],"version-history":[{"count":5,"href":"https:\/\/mentalhelse.no\/skodje-og-orskog\/wp-json\/wp\/v2\/pages\/797\/revisions"}],"predecessor-version":[{"id":1310,"href":"https:\/\/mentalhelse.no\/skodje-og-orskog\/wp-json\/wp\/v2\/pages\/797\/revisions\/1310"}],"wp:attachment":[{"href":"https:\/\/mentalhelse.no\/skodje-og-orskog\/wp-json\/wp\/v2\/media?parent=797"}],"curies":[{"name":"wp","href":"https:\/\/api.w.org\/{rel}","templated":true}]}}