{"id":797,"date":"2023-05-10T11:14:16","date_gmt":"2023-05-10T11:14:16","guid":{"rendered":"https:\/\/mentalhelse.no\/viken\/?page_id=797"},"modified":"2026-02-27T17:05:30","modified_gmt":"2026-02-27T17:05:30","slug":"om-oss","status":"publish","type":"page","link":"https:\/\/mentalhelse.no\/solor\/om-oss\/","title":{"rendered":"Om oss"},"content":{"rendered":"\n<figure class=\"wp-block-image size-full\"><img loading=\"lazy\" decoding=\"async\" width=\"960\" height=\"539\" src=\"https:\/\/mentalhelse.no\/content\/uploads\/sites\/208\/2023\/08\/Valer-om-oss.jpg\" alt=\"\" class=\"wp-image-998\" srcset=\"https:\/\/mentalhelse.no\/content\/uploads\/sites\/208\/2023\/08\/Valer-om-oss.jpg 960w, https:\/\/mentalhelse.no\/content\/uploads\/sites\/208\/2023\/08\/Valer-om-oss-300x168.jpg 300w, https:\/\/mentalhelse.no\/content\/uploads\/sites\/208\/2023\/08\/Valer-om-oss-768x431.jpg 768w\" sizes=\"auto, (max-width: 960px) 100vw, 960px\" \/><\/figure>\n\n\n\n<h1 class=\"wp-block-heading\" id=\"h-om-oss\">Om oss<\/h1>\n\n\n\n<p>Mental Helse Sol\u00f8r har passert 100 medlemmer og vi er et aktivt lag.<\/p>\n\n\n\n<h2 class=\"wp-block-heading\" id=\"h-apent-hus\">\u00c5pent hus:<\/h2>\n\n\n\n<ul class=\"wp-block-list\">\n<li>Hver tirsdag p\u00e5 S\u00f8ndre Hoel i V\u00e5ler kl. 16-20.<\/li>\n\n\n\n<li>F\u00f8rste torsdagen i m\u00e5neden p\u00e5 Midtpunktet Brukerstyrt senter i Grue kl. 12-15.<\/li>\n\n\n\n<li>Tredje torsdagen i m\u00e5neden p\u00e5 Kj\u00f8lar\u00f8nningen i \u00c5snes kl. 16-20.<\/li>\n<\/ul>\n\n\n\n<h2 class=\"wp-block-heading\" id=\"h-andre-aktiviteter\">Andre aktiviteter:<\/h2>\n\n\n\n<ul class=\"wp-block-list\">\n<li>Bowling f\u00f8rste mandagen i m\u00e5neden p\u00e5 Flisa Bowling. Det er to runder bowling og vi koser oss med pizza. For medlemmer er dette gratis, for ikke medlemmer kr 200.<\/li>\n\n\n\n<li>13.6 Sommerfest med god mat og underholdning. Gratis for medlemmer, selvkost for ikke medlemmer.<\/li>\n\n\n\n<li>Temakvelder to ganger i \u00e5ret.<\/li>\n\n\n\n<li>Markering av verdensdagen for psykisk helse.<\/li>\n\n\n\n<li>12.12. Juleavslutning med god mat og underholdning. Gratis for medlemmer, selvkost for ikke medlemmer.<\/li>\n<\/ul>\n\n\n\n<p>Vi deltar p\u00e5 kurs og arrangerer noen kurs selv.<\/p>\n\n\n\n<p>Har du lyst til \u00e5 bli frivillig eller medlem hos oss? Da er du er hjertelig velkommen til \u00e5 ta kontakt! <\/p>\n\n\n\n<h2 class=\"wp-block-heading\" id=\"h-styret\">Styret<\/h2>\n\n\n\n<p>Leder: Anne-Karin Bredalen<br>Nestleder: Lill-Nina S\u00f8rlie<br>Kasserer: Gry Halvorsen<br>Styremedlem: Renate Ulvang<br>Styremedlem: Per Ivar Oksvold<br>Styremedlem: Anne Mette Holterud<br>Styremedlem: Siv Anette Rundberget<br>Styremedlem: Anne Solv\u00e5r Storsveen<br>Vara: Liv Merethe Djupvik<br>Vara: J\u00f8ran Halvorsen<br><\/p>\n\n\n<div class=\"t2-featured-content-layout align align wp-block-t2-featured-content-layout\"><\/div>\n\n\n<h2 class=\"wp-block-heading\" id=\"h-kontakt\">Kontakt<\/h2>\n\n\n\n<p><strong>Mental Helse Sol\u00f8r<\/strong><br><strong>Leder:<\/strong><br>Anne-Karin Bredalen<br>95 77 91 99<br><a href=\"mailto:solor@lokallag.mentalhelse.no\">solor@lokallag.mentalhelse.no<\/a><br><\/p>\n\n\n\n<p><\/p>\n\n\n\n<p><strong>Org. nr:<\/strong><br>986 506 861<\/p>\n\n\n\n<p><strong>Konto nr:<\/strong><br>1830.31.62216 Grue Sparebank<\/p>\n\n\n\n<p><\/p>\n\n\n\n<p><strong>Facebook:<\/strong><br><a href=\"https:\/\/www.facebook.com\/profile.php?id=61574487064684\" target=\"_blank\" rel=\"noreferrer noopener\">Mental Helse Sol\u00f8r<\/a><\/p>\n\n\n\n<div class=\"wp-block-columns is-layout-flex wp-container-core-columns-is-layout-1 wp-block-columns-is-layout-flex\">\n<div class=\"wp-block-column is-layout-flow wp-block-column-is-layout-flow\" style=\"flex-basis:100%\"><div class=\"card-info wp-block-t2-people-meta\"><\/div><\/div>\n<\/div>\n\n\n\n\t\t<div class=\"mh-event-latest t2-featured-content-layout alignwide wp-block-t2-featured-content-layout wp-block-mh-event-latest\">\n\t\t<h3 class=\"mh-event-latest__block-title\">Kommende arrangementer<\/h3>\n\t\t<div class=\"t2-featured-query-post t2-featured-content is-post-type-event wp-block-mh-event-latest\">\n<div class=\"wp-block-group alignfull is-layout-flow wp-block-group-is-layout-flow\">\n\t<a class=\"t2-post-link wp-block-t2-post-link\" href=\"https:\/\/mentalhelse.no\/solor\/event\/apent-hus-pa-sondre-hoel\/\">\n\t<figure style=\"--t2-focal-point: 50% 50%;\" class=\"t2-post-featured-image has-image-ratio-16-9 wp-block-t2-post-featured-image\"><img loading=\"lazy\" decoding=\"async\" width=\"330\" height=\"236\" src=\"https:\/\/mentalhelse.no\/content\/uploads\/sites\/208\/2024\/01\/sondrehoel.jpg\" class=\"attachment-post-thumbnail size-post-thumbnail wp-post-image\" alt=\"\" srcset=\"https:\/\/mentalhelse.no\/content\/uploads\/sites\/208\/2024\/01\/sondrehoel.jpg 330w, https:\/\/mentalhelse.no\/content\/uploads\/sites\/208\/2024\/01\/sondrehoel-300x215.jpg 300w\" sizes=\"auto, (max-width: 330px) 100vw, 330px\" style=\"--focal-point: 50% 50%;\" \/><\/figure>\n\t<\/a>\n\t\n\t<div class=\"wp-block-group mh-event-details__content is-layout-flow wp-block-group-is-layout-flow\">\n\t\t<div class=\"mh-event-date-badge wp-block-mh-event-date-badge\">\n\t\t\t\t\t<div class=\"mh-event-date-badge__inner\">\n\t\t\t\t\t\n\t\t<div class=\"mh-event-date-badge__date-block\">\n\t\t\t<div class=\"mh-event-date-badge__day\">05<\/div>\n\t\t\t<div class=\"mh-event-date-badge__month\">mai<\/div>\n\t\t\t<div class=\"mh-event-date-badge__year\"><\/div>\n\t\t<\/div><span class=\"mh-event-date-badge__separator\">&ndash;<\/span>\n\t\t<div class=\"mh-event-date-badge__date-block\">\n\t\t\t<div class=\"mh-event-date-badge__day\">15<\/div>\n\t\t\t<div class=\"mh-event-date-badge__month\">des<\/div>\n\t\t\t<div class=\"mh-event-date-badge__year\"><\/div>\n\t\t<\/div>\n\t\t\t\t\t<\/div>\n\t\t\t\t<\/div>\n\t\t<a class=\"t2-post-link wp-block-t2-post-link\" href=\"https:\/\/mentalhelse.no\/solor\/event\/apent-hus-pa-sondre-hoel\/\">\n\t\t<h2 class=\"t2-post-title wp-block-t2-post-title\">\u00c5pent Hus p\u00e5 S\u00f8ndre Hoel<\/h2>\n\t\t<\/a>\n\t\t\n\t\t<div class=\"mh-event-details wp-block-mh-event-details\">\n\t\t\t<div class=\"mh-event-details__inner\">\n\t\t\t\t<div class=\"mh-event-details__time\"><svg xmlns=\"http:\/\/www.w3.org\/2000\/svg\" viewBox=\"0 0 24 24\" height=\"24\" width=\"24\" class=\"t2-icon t2-icon-mh-repeat\" aria-hidden=\"true\" focusable=\"false\"><path fill-rule=\"evenodd\" clip-rule=\"evenodd\" d=\"M13.94 5.2776C12.8042 4.94905 11.6035 4.91358 10.4503 5.17453C9.29696 5.43548 8.22854 5.98434 7.34473 6.76988C6.46091 7.55543 5.7905 8.55206 5.39604 9.66678C5.30392 9.9271 5.0182 10.0635 4.75788 9.97134C4.49756 9.87922 4.3612 9.59351 4.45332 9.33318C4.90414 8.05922 5.67032 6.92021 6.6804 6.02244C7.69047 5.12468 8.91151 4.49742 10.2296 4.19919C11.5476 3.90096 12.9198 3.94149 14.2179 4.31698C14.2179 4.31698 14.2179 4.31698 14.2179 4.31698C15.5136 4.69174 16.6933 5.38797 17.6477 6.34088L17.642 6.3356L17.2997 6.69998L17.6533 6.34652C17.6514 6.34464 17.6495 6.34276 17.6477 6.34088L20.6665 9.1774V9.8333H19.9041L16.9573 7.06436L16.946 7.05344C16.1101 6.21711 15.076 5.60616 13.94 5.2776ZM21.5088 9.96892L20.6665 9.1774V5.33331C20.6665 5.05717 20.8903 4.83331 21.1665 4.83331C21.4426 4.83331 21.6665 5.05717 21.6665 5.33331V10.3333C21.6665 10.6094 21.4426 10.8333 21.1665 10.8333H16.1665C15.8903 10.8333 15.6665 10.6094 15.6665 10.3333C15.6665 10.0572 15.8903 9.8333 16.1665 9.8333H19.9041L20.8241 10.6977L21.5088 9.96892ZM2.33301 13.6667C2.33301 13.3906 2.55687 13.1667 2.83301 13.1667H7.83301C8.10915 13.1667 8.33301 13.3906 8.33301 13.6667C8.33301 13.9428 8.10915 14.1667 7.83301 14.1667H4.09529L7.04206 16.9356L7.05333 16.9465C7.88921 17.7829 8.92335 18.3937 10.0593 18.7224C11.1952 19.0509 12.3958 19.0864 13.5491 18.8254C14.7024 18.5645 15.7708 18.0157 16.6546 17.2301C17.5384 16.4445 18.2089 15.4479 18.6033 14.3332C18.6954 14.0729 18.9811 13.9365 19.2414 14.0286C19.5018 14.1208 19.6381 14.4065 19.546 14.6668C19.0952 15.9407 18.329 17.0797 17.3189 17.9775C16.3089 18.8753 15.0879 19.5025 13.7698 19.8008C12.4517 20.099 11.0796 20.0585 9.78143 19.683C8.48585 19.3082 7.30602 18.6121 6.35167 17.6591L3.33301 14.8226V18.6667C3.33301 18.9428 3.10915 19.1667 2.83301 19.1667C2.55687 19.1667 2.33301 18.9428 2.33301 18.6667V13.6667Z\" fill=\"currentColor\"\/><\/svg><time>Ukentlig , p\u00e5 Tirsdag ,  16:00 &#8211; 20:00<\/time><\/div><div class=\"mh-event-details__location\"><svg xmlns=\"http:\/\/www.w3.org\/2000\/svg\" viewBox=\"0 0 24 24\" height=\"24\" width=\"24\" class=\"t2-icon t2-icon-mh-map-pin\" aria-hidden=\"true\" focusable=\"false\"><path fill-rule=\"evenodd\" clip-rule=\"evenodd\" d=\"M11.9028 3.75C10.1384 3.75 8.4462 4.45092 7.19856 5.69856C5.95092 6.94621 5.25 8.63837 5.25 10.4028C5.25 12.9835 6.92107 15.4445 8.68938 17.3111C9.5633 18.2335 10.4389 18.9877 11.0966 19.5115C11.4251 19.773 11.6982 19.9763 11.8882 20.1135C11.8931 20.1171 11.898 20.1206 11.9028 20.124C11.9076 20.1206 11.9125 20.1171 11.9174 20.1135C12.1074 19.9763 12.3805 19.773 12.709 19.5115C13.3667 18.9877 14.2423 18.2335 15.1162 17.3111C16.8845 15.4445 18.5556 12.9835 18.5556 10.4028C18.5556 8.63837 17.8547 6.9462 16.607 5.69856C15.3594 4.45092 13.6672 3.75 11.9028 3.75ZM11.9028 20.7346C11.6255 21.1506 11.6252 21.1504 11.6252 21.1504L11.6185 21.146L11.6013 21.1344C11.5866 21.1243 11.5653 21.1098 11.5378 21.0907C11.4828 21.0527 11.4033 20.9968 11.3027 20.9242C11.1015 20.7789 10.8158 20.5662 10.4737 20.2937C9.79027 19.7495 8.87769 18.9639 7.96342 17.9988C6.15533 16.0903 4.25 13.3854 4.25 10.4028C4.25 8.37315 5.05628 6.42663 6.49146 4.99146C7.92664 3.55628 9.87319 2.75 11.9028 2.75C13.9324 2.75 15.879 3.55628 17.3142 4.99146C18.7493 6.42664 19.5556 8.37315 19.5556 10.4028C19.5556 13.3854 17.6503 16.0903 15.8422 17.9988C14.9279 18.9639 14.0153 19.7495 13.3319 20.2937C12.9898 20.5662 12.7041 20.7789 12.5029 20.9242C12.4023 20.9968 12.3228 21.0527 12.2678 21.0907C12.2403 21.1098 12.219 21.1243 12.2042 21.1344L12.1871 21.146L12.1809 21.1501C12.1809 21.1501 12.1801 21.1506 11.9028 20.7346ZM11.9028 20.7346L12.1809 21.1501C12.013 21.2621 11.7931 21.2624 11.6252 21.1504L11.9028 20.7346Z\" fill=\"currentColor\"\/><path fill-rule=\"evenodd\" clip-rule=\"evenodd\" d=\"M9.01853 10.4027C9.01853 8.8098 10.3099 7.51846 11.9028 7.51846C13.4957 7.51846 14.7871 8.80979 14.7871 10.4027C14.7871 11.9956 13.4957 13.287 11.9028 13.287C10.3098 13.287 9.01853 11.9956 9.01853 10.4027ZM11.9028 8.51846C10.8621 8.51846 10.0185 9.36209 10.0185 10.4027C10.0185 11.4434 10.8622 12.287 11.9028 12.287C12.9435 12.287 13.7871 11.4434 13.7871 10.4027C13.7871 9.36209 12.9435 8.51846 11.9028 8.51846Z\" fill=\"currentColor\"\/><\/svg><address>Hoelsvegen 2, 2436 V\u00e5ler i Sol\u00f8r<\/address><\/div>\n\t\t\t\t\n\t\t\t<\/div>\n\t\t<\/div>\n\t<\/div>\n\t\n<\/div>\n\n<\/div>\n\t\t<div class=\"mh-event-latest__archive-link\">\n\t\t<a href=\"https:\/\/mentalhelse.no\/solor\/event\/\" class=\"mh-event-latest__archive-link\">Se alle arrangementer<\/a>\n\t\t<\/div>\n\t\t<\/div>\n\n\n<div class=\"wp-block-group alignfull is-layout-constrained wp-block-group-is-layout-constrained\">\n<h3 class=\"wp-block-heading alignwide\" id=\"h-siste-nytt-fra-mental-helse-valer\">Siste nytt fra Mental Helse V\u00e5ler<\/h3>\n<\/div>\n\n\n<div class=\"t2-featured-content-layout alignwide alignwide wp-block-t2-featured-content-layout\">\n<div class=\"t2-featured-query-post t2-featured-content is-post-type-news wp-block-t2-featured-query-post\"><a class=\"t2-post-link wp-block-t2-post-link\" href=\"https:\/\/mentalhelse.no\/solor\/aktuelt\/takk-til-guru-utvikling\/\">\n\t<figure style=\"--t2-focal-point: 50% 50%;\" class=\"t2-post-featured-image has-image-ratio-16-9 wp-block-t2-post-featured-image\"><img decoding=\"async\" src=\"https:\/\/mentalhelse.no\/content\/uploads\/sites\/208\/2026\/03\/Guru-logo-25_bla.svg\" class=\"attachment-post-thumbnail size-post-thumbnail wp-post-image\" alt=\"logo guru utvikling\" style=\"--focal-point: 50% 50%;\" \/><\/figure>\n<\/a>\n\n<div class=\"wp-block-group postinfo alignfull is-layout-flow wp-block-group-is-layout-flow\">\n\t<div class=\"wp-block-mentalhelse-post-category\">\n\t\t\t\t\t<div class=\"post-type\">\n\t\t\t\t\t\t<a href=\"https:\/\/mentalhelse.no\/solor\/aktuelt\/\">Nyheter<\/a>\n\t\t\t\t\t<\/div>\n\t\t\t\t\t\n\t\t\t\t\t<div class=\"post-category\">\n\t\t\t\t\t\t\n\t\t\t\t\t<\/div>\n\t\t\t<\/div>\n\t<a class=\"t2-post-link wp-block-t2-post-link\" href=\"https:\/\/mentalhelse.no\/solor\/aktuelt\/takk-til-guru-utvikling\/\">\n\t<h2 class=\"t2-post-title wp-block-t2-post-title\">Takk til Guru Utvikling<\/h2>\n\t<\/a>\n<\/div>\n\n<\/div>\n\n<div class=\"t2-featured-query-post t2-featured-content is-post-type-news wp-block-t2-featured-query-post\"><a class=\"t2-post-link wp-block-t2-post-link\" href=\"https:\/\/mentalhelse.no\/solor\/aktuelt\/aktiviteter-vi-har-2026\/\">\n\t<figure style=\"--t2-focal-point: 50% 50%;\" class=\"t2-post-featured-image has-image-ratio-16-9 wp-block-t2-post-featured-image\"><img loading=\"lazy\" decoding=\"async\" width=\"2560\" height=\"1764\" src=\"https:\/\/mentalhelse.no\/content\/uploads\/sites\/208\/2025\/04\/FS-latter-scaled.jpg\" class=\"attachment-post-thumbnail size-post-thumbnail wp-post-image\" alt=\"\" srcset=\"https:\/\/mentalhelse.no\/content\/uploads\/sites\/208\/2025\/04\/FS-latter-scaled.jpg 2560w, https:\/\/mentalhelse.no\/content\/uploads\/sites\/208\/2025\/04\/FS-latter-300x207.jpg 300w, https:\/\/mentalhelse.no\/content\/uploads\/sites\/208\/2025\/04\/FS-latter-1024x706.jpg 1024w, https:\/\/mentalhelse.no\/content\/uploads\/sites\/208\/2025\/04\/FS-latter-768x529.jpg 768w, https:\/\/mentalhelse.no\/content\/uploads\/sites\/208\/2025\/04\/FS-latter-1536x1058.jpg 1536w, https:\/\/mentalhelse.no\/content\/uploads\/sites\/208\/2025\/04\/FS-latter-2048x1411.jpg 2048w\" sizes=\"auto, (max-width: 2560px) 100vw, 2560px\" style=\"--focal-point: 50% 50%;\" \/><\/figure>\n<\/a>\n\n<div class=\"wp-block-group postinfo alignfull is-layout-flow wp-block-group-is-layout-flow\">\n\t<div class=\"wp-block-mentalhelse-post-category\">\n\t\t\t\t\t<div class=\"post-type\">\n\t\t\t\t\t\t<a href=\"https:\/\/mentalhelse.no\/solor\/aktuelt\/\">Nyheter<\/a>\n\t\t\t\t\t<\/div>\n\t\t\t\t\t\n\t\t\t\t\t<div class=\"post-category\">\n\t\t\t\t\t\t\n\t\t\t\t\t<\/div>\n\t\t\t<\/div>\n\t<a class=\"t2-post-link wp-block-t2-post-link\" href=\"https:\/\/mentalhelse.no\/solor\/aktuelt\/aktiviteter-vi-har-2026\/\">\n\t<h2 class=\"t2-post-title wp-block-t2-post-title\">Aktiviteter vi har 2026<\/h2>\n\t<\/a>\n<\/div>\n\n<\/div>\n\n<div class=\"t2-featured-query-post t2-featured-content is-post-type-news wp-block-t2-featured-query-post\"><a class=\"t2-post-link wp-block-t2-post-link\" href=\"https:\/\/mentalhelse.no\/solor\/aktuelt\/stott-oss-til-a-kunne-gjore-mer-aktivitet\/\">\n\t<figure style=\"--t2-focal-point: 50% 50%;\" class=\"t2-post-featured-image has-image-ratio-16-9 wp-block-t2-post-featured-image\"><img loading=\"lazy\" decoding=\"async\" width=\"1982\" height=\"2560\" src=\"https:\/\/mentalhelse.no\/content\/uploads\/sites\/208\/2025\/04\/Grasrot-vervekort-med-QR-kode-scaled.jpg\" class=\"attachment-post-thumbnail size-post-thumbnail wp-post-image\" alt=\"\" srcset=\"https:\/\/mentalhelse.no\/content\/uploads\/sites\/208\/2025\/04\/Grasrot-vervekort-med-QR-kode-scaled.jpg 1982w, https:\/\/mentalhelse.no\/content\/uploads\/sites\/208\/2025\/04\/Grasrot-vervekort-med-QR-kode-232x300.jpg 232w, https:\/\/mentalhelse.no\/content\/uploads\/sites\/208\/2025\/04\/Grasrot-vervekort-med-QR-kode-793x1024.jpg 793w, https:\/\/mentalhelse.no\/content\/uploads\/sites\/208\/2025\/04\/Grasrot-vervekort-med-QR-kode-768x992.jpg 768w, https:\/\/mentalhelse.no\/content\/uploads\/sites\/208\/2025\/04\/Grasrot-vervekort-med-QR-kode-1189x1536.jpg 1189w, https:\/\/mentalhelse.no\/content\/uploads\/sites\/208\/2025\/04\/Grasrot-vervekort-med-QR-kode-1586x2048.jpg 1586w\" sizes=\"auto, (max-width: 1982px) 100vw, 1982px\" style=\"--focal-point: 50% 50%;\" \/><\/figure>\n<\/a>\n\n<div class=\"wp-block-group postinfo alignfull is-layout-flow wp-block-group-is-layout-flow\">\n\t<div class=\"wp-block-mentalhelse-post-category\">\n\t\t\t\t\t<div class=\"post-type\">\n\t\t\t\t\t\t<a href=\"https:\/\/mentalhelse.no\/solor\/aktuelt\/\">Nyheter<\/a>\n\t\t\t\t\t<\/div>\n\t\t\t\t\t\n\t\t\t\t\t<div class=\"post-category\">\n\t\t\t\t\t\t\n\t\t\t\t\t<\/div>\n\t\t\t<\/div>\n\t<a class=\"t2-post-link wp-block-t2-post-link\" href=\"https:\/\/mentalhelse.no\/solor\/aktuelt\/stott-oss-til-a-kunne-gjore-mer-aktivitet\/\">\n\t<h2 class=\"t2-post-title wp-block-t2-post-title\">St\u00f8tt oss til \u00e5 kunne gj\u00f8re mer aktivitet<\/h2>\n\t<\/a>\n<\/div>\n\n<\/div>\n<\/div>","protected":false},"excerpt":{"rendered":"<p>Om oss Mental Helse Sol\u00f8r har passert 100 medlemmer og vi er et aktivt lag. \u00c5pent hus: Andre aktiviteter: Vi deltar p\u00e5 kurs og arrangerer&#8230;<\/p>\n","protected":false},"author":94,"featured_media":0,"parent":0,"menu_order":0,"comment_status":"closed","ping_status":"closed","template":"","meta":{"t2_featured_media_focal_point":{"x":0.5,"y":0.5},"mh_hide_title":true,"e24d_chat_page_choice":"","footnotes":""},"class_list":["post-797","page","type-page","status-publish","hentry"],"yoast_head":"<!-- This site is optimized with the Yoast SEO Premium plugin v21.2 (Yoast SEO v21.2) - https:\/\/yoast.com\/wordpress\/plugins\/seo\/ -->\n<title>Om oss - Mental Helse - Sol\u00f8r<\/title>\n<meta name=\"description\" content=\"Her kan du lese om oss i Mental Helse V\u00e5ler, og l\u00e6re mer om hva vi jobber med. Ta gjerne kontakt hvis du har noen sp\u00f8rsm\u00e5l!\" \/>\n<meta name=\"robots\" content=\"index, follow, max-snippet:-1, max-image-preview:large, max-video-preview:-1\" \/>\n<link rel=\"canonical\" href=\"https:\/\/mentalhelse.no\/solor\/om-oss\/\" \/>\n<meta property=\"og:locale\" content=\"nb_NO\" \/>\n<meta property=\"og:type\" content=\"article\" \/>\n<meta property=\"og:title\" content=\"Om oss\" \/>\n<meta property=\"og:description\" content=\"Her kan du lese om oss i Mental Helse V\u00e5ler, og l\u00e6re mer om hva vi jobber med. Ta gjerne kontakt hvis du har noen sp\u00f8rsm\u00e5l!\" \/>\n<meta property=\"og:url\" content=\"https:\/\/mentalhelse.no\/solor\/om-oss\/\" \/>\n<meta property=\"og:site_name\" content=\"Sol\u00f8r\" \/>\n<meta property=\"article:modified_time\" content=\"2026-02-27T17:05:30+00:00\" \/>\n<meta property=\"og:image\" content=\"https:\/\/mentalhelse.no\/content\/uploads\/sites\/208\/2023\/08\/Valer-om-oss.jpg\" \/>\n<meta name=\"twitter:card\" content=\"summary_large_image\" \/>\n<meta name=\"twitter:label1\" content=\"Ansl. lesetid\" \/>\n\t<meta name=\"twitter:data1\" content=\"2 minutter\" \/>\n<script type=\"application\/ld+json\" class=\"yoast-schema-graph\">{\"@context\":\"https:\/\/schema.org\",\"@graph\":[{\"@type\":\"WebPage\",\"@id\":\"https:\/\/mentalhelse.no\/solor\/om-oss\/\",\"url\":\"https:\/\/mentalhelse.no\/solor\/om-oss\/\",\"name\":\"Om oss - Sol\u00f8r\",\"isPartOf\":{\"@id\":\"https:\/\/mentalhelse.no\/solor\/#website\"},\"datePublished\":\"2023-05-10T11:14:16+00:00\",\"dateModified\":\"2026-02-27T17:05:30+00:00\",\"description\":\"Her kan du lese om oss i Mental Helse V\u00e5ler, og l\u00e6re mer om hva vi jobber med. Ta gjerne kontakt hvis du har noen sp\u00f8rsm\u00e5l!\",\"breadcrumb\":{\"@id\":\"https:\/\/mentalhelse.no\/solor\/om-oss\/#breadcrumb\"},\"inLanguage\":\"nb-NO\",\"potentialAction\":[{\"@type\":\"ReadAction\",\"target\":[\"https:\/\/mentalhelse.no\/solor\/om-oss\/\"]}]},{\"@type\":\"BreadcrumbList\",\"@id\":\"https:\/\/mentalhelse.no\/solor\/om-oss\/#breadcrumb\",\"itemListElement\":[{\"@type\":\"ListItem\",\"position\":1,\"name\":\"Hjem\",\"item\":\"https:\/\/mentalhelse.no\/solor\/\"},{\"@type\":\"ListItem\",\"position\":2,\"name\":\"Om oss\"}]},{\"@type\":\"WebSite\",\"@id\":\"https:\/\/mentalhelse.no\/solor\/#website\",\"url\":\"https:\/\/mentalhelse.no\/solor\/\",\"name\":\"Sol\u00f8r\",\"description\":\"\",\"potentialAction\":[{\"@type\":\"SearchAction\",\"target\":{\"@type\":\"EntryPoint\",\"urlTemplate\":\"https:\/\/mentalhelse.no\/solor\/?s={search_term_string}\"},\"query-input\":\"required name=search_term_string\"}],\"inLanguage\":\"nb-NO\"}]}<\/script>\n<!-- \/ Yoast SEO Premium plugin. -->","yoast_head_json":{"title":"Om oss - Mental Helse - Sol\u00f8r","description":"Her kan du lese om oss i Mental Helse V\u00e5ler, og l\u00e6re mer om hva vi jobber med. Ta gjerne kontakt hvis du har noen sp\u00f8rsm\u00e5l!","robots":{"index":"index","follow":"follow","max-snippet":"max-snippet:-1","max-image-preview":"max-image-preview:large","max-video-preview":"max-video-preview:-1"},"canonical":"https:\/\/mentalhelse.no\/solor\/om-oss\/","og_locale":"nb_NO","og_type":"article","og_title":"Om oss","og_description":"Her kan du lese om oss i Mental Helse V\u00e5ler, og l\u00e6re mer om hva vi jobber med. Ta gjerne kontakt hvis du har noen sp\u00f8rsm\u00e5l!","og_url":"https:\/\/mentalhelse.no\/solor\/om-oss\/","og_site_name":"Sol\u00f8r","article_modified_time":"2026-02-27T17:05:30+00:00","og_image":[{"url":"https:\/\/mentalhelse.no\/content\/uploads\/sites\/208\/2023\/08\/Valer-om-oss.jpg"}],"twitter_card":"summary_large_image","twitter_misc":{"Ansl. lesetid":"2 minutter"},"schema":{"@context":"https:\/\/schema.org","@graph":[{"@type":"WebPage","@id":"https:\/\/mentalhelse.no\/solor\/om-oss\/","url":"https:\/\/mentalhelse.no\/solor\/om-oss\/","name":"Om oss - Sol\u00f8r","isPartOf":{"@id":"https:\/\/mentalhelse.no\/solor\/#website"},"datePublished":"2023-05-10T11:14:16+00:00","dateModified":"2026-02-27T17:05:30+00:00","description":"Her kan du lese om oss i Mental Helse V\u00e5ler, og l\u00e6re mer om hva vi jobber med. Ta gjerne kontakt hvis du har noen sp\u00f8rsm\u00e5l!","breadcrumb":{"@id":"https:\/\/mentalhelse.no\/solor\/om-oss\/#breadcrumb"},"inLanguage":"nb-NO","potentialAction":[{"@type":"ReadAction","target":["https:\/\/mentalhelse.no\/solor\/om-oss\/"]}]},{"@type":"BreadcrumbList","@id":"https:\/\/mentalhelse.no\/solor\/om-oss\/#breadcrumb","itemListElement":[{"@type":"ListItem","position":1,"name":"Hjem","item":"https:\/\/mentalhelse.no\/solor\/"},{"@type":"ListItem","position":2,"name":"Om oss"}]},{"@type":"WebSite","@id":"https:\/\/mentalhelse.no\/solor\/#website","url":"https:\/\/mentalhelse.no\/solor\/","name":"Sol\u00f8r","description":"","potentialAction":[{"@type":"SearchAction","target":{"@type":"EntryPoint","urlTemplate":"https:\/\/mentalhelse.no\/solor\/?s={search_term_string}"},"query-input":"required name=search_term_string"}],"inLanguage":"nb-NO"}]}},"_links":{"self":[{"href":"https:\/\/mentalhelse.no\/solor\/wp-json\/wp\/v2\/pages\/797","targetHints":{"allow":["GET"]}}],"collection":[{"href":"https:\/\/mentalhelse.no\/solor\/wp-json\/wp\/v2\/pages"}],"about":[{"href":"https:\/\/mentalhelse.no\/solor\/wp-json\/wp\/v2\/types\/page"}],"author":[{"embeddable":true,"href":"https:\/\/mentalhelse.no\/solor\/wp-json\/wp\/v2\/users\/94"}],"replies":[{"embeddable":true,"href":"https:\/\/mentalhelse.no\/solor\/wp-json\/wp\/v2\/comments?post=797"}],"version-history":[{"count":4,"href":"https:\/\/mentalhelse.no\/solor\/wp-json\/wp\/v2\/pages\/797\/revisions"}],"predecessor-version":[{"id":1233,"href":"https:\/\/mentalhelse.no\/solor\/wp-json\/wp\/v2\/pages\/797\/revisions\/1233"}],"wp:attachment":[{"href":"https:\/\/mentalhelse.no\/solor\/wp-json\/wp\/v2\/media?parent=797"}],"curies":[{"name":"wp","href":"https:\/\/api.w.org\/{rel}","templated":true}]}}