{"id":797,"date":"2023-05-10T11:14:16","date_gmt":"2023-05-10T11:14:16","guid":{"rendered":"https:\/\/mentalhelse.no\/viken\/?page_id=797"},"modified":"2025-07-10T10:28:14","modified_gmt":"2025-07-10T10:28:14","slug":"om-oss","status":"publish","type":"page","link":"https:\/\/mentalhelse.no\/sortland\/om-oss\/","title":{"rendered":"Om oss"},"content":{"rendered":"\n<figure class=\"wp-block-image size-large\"><img loading=\"lazy\" decoding=\"async\" width=\"1024\" height=\"768\" src=\"https:\/\/mentalhelse.no\/content\/uploads\/sites\/243\/2023\/06\/Om-oss-Sortland-1024x768.jpg\" alt=\"\" class=\"wp-image-999\" srcset=\"https:\/\/mentalhelse.no\/content\/uploads\/sites\/243\/2023\/06\/Om-oss-Sortland-1024x768.jpg 1024w, https:\/\/mentalhelse.no\/content\/uploads\/sites\/243\/2023\/06\/Om-oss-Sortland-300x225.jpg 300w, https:\/\/mentalhelse.no\/content\/uploads\/sites\/243\/2023\/06\/Om-oss-Sortland-768x576.jpg 768w, https:\/\/mentalhelse.no\/content\/uploads\/sites\/243\/2023\/06\/Om-oss-Sortland-1536x1152.jpg 1536w, https:\/\/mentalhelse.no\/content\/uploads\/sites\/243\/2023\/06\/Om-oss-Sortland.jpg 2048w\" sizes=\"auto, (max-width: 1024px) 100vw, 1024px\" \/><\/figure>\n\n\n\n<h1 class=\"wp-block-heading\" id=\"h-om-oss\">Om oss<\/h1>\n\n\n\n<p>Mental Helse Sortland er et forholdsvis stort og aktivt lokallag.<br>Vi \u00f8nsker b\u00e5de nye og gamle medlemmer og alle andre interesserte hjertelig velkommen til \u00e5 ta kontakt med oss, enten det gjelder medlemskap, deltakelse p\u00e5 eller sp\u00f8rsm\u00e5l om v\u00e5re aktiviteter, v\u00e5re sponsoravtaler eller annet som ang\u00e5r oss i styret i Mental Helse Sortland.<\/p>\n\n\n\n<p><br>Vi setter ogs\u00e5 pris p\u00e5 \u00e5 f\u00e5 forslag, tips og ideer til hva vi kan gj\u00f8re bedre eller til aktiviteter eller annet som vi og v\u00e5re medlemmer enten kan delta p\u00e5 eller som vi i styret eller v\u00e5r aktivitets \u2013 gruppe kan arrangere for v\u00e5re medlemmer. Vi holder v\u00e5re m\u00f8ter og treff p\u00e5 psykiatrisk dagsenter p\u00e5 Sortland (R\u00f8de kors \u2013 bygget ved kirka).<\/p>\n\n\n\n<h2 class=\"wp-block-heading\" id=\"h-styret\">Styret<\/h2>\n\n\n\n<p><strong>Leder:<\/strong> Sissel Andreassen<br><strong>Nestleder:<\/strong> Cecilie Pedersen<br><strong>Kasserer:<\/strong> Arild Han\u00f8y<br><strong>Styremedlem:<\/strong> Aud Torill S\u00f8rensen<br><strong>Styremedlem:<\/strong> Svein Arne Olsen<br><strong>Varamedlem:<\/strong> Marius Mikkelsen<\/p>\n\n\n<div class=\"t2-featured-content-layout align align wp-block-t2-featured-content-layout\"><\/div>\n\n\n<h2 class=\"wp-block-heading\" id=\"h-kontakt\">Kontakt<\/h2>\n\n\n\n<p><strong>Leder:<\/strong>\u00a0<br>Sissel Andreassen<br>Tlf:\u00a0909 64 747<br><a href=\"mailto:sortland@lokallag.mentalhelse.no\">sortland@lokallag.mentalhelse.no<\/a><\/p>\n\n\n\n<p><strong>Postadresse:<\/strong>&nbsp;<br>Parkveien 2<br>8400 Sortland<br><br><br><strong>Kontonummer:<\/strong>&nbsp;<br>4612 47 91332<br><br><strong>Organisasjonsnummer:<\/strong>&nbsp;<br>993 625 027<\/p>\n\n\n\n<div class=\"wp-block-columns is-layout-flex wp-container-core-columns-is-layout-1 wp-block-columns-is-layout-flex\">\n<div class=\"wp-block-column is-layout-flow wp-block-column-is-layout-flow\" style=\"flex-basis:100%\"><div class=\"card-info wp-block-t2-people-meta\"><\/div><\/div>\n<\/div>\n\n\n\n\n\n<div class=\"wp-block-group alignfull is-layout-constrained wp-block-group-is-layout-constrained\">\n<h3 class=\"wp-block-heading alignwide\" id=\"h-siste-nytt-fra-mental-helse-sortland\">Siste nytt fra Mental Helse Sortland<\/h3>\n<\/div>\n\n\n<div class=\"t2-featured-content-layout alignwide alignwide wp-block-t2-featured-content-layout\">\n<div class=\"t2-featured-query-post t2-featured-content is-post-type-news wp-block-t2-featured-query-post\"><a class=\"t2-post-link wp-block-t2-post-link\" href=\"https:\/\/mentalhelse.no\/sortland\/aktuelt\/eksempelartikkel\/\">\n\t<figure style=\"--t2-focal-point: 50% 50%;\" class=\"t2-post-featured-image has-image-ratio-16-9 wp-block-t2-post-featured-image\"><img loading=\"lazy\" decoding=\"async\" width=\"720\" height=\"529\" src=\"https:\/\/mentalhelse.no\/content\/uploads\/sites\/243\/2023\/06\/Sortland-tur.jpg\" class=\"attachment-post-thumbnail size-post-thumbnail wp-post-image\" alt=\"\" srcset=\"https:\/\/mentalhelse.no\/content\/uploads\/sites\/243\/2023\/06\/Sortland-tur.jpg 720w, https:\/\/mentalhelse.no\/content\/uploads\/sites\/243\/2023\/06\/Sortland-tur-300x220.jpg 300w\" sizes=\"auto, (max-width: 720px) 100vw, 720px\" style=\"--focal-point: 50% 50%;\" \/><\/figure>\n<\/a>\n\n<div class=\"wp-block-group postinfo alignfull is-layout-flow wp-block-group-is-layout-flow\">\n\t<div class=\"wp-block-mentalhelse-post-category\">\n\t\t\t\t\t<div class=\"post-type\">\n\t\t\t\t\t\t<a href=\"https:\/\/mentalhelse.no\/sortland\/aktuelt\/\">Nyheter<\/a>\n\t\t\t\t\t<\/div>\n\t\t\t\t\t\n\t\t\t\t\t<div class=\"post-category\">\n\t\t\t\t\t\t\n\t\t\t\t\t<\/div>\n\t\t\t<\/div>\n\t<a class=\"t2-post-link wp-block-t2-post-link\" href=\"https:\/\/mentalhelse.no\/sortland\/aktuelt\/eksempelartikkel\/\">\n\t<h2 class=\"t2-post-title wp-block-t2-post-title\">Tur til S\u00f8rfjorden<\/h2>\n\t<\/a>\n<\/div>\n\n<\/div>\n\n\n\n\n\n\n\n\n\n\n<\/div>\n\n<div class=\"card-info wp-block-t2-people-meta\"><\/div>","protected":false},"excerpt":{"rendered":"<p>Om oss Mental Helse Sortland er et forholdsvis stort og aktivt lokallag.Vi \u00f8nsker b\u00e5de nye og gamle medlemmer og alle andre interesserte hjertelig velkommen til&#8230;<\/p>\n","protected":false},"author":1,"featured_media":0,"parent":0,"menu_order":0,"comment_status":"closed","ping_status":"closed","template":"","meta":{"t2_featured_media_focal_point":{"x":0.5,"y":0.5},"mh_hide_title":true,"e24d_chat_page_choice":"","footnotes":""},"class_list":["post-797","page","type-page","status-publish","hentry"],"yoast_head":"<!-- This site is optimized with the Yoast SEO Premium plugin v21.2 (Yoast SEO v21.2) - https:\/\/yoast.com\/wordpress\/plugins\/seo\/ -->\n<title>Om oss - Mental Helse - Sortland<\/title>\n<meta name=\"description\" content=\"Her kan du lese om oss i Mental Helse Sortland, og l\u00e6re mer om hva vi jobber med. Ta gjerne kontakt hvis du har noen sp\u00f8rsm\u00e5l!\" \/>\n<meta name=\"robots\" content=\"index, follow, max-snippet:-1, max-image-preview:large, max-video-preview:-1\" \/>\n<link rel=\"canonical\" href=\"https:\/\/mentalhelse.no\/sortland\/om-oss\/\" \/>\n<meta property=\"og:locale\" content=\"nb_NO\" \/>\n<meta property=\"og:type\" content=\"article\" \/>\n<meta property=\"og:title\" content=\"Om oss\" \/>\n<meta property=\"og:description\" content=\"Her kan du lese om oss i Mental Helse Sortland, og l\u00e6re mer om hva vi jobber med. Ta gjerne kontakt hvis du har noen sp\u00f8rsm\u00e5l!\" \/>\n<meta property=\"og:url\" content=\"https:\/\/mentalhelse.no\/sortland\/om-oss\/\" \/>\n<meta property=\"og:site_name\" content=\"Sortland\" \/>\n<meta property=\"article:modified_time\" content=\"2025-07-10T10:28:14+00:00\" \/>\n<meta property=\"og:image\" content=\"https:\/\/mentalhelse.no\/content\/uploads\/sites\/243\/2023\/06\/Om-oss-Sortland-1024x768.jpg\" \/>\n<meta name=\"twitter:card\" content=\"summary_large_image\" \/>\n<meta name=\"twitter:label1\" content=\"Ansl. lesetid\" \/>\n\t<meta name=\"twitter:data1\" content=\"2 minutter\" \/>\n<script type=\"application\/ld+json\" class=\"yoast-schema-graph\">{\"@context\":\"https:\/\/schema.org\",\"@graph\":[{\"@type\":\"WebPage\",\"@id\":\"https:\/\/mentalhelse.no\/sortland\/om-oss\/\",\"url\":\"https:\/\/mentalhelse.no\/sortland\/om-oss\/\",\"name\":\"Om oss - Sortland\",\"isPartOf\":{\"@id\":\"https:\/\/mentalhelse.no\/sortland\/#website\"},\"datePublished\":\"2023-05-10T11:14:16+00:00\",\"dateModified\":\"2025-07-10T10:28:14+00:00\",\"description\":\"Her kan du lese om oss i Mental Helse Sortland, og l\u00e6re mer om hva vi jobber med. Ta gjerne kontakt hvis du har noen sp\u00f8rsm\u00e5l!\",\"breadcrumb\":{\"@id\":\"https:\/\/mentalhelse.no\/sortland\/om-oss\/#breadcrumb\"},\"inLanguage\":\"nb-NO\",\"potentialAction\":[{\"@type\":\"ReadAction\",\"target\":[\"https:\/\/mentalhelse.no\/sortland\/om-oss\/\"]}]},{\"@type\":\"BreadcrumbList\",\"@id\":\"https:\/\/mentalhelse.no\/sortland\/om-oss\/#breadcrumb\",\"itemListElement\":[{\"@type\":\"ListItem\",\"position\":1,\"name\":\"Hjem\",\"item\":\"https:\/\/mentalhelse.no\/sortland\/\"},{\"@type\":\"ListItem\",\"position\":2,\"name\":\"Om oss\"}]},{\"@type\":\"WebSite\",\"@id\":\"https:\/\/mentalhelse.no\/sortland\/#website\",\"url\":\"https:\/\/mentalhelse.no\/sortland\/\",\"name\":\"Sortland\",\"description\":\"\",\"potentialAction\":[{\"@type\":\"SearchAction\",\"target\":{\"@type\":\"EntryPoint\",\"urlTemplate\":\"https:\/\/mentalhelse.no\/sortland\/?s={search_term_string}\"},\"query-input\":\"required name=search_term_string\"}],\"inLanguage\":\"nb-NO\"}]}<\/script>\n<!-- \/ Yoast SEO Premium plugin. -->","yoast_head_json":{"title":"Om oss - Mental Helse - Sortland","description":"Her kan du lese om oss i Mental Helse Sortland, og l\u00e6re mer om hva vi jobber med. Ta gjerne kontakt hvis du har noen sp\u00f8rsm\u00e5l!","robots":{"index":"index","follow":"follow","max-snippet":"max-snippet:-1","max-image-preview":"max-image-preview:large","max-video-preview":"max-video-preview:-1"},"canonical":"https:\/\/mentalhelse.no\/sortland\/om-oss\/","og_locale":"nb_NO","og_type":"article","og_title":"Om oss","og_description":"Her kan du lese om oss i Mental Helse Sortland, og l\u00e6re mer om hva vi jobber med. Ta gjerne kontakt hvis du har noen sp\u00f8rsm\u00e5l!","og_url":"https:\/\/mentalhelse.no\/sortland\/om-oss\/","og_site_name":"Sortland","article_modified_time":"2025-07-10T10:28:14+00:00","og_image":[{"url":"https:\/\/mentalhelse.no\/content\/uploads\/sites\/243\/2023\/06\/Om-oss-Sortland-1024x768.jpg"}],"twitter_card":"summary_large_image","twitter_misc":{"Ansl. lesetid":"2 minutter"},"schema":{"@context":"https:\/\/schema.org","@graph":[{"@type":"WebPage","@id":"https:\/\/mentalhelse.no\/sortland\/om-oss\/","url":"https:\/\/mentalhelse.no\/sortland\/om-oss\/","name":"Om oss - Sortland","isPartOf":{"@id":"https:\/\/mentalhelse.no\/sortland\/#website"},"datePublished":"2023-05-10T11:14:16+00:00","dateModified":"2025-07-10T10:28:14+00:00","description":"Her kan du lese om oss i Mental Helse Sortland, og l\u00e6re mer om hva vi jobber med. Ta gjerne kontakt hvis du har noen sp\u00f8rsm\u00e5l!","breadcrumb":{"@id":"https:\/\/mentalhelse.no\/sortland\/om-oss\/#breadcrumb"},"inLanguage":"nb-NO","potentialAction":[{"@type":"ReadAction","target":["https:\/\/mentalhelse.no\/sortland\/om-oss\/"]}]},{"@type":"BreadcrumbList","@id":"https:\/\/mentalhelse.no\/sortland\/om-oss\/#breadcrumb","itemListElement":[{"@type":"ListItem","position":1,"name":"Hjem","item":"https:\/\/mentalhelse.no\/sortland\/"},{"@type":"ListItem","position":2,"name":"Om oss"}]},{"@type":"WebSite","@id":"https:\/\/mentalhelse.no\/sortland\/#website","url":"https:\/\/mentalhelse.no\/sortland\/","name":"Sortland","description":"","potentialAction":[{"@type":"SearchAction","target":{"@type":"EntryPoint","urlTemplate":"https:\/\/mentalhelse.no\/sortland\/?s={search_term_string}"},"query-input":"required name=search_term_string"}],"inLanguage":"nb-NO"}]}},"_links":{"self":[{"href":"https:\/\/mentalhelse.no\/sortland\/wp-json\/wp\/v2\/pages\/797","targetHints":{"allow":["GET"]}}],"collection":[{"href":"https:\/\/mentalhelse.no\/sortland\/wp-json\/wp\/v2\/pages"}],"about":[{"href":"https:\/\/mentalhelse.no\/sortland\/wp-json\/wp\/v2\/types\/page"}],"author":[{"embeddable":true,"href":"https:\/\/mentalhelse.no\/sortland\/wp-json\/wp\/v2\/users\/1"}],"replies":[{"embeddable":true,"href":"https:\/\/mentalhelse.no\/sortland\/wp-json\/wp\/v2\/comments?post=797"}],"version-history":[{"count":5,"href":"https:\/\/mentalhelse.no\/sortland\/wp-json\/wp\/v2\/pages\/797\/revisions"}],"predecessor-version":[{"id":1022,"href":"https:\/\/mentalhelse.no\/sortland\/wp-json\/wp\/v2\/pages\/797\/revisions\/1022"}],"wp:attachment":[{"href":"https:\/\/mentalhelse.no\/sortland\/wp-json\/wp\/v2\/media?parent=797"}],"curies":[{"name":"wp","href":"https:\/\/api.w.org\/{rel}","templated":true}]}}