{"id":1402,"date":"2025-05-07T09:50:08","date_gmt":"2025-05-07T09:50:08","guid":{"rendered":"https:\/\/mentalhelse.no\/stranda\/?page_id=1402"},"modified":"2026-04-16T18:33:08","modified_gmt":"2026-04-16T18:33:08","slug":"dokumenter-med-info","status":"publish","type":"page","link":"https:\/\/mentalhelse.no\/stranda\/dokumenter-med-info\/","title":{"rendered":"Dokumenter med info"},"content":{"rendered":"\n<h2 class=\"wp-block-heading\" id=\"h-ulike-nyttige-dokumenter-for-vart-lag\">Ulike nyttige dokumenter for v\u00e5rt lag<\/h2>\n\n\n\n<p><em>Her legger vi ikkje ut signerte dokumenter, (sign) er det vi vil publiserer. Dei orginale papira har self\u00f8lgjeleg signatur.<\/em><\/p>\n\n\n\n<h3 class=\"wp-block-heading\" id=\"h-for-internt-i-lokallaget\">For internt i lokallaget<\/h3>\n\n\n\n<p><a href=\"https:\/\/mentalhelse.no\/content\/uploads\/sites\/226\/2025\/10\/MAL-Innmelding-av-saker-Mh-Stranda.docx\">Innmelding av sak til styret<\/a><\/p>\n\n\n\n<p><a href=\"https:\/\/mentalhelse.no\/content\/uploads\/sites\/226\/2025\/05\/Mal-forslag-Protokoll-med-forklaring.docx\">Mal p\u00e5 protokoll forslag (<em>med forklaring<\/em>)<\/a><br><em>(der ein kan h\u00f8grelikke for \u00e5 starte nummerering p\u00e5 f.eks 20 i staden for 1)<\/em><\/p>\n\n\n\n<p><a href=\"https:\/\/mentalhelse.no\/content\/uploads\/sites\/226\/2025\/05\/Reiseregningsskjema-Mental-Helse-Stranda-14.05.25.xlsx\" target=\"_blank\" rel=\"noreferrer noopener\">Reiseregningsskjema for Mental Helse Stranda Excel<\/a><\/p>\n\n\n\n<p><a href=\"https:\/\/mentalhelse.no\/content\/uploads\/sites\/226\/2025\/10\/Reiseregning-MH-Stranda-pdf-til-utskrift.pdf\">Reiseregningsskjema PDF til utskrift<\/a><\/p>\n\n\n\n<p>Reiseregningsskjema Digitalt PDF : <strong>Kjem Snart<\/strong><\/p>\n\n\n\n<p>\u00c5rshjul for \u00f8ss 2025 og start av 2026<\/p>\n\n\n\n<h4 class=\"wp-block-heading\" id=\"h-arsmoter-mental-helse-stranda\"><a href=\"https:\/\/mentalhelse.no\/stranda\/arsmoter\/\" target=\"_blank\" rel=\"noreferrer noopener\">\u00c5rsm\u00f8ter Mental Helse Stranda<\/a><\/h4>\n\n\n\n<h3 class=\"wp-block-heading\" id=\"h-for-organisasjonsarbeid\">For organisasjonsarbeid<\/h3>\n\n\n\n<p><a href=\"https:\/\/mentalhelse.no\/content\/uploads\/sites\/226\/2025\/05\/Organisasjonshandbok-for-Mental-Helse.pdf\" target=\"_blank\" rel=\"noreferrer noopener\">Organisasjons h\u00e5ndboka til Mental Helse<\/a><\/p>\n\n\n\n<p><a href=\"https:\/\/mentalhelse.no\/content\/uploads\/sites\/226\/2025\/03\/MH-Vedtekter-2024-2026-med-bokmerker.pdf\" target=\"_blank\" rel=\"noreferrer noopener\">Vedtektene med bokmerker<\/a><\/p>\n\n\n\n<p><a href=\"https:\/\/mentalhelse.no\/content\/uploads\/sites\/226\/2025\/05\/Okonomireglement-for-lokal-og-fylkeslag-i-Mental-Helse.pdf\" target=\"_blank\" rel=\"noreferrer noopener\">\u00d8konomi reglement Mental Helse denne vert endra til v\u00e5r lokale.<\/a><\/p>\n\n\n\n<p><a href=\"https:\/\/mentalhelse.no\/content\/uploads\/sites\/226\/2025\/05\/FORRETNINGSORDEN-red-forslag-Mental-Helse-Stranda.pdf\" target=\"_blank\" rel=\"noreferrer noopener\">Forretningsorden for Mental Helse Stranda<\/a><\/p>\n\n\n\n<p>Styrets oppg\u00e5ver :  dette kjem snart<\/p>\n\n\n\n<h3 class=\"wp-block-heading\" id=\"h-likepersons-dokumenter\">Likepersons dokumenter<\/h3>\n\n\n\n<p><a href=\"https:\/\/mentalhelse.no\/content\/uploads\/sites\/226\/2025\/05\/1-LP-Arsrapport-for-lag-.docx\" target=\"_blank\" rel=\"noreferrer noopener\">\u00c5rsrapport<\/a><\/p>\n\n\n\n<p><a href=\"https:\/\/mentalhelse.no\/content\/uploads\/sites\/226\/2025\/05\/2-LP-Oversikt-over-aktive-likepersoner-.docx\" target=\"_blank\" rel=\"noreferrer noopener\">Oversikt over aktive likepersonar<\/a><\/p>\n\n\n\n<p><a href=\"https:\/\/mentalhelse.no\/content\/uploads\/sites\/226\/2025\/05\/3-LP-Likepersonsrapport-for-moteplass.docx\" target=\"_blank\" rel=\"noreferrer noopener\">Rapport for m\u00f8teplass<\/a><\/p>\n\n\n\n<p><a href=\"https:\/\/mentalhelse.no\/content\/uploads\/sites\/226\/2025\/05\/4-LP-Rapport-for-aktiviteter-utenom-moteplass-.docx\">Rapport for aktivitetar utanfor m\u00f8teplass<\/a><\/p>\n","protected":false},"excerpt":{"rendered":"<p>Ulike nyttige dokumenter for v\u00e5rt lag Her legger vi ikkje ut signerte dokumenter, (sign) er det vi vil publiserer. Dei orginale papira har self\u00f8lgjeleg signatur&#8230;.<\/p>\n","protected":false},"author":70,"featured_media":0,"parent":0,"menu_order":0,"comment_status":"closed","ping_status":"closed","template":"","meta":{"t2_featured_media_focal_point":{"x":0.5,"y":0.5},"mh_hide_title":true,"e24d_chat_page_choice":"","footnotes":""},"class_list":["post-1402","page","type-page","status-publish","hentry"],"yoast_head":"<!-- This site is optimized with the Yoast SEO Premium plugin v21.2 (Yoast SEO v21.2) - https:\/\/yoast.com\/wordpress\/plugins\/seo\/ -->\n<title>Dokumenter med info - Mental Helse - Stranda<\/title>\n<meta name=\"robots\" content=\"index, follow, max-snippet:-1, max-image-preview:large, max-video-preview:-1\" \/>\n<link rel=\"canonical\" href=\"https:\/\/mentalhelse.no\/stranda\/dokumenter-med-info\/\" \/>\n<meta property=\"og:locale\" content=\"nb_NO\" \/>\n<meta property=\"og:type\" content=\"article\" \/>\n<meta property=\"og:title\" content=\"Dokumenter med info\" \/>\n<meta property=\"og:description\" content=\"Ulike nyttige dokumenter for v\u00e5rt lag Her legger vi ikkje ut signerte dokumenter, (sign) er det vi vil publiserer. Dei orginale papira har self\u00f8lgjeleg signatur....\" \/>\n<meta property=\"og:url\" content=\"https:\/\/mentalhelse.no\/stranda\/dokumenter-med-info\/\" \/>\n<meta property=\"og:site_name\" content=\"Stranda\" \/>\n<meta property=\"article:modified_time\" content=\"2026-04-16T18:33:08+00:00\" \/>\n<meta name=\"twitter:card\" content=\"summary_large_image\" \/>\n<meta name=\"twitter:label1\" content=\"Ansl. lesetid\" \/>\n\t<meta name=\"twitter:data1\" content=\"1 minutt\" \/>\n<script type=\"application\/ld+json\" class=\"yoast-schema-graph\">{\"@context\":\"https:\/\/schema.org\",\"@graph\":[{\"@type\":\"WebPage\",\"@id\":\"https:\/\/mentalhelse.no\/stranda\/dokumenter-med-info\/\",\"url\":\"https:\/\/mentalhelse.no\/stranda\/dokumenter-med-info\/\",\"name\":\"Dokumenter med info - Stranda\",\"isPartOf\":{\"@id\":\"https:\/\/mentalhelse.no\/stranda\/#website\"},\"datePublished\":\"2025-05-07T09:50:08+00:00\",\"dateModified\":\"2026-04-16T18:33:08+00:00\",\"breadcrumb\":{\"@id\":\"https:\/\/mentalhelse.no\/stranda\/dokumenter-med-info\/#breadcrumb\"},\"inLanguage\":\"nb-NO\",\"potentialAction\":[{\"@type\":\"ReadAction\",\"target\":[\"https:\/\/mentalhelse.no\/stranda\/dokumenter-med-info\/\"]}]},{\"@type\":\"BreadcrumbList\",\"@id\":\"https:\/\/mentalhelse.no\/stranda\/dokumenter-med-info\/#breadcrumb\",\"itemListElement\":[{\"@type\":\"ListItem\",\"position\":1,\"name\":\"Hjem\",\"item\":\"https:\/\/mentalhelse.no\/stranda\/\"},{\"@type\":\"ListItem\",\"position\":2,\"name\":\"Dokumenter med info\"}]},{\"@type\":\"WebSite\",\"@id\":\"https:\/\/mentalhelse.no\/stranda\/#website\",\"url\":\"https:\/\/mentalhelse.no\/stranda\/\",\"name\":\"Stranda\",\"description\":\"\",\"potentialAction\":[{\"@type\":\"SearchAction\",\"target\":{\"@type\":\"EntryPoint\",\"urlTemplate\":\"https:\/\/mentalhelse.no\/stranda\/?s={search_term_string}\"},\"query-input\":\"required name=search_term_string\"}],\"inLanguage\":\"nb-NO\"}]}<\/script>\n<!-- \/ Yoast SEO Premium plugin. -->","yoast_head_json":{"title":"Dokumenter med info - Mental Helse - Stranda","robots":{"index":"index","follow":"follow","max-snippet":"max-snippet:-1","max-image-preview":"max-image-preview:large","max-video-preview":"max-video-preview:-1"},"canonical":"https:\/\/mentalhelse.no\/stranda\/dokumenter-med-info\/","og_locale":"nb_NO","og_type":"article","og_title":"Dokumenter med info","og_description":"Ulike nyttige dokumenter for v\u00e5rt lag Her legger vi ikkje ut signerte dokumenter, (sign) er det vi vil publiserer. Dei orginale papira har self\u00f8lgjeleg signatur....","og_url":"https:\/\/mentalhelse.no\/stranda\/dokumenter-med-info\/","og_site_name":"Stranda","article_modified_time":"2026-04-16T18:33:08+00:00","twitter_card":"summary_large_image","twitter_misc":{"Ansl. lesetid":"1 minutt"},"schema":{"@context":"https:\/\/schema.org","@graph":[{"@type":"WebPage","@id":"https:\/\/mentalhelse.no\/stranda\/dokumenter-med-info\/","url":"https:\/\/mentalhelse.no\/stranda\/dokumenter-med-info\/","name":"Dokumenter med info - Stranda","isPartOf":{"@id":"https:\/\/mentalhelse.no\/stranda\/#website"},"datePublished":"2025-05-07T09:50:08+00:00","dateModified":"2026-04-16T18:33:08+00:00","breadcrumb":{"@id":"https:\/\/mentalhelse.no\/stranda\/dokumenter-med-info\/#breadcrumb"},"inLanguage":"nb-NO","potentialAction":[{"@type":"ReadAction","target":["https:\/\/mentalhelse.no\/stranda\/dokumenter-med-info\/"]}]},{"@type":"BreadcrumbList","@id":"https:\/\/mentalhelse.no\/stranda\/dokumenter-med-info\/#breadcrumb","itemListElement":[{"@type":"ListItem","position":1,"name":"Hjem","item":"https:\/\/mentalhelse.no\/stranda\/"},{"@type":"ListItem","position":2,"name":"Dokumenter med info"}]},{"@type":"WebSite","@id":"https:\/\/mentalhelse.no\/stranda\/#website","url":"https:\/\/mentalhelse.no\/stranda\/","name":"Stranda","description":"","potentialAction":[{"@type":"SearchAction","target":{"@type":"EntryPoint","urlTemplate":"https:\/\/mentalhelse.no\/stranda\/?s={search_term_string}"},"query-input":"required name=search_term_string"}],"inLanguage":"nb-NO"}]}},"_links":{"self":[{"href":"https:\/\/mentalhelse.no\/stranda\/wp-json\/wp\/v2\/pages\/1402","targetHints":{"allow":["GET"]}}],"collection":[{"href":"https:\/\/mentalhelse.no\/stranda\/wp-json\/wp\/v2\/pages"}],"about":[{"href":"https:\/\/mentalhelse.no\/stranda\/wp-json\/wp\/v2\/types\/page"}],"author":[{"embeddable":true,"href":"https:\/\/mentalhelse.no\/stranda\/wp-json\/wp\/v2\/users\/70"}],"replies":[{"embeddable":true,"href":"https:\/\/mentalhelse.no\/stranda\/wp-json\/wp\/v2\/comments?post=1402"}],"version-history":[{"count":4,"href":"https:\/\/mentalhelse.no\/stranda\/wp-json\/wp\/v2\/pages\/1402\/revisions"}],"predecessor-version":[{"id":1794,"href":"https:\/\/mentalhelse.no\/stranda\/wp-json\/wp\/v2\/pages\/1402\/revisions\/1794"}],"wp:attachment":[{"href":"https:\/\/mentalhelse.no\/stranda\/wp-json\/wp\/v2\/media?parent=1402"}],"curies":[{"name":"wp","href":"https:\/\/api.w.org\/{rel}","templated":true}]}}