{"id":756,"date":"2023-05-09T11:55:25","date_gmt":"2023-05-09T11:55:25","guid":{"rendered":"https:\/\/mentalhelse.no\/viken\/?page_id=756"},"modified":"2025-05-14T10:31:17","modified_gmt":"2025-05-14T10:31:17","slug":"stranda","status":"publish","type":"page","link":"https:\/\/mentalhelse.no\/stranda\/","title":{"rendered":"Stranda"},"content":{"rendered":"\n\t<div style=\"--t2-hero-dim:0.5;\" class=\"t2-hero t2-hero-content-position-center-left t2-hero-has-dim-50 t2-hero-image-position-right t2-hero-has-image alignfull is-style-default wp-block-t2-hero\">\n\t\t<img decoding=\"async\" width=\"1024\" height=\"576\" src=\"https:\/\/mentalhelse.no\/content\/uploads\/sites\/226\/2023\/07\/Stranda-1024x576.jpg\" class=\"t2-hero__image\" alt=\"\" style=\"object-position: 88% 58%; --focal-point: 50% 50%;\" loading=\"eager\" fetchpriority=\"high\" srcset=\"https:\/\/mentalhelse.no\/content\/uploads\/sites\/226\/2023\/07\/Stranda-1024x576.jpg 1024w, https:\/\/mentalhelse.no\/content\/uploads\/sites\/226\/2023\/07\/Stranda-300x169.jpg 300w, https:\/\/mentalhelse.no\/content\/uploads\/sites\/226\/2023\/07\/Stranda-768x432.jpg 768w, https:\/\/mentalhelse.no\/content\/uploads\/sites\/226\/2023\/07\/Stranda-1536x865.jpg 1536w, https:\/\/mentalhelse.no\/content\/uploads\/sites\/226\/2023\/07\/Stranda-2048x1153.jpg 2048w\" sizes=\"(max-width: 1024px) 100vw, 1024px\" \/>\n\t\t<div class=\"t2-hero__header\"><div class=\"t2-hero__header__content\">\n<h1 class=\"has-text-align-left alignwide wp-block-post-title\">Stranda<\/h1>\n\n\n<p>Mental Helse Stranda vart stifta 1. oktober 2004<br>Vi har som m\u00e5l \u00e5 skape ei trygg ramme der v\u00e5re medlemar kan kjenne seg sett, h\u00f8yrt og inkludert i v\u00e5rt lokallag. Samt \u00e5 skape fleire aktivitetar for v\u00e5re medlemmar og interesserte.<\/p>\n\n\n\n<div class=\"wp-block-buttons is-layout-flex wp-block-buttons-is-layout-flex\">\n<div class=\"wp-block-button is-style-outline is-style-outline--1\"><a class=\"wp-block-button__link wp-element-button\" href=\"https:\/\/mentalhelse.no\/stranda\/om-oss\/\">Om oss<\/a><\/div>\n\n\n\n<div class=\"wp-block-button is-style-outline is-style-outline--2\"><a class=\"wp-block-button__link wp-element-button\" href=\"https:\/\/mentalhelse.no\/stranda\/dokumenter-med-info\/\" target=\"_blank\" rel=\"noreferrer noopener\">Dokumenter<\/a><\/div>\n<\/div>\n\n<\/div><\/div>\n\t<\/div>\n\n\n\n\n<div class=\"wp-block-group alignfull is-layout-constrained wp-block-group-is-layout-constrained\">\n<h3 class=\"wp-block-heading alignwide\" id=\"h-siste-nytt-fra-mental-helse-stranda\">Siste nytt fra Mental Helse Stranda<\/h3>\n<\/div>\n\n\n<div class=\"t2-featured-content-layout alignwide alignwide wp-block-t2-featured-content-layout\">\n\n\n\n\n\n\n\n\n\n\n\n<\/div>\n\n\n\t\t<div class=\"mh-related-posts alignfull alignfull wp-block-mentalhelse-related-posts brown-light-mode\">\n\t\t\t<div class=\"mh-related-posts__inner\">\n\t\t\t\t\n\n<h3 class=\"wp-block-heading\" id=\"h-nyheter-fra-mental-helse\">Nyheter fra Mental Helse<\/h3>\n\n\n<div class=\"t2-featured-content-layout alignwide alignwide wp-block-t2-featured-content-layout\">\n<div class=\"t2-featured-query-post t2-featured-content is-post-type-news news_category-press-release is-style-default wp-block-t2-featured-query-post t2-featured-content-layout-col-4\"><a class=\"t2-post-link wp-block-t2-post-link\" href=\"https:\/\/mentalhelse.no\/aktuelt\/hjelpetelefon-og-chat-apent-17-mai\/\">\n\t<figure style=\"--t2-focal-point: 50% 50%;\" class=\"t2-post-featured-image has-image-ratio-16-9 wp-block-t2-post-featured-image\"><img loading=\"lazy\" decoding=\"async\" width=\"2560\" height=\"1920\" src=\"https:\/\/mentalhelse.no\/content\/uploads\/2026\/05\/5410e776-5970-48ff-b59e-90ac7ee15672-scaled.jpg\" class=\"attachment-post-thumbnail size-post-thumbnail wp-post-image\" alt=\"\" srcset=\"https:\/\/mentalhelse.no\/content\/uploads\/2026\/05\/5410e776-5970-48ff-b59e-90ac7ee15672-scaled.jpg 2560w, https:\/\/mentalhelse.no\/content\/uploads\/2026\/05\/5410e776-5970-48ff-b59e-90ac7ee15672-300x225.jpg 300w, https:\/\/mentalhelse.no\/content\/uploads\/2026\/05\/5410e776-5970-48ff-b59e-90ac7ee15672-1024x768.jpg 1024w, https:\/\/mentalhelse.no\/content\/uploads\/2026\/05\/5410e776-5970-48ff-b59e-90ac7ee15672-768x576.jpg 768w, https:\/\/mentalhelse.no\/content\/uploads\/2026\/05\/5410e776-5970-48ff-b59e-90ac7ee15672-1536x1152.jpg 1536w, https:\/\/mentalhelse.no\/content\/uploads\/2026\/05\/5410e776-5970-48ff-b59e-90ac7ee15672-2048x1536.jpg 2048w\" sizes=\"auto, (max-width: 2560px) 100vw, 2560px\" style=\"--focal-point: 50% 50%;\" \/><\/figure>\n<\/a>\n\n<div class=\"wp-block-group postinfo alignfull is-layout-flow wp-block-group-is-layout-flow\">\n\t<div class=\"wp-block-mentalhelse-post-category\">\n\t\t\t\t\t<div class=\"post-type\">\n\t\t\t\t\t\t<a href=\"https:\/\/mentalhelse.no\/aktuelt\/\">Nyheter<\/a>\n\t\t\t\t\t<\/div>\n\t\t\t\t\t<div class=\"separator\"><\/div>\n\t\t\t\t\t<div class=\"post-category\">\n\t\t\t\t\t\t<a href=\"https:\/\/mentalhelse.no\/aktuelt-kategori\/press-release\/\">Pressemelding<\/a>\n\t\t\t\t\t<\/div>\n\t\t\t<\/div>\n\t<a class=\"t2-post-link wp-block-t2-post-link\" href=\"https:\/\/mentalhelse.no\/aktuelt\/hjelpetelefon-og-chat-apent-17-mai\/\">\n\t<h2 class=\"t2-post-title wp-block-t2-post-title\">Hjelpetelefon og chat \u00e5pent 17. mai<\/h2>\n\t<\/a>\n<\/div>\n\n<\/div>\n\n<div class=\"t2-featured-query-post t2-featured-content is-post-type-news news_category-nyheter is-style-default wp-block-t2-featured-query-post t2-featured-content-layout-col-4\"><a class=\"t2-post-link wp-block-t2-post-link\" href=\"https:\/\/mentalhelse.no\/aktuelt\/disse-lokallagene-inviterer-til-feiring-17-mai\/\">\n\t<figure style=\"--t2-focal-point: 50% 50%;\" class=\"t2-post-featured-image has-image-ratio-16-9 wp-block-t2-post-featured-image\"><img loading=\"lazy\" decoding=\"async\" width=\"2560\" height=\"1707\" src=\"https:\/\/mentalhelse.no\/content\/uploads\/2024\/05\/17.-mai-norskeflagg-scaled.jpg\" class=\"attachment-post-thumbnail size-post-thumbnail wp-post-image\" alt=\"Norske flagg i blomsterbed.\" srcset=\"https:\/\/mentalhelse.no\/content\/uploads\/2024\/05\/17.-mai-norskeflagg-scaled.jpg 2560w, https:\/\/mentalhelse.no\/content\/uploads\/2024\/05\/17.-mai-norskeflagg-300x200.jpg 300w, https:\/\/mentalhelse.no\/content\/uploads\/2024\/05\/17.-mai-norskeflagg-1024x683.jpg 1024w, https:\/\/mentalhelse.no\/content\/uploads\/2024\/05\/17.-mai-norskeflagg-768x512.jpg 768w, https:\/\/mentalhelse.no\/content\/uploads\/2024\/05\/17.-mai-norskeflagg-1536x1024.jpg 1536w, https:\/\/mentalhelse.no\/content\/uploads\/2024\/05\/17.-mai-norskeflagg-2048x1365.jpg 2048w\" sizes=\"auto, (max-width: 2560px) 100vw, 2560px\" style=\"--focal-point: 50% 50%;\" \/><\/figure>\n<\/a>\n\n<div class=\"wp-block-group postinfo alignfull is-layout-flow wp-block-group-is-layout-flow\">\n\t<div class=\"wp-block-mentalhelse-post-category\">\n\t\t\t\t\t<div class=\"post-type\">\n\t\t\t\t\t\t<a href=\"https:\/\/mentalhelse.no\/aktuelt\/\">Nyheter<\/a>\n\t\t\t\t\t<\/div>\n\t\t\t\t\t<div class=\"separator\"><\/div>\n\t\t\t\t\t<div class=\"post-category\">\n\t\t\t\t\t\t<a href=\"https:\/\/mentalhelse.no\/aktuelt-kategori\/nyheter\/\">Aktuelt<\/a>\n\t\t\t\t\t<\/div>\n\t\t\t<\/div>\n\t<a class=\"t2-post-link wp-block-t2-post-link\" href=\"https:\/\/mentalhelse.no\/aktuelt\/disse-lokallagene-inviterer-til-feiring-17-mai\/\">\n\t<h2 class=\"t2-post-title wp-block-t2-post-title\">Disse lokallagene inviterer til feiring 17. mai<\/h2>\n\t<\/a>\n<\/div>\n\n<\/div>\n\n<div class=\"t2-featured-query-post t2-featured-content is-post-type-news is-style-default wp-block-t2-featured-query-post t2-featured-content-layout-col-4\"><a class=\"t2-post-link wp-block-t2-post-link\" href=\"https:\/\/mentalhelse.no\/aktuelt\/nettverk-for-selvmordsforebygging-i-gang-igjen\/\">\n\t<figure style=\"--t2-focal-point: 50% 50%;\" class=\"t2-post-featured-image has-image-ratio-16-9 wp-block-t2-post-featured-image\"><img loading=\"lazy\" decoding=\"async\" width=\"1736\" height=\"1080\" src=\"https:\/\/mentalhelse.no\/content\/uploads\/2026\/04\/nettverk-for-selvmordsforebygging-30.04.2026.jpg\" class=\"attachment-post-thumbnail size-post-thumbnail wp-post-image\" alt=\"\" srcset=\"https:\/\/mentalhelse.no\/content\/uploads\/2026\/04\/nettverk-for-selvmordsforebygging-30.04.2026.jpg 1736w, https:\/\/mentalhelse.no\/content\/uploads\/2026\/04\/nettverk-for-selvmordsforebygging-30.04.2026-300x187.jpg 300w, https:\/\/mentalhelse.no\/content\/uploads\/2026\/04\/nettverk-for-selvmordsforebygging-30.04.2026-1024x637.jpg 1024w, https:\/\/mentalhelse.no\/content\/uploads\/2026\/04\/nettverk-for-selvmordsforebygging-30.04.2026-768x478.jpg 768w, https:\/\/mentalhelse.no\/content\/uploads\/2026\/04\/nettverk-for-selvmordsforebygging-30.04.2026-1536x956.jpg 1536w\" sizes=\"auto, (max-width: 1736px) 100vw, 1736px\" style=\"--focal-point: 50% 50%;\" \/><\/figure>\n<\/a>\n\n<div class=\"wp-block-group postinfo alignfull is-layout-flow wp-block-group-is-layout-flow\">\n\t<div class=\"wp-block-mentalhelse-post-category\">\n\t\t\t\t\t<div class=\"post-type\">\n\t\t\t\t\t\t<a href=\"https:\/\/mentalhelse.no\/aktuelt\/\">Nyheter<\/a>\n\t\t\t\t\t<\/div>\n\t\t\t\t\t\n\t\t\t\t\t<div class=\"post-category\">\n\t\t\t\t\t\t\n\t\t\t\t\t<\/div>\n\t\t\t<\/div>\n\t<a class=\"t2-post-link wp-block-t2-post-link\" href=\"https:\/\/mentalhelse.no\/aktuelt\/nettverk-for-selvmordsforebygging-i-gang-igjen\/\">\n\t<h2 class=\"t2-post-title wp-block-t2-post-title\">Nettverk for selvmordsforebygging i gang igjen<\/h2>\n\t<\/a>\n<\/div>\n\n<\/div>\n<\/div>\n\n\t\t\t<\/div>\n\t\t<\/div>","protected":false},"excerpt":{"rendered":"<p>Siste nytt fra Mental Helse Stranda<\/p>\n","protected":false},"author":1,"featured_media":0,"parent":0,"menu_order":0,"comment_status":"closed","ping_status":"closed","template":"","meta":{"t2_featured_media_focal_point":{"x":0.5,"y":0.5},"mh_hide_title":true,"e24d_chat_page_choice":"","footnotes":""},"class_list":["post-756","page","type-page","status-publish","hentry"],"yoast_head":"<!-- This site is optimized with the Yoast SEO Premium plugin v21.2 (Yoast SEO v21.2) - https:\/\/yoast.com\/wordpress\/plugins\/seo\/ -->\n<title>Mental Helse - Stranda - Mental Helse - Stranda<\/title>\n<meta name=\"description\" content=\"Vi er Mental Helses lokallag i Stranda. Vi har flere medlemsarrangementer og har alltid plass til flerer. Les mer p\u00e5 v\u00e5re nettsider!\" \/>\n<meta name=\"robots\" content=\"index, follow, max-snippet:-1, max-image-preview:large, max-video-preview:-1\" \/>\n<link rel=\"canonical\" href=\"https:\/\/mentalhelse.no\/stranda\/\" \/>\n<meta property=\"og:locale\" content=\"nb_NO\" \/>\n<meta property=\"og:type\" content=\"article\" \/>\n<meta property=\"og:title\" content=\"Stranda\" \/>\n<meta property=\"og:description\" content=\"Vi er Mental Helses lokallag i Stranda. Vi har flere medlemsarrangementer og har alltid plass til flerer. Les mer p\u00e5 v\u00e5re nettsider!\" \/>\n<meta property=\"og:url\" content=\"https:\/\/mentalhelse.no\/stranda\/\" \/>\n<meta property=\"og:site_name\" content=\"Stranda\" \/>\n<meta property=\"article:modified_time\" content=\"2025-05-14T10:31:17+00:00\" \/>\n<meta name=\"twitter:card\" content=\"summary_large_image\" \/>\n<meta name=\"twitter:label1\" content=\"Ansl. lesetid\" \/>\n\t<meta name=\"twitter:data1\" content=\"1 minutt\" \/>\n<script type=\"application\/ld+json\" class=\"yoast-schema-graph\">{\"@context\":\"https:\/\/schema.org\",\"@graph\":[{\"@type\":\"WebPage\",\"@id\":\"https:\/\/mentalhelse.no\/stranda\/\",\"url\":\"https:\/\/mentalhelse.no\/stranda\/\",\"name\":\"Stranda - Stranda\",\"isPartOf\":{\"@id\":\"https:\/\/mentalhelse.no\/stranda\/#website\"},\"datePublished\":\"2023-05-09T11:55:25+00:00\",\"dateModified\":\"2025-05-14T10:31:17+00:00\",\"description\":\"Vi er Mental Helses lokallag i Stranda. Vi har flere medlemsarrangementer og har alltid plass til flerer. Les mer p\u00e5 v\u00e5re nettsider!\",\"breadcrumb\":{\"@id\":\"https:\/\/mentalhelse.no\/stranda\/#breadcrumb\"},\"inLanguage\":\"nb-NO\",\"potentialAction\":[{\"@type\":\"ReadAction\",\"target\":[\"https:\/\/mentalhelse.no\/stranda\/\"]}]},{\"@type\":\"BreadcrumbList\",\"@id\":\"https:\/\/mentalhelse.no\/stranda\/#breadcrumb\",\"itemListElement\":[{\"@type\":\"ListItem\",\"position\":1,\"name\":\"Hjem\",\"item\":\"https:\/\/mentalhelse.no\/stranda\/\"},{\"@type\":\"ListItem\",\"position\":2,\"name\":\"Stranda\"}]},{\"@type\":\"WebSite\",\"@id\":\"https:\/\/mentalhelse.no\/stranda\/#website\",\"url\":\"https:\/\/mentalhelse.no\/stranda\/\",\"name\":\"Stranda\",\"description\":\"\",\"potentialAction\":[{\"@type\":\"SearchAction\",\"target\":{\"@type\":\"EntryPoint\",\"urlTemplate\":\"https:\/\/mentalhelse.no\/stranda\/?s={search_term_string}\"},\"query-input\":\"required name=search_term_string\"}],\"inLanguage\":\"nb-NO\"}]}<\/script>\n<!-- \/ Yoast SEO Premium plugin. -->","yoast_head_json":{"title":"Mental Helse - Stranda - Mental Helse - Stranda","description":"Vi er Mental Helses lokallag i Stranda. Vi har flere medlemsarrangementer og har alltid plass til flerer. Les mer p\u00e5 v\u00e5re nettsider!","robots":{"index":"index","follow":"follow","max-snippet":"max-snippet:-1","max-image-preview":"max-image-preview:large","max-video-preview":"max-video-preview:-1"},"canonical":"https:\/\/mentalhelse.no\/stranda\/","og_locale":"nb_NO","og_type":"article","og_title":"Stranda","og_description":"Vi er Mental Helses lokallag i Stranda. Vi har flere medlemsarrangementer og har alltid plass til flerer. Les mer p\u00e5 v\u00e5re nettsider!","og_url":"https:\/\/mentalhelse.no\/stranda\/","og_site_name":"Stranda","article_modified_time":"2025-05-14T10:31:17+00:00","twitter_card":"summary_large_image","twitter_misc":{"Ansl. lesetid":"1 minutt"},"schema":{"@context":"https:\/\/schema.org","@graph":[{"@type":"WebPage","@id":"https:\/\/mentalhelse.no\/stranda\/","url":"https:\/\/mentalhelse.no\/stranda\/","name":"Stranda - Stranda","isPartOf":{"@id":"https:\/\/mentalhelse.no\/stranda\/#website"},"datePublished":"2023-05-09T11:55:25+00:00","dateModified":"2025-05-14T10:31:17+00:00","description":"Vi er Mental Helses lokallag i Stranda. Vi har flere medlemsarrangementer og har alltid plass til flerer. Les mer p\u00e5 v\u00e5re nettsider!","breadcrumb":{"@id":"https:\/\/mentalhelse.no\/stranda\/#breadcrumb"},"inLanguage":"nb-NO","potentialAction":[{"@type":"ReadAction","target":["https:\/\/mentalhelse.no\/stranda\/"]}]},{"@type":"BreadcrumbList","@id":"https:\/\/mentalhelse.no\/stranda\/#breadcrumb","itemListElement":[{"@type":"ListItem","position":1,"name":"Hjem","item":"https:\/\/mentalhelse.no\/stranda\/"},{"@type":"ListItem","position":2,"name":"Stranda"}]},{"@type":"WebSite","@id":"https:\/\/mentalhelse.no\/stranda\/#website","url":"https:\/\/mentalhelse.no\/stranda\/","name":"Stranda","description":"","potentialAction":[{"@type":"SearchAction","target":{"@type":"EntryPoint","urlTemplate":"https:\/\/mentalhelse.no\/stranda\/?s={search_term_string}"},"query-input":"required name=search_term_string"}],"inLanguage":"nb-NO"}]}},"_links":{"self":[{"href":"https:\/\/mentalhelse.no\/stranda\/wp-json\/wp\/v2\/pages\/756","targetHints":{"allow":["GET"]}}],"collection":[{"href":"https:\/\/mentalhelse.no\/stranda\/wp-json\/wp\/v2\/pages"}],"about":[{"href":"https:\/\/mentalhelse.no\/stranda\/wp-json\/wp\/v2\/types\/page"}],"author":[{"embeddable":true,"href":"https:\/\/mentalhelse.no\/stranda\/wp-json\/wp\/v2\/users\/1"}],"replies":[{"embeddable":true,"href":"https:\/\/mentalhelse.no\/stranda\/wp-json\/wp\/v2\/comments?post=756"}],"version-history":[{"count":5,"href":"https:\/\/mentalhelse.no\/stranda\/wp-json\/wp\/v2\/pages\/756\/revisions"}],"predecessor-version":[{"id":1696,"href":"https:\/\/mentalhelse.no\/stranda\/wp-json\/wp\/v2\/pages\/756\/revisions\/1696"}],"wp:attachment":[{"href":"https:\/\/mentalhelse.no\/stranda\/wp-json\/wp\/v2\/media?parent=756"}],"curies":[{"name":"wp","href":"https:\/\/api.w.org\/{rel}","templated":true}]}}