{"id":797,"date":"2023-05-10T11:14:16","date_gmt":"2023-05-10T11:14:16","guid":{"rendered":"https:\/\/mentalhelse.no\/viken\/?page_id=797"},"modified":"2026-03-27T16:15:11","modified_gmt":"2026-03-27T16:15:11","slug":"om-oss","status":"publish","type":"page","link":"https:\/\/mentalhelse.no\/stranda\/om-oss\/","title":{"rendered":"Om oss"},"content":{"rendered":"\n<figure class=\"wp-block-image size-large is-resized is-style-rounded\"><img loading=\"lazy\" decoding=\"async\" width=\"1024\" height=\"683\" src=\"https:\/\/mentalhelse.no\/content\/uploads\/sites\/226\/2023\/07\/Dyr8-1024x683.jpg\" alt=\"\" class=\"wp-image-997\" style=\"width:783px;height:522px\" srcset=\"https:\/\/mentalhelse.no\/content\/uploads\/sites\/226\/2023\/07\/Dyr8-1024x683.jpg 1024w, https:\/\/mentalhelse.no\/content\/uploads\/sites\/226\/2023\/07\/Dyr8-300x200.jpg 300w, https:\/\/mentalhelse.no\/content\/uploads\/sites\/226\/2023\/07\/Dyr8-768x512.jpg 768w, https:\/\/mentalhelse.no\/content\/uploads\/sites\/226\/2023\/07\/Dyr8-1536x1024.jpg 1536w, https:\/\/mentalhelse.no\/content\/uploads\/sites\/226\/2023\/07\/Dyr8-2048x1365.jpg 2048w\" sizes=\"auto, (max-width: 1024px) 100vw, 1024px\" \/><\/figure>\n\n\n\n<h1 class=\"wp-block-heading\" id=\"h-om-oss\">Om oss<\/h1>\n\n\n\n<p><\/p>\n\n\n\n<p>Mental Helse Stranda har som m\u00e5l \u00e5 skape ei trygg ramme der v\u00e5re medlemar kan kjenne seg sett, h\u00f8yrt og inkludert i v\u00e5rt lokallag. Samt \u00e5 skape fleire aktivitetar for v\u00e5re medlemmar og andre interesserte.<\/p>\n\n\n\n<p>Vi trenger fleire medlemmar som kan bidra til \u00e5 skape eit tilbod og utvikle tilbod. \u00d8nskjer du \u00e5 bli medlem hos oss g\u00e5 inn her \u00e5 meld deg inn <a href=\"https:\/\/mentalhelse.profundo.no\/blimedlem\">BLI MEDLEM<\/a>.<\/p>\n\n\n\n<p>St\u00f8tt oss:<\/p>\n\n\n\n<ul class=\"wp-block-list\">\n<li><a href=\"https:\/\/www.norsk-tipping.no\/grasrotandelen\/din-mottaker\/890648762\">Grasrotmottakar<\/a> <\/li>\n\n\n\n<li><\/li>\n<\/ul>\n\n\n\n<p>Det er ogs\u00e5 viktig for oss \u00e5 v\u00e6re ein sosial og\/eller l\u00e6rings arena, for dei som vil ha auka kunnskap om organisasjonen v\u00e5r og v\u00e5re verdiar.<\/p>\n\n\n\n<p>Vi he ei m\u00e5lsettjing i \u00e5 ha eit godt samarbeid med Kommunen- gjennom Habilitering og Rahbilitering (Hab\/Rehab).<\/p>\n\n\n\n<h2 class=\"wp-block-heading\" id=\"h-treffstad\">Treffstad<\/h2>\n\n\n\n<p>Vi har siste \u00e5ret hatt fast &laquo;Treffstad Tirsdag&raquo; og &laquo;Treffstad Fredag&raquo; mellom tidsrom 11:00 og 13:00.<\/p>\n\n\n\n\t\t<div class=\"t2-factbox wp-block-t2-factbox\" id=\"t2-factbox\">\n\t\t\t<div class=\"t2-factbox__content\">\n\t\t\t\t<div class=\"t2-factbox__blocks t2-factbox__inner-container\">\n\t\t\t\t\t\n\n<h4 class=\"wp-block-heading\" id=\"h-kva-skjer-pa-treffstad\">Kva skjer p\u00e5 Treffstad?<\/h4>\n\n\n\n<p>Det er litt avhengig av kven som kjem. S\u00e5 gjerne ta med deg ein venn.<\/p>\n\n\n\n<ul class=\"wp-block-list\">\n<li>Kvardagsprat over ein kopp kaffi.<\/li>\n\n\n\n<li>Ein kan ta ein runde med:\n<ul class=\"wp-block-list\">\n<li>bilijard.<\/li>\n\n\n\n<li>dart.<\/li>\n\n\n\n<li>airhokey.<\/li>\n\n\n\n<li>sjakk.<\/li>\n\n\n\n<li>bordtennis.<\/li>\n<\/ul>\n<\/li>\n<\/ul>\n\n\n\t\t\t\t<\/div>\n\t\t\t\t\n\t\t\t<\/div>\n\t\t\t\n\t\t<\/div>\n\n\n<p><br>Vi pr\u00f8ver ogs\u00e5 p\u00e5 \u00e5 skape &laquo;Treffstad-kveld&raquo;. Det vil i f\u00f8rste omgang vere siste fredag kvar m\u00e5nad med aktivitet og noko mat.<\/p>\n\n\n\n<p>Du finner meir om dette p\u00e5 v\u00e5r <a href=\"https:\/\/mentalhelse.no\/stranda\/event\/\">KALENDER<\/a><\/p>\n\n\n\n<p><\/p>\n\n\n\n<h2 class=\"wp-block-heading\" id=\"h-langloboen\">Langlob\u00f8en<\/h2>\n\n\n\n<p>Dette var tidlegare ambulansestasjon, s\u00e5 kanskje nokon hugsar dette. <\/p>\n\n\n\n<p>Innkj\u00f8ringa til lokalet kjem ofte br\u00e5tt p\u00e5, med ein litt bratt kant fr\u00e5 gangvegen og til grusvegen til lokalet.<\/p>\n\n\n\n<div class=\"wp-block-media-text is-stacked-on-mobile\"><figure class=\"wp-block-media-text__media\"><img loading=\"lazy\" decoding=\"async\" width=\"1024\" height=\"498\" src=\"https:\/\/mentalhelse.no\/content\/uploads\/sites\/226\/2023\/11\/20231104_115314-\u2013-Kopi-1024x498.jpg\" alt=\"\" class=\"wp-image-1080 size-full\" srcset=\"https:\/\/mentalhelse.no\/content\/uploads\/sites\/226\/2023\/11\/20231104_115314-\u2013-Kopi-1024x498.jpg 1024w, https:\/\/mentalhelse.no\/content\/uploads\/sites\/226\/2023\/11\/20231104_115314-\u2013-Kopi-300x146.jpg 300w, https:\/\/mentalhelse.no\/content\/uploads\/sites\/226\/2023\/11\/20231104_115314-\u2013-Kopi-768x373.jpg 768w, https:\/\/mentalhelse.no\/content\/uploads\/sites\/226\/2023\/11\/20231104_115314-\u2013-Kopi-1536x746.jpg 1536w, https:\/\/mentalhelse.no\/content\/uploads\/sites\/226\/2023\/11\/20231104_115314-\u2013-Kopi-2048x995.jpg 2048w\" sizes=\"auto, (max-width: 1024px) 100vw, 1024px\" \/><\/figure><div class=\"wp-block-media-text__content\">\n<p>Ligger ved Stranda Ungdomsskule og Strandahallen.<br><a href=\"https:\/\/maps.app.goo.gl\/RY8EjHGmviE58MfM6\">Goolge Maps<\/a><\/p>\n<\/div><\/div>\n\n\n\n<h2 class=\"wp-block-heading\" id=\"h-motivasjon\">Motivasjon<\/h2>\n\n\n\n<p>Mental Helse Stranda vert driven av en gjeng med ivrige og engasjerte folk. M\u00e5lsettjinga er \u00e5 skape eit m\u00f8tepunkt for dei som \u00f8nsker eit fellesskap i v\u00e5rt omr\u00e5de. <\/p>\n\n\n\n<h2 class=\"wp-block-heading\" id=\"h-tenester-vi-kan-bidra-med\">Tenester vi kan bidra med:<\/h2>\n\n\n\n<p>Sidan vi har eigene erfaringar s\u00e5 kan vi bidra med innformasjon om kven og kvar du kan kontakte om du trenger bistand.<\/p>\n\n\n\n<p>Ring gjerne eller send oss ein E-post der vi kan avtale tid- sei gjerne kven du vil ha samtale med.. sj\u00e5 under p\u00e5 Kontakt oss.<\/p>\n\n\n\n<p>OBS OBS: p\u00e5 grunn av di og v\u00e5r sikkerheit s\u00e5 b\u00f8r vi vere to av oss og vi anbefaler du kan gjerne ha med deg ein st\u00f8tte person\/venn.<\/p>\n\n\n\n<p>Vi i har teieplikt i alt som skjer n\u00e5r det gjelder kommunikasjon med oss.<\/p>\n\n\n\n<h4 class=\"wp-block-heading\" id=\"h-kven-vi-kan-henvise-til-eller-bidra-med\">Kven vi kan henvise til eller bidra med?<\/h4>\n\n\n\n<p>Lokale-tilbod i Stranda Kommune sosialtenesta, helsetenester eller andre tilbod.<\/p>\n\n\n\n<p>NAV har vi ein del kompetanse om, der vi kan hjelpe til med&#8211; orientering veildening i den jungelen som er der.<\/p>\n\n\n\n<p>Mental Helse har ogs\u00e5 SVARTENESTER som er d\u00f8gnopene, gratis og anonyme. Telefon og chattetenester for menneskjer som trenger nokon prate med. <\/p>\n\n\n\n<p>Meir informasjon om dette her <strong>  <a href=\"https:\/\/mentalhelse.no\/fa-hjelp\/\">F\u00e5 Hjelp<\/a><\/strong><br><em>(P\u00e5 slutten p\u00e5 den sida, st\u00e5r det ogs\u00e5 andre linker til tilbod utanfor organisasjonen v\u00e5r som vi ogs\u00e5 vil anbefale)<\/em><\/p>\n\n\n\n<p>Lokallaget vil bidra med \u00e5 skape eit tilbod som kan fylle kvardagen til v\u00e5re medlemmar. Beklagelig vis s\u00e5 har vi for tida litt meir resursar etter ordin\u00e6r arbeidstid. <\/p>\n\n\n\n<h4 class=\"wp-block-heading\" id=\"h-ting-vi-kan-skryte-at-vi-er-flinke-pa-er\">Ting vi kan skryte at vi er flinke p\u00e5 er<\/h4>\n\n\n\n<ul class=\"wp-block-list\">\n<li>Organisasjons arbeid.<\/li>\n\n\n\n<li>Styre-arbeid- som ogs\u00e5 er under utvikling int\u00e6rnt<\/li>\n\n\n\n<li>\u00d8konomi-rekneskap.<\/li>\n\n\n\n<li>Individuell plan.<\/li>\n\n\n\n<li><\/li>\n<\/ul>\n\n\n\n<h2 class=\"wp-block-heading\" id=\"h-kontakt-oss\">Kontakt oss<\/h2>\n\n\n<p class=\"t2-ingress wp-block-t2-ingress\">I dag har vi desse som v\u00e5re kontaktpersonar. <\/p>\n\n\n<figure class=\"wp-block-table\"><table><tbody><tr><td><br>Leiar<strong> Silje Vangstr\u00f8en<\/strong><\/td><td class=\"has-text-align-center\" data-align=\"center\"><br>41 22 94 87<\/td><\/tr><tr><td><br>Kontaktperson <strong>Frode Lyse<\/strong> <\/td><td class=\"has-text-align-center\" data-align=\"center\"><br>90 93 44 99<\/td><\/tr><tr><td><br><strong>E-post <\/strong><br><\/td><td class=\"has-text-align-center\" data-align=\"center\"><br><strong><a href=\"mailto:Stranda@lokallag.mentalhelse.no\">Stranda@lokallag.mentalhelse.no<\/a><\/strong><\/td><\/tr><\/tbody><\/table><\/figure>\n\n\n\n<h2 class=\"wp-block-heading\" id=\"h-styret\">Styret<\/h2>\n\n\n\n<ul class=\"wp-block-list\">\n<li>Leiar Silje Vangstr\u00f8en<\/li>\n\n\n\n<li>Nestleiar Gry Taklo<\/li>\n\n\n\n<li>Sekret\u00e6r Gry Taklo<\/li>\n\n\n\n<li>Kasserar Frode Lyse<\/li>\n\n\n\n<li>Styremedlem Tone Lillian Christiansen<\/li>\n\n\n\n<li>Styremedlem H\u00e5kon Relling<\/li>\n\n\n\n<li>Styremedlem Frode Gj\u00e6rde Svindseth<\/li>\n\n\n\n<li>Vara Oddvar Bent Kj\u00f8l\u00e5s<\/li>\n<\/ul>\n\n\n\n<h2 class=\"wp-block-heading\" id=\"h-lovar-for-brukarar\">Lovar for brukarar:<\/h2>\n\n\n\n<ul class=\"wp-block-list\">\n<li><strong><a href=\"https:\/\/lovdata.no\/dokument\/NL\/lov\/1999-07-02-63\">Lov om pasient- og brukarrettigheiter<\/a><\/strong><\/li>\n\n\n\n<li><a href=\"https:\/\/lovdata.no\/dokument\/NL\/lov\/2009-12-18-131\"><strong>Lov om sosiale tjenestar i arbeids- og velferdsforvaltninga NAV<\/strong><\/a><\/li>\n\n\n\n<li><a href=\"https:\/\/lovdata.no\/dokument\/NL\/lov\/1999-07-02-62\"><strong>Lov om etablering og gjennomf\u00f8ring av psykisk helsevern<\/strong>.<\/a><\/li>\n\n\n\n<li><a href=\"https:\/\/lovdata.no\/dokument\/NL\/lov\/2011-06-24-30\"><strong>Lov om kommunale helse- og omsorgstjenestar.<\/strong><\/a><\/li>\n\n\n\n<li><a href=\"https:\/\/www.helsenorge.no\/rettigheter\/individuell-plan\/\"><strong>Individuell Plan<\/strong><\/a>.<\/li>\n\n\n\n<li><strong><a href=\"https:\/\/www.helsenorge.no\/rettigheter\/barnekoordinator\/\">Barnekoordinator<\/a><\/strong>.<\/li>\n<\/ul>\n\n\n\n<h2 class=\"wp-block-heading\" id=\"h-styremoter\">Styrem\u00f8ter:<br><\/h2>\n\n\n\n<p><strong>F\u00f8rste torsdagen kvar md. kl 17:30<\/strong><br>Vil du komme med saker til dette m\u00f8tet, s\u00e5 vil styret gjerne ha dette minst ei veke f\u00f8r styrem\u00f8tet.<\/p>\n\n\n\n<h2 class=\"wp-block-heading\" id=\"h-sja-om-oss\"><a href=\"https:\/\/mentalhelse.no\/stranda\/om-oss\/\">Sj\u00e5 Om Oss<\/a><\/h2>\n\n\n\n<p><a href=\"https:\/\/mentalhelse.no\/stranda\/\">Tilbake til framsida v\u00e5r<\/a><\/p>\n\n\n\n<p><a href=\"https:\/\/mentalhelse.no\/stranda\/event\/\">Til Kalender<\/a><\/p>\n\n\n\n<div class=\"wp-block-columns is-layout-flex wp-container-core-columns-is-layout-1 wp-block-columns-is-layout-flex\">\n<div class=\"wp-block-column is-layout-flow wp-block-column-is-layout-flow\" style=\"flex-basis:100%\"><div class=\"card-info wp-block-t2-people-meta\"><\/div><\/div>\n<\/div>\n\n\n\n\n\n<div class=\"wp-block-group alignfull is-layout-constrained wp-block-group-is-layout-constrained\">\n<h3 class=\"wp-block-heading alignwide\" id=\"h-siste-nytt-fra-mental-helse-stranda\">Siste nytt fra Mental Helse Stranda<\/h3>\n<\/div>\n\n\n<div class=\"t2-featured-content-layout alignwide alignwide wp-block-t2-featured-content-layout\">\n\n\n\n\n\n<\/div>","protected":false},"excerpt":{"rendered":"<p>Om oss Mental Helse Stranda har som m\u00e5l \u00e5 skape ei trygg ramme der v\u00e5re medlemar kan kjenne seg sett, h\u00f8yrt og inkludert i v\u00e5rt&#8230;<\/p>\n","protected":false},"author":1,"featured_media":0,"parent":0,"menu_order":0,"comment_status":"closed","ping_status":"closed","template":"","meta":{"t2_featured_media_focal_point":{"x":0.5,"y":0.5},"mh_hide_title":true,"e24d_chat_page_choice":"","footnotes":""},"class_list":["post-797","page","type-page","status-publish","hentry"],"yoast_head":"<!-- This site is optimized with the Yoast SEO Premium plugin v21.2 (Yoast SEO v21.2) - https:\/\/yoast.com\/wordpress\/plugins\/seo\/ -->\n<title>Om oss - Mental Helse - Stranda<\/title>\n<meta name=\"description\" content=\"Her kan du lese om oss i Mental Helse Stranda, og l\u00e6re mer om hva vi jobber med. Ta gjerne kontakt hvis du har noen sp\u00f8rsm\u00e5l!\" \/>\n<meta name=\"robots\" content=\"index, follow, max-snippet:-1, max-image-preview:large, max-video-preview:-1\" \/>\n<link rel=\"canonical\" href=\"https:\/\/mentalhelse.no\/stranda\/om-oss\/\" \/>\n<meta property=\"og:locale\" content=\"nb_NO\" \/>\n<meta property=\"og:type\" content=\"article\" \/>\n<meta property=\"og:title\" content=\"Om oss\" \/>\n<meta property=\"og:description\" content=\"Her kan du lese om oss i Mental Helse Stranda, og l\u00e6re mer om hva vi jobber med. Ta gjerne kontakt hvis du har noen sp\u00f8rsm\u00e5l!\" \/>\n<meta property=\"og:url\" content=\"https:\/\/mentalhelse.no\/stranda\/om-oss\/\" \/>\n<meta property=\"og:site_name\" content=\"Stranda\" \/>\n<meta property=\"article:modified_time\" content=\"2026-03-27T16:15:11+00:00\" \/>\n<meta property=\"og:image\" content=\"https:\/\/mentalhelse.no\/content\/uploads\/sites\/226\/2023\/07\/Dyr8-1024x683.jpg\" \/>\n<meta name=\"twitter:card\" content=\"summary_large_image\" \/>\n<meta name=\"twitter:label1\" content=\"Ansl. lesetid\" \/>\n\t<meta name=\"twitter:data1\" content=\"4 minutter\" \/>\n<script type=\"application\/ld+json\" class=\"yoast-schema-graph\">{\"@context\":\"https:\/\/schema.org\",\"@graph\":[{\"@type\":\"WebPage\",\"@id\":\"https:\/\/mentalhelse.no\/stranda\/om-oss\/\",\"url\":\"https:\/\/mentalhelse.no\/stranda\/om-oss\/\",\"name\":\"Om oss - Stranda\",\"isPartOf\":{\"@id\":\"https:\/\/mentalhelse.no\/stranda\/#website\"},\"datePublished\":\"2023-05-10T11:14:16+00:00\",\"dateModified\":\"2026-03-27T16:15:11+00:00\",\"description\":\"Her kan du lese om oss i Mental Helse Stranda, og l\u00e6re mer om hva vi jobber med. Ta gjerne kontakt hvis du har noen sp\u00f8rsm\u00e5l!\",\"breadcrumb\":{\"@id\":\"https:\/\/mentalhelse.no\/stranda\/om-oss\/#breadcrumb\"},\"inLanguage\":\"nb-NO\",\"potentialAction\":[{\"@type\":\"ReadAction\",\"target\":[\"https:\/\/mentalhelse.no\/stranda\/om-oss\/\"]}]},{\"@type\":\"BreadcrumbList\",\"@id\":\"https:\/\/mentalhelse.no\/stranda\/om-oss\/#breadcrumb\",\"itemListElement\":[{\"@type\":\"ListItem\",\"position\":1,\"name\":\"Hjem\",\"item\":\"https:\/\/mentalhelse.no\/stranda\/\"},{\"@type\":\"ListItem\",\"position\":2,\"name\":\"Om oss\"}]},{\"@type\":\"WebSite\",\"@id\":\"https:\/\/mentalhelse.no\/stranda\/#website\",\"url\":\"https:\/\/mentalhelse.no\/stranda\/\",\"name\":\"Stranda\",\"description\":\"\",\"potentialAction\":[{\"@type\":\"SearchAction\",\"target\":{\"@type\":\"EntryPoint\",\"urlTemplate\":\"https:\/\/mentalhelse.no\/stranda\/?s={search_term_string}\"},\"query-input\":\"required name=search_term_string\"}],\"inLanguage\":\"nb-NO\"}]}<\/script>\n<!-- \/ Yoast SEO Premium plugin. -->","yoast_head_json":{"title":"Om oss - Mental Helse - Stranda","description":"Her kan du lese om oss i Mental Helse Stranda, og l\u00e6re mer om hva vi jobber med. Ta gjerne kontakt hvis du har noen sp\u00f8rsm\u00e5l!","robots":{"index":"index","follow":"follow","max-snippet":"max-snippet:-1","max-image-preview":"max-image-preview:large","max-video-preview":"max-video-preview:-1"},"canonical":"https:\/\/mentalhelse.no\/stranda\/om-oss\/","og_locale":"nb_NO","og_type":"article","og_title":"Om oss","og_description":"Her kan du lese om oss i Mental Helse Stranda, og l\u00e6re mer om hva vi jobber med. Ta gjerne kontakt hvis du har noen sp\u00f8rsm\u00e5l!","og_url":"https:\/\/mentalhelse.no\/stranda\/om-oss\/","og_site_name":"Stranda","article_modified_time":"2026-03-27T16:15:11+00:00","og_image":[{"url":"https:\/\/mentalhelse.no\/content\/uploads\/sites\/226\/2023\/07\/Dyr8-1024x683.jpg"}],"twitter_card":"summary_large_image","twitter_misc":{"Ansl. lesetid":"4 minutter"},"schema":{"@context":"https:\/\/schema.org","@graph":[{"@type":"WebPage","@id":"https:\/\/mentalhelse.no\/stranda\/om-oss\/","url":"https:\/\/mentalhelse.no\/stranda\/om-oss\/","name":"Om oss - Stranda","isPartOf":{"@id":"https:\/\/mentalhelse.no\/stranda\/#website"},"datePublished":"2023-05-10T11:14:16+00:00","dateModified":"2026-03-27T16:15:11+00:00","description":"Her kan du lese om oss i Mental Helse Stranda, og l\u00e6re mer om hva vi jobber med. Ta gjerne kontakt hvis du har noen sp\u00f8rsm\u00e5l!","breadcrumb":{"@id":"https:\/\/mentalhelse.no\/stranda\/om-oss\/#breadcrumb"},"inLanguage":"nb-NO","potentialAction":[{"@type":"ReadAction","target":["https:\/\/mentalhelse.no\/stranda\/om-oss\/"]}]},{"@type":"BreadcrumbList","@id":"https:\/\/mentalhelse.no\/stranda\/om-oss\/#breadcrumb","itemListElement":[{"@type":"ListItem","position":1,"name":"Hjem","item":"https:\/\/mentalhelse.no\/stranda\/"},{"@type":"ListItem","position":2,"name":"Om oss"}]},{"@type":"WebSite","@id":"https:\/\/mentalhelse.no\/stranda\/#website","url":"https:\/\/mentalhelse.no\/stranda\/","name":"Stranda","description":"","potentialAction":[{"@type":"SearchAction","target":{"@type":"EntryPoint","urlTemplate":"https:\/\/mentalhelse.no\/stranda\/?s={search_term_string}"},"query-input":"required name=search_term_string"}],"inLanguage":"nb-NO"}]}},"_links":{"self":[{"href":"https:\/\/mentalhelse.no\/stranda\/wp-json\/wp\/v2\/pages\/797","targetHints":{"allow":["GET"]}}],"collection":[{"href":"https:\/\/mentalhelse.no\/stranda\/wp-json\/wp\/v2\/pages"}],"about":[{"href":"https:\/\/mentalhelse.no\/stranda\/wp-json\/wp\/v2\/types\/page"}],"author":[{"embeddable":true,"href":"https:\/\/mentalhelse.no\/stranda\/wp-json\/wp\/v2\/users\/1"}],"replies":[{"embeddable":true,"href":"https:\/\/mentalhelse.no\/stranda\/wp-json\/wp\/v2\/comments?post=797"}],"version-history":[{"count":6,"href":"https:\/\/mentalhelse.no\/stranda\/wp-json\/wp\/v2\/pages\/797\/revisions"}],"predecessor-version":[{"id":1787,"href":"https:\/\/mentalhelse.no\/stranda\/wp-json\/wp\/v2\/pages\/797\/revisions\/1787"}],"wp:attachment":[{"href":"https:\/\/mentalhelse.no\/stranda\/wp-json\/wp\/v2\/media?parent=797"}],"curies":[{"name":"wp","href":"https:\/\/api.w.org\/{rel}","templated":true}]}}