{"id":797,"date":"2023-05-10T11:14:16","date_gmt":"2023-05-10T11:14:16","guid":{"rendered":"https:\/\/mentalhelse.no\/viken\/?page_id=797"},"modified":"2025-03-25T11:26:52","modified_gmt":"2025-03-25T11:26:52","slug":"om-oss","status":"publish","type":"page","link":"https:\/\/mentalhelse.no\/suldal\/om-oss\/","title":{"rendered":"Om oss"},"content":{"rendered":"\n<figure class=\"wp-block-image size-full\"><img loading=\"lazy\" decoding=\"async\" width=\"960\" height=\"540\" src=\"https:\/\/mentalhelse.no\/content\/uploads\/sites\/263\/2023\/09\/182775884_4352448714822647_8735222186173015416_n.jpg\" alt=\"\" class=\"wp-image-1004\" srcset=\"https:\/\/mentalhelse.no\/content\/uploads\/sites\/263\/2023\/09\/182775884_4352448714822647_8735222186173015416_n.jpg 960w, https:\/\/mentalhelse.no\/content\/uploads\/sites\/263\/2023\/09\/182775884_4352448714822647_8735222186173015416_n-300x169.jpg 300w, https:\/\/mentalhelse.no\/content\/uploads\/sites\/263\/2023\/09\/182775884_4352448714822647_8735222186173015416_n-768x432.jpg 768w\" sizes=\"auto, (max-width: 960px) 100vw, 960px\" \/><\/figure>\n\n\n\n<h1 class=\"wp-block-heading\" id=\"h-om-oss\">Om oss<\/h1>\n\n\n\n<p>V\u00e5ren 2019 starta lokallaget prosjektet Urtehagen. Me rusta opp ein overgrodd sansehage etter tida d\u00e5 Bj\u00f8dnateigen var eit DPS. Urtehagen har utvikla seg til \u00e5 bli ein fin m\u00f8teplass for sosialt samv\u00e6r, kaffi, dr\u00f8s og vedlikehold av hagen. Me har m\u00e5ndagstreff kvar m\u00e5ndag kl 15.00 \u2013 17.00. &nbsp;Om v\u00e5ren og sommaren treffes me i Urtehagen. Om hausten og vinteren har me m\u00e5ndagstreffet inne p\u00e5 Loftet p\u00e5 Bj\u00f8dnateigen med kaffi, noko att\u00e5t, spel og dr\u00f8s. Alle er velkomne til \u00e5 stikke innom.<\/p>\n\n\n\n<p>Kvar torsdag har me gruppetrening i terapibadet i Suldal bad kl 14.30 til 15.30. ( m\u00e5 vera medlem). I tillegg har me eit \u00e5rskort i Suldal bad som me kallar for \u00abDelfin kortet.\u00bb Det kan brukast ( gratis) av alle som av ulike grunnar ( t,d \u00f8konomiske) ikkje kjem seg s\u00e5 lett i bassenget. Delfin kortet gjeld &nbsp;i opningstidene til Suldal bad. ( Treng ikkje vera medlem. )<\/p>\n\n\n\n<p>Lokallaget har ca 50 medlemmar.\u00bb<\/p>\n\n\n\n<h2 class=\"wp-block-heading\" id=\"h-styret\">Styret:<\/h2>\n\n\n\n<p><strong>Leder:<\/strong>\u00a0Elisabeth B. Brekke<br><strong>Nestleder<\/strong>: Marit Rus\u00e5<br><strong>Kasserer<\/strong>: \u00c5se Ids\u00f8 <br><strong>Styremedlem<\/strong>: Eirik Riecke Hamra<br><strong>Styremedlem:<\/strong> Daniel Moe Olsen<br><strong>Styremedlem: <\/strong>Irene Mari Soleng<br><strong>1.Vara:<\/strong> Anneke Knol<br><strong>2.Vara:<\/strong> Linda Fondenes<\/p>\n\n\n\n<div class=\"wp-block-columns is-layout-flex wp-container-core-columns-is-layout-1 wp-block-columns-is-layout-flex\">\n<div class=\"wp-block-column is-layout-flow wp-block-column-is-layout-flow\" style=\"flex-basis:100%\"><div class=\"card-info wp-block-t2-people-meta\"><\/div><\/div>\n<\/div>\n\n\n\n\n\n<div class=\"wp-block-group alignfull is-layout-constrained wp-block-group-is-layout-constrained\">\n<h3 class=\"wp-block-heading alignwide\" id=\"h-siste-nytt-fra-mental-helse-suldal\">Siste nytt fra Mental Helse Suldal<\/h3>\n<\/div>\n\n\n<div class=\"card-info wp-block-t2-people-meta\"><\/div>\n\n<div class=\"t2-featured-content-layout alignwide alignwide wp-block-t2-featured-content-layout\">\n<div class=\"t2-featured-query-post t2-featured-content is-post-type-news wp-block-t2-featured-query-post\"><a class=\"t2-post-link wp-block-t2-post-link\" href=\"https:\/\/mentalhelse.no\/suldal\/aktuelt\/sommeravslutning-med-flere-lokallag-fra-rogaland\/\">\n\t<figure style=\"--t2-focal-point: 50% 50%;\" class=\"t2-post-featured-image has-image-ratio-16-9 wp-block-t2-post-featured-image\"><img loading=\"lazy\" decoding=\"async\" width=\"750\" height=\"475\" src=\"https:\/\/mentalhelse.no\/content\/uploads\/sites\/263\/2024\/06\/448407133_785856760283130_5848645496025441802_n.jpg\" class=\"attachment-post-thumbnail size-post-thumbnail wp-post-image\" alt=\"\" srcset=\"https:\/\/mentalhelse.no\/content\/uploads\/sites\/263\/2024\/06\/448407133_785856760283130_5848645496025441802_n.jpg 750w, https:\/\/mentalhelse.no\/content\/uploads\/sites\/263\/2024\/06\/448407133_785856760283130_5848645496025441802_n-300x190.jpg 300w\" sizes=\"auto, (max-width: 750px) 100vw, 750px\" style=\"--focal-point: 50% 50%;\" \/><\/figure>\n<\/a>\n\n<div class=\"wp-block-group postinfo alignfull is-layout-flow wp-block-group-is-layout-flow\">\n\t<div class=\"wp-block-mentalhelse-post-category\">\n\t\t\t\t\t<div class=\"post-type\">\n\t\t\t\t\t\t<a href=\"https:\/\/mentalhelse.no\/suldal\/aktuelt\/\">Nyheter<\/a>\n\t\t\t\t\t<\/div>\n\t\t\t\t\t\n\t\t\t\t\t<div class=\"post-category\">\n\t\t\t\t\t\t\n\t\t\t\t\t<\/div>\n\t\t\t<\/div>\n\t<a class=\"t2-post-link wp-block-t2-post-link\" href=\"https:\/\/mentalhelse.no\/suldal\/aktuelt\/sommeravslutning-med-flere-lokallag-fra-rogaland\/\">\n\t<h2 class=\"t2-post-title wp-block-t2-post-title\">Sommeravslutning med flere lokallag fra Rogaland<\/h2>\n\t<\/a>\n<\/div>\n\n<\/div>\n\n\n\n\n<\/div>","protected":false},"excerpt":{"rendered":"<p>Om oss V\u00e5ren 2019 starta lokallaget prosjektet Urtehagen. Me rusta opp ein overgrodd sansehage etter tida d\u00e5 Bj\u00f8dnateigen var eit DPS. Urtehagen har utvikla seg&#8230;<\/p>\n","protected":false},"author":1,"featured_media":0,"parent":0,"menu_order":0,"comment_status":"closed","ping_status":"closed","template":"","meta":{"t2_featured_media_focal_point":{"x":0.5,"y":0.5},"mh_hide_title":true,"e24d_chat_page_choice":"","footnotes":""},"class_list":["post-797","page","type-page","status-publish","hentry"],"yoast_head":"<!-- This site is optimized with the Yoast SEO Premium plugin v21.2 (Yoast SEO v21.2) - https:\/\/yoast.com\/wordpress\/plugins\/seo\/ -->\n<title>Om oss - Mental Helse - Suldal<\/title>\n<meta name=\"description\" content=\"Her kan du lese om oss i Mental Helse Suldal, og l\u00e6re mer om hva vi jobber med. Ta gjerne kontakt hvis du har noen sp\u00f8rsm\u00e5l!\" \/>\n<meta name=\"robots\" content=\"index, follow, max-snippet:-1, max-image-preview:large, max-video-preview:-1\" \/>\n<link rel=\"canonical\" href=\"https:\/\/mentalhelse.no\/suldal\/om-oss\/\" \/>\n<meta property=\"og:locale\" content=\"nb_NO\" \/>\n<meta property=\"og:type\" content=\"article\" \/>\n<meta property=\"og:title\" content=\"Om oss\" \/>\n<meta property=\"og:description\" content=\"Her kan du lese om oss i Mental Helse Suldal, og l\u00e6re mer om hva vi jobber med. Ta gjerne kontakt hvis du har noen sp\u00f8rsm\u00e5l!\" \/>\n<meta property=\"og:url\" content=\"https:\/\/mentalhelse.no\/suldal\/om-oss\/\" \/>\n<meta property=\"og:site_name\" content=\"Suldal\" \/>\n<meta property=\"article:modified_time\" content=\"2025-03-25T11:26:52+00:00\" \/>\n<meta property=\"og:image\" content=\"https:\/\/mentalhelse.no\/content\/uploads\/sites\/263\/2023\/09\/182775884_4352448714822647_8735222186173015416_n.jpg\" \/>\n<meta name=\"twitter:card\" content=\"summary_large_image\" \/>\n<meta name=\"twitter:label1\" content=\"Ansl. lesetid\" \/>\n\t<meta name=\"twitter:data1\" content=\"2 minutter\" \/>\n<script type=\"application\/ld+json\" class=\"yoast-schema-graph\">{\"@context\":\"https:\/\/schema.org\",\"@graph\":[{\"@type\":\"WebPage\",\"@id\":\"https:\/\/mentalhelse.no\/suldal\/om-oss\/\",\"url\":\"https:\/\/mentalhelse.no\/suldal\/om-oss\/\",\"name\":\"Om oss - Suldal\",\"isPartOf\":{\"@id\":\"https:\/\/mentalhelse.no\/suldal\/#website\"},\"datePublished\":\"2023-05-10T11:14:16+00:00\",\"dateModified\":\"2025-03-25T11:26:52+00:00\",\"description\":\"Her kan du lese om oss i Mental Helse Suldal, og l\u00e6re mer om hva vi jobber med. Ta gjerne kontakt hvis du har noen sp\u00f8rsm\u00e5l!\",\"breadcrumb\":{\"@id\":\"https:\/\/mentalhelse.no\/suldal\/om-oss\/#breadcrumb\"},\"inLanguage\":\"nb-NO\",\"potentialAction\":[{\"@type\":\"ReadAction\",\"target\":[\"https:\/\/mentalhelse.no\/suldal\/om-oss\/\"]}]},{\"@type\":\"BreadcrumbList\",\"@id\":\"https:\/\/mentalhelse.no\/suldal\/om-oss\/#breadcrumb\",\"itemListElement\":[{\"@type\":\"ListItem\",\"position\":1,\"name\":\"Hjem\",\"item\":\"https:\/\/mentalhelse.no\/suldal\/\"},{\"@type\":\"ListItem\",\"position\":2,\"name\":\"Om oss\"}]},{\"@type\":\"WebSite\",\"@id\":\"https:\/\/mentalhelse.no\/suldal\/#website\",\"url\":\"https:\/\/mentalhelse.no\/suldal\/\",\"name\":\"Suldal\",\"description\":\"\",\"potentialAction\":[{\"@type\":\"SearchAction\",\"target\":{\"@type\":\"EntryPoint\",\"urlTemplate\":\"https:\/\/mentalhelse.no\/suldal\/?s={search_term_string}\"},\"query-input\":\"required name=search_term_string\"}],\"inLanguage\":\"nb-NO\"}]}<\/script>\n<!-- \/ Yoast SEO Premium plugin. -->","yoast_head_json":{"title":"Om oss - Mental Helse - Suldal","description":"Her kan du lese om oss i Mental Helse Suldal, og l\u00e6re mer om hva vi jobber med. Ta gjerne kontakt hvis du har noen sp\u00f8rsm\u00e5l!","robots":{"index":"index","follow":"follow","max-snippet":"max-snippet:-1","max-image-preview":"max-image-preview:large","max-video-preview":"max-video-preview:-1"},"canonical":"https:\/\/mentalhelse.no\/suldal\/om-oss\/","og_locale":"nb_NO","og_type":"article","og_title":"Om oss","og_description":"Her kan du lese om oss i Mental Helse Suldal, og l\u00e6re mer om hva vi jobber med. Ta gjerne kontakt hvis du har noen sp\u00f8rsm\u00e5l!","og_url":"https:\/\/mentalhelse.no\/suldal\/om-oss\/","og_site_name":"Suldal","article_modified_time":"2025-03-25T11:26:52+00:00","og_image":[{"url":"https:\/\/mentalhelse.no\/content\/uploads\/sites\/263\/2023\/09\/182775884_4352448714822647_8735222186173015416_n.jpg"}],"twitter_card":"summary_large_image","twitter_misc":{"Ansl. lesetid":"2 minutter"},"schema":{"@context":"https:\/\/schema.org","@graph":[{"@type":"WebPage","@id":"https:\/\/mentalhelse.no\/suldal\/om-oss\/","url":"https:\/\/mentalhelse.no\/suldal\/om-oss\/","name":"Om oss - Suldal","isPartOf":{"@id":"https:\/\/mentalhelse.no\/suldal\/#website"},"datePublished":"2023-05-10T11:14:16+00:00","dateModified":"2025-03-25T11:26:52+00:00","description":"Her kan du lese om oss i Mental Helse Suldal, og l\u00e6re mer om hva vi jobber med. Ta gjerne kontakt hvis du har noen sp\u00f8rsm\u00e5l!","breadcrumb":{"@id":"https:\/\/mentalhelse.no\/suldal\/om-oss\/#breadcrumb"},"inLanguage":"nb-NO","potentialAction":[{"@type":"ReadAction","target":["https:\/\/mentalhelse.no\/suldal\/om-oss\/"]}]},{"@type":"BreadcrumbList","@id":"https:\/\/mentalhelse.no\/suldal\/om-oss\/#breadcrumb","itemListElement":[{"@type":"ListItem","position":1,"name":"Hjem","item":"https:\/\/mentalhelse.no\/suldal\/"},{"@type":"ListItem","position":2,"name":"Om oss"}]},{"@type":"WebSite","@id":"https:\/\/mentalhelse.no\/suldal\/#website","url":"https:\/\/mentalhelse.no\/suldal\/","name":"Suldal","description":"","potentialAction":[{"@type":"SearchAction","target":{"@type":"EntryPoint","urlTemplate":"https:\/\/mentalhelse.no\/suldal\/?s={search_term_string}"},"query-input":"required name=search_term_string"}],"inLanguage":"nb-NO"}]}},"_links":{"self":[{"href":"https:\/\/mentalhelse.no\/suldal\/wp-json\/wp\/v2\/pages\/797","targetHints":{"allow":["GET"]}}],"collection":[{"href":"https:\/\/mentalhelse.no\/suldal\/wp-json\/wp\/v2\/pages"}],"about":[{"href":"https:\/\/mentalhelse.no\/suldal\/wp-json\/wp\/v2\/types\/page"}],"author":[{"embeddable":true,"href":"https:\/\/mentalhelse.no\/suldal\/wp-json\/wp\/v2\/users\/1"}],"replies":[{"embeddable":true,"href":"https:\/\/mentalhelse.no\/suldal\/wp-json\/wp\/v2\/comments?post=797"}],"version-history":[{"count":4,"href":"https:\/\/mentalhelse.no\/suldal\/wp-json\/wp\/v2\/pages\/797\/revisions"}],"predecessor-version":[{"id":1028,"href":"https:\/\/mentalhelse.no\/suldal\/wp-json\/wp\/v2\/pages\/797\/revisions\/1028"}],"wp:attachment":[{"href":"https:\/\/mentalhelse.no\/suldal\/wp-json\/wp\/v2\/media?parent=797"}],"curies":[{"name":"wp","href":"https:\/\/api.w.org\/{rel}","templated":true}]}}