{"id":797,"date":"2023-05-10T11:14:16","date_gmt":"2023-05-10T11:14:16","guid":{"rendered":"https:\/\/mentalhelse.no\/viken\/?page_id=797"},"modified":"2026-03-16T07:49:26","modified_gmt":"2026-03-16T07:49:26","slug":"om-oss","status":"publish","type":"page","link":"https:\/\/mentalhelse.no\/toten\/om-oss\/","title":{"rendered":"Om oss"},"content":{"rendered":"\n<figure class=\"wp-block-image size-large\"><img loading=\"lazy\" decoding=\"async\" width=\"1024\" height=\"617\" src=\"https:\/\/mentalhelse.no\/content\/uploads\/sites\/215\/2023\/08\/Toten-om-oss-1024x617.jpg\" alt=\"\" class=\"wp-image-999\" srcset=\"https:\/\/mentalhelse.no\/content\/uploads\/sites\/215\/2023\/08\/Toten-om-oss-1024x617.jpg 1024w, https:\/\/mentalhelse.no\/content\/uploads\/sites\/215\/2023\/08\/Toten-om-oss-300x181.jpg 300w, https:\/\/mentalhelse.no\/content\/uploads\/sites\/215\/2023\/08\/Toten-om-oss-768x463.jpg 768w, https:\/\/mentalhelse.no\/content\/uploads\/sites\/215\/2023\/08\/Toten-om-oss-1536x926.jpg 1536w, https:\/\/mentalhelse.no\/content\/uploads\/sites\/215\/2023\/08\/Toten-om-oss-2048x1234.jpg 2048w\" sizes=\"auto, (max-width: 1024px) 100vw, 1024px\" \/><\/figure>\n\n\n\n<h1 class=\"wp-block-heading\" id=\"h-om-oss\">Om oss<\/h1>\n\n\n\n<p>Mental Helse Toten ble etablert 22. februar 1996, vi har litt over 100 medlemmer og  er et lag med mange aktiviteter. Vi har flere gode samarbeidsparter, blant annet Kulturnettverket, Turistforeningen (DNT) og Tjukkasgjengen. <\/p>\n\n\n\n<p>Vi arrangerer blant annet hyggekvelder, quiz, turer, filmkvelder, markerer Verdensdagen for psykisk helse og inviterer til julebord.<\/p>\n\n\n\n<p>Har du lyst til \u00e5 bli frivillig eller medlem hos oss? Da er du er hjertelig velkommen til \u00e5 ta kontakt! <\/p>\n\n\n\n<h2 class=\"wp-block-heading\" id=\"h-styret\">Styret<\/h2>\n\n\n\n<p>Leder: Lise Nedrud<br>Nestleder: Tonny Haugen<br>Kasserer: Kai Bekkemellem<br>Styremedlem\/studieleder: Heidi Snipstad<br>Styremedlem: Karin Bekkemellem<br>Vara: Wenche Merete Moa<br>Vara: Kine Margrethe Korslund<\/p>\n\n\n\n<h2 class=\"wp-block-heading\" id=\"h-kontakt\">Kontakt<\/h2>\n\n\n\n<p><strong>Mental Helse Toten<\/strong><br><strong>Leder:<\/strong><br>Lise Nedrud<br>948 65 747<br><a href=\"mailto:toten@mentalhelse.no\">toten@lokallag.mentalhelse.no<\/a><\/p>\n\n\n\n<p><strong>Organisasjonsnummer:<\/strong><br>896 276 522<\/p>\n\n\n\n<p><strong>Kontonummer.:<\/strong><br>2050 09 77451<\/p>\n\n\n\n\n\n<div class=\"wp-block-group alignfull is-layout-constrained wp-block-group-is-layout-constrained\">\n<h3 class=\"wp-block-heading alignwide\" id=\"h-siste-nytt-fra-mental-helse-toten\">Siste nytt fra Mental Helse Toten<\/h3>\n<\/div>\n\n\n<div class=\"t2-featured-content-layout alignwide alignwide wp-block-t2-featured-content-layout\">\n<div class=\"t2-featured-query-post t2-featured-content is-post-type-news wp-block-t2-featured-query-post\"><a class=\"t2-post-link wp-block-t2-post-link\" href=\"https:\/\/mentalhelse.no\/toten\/aktuelt\/innkalling-til-ekstraordinaert-arsmote-2024\/\">\n\t<figure style=\"--t2-focal-point: 50% 50%;\" class=\"t2-post-featured-image has-image-ratio-16-9 wp-block-t2-post-featured-image\"><img loading=\"lazy\" decoding=\"async\" width=\"2560\" height=\"1707\" src=\"https:\/\/mentalhelse.no\/content\/uploads\/sites\/215\/2024\/06\/tingey-injury-law-firm-veNb0DDegzE-unsplash-scaled.jpg\" class=\"attachment-post-thumbnail size-post-thumbnail wp-post-image\" alt=\"\" srcset=\"https:\/\/mentalhelse.no\/content\/uploads\/sites\/215\/2024\/06\/tingey-injury-law-firm-veNb0DDegzE-unsplash-scaled.jpg 2560w, https:\/\/mentalhelse.no\/content\/uploads\/sites\/215\/2024\/06\/tingey-injury-law-firm-veNb0DDegzE-unsplash-300x200.jpg 300w, https:\/\/mentalhelse.no\/content\/uploads\/sites\/215\/2024\/06\/tingey-injury-law-firm-veNb0DDegzE-unsplash-1024x683.jpg 1024w, https:\/\/mentalhelse.no\/content\/uploads\/sites\/215\/2024\/06\/tingey-injury-law-firm-veNb0DDegzE-unsplash-768x512.jpg 768w, https:\/\/mentalhelse.no\/content\/uploads\/sites\/215\/2024\/06\/tingey-injury-law-firm-veNb0DDegzE-unsplash-1536x1024.jpg 1536w, https:\/\/mentalhelse.no\/content\/uploads\/sites\/215\/2024\/06\/tingey-injury-law-firm-veNb0DDegzE-unsplash-2048x1365.jpg 2048w\" sizes=\"auto, (max-width: 2560px) 100vw, 2560px\" style=\"--focal-point: 50% 50%;\" \/><\/figure>\n<\/a>\n\n<div class=\"wp-block-group postinfo alignfull is-layout-flow wp-block-group-is-layout-flow\">\n\t<div class=\"wp-block-mentalhelse-post-category\">\n\t\t\t\t\t<div class=\"post-type\">\n\t\t\t\t\t\t<a href=\"https:\/\/mentalhelse.no\/toten\/aktuelt\/\">Nyheter<\/a>\n\t\t\t\t\t<\/div>\n\t\t\t\t\t\n\t\t\t\t\t<div class=\"post-category\">\n\t\t\t\t\t\t\n\t\t\t\t\t<\/div>\n\t\t\t<\/div>\n\t<a class=\"t2-post-link wp-block-t2-post-link\" href=\"https:\/\/mentalhelse.no\/toten\/aktuelt\/innkalling-til-ekstraordinaert-arsmote-2024\/\">\n\t<h2 class=\"t2-post-title wp-block-t2-post-title\">Innkalling til ekstraordin\u00e6rt \u00e5rsm\u00f8te 2024<\/h2>\n\t<\/a>\n<\/div>\n\n<\/div>\n\n<div class=\"t2-featured-query-post t2-featured-content is-post-type-news wp-block-t2-featured-query-post\"><a class=\"t2-post-link wp-block-t2-post-link\" href=\"https:\/\/mentalhelse.no\/toten\/aktuelt\/arsmote2024\/\">\n\t<figure style=\"--t2-focal-point: 50% 50%;\" class=\"t2-post-featured-image has-image-ratio-16-9 wp-block-t2-post-featured-image\"><img loading=\"lazy\" decoding=\"async\" width=\"1118\" height=\"536\" src=\"https:\/\/mentalhelse.no\/content\/uploads\/sites\/215\/2023\/05\/Innkalling-arsmote.png\" class=\"attachment-post-thumbnail size-post-thumbnail wp-post-image\" alt=\"Innkalling \u00e5rsm\u00f8te\" srcset=\"https:\/\/mentalhelse.no\/content\/uploads\/sites\/215\/2023\/05\/Innkalling-arsmote.png 1118w, https:\/\/mentalhelse.no\/content\/uploads\/sites\/215\/2023\/05\/Innkalling-arsmote-300x144.png 300w, https:\/\/mentalhelse.no\/content\/uploads\/sites\/215\/2023\/05\/Innkalling-arsmote-1024x491.png 1024w, https:\/\/mentalhelse.no\/content\/uploads\/sites\/215\/2023\/05\/Innkalling-arsmote-768x368.png 768w\" sizes=\"auto, (max-width: 1118px) 100vw, 1118px\" style=\"--focal-point: 50% 50%;\" \/><\/figure>\n<\/a>\n\n<div class=\"wp-block-group postinfo alignfull is-layout-flow wp-block-group-is-layout-flow\">\n\t<div class=\"wp-block-mentalhelse-post-category\">\n\t\t\t\t\t<div class=\"post-type\">\n\t\t\t\t\t\t<a href=\"https:\/\/mentalhelse.no\/toten\/aktuelt\/\">Nyheter<\/a>\n\t\t\t\t\t<\/div>\n\t\t\t\t\t\n\t\t\t\t\t<div class=\"post-category\">\n\t\t\t\t\t\t\n\t\t\t\t\t<\/div>\n\t\t\t<\/div>\n\t<a class=\"t2-post-link wp-block-t2-post-link\" href=\"https:\/\/mentalhelse.no\/toten\/aktuelt\/arsmote2024\/\">\n\t<h2 class=\"t2-post-title wp-block-t2-post-title\">Innkalling \u00c5rsm\u00f8te 2024<\/h2>\n\t<\/a>\n<\/div>\n\n<\/div>\n\n\n<\/div>\n\n<div class=\"card-info wp-block-t2-people-meta\"><\/div>","protected":false},"excerpt":{"rendered":"<p>Om oss Mental Helse Toten ble etablert 22. februar 1996, vi har litt over 100 medlemmer og er et lag med mange aktiviteter. Vi har&#8230;<\/p>\n","protected":false},"author":1,"featured_media":0,"parent":0,"menu_order":0,"comment_status":"closed","ping_status":"closed","template":"","meta":{"t2_featured_media_focal_point":{"x":0.5,"y":0.5},"mh_hide_title":true,"e24d_chat_page_choice":"","footnotes":""},"class_list":["post-797","page","type-page","status-publish","hentry"],"yoast_head":"<!-- This site is optimized with the Yoast SEO Premium plugin v21.2 (Yoast SEO v21.2) - https:\/\/yoast.com\/wordpress\/plugins\/seo\/ -->\n<title>Om oss - Mental Helse - Toten<\/title>\n<meta name=\"description\" content=\"Her kan du lese om oss i Mental Helse Toten, og l\u00e6re mer om hva vi jobber med. Ta gjerne kontakt hvis du har noen sp\u00f8rsm\u00e5l!\" \/>\n<meta name=\"robots\" content=\"index, follow, max-snippet:-1, max-image-preview:large, max-video-preview:-1\" \/>\n<link rel=\"canonical\" href=\"https:\/\/mentalhelse.no\/toten\/om-oss\/\" \/>\n<meta property=\"og:locale\" content=\"nb_NO\" \/>\n<meta property=\"og:type\" content=\"article\" \/>\n<meta property=\"og:title\" content=\"Om oss\" \/>\n<meta property=\"og:description\" content=\"Her kan du lese om oss i Mental Helse Toten, og l\u00e6re mer om hva vi jobber med. Ta gjerne kontakt hvis du har noen sp\u00f8rsm\u00e5l!\" \/>\n<meta property=\"og:url\" content=\"https:\/\/mentalhelse.no\/toten\/om-oss\/\" \/>\n<meta property=\"og:site_name\" content=\"Toten\" \/>\n<meta property=\"article:modified_time\" content=\"2026-03-16T07:49:26+00:00\" \/>\n<meta property=\"og:image\" content=\"https:\/\/mentalhelse.no\/content\/uploads\/sites\/215\/2023\/08\/Toten-om-oss-1024x617.jpg\" \/>\n<meta name=\"twitter:card\" content=\"summary_large_image\" \/>\n<meta name=\"twitter:label1\" content=\"Ansl. lesetid\" \/>\n\t<meta name=\"twitter:data1\" content=\"1 minutt\" \/>\n<script type=\"application\/ld+json\" class=\"yoast-schema-graph\">{\"@context\":\"https:\/\/schema.org\",\"@graph\":[{\"@type\":\"WebPage\",\"@id\":\"https:\/\/mentalhelse.no\/toten\/om-oss\/\",\"url\":\"https:\/\/mentalhelse.no\/toten\/om-oss\/\",\"name\":\"Om oss - Toten\",\"isPartOf\":{\"@id\":\"https:\/\/mentalhelse.no\/toten\/#website\"},\"datePublished\":\"2023-05-10T11:14:16+00:00\",\"dateModified\":\"2026-03-16T07:49:26+00:00\",\"description\":\"Her kan du lese om oss i Mental Helse Toten, og l\u00e6re mer om hva vi jobber med. Ta gjerne kontakt hvis du har noen sp\u00f8rsm\u00e5l!\",\"breadcrumb\":{\"@id\":\"https:\/\/mentalhelse.no\/toten\/om-oss\/#breadcrumb\"},\"inLanguage\":\"nb-NO\",\"potentialAction\":[{\"@type\":\"ReadAction\",\"target\":[\"https:\/\/mentalhelse.no\/toten\/om-oss\/\"]}]},{\"@type\":\"BreadcrumbList\",\"@id\":\"https:\/\/mentalhelse.no\/toten\/om-oss\/#breadcrumb\",\"itemListElement\":[{\"@type\":\"ListItem\",\"position\":1,\"name\":\"Hjem\",\"item\":\"https:\/\/mentalhelse.no\/toten\/\"},{\"@type\":\"ListItem\",\"position\":2,\"name\":\"Om oss\"}]},{\"@type\":\"WebSite\",\"@id\":\"https:\/\/mentalhelse.no\/toten\/#website\",\"url\":\"https:\/\/mentalhelse.no\/toten\/\",\"name\":\"Toten\",\"description\":\"\",\"potentialAction\":[{\"@type\":\"SearchAction\",\"target\":{\"@type\":\"EntryPoint\",\"urlTemplate\":\"https:\/\/mentalhelse.no\/toten\/?s={search_term_string}\"},\"query-input\":\"required name=search_term_string\"}],\"inLanguage\":\"nb-NO\"}]}<\/script>\n<!-- \/ Yoast SEO Premium plugin. -->","yoast_head_json":{"title":"Om oss - Mental Helse - Toten","description":"Her kan du lese om oss i Mental Helse Toten, og l\u00e6re mer om hva vi jobber med. Ta gjerne kontakt hvis du har noen sp\u00f8rsm\u00e5l!","robots":{"index":"index","follow":"follow","max-snippet":"max-snippet:-1","max-image-preview":"max-image-preview:large","max-video-preview":"max-video-preview:-1"},"canonical":"https:\/\/mentalhelse.no\/toten\/om-oss\/","og_locale":"nb_NO","og_type":"article","og_title":"Om oss","og_description":"Her kan du lese om oss i Mental Helse Toten, og l\u00e6re mer om hva vi jobber med. Ta gjerne kontakt hvis du har noen sp\u00f8rsm\u00e5l!","og_url":"https:\/\/mentalhelse.no\/toten\/om-oss\/","og_site_name":"Toten","article_modified_time":"2026-03-16T07:49:26+00:00","og_image":[{"url":"https:\/\/mentalhelse.no\/content\/uploads\/sites\/215\/2023\/08\/Toten-om-oss-1024x617.jpg"}],"twitter_card":"summary_large_image","twitter_misc":{"Ansl. lesetid":"1 minutt"},"schema":{"@context":"https:\/\/schema.org","@graph":[{"@type":"WebPage","@id":"https:\/\/mentalhelse.no\/toten\/om-oss\/","url":"https:\/\/mentalhelse.no\/toten\/om-oss\/","name":"Om oss - Toten","isPartOf":{"@id":"https:\/\/mentalhelse.no\/toten\/#website"},"datePublished":"2023-05-10T11:14:16+00:00","dateModified":"2026-03-16T07:49:26+00:00","description":"Her kan du lese om oss i Mental Helse Toten, og l\u00e6re mer om hva vi jobber med. Ta gjerne kontakt hvis du har noen sp\u00f8rsm\u00e5l!","breadcrumb":{"@id":"https:\/\/mentalhelse.no\/toten\/om-oss\/#breadcrumb"},"inLanguage":"nb-NO","potentialAction":[{"@type":"ReadAction","target":["https:\/\/mentalhelse.no\/toten\/om-oss\/"]}]},{"@type":"BreadcrumbList","@id":"https:\/\/mentalhelse.no\/toten\/om-oss\/#breadcrumb","itemListElement":[{"@type":"ListItem","position":1,"name":"Hjem","item":"https:\/\/mentalhelse.no\/toten\/"},{"@type":"ListItem","position":2,"name":"Om oss"}]},{"@type":"WebSite","@id":"https:\/\/mentalhelse.no\/toten\/#website","url":"https:\/\/mentalhelse.no\/toten\/","name":"Toten","description":"","potentialAction":[{"@type":"SearchAction","target":{"@type":"EntryPoint","urlTemplate":"https:\/\/mentalhelse.no\/toten\/?s={search_term_string}"},"query-input":"required name=search_term_string"}],"inLanguage":"nb-NO"}]}},"_links":{"self":[{"href":"https:\/\/mentalhelse.no\/toten\/wp-json\/wp\/v2\/pages\/797","targetHints":{"allow":["GET"]}}],"collection":[{"href":"https:\/\/mentalhelse.no\/toten\/wp-json\/wp\/v2\/pages"}],"about":[{"href":"https:\/\/mentalhelse.no\/toten\/wp-json\/wp\/v2\/types\/page"}],"author":[{"embeddable":true,"href":"https:\/\/mentalhelse.no\/toten\/wp-json\/wp\/v2\/users\/1"}],"replies":[{"embeddable":true,"href":"https:\/\/mentalhelse.no\/toten\/wp-json\/wp\/v2\/comments?post=797"}],"version-history":[{"count":4,"href":"https:\/\/mentalhelse.no\/toten\/wp-json\/wp\/v2\/pages\/797\/revisions"}],"predecessor-version":[{"id":1091,"href":"https:\/\/mentalhelse.no\/toten\/wp-json\/wp\/v2\/pages\/797\/revisions\/1091"}],"wp:attachment":[{"href":"https:\/\/mentalhelse.no\/toten\/wp-json\/wp\/v2\/media?parent=797"}],"curies":[{"name":"wp","href":"https:\/\/api.w.org\/{rel}","templated":true}]}}