{"id":797,"date":"2023-05-10T11:14:16","date_gmt":"2023-05-10T11:14:16","guid":{"rendered":"https:\/\/mentalhelse.no\/viken\/?page_id=797"},"modified":"2026-05-13T07:45:11","modified_gmt":"2026-05-13T07:45:11","slug":"om-oss","status":"publish","type":"page","link":"https:\/\/mentalhelse.no\/trondelag\/om-oss\/","title":{"rendered":"Om oss"},"content":{"rendered":"\n<figure class=\"wp-block-image size-large\"><img loading=\"lazy\" decoding=\"async\" width=\"1024\" height=\"683\" src=\"http:\/\/mentalhelse.no\/content\/uploads\/sites\/195\/2023\/07\/Forside-Trondelag-1024x683.jpg\" alt=\"\" class=\"wp-image-977\" srcset=\"https:\/\/mentalhelse.no\/content\/uploads\/sites\/195\/2023\/07\/Forside-Trondelag-1024x683.jpg 1024w, https:\/\/mentalhelse.no\/content\/uploads\/sites\/195\/2023\/07\/Forside-Trondelag-300x200.jpg 300w, https:\/\/mentalhelse.no\/content\/uploads\/sites\/195\/2023\/07\/Forside-Trondelag-768x512.jpg 768w, https:\/\/mentalhelse.no\/content\/uploads\/sites\/195\/2023\/07\/Forside-Trondelag-1536x1024.jpg 1536w, https:\/\/mentalhelse.no\/content\/uploads\/sites\/195\/2023\/07\/Forside-Trondelag-2048x1365.jpg 2048w\" sizes=\"auto, (max-width: 1024px) 100vw, 1024px\" \/><\/figure>\n\n\n\n<h1 class=\"wp-block-heading\" id=\"h-om-oss\">Om oss<\/h1>\n\n\n\n<p>Mental Helse S\u00f8r-Tr\u00f8ndelag, stiftet i 1979 og Mental Helse Nord-Tr\u00f8ndelag, stiftet mars 1980 er sammensl\u00e5tt til Mental Helse Tr\u00f8ndelag fra 01.01.2019. Det nye fylkeslaget har kontor p\u00e5 Steinkjer, samlokalisert med&nbsp;FFO&nbsp;og andre interesseorganisasjoner. <\/p>\n\n\n<div class=\"t2-featured-content-layout align align wp-block-t2-featured-content-layout\"><\/div>\n\n\n<h2 class=\"wp-block-heading\" id=\"h-styret\">Styret<\/h2>\n\n\n\n<p><strong>Leder<\/strong>:<br>Merete Hildrum, Overhalla<\/p>\n\n\n\n<p>476 58 175<\/p>\n\n\n\n<p><strong>Nestleder<\/strong>:<br>Anna-Elise Opheim, Skaun<\/p>\n\n\n\n<p>920 30 361<\/p>\n\n\n\n<p><strong>Styremedlemmer<\/strong>:<br>Linda Hogstad, Stj\u00f8rdal<br>Anders \u00d8yan, Stj\u00f8rdal<br>Atle Tilseth, Midtre Gauldal<\/p>\n\n\n\n<p><strong>Varamedlemmer:<\/strong><\/p>\n\n\n\n<p>Helle Gl\u00f8rstad, Hitra<\/p>\n\n\n\n<p>St\u00e5le Gr\u00e5bak, Melhus<br>Lillian Iversen, Verdal<br><\/p>\n\n\n\n<h3 class=\"wp-block-heading\" id=\"h-kontakt\">Kontakt<\/h3>\n\n\n\n<p><strong>Mental Helse Tr\u00f8ndelag<\/strong><br>Sj\u00f8fartsgata 3<br>7714 Steinkjer<br><a href=\"mailto:trondelag@mentalhelse.no\">trondelag@mentalhelse.no<\/a> <br>992 35 100<\/p>\n\n\n\n<p><strong>Org.nr<\/strong>.: 987 588 802<br><strong>Kontonr<\/strong>.: 4400 237 4622<\/p>\n\n\n\n<p><strong>Studieleder:<\/strong><br><a href=\"mailto:trondelag@studieleder.mentalhelse.no\">trondelag@studieleder.mentalhelse.no<\/a><\/p>\n\n\n\n<p><strong>Organisasjonsavdelingen<\/strong>: <br>E-post: <a href=\"mailto:medlem@mentalhelse.no\">medlem@mentalhelse.no<\/a><br>Tlf: 352 96 060 tastevalg 2<\/p>\n\n\n\n<div class=\"wp-block-columns is-layout-flex wp-container-core-columns-is-layout-1 wp-block-columns-is-layout-flex\">\n<div class=\"wp-block-column is-layout-flow wp-block-column-is-layout-flow\" style=\"flex-basis:100%\"><div class=\"card-info wp-block-t2-people-meta\"><\/div><\/div>\n<\/div>\n\n\n\n<div class=\"wp-block-group alignfull is-layout-constrained wp-block-group-is-layout-constrained\">\n<h3 class=\"wp-block-heading alignwide\" id=\"h-siste-nytt-fra-mental-helse-trondelag\">Siste nytt fra Mental Helse Tr\u00f8ndelag<\/h3>\n<\/div>\n\n\n<div class=\"card-info wp-block-t2-people-meta\"><\/div>\n\n<div class=\"t2-featured-content-layout alignwide alignwide wp-block-t2-featured-content-layout\">\n<div class=\"t2-featured-query-post t2-featured-content is-post-type-news wp-block-t2-featured-query-post\"><a class=\"t2-post-link wp-block-t2-post-link\" href=\"https:\/\/mentalhelse.no\/trondelag\/aktuelt\/nordkapp-til-lindesnes-til-inntekt-for-mental-helse\/\">\n\t<figure style=\"--t2-focal-point: 50% 50%;\" class=\"t2-post-featured-image has-image-ratio-16-9 wp-block-t2-post-featured-image\"><img loading=\"lazy\" decoding=\"async\" width=\"1080\" height=\"1920\" src=\"https:\/\/mentalhelse.no\/content\/uploads\/sites\/195\/2026\/05\/493432-image.png\" class=\"attachment-post-thumbnail size-post-thumbnail wp-post-image\" alt=\"\" srcset=\"https:\/\/mentalhelse.no\/content\/uploads\/sites\/195\/2026\/05\/493432-image.png 1080w, https:\/\/mentalhelse.no\/content\/uploads\/sites\/195\/2026\/05\/493432-image-169x300.png 169w, https:\/\/mentalhelse.no\/content\/uploads\/sites\/195\/2026\/05\/493432-image-576x1024.png 576w, https:\/\/mentalhelse.no\/content\/uploads\/sites\/195\/2026\/05\/493432-image-768x1365.png 768w, https:\/\/mentalhelse.no\/content\/uploads\/sites\/195\/2026\/05\/493432-image-864x1536.png 864w\" sizes=\"auto, (max-width: 1080px) 100vw, 1080px\" style=\"--focal-point: 50% 50%;\" \/><\/figure>\n<\/a>\n\n<div class=\"wp-block-group postinfo alignfull is-layout-flow wp-block-group-is-layout-flow\">\n\t<div class=\"wp-block-mentalhelse-post-category\">\n\t\t\t\t\t<div class=\"post-type\">\n\t\t\t\t\t\t<a href=\"https:\/\/mentalhelse.no\/trondelag\/aktuelt\/\">Nyheter<\/a>\n\t\t\t\t\t<\/div>\n\t\t\t\t\t\n\t\t\t\t\t<div class=\"post-category\">\n\t\t\t\t\t\t\n\t\t\t\t\t<\/div>\n\t\t\t<\/div>\n\t<a class=\"t2-post-link wp-block-t2-post-link\" href=\"https:\/\/mentalhelse.no\/trondelag\/aktuelt\/nordkapp-til-lindesnes-til-inntekt-for-mental-helse\/\">\n\t<h2 class=\"t2-post-title wp-block-t2-post-title\">Nordkapp til Lindesnes- Til inntekt for Mental Helse<\/h2>\n\t<\/a>\n<\/div>\n\n<\/div>\n\n<div class=\"t2-featured-query-post t2-featured-content is-post-type-news wp-block-t2-featured-query-post\"><a class=\"t2-post-link wp-block-t2-post-link\" href=\"https:\/\/mentalhelse.no\/trondelag\/aktuelt\/arsmote-mental-helse-trondelag-2026\/\">\n\t<figure style=\"--t2-focal-point: 50% 50%;\" class=\"t2-post-featured-image has-image-ratio-16-9 wp-block-t2-post-featured-image\"><img loading=\"lazy\" decoding=\"async\" width=\"862\" height=\"559\" src=\"https:\/\/mentalhelse.no\/content\/uploads\/sites\/195\/2026\/02\/Quality-Panorama-Tiller.jpg\" class=\"attachment-post-thumbnail size-post-thumbnail wp-post-image\" alt=\"\" srcset=\"https:\/\/mentalhelse.no\/content\/uploads\/sites\/195\/2026\/02\/Quality-Panorama-Tiller.jpg 862w, https:\/\/mentalhelse.no\/content\/uploads\/sites\/195\/2026\/02\/Quality-Panorama-Tiller-300x195.jpg 300w, https:\/\/mentalhelse.no\/content\/uploads\/sites\/195\/2026\/02\/Quality-Panorama-Tiller-768x498.jpg 768w\" sizes=\"auto, (max-width: 862px) 100vw, 862px\" style=\"--focal-point: 50% 50%;\" \/><\/figure>\n<\/a>\n\n<div class=\"wp-block-group postinfo alignfull is-layout-flow wp-block-group-is-layout-flow\">\n\t<div class=\"wp-block-mentalhelse-post-category\">\n\t\t\t\t\t<div class=\"post-type\">\n\t\t\t\t\t\t<a href=\"https:\/\/mentalhelse.no\/trondelag\/aktuelt\/\">Nyheter<\/a>\n\t\t\t\t\t<\/div>\n\t\t\t\t\t\n\t\t\t\t\t<div class=\"post-category\">\n\t\t\t\t\t\t\n\t\t\t\t\t<\/div>\n\t\t\t<\/div>\n\t<a class=\"t2-post-link wp-block-t2-post-link\" href=\"https:\/\/mentalhelse.no\/trondelag\/aktuelt\/arsmote-mental-helse-trondelag-2026\/\">\n\t<h2 class=\"t2-post-title wp-block-t2-post-title\">\u00c5RSM\u00d8TE MENTAL HELSE TR\u00d8NDELAG 2026<\/h2>\n\t<\/a>\n<\/div>\n\n<\/div>\n\n<div class=\"t2-featured-query-post t2-featured-content is-post-type-news wp-block-t2-featured-query-post\"><a class=\"t2-post-link wp-block-t2-post-link\" href=\"https:\/\/mentalhelse.no\/trondelag\/aktuelt\/lokallagssamling\/\">\n\t<figure style=\"--t2-focal-point: 50% 50%;\" class=\"t2-post-featured-image has-image-ratio-16-9 wp-block-t2-post-featured-image\"><img loading=\"lazy\" decoding=\"async\" width=\"2560\" height=\"1707\" src=\"https:\/\/mentalhelse.no\/content\/uploads\/sites\/195\/2026\/01\/IMG_7182-scaled.jpg\" class=\"attachment-post-thumbnail size-post-thumbnail wp-post-image\" alt=\"\" srcset=\"https:\/\/mentalhelse.no\/content\/uploads\/sites\/195\/2026\/01\/IMG_7182-scaled.jpg 2560w, https:\/\/mentalhelse.no\/content\/uploads\/sites\/195\/2026\/01\/IMG_7182-300x200.jpg 300w, https:\/\/mentalhelse.no\/content\/uploads\/sites\/195\/2026\/01\/IMG_7182-1024x683.jpg 1024w, https:\/\/mentalhelse.no\/content\/uploads\/sites\/195\/2026\/01\/IMG_7182-768x512.jpg 768w, https:\/\/mentalhelse.no\/content\/uploads\/sites\/195\/2026\/01\/IMG_7182-1536x1024.jpg 1536w, https:\/\/mentalhelse.no\/content\/uploads\/sites\/195\/2026\/01\/IMG_7182-2048x1365.jpg 2048w\" sizes=\"auto, (max-width: 2560px) 100vw, 2560px\" style=\"--focal-point: 50% 50%;\" \/><\/figure>\n<\/a>\n\n<div class=\"wp-block-group postinfo alignfull is-layout-flow wp-block-group-is-layout-flow\">\n\t<div class=\"wp-block-mentalhelse-post-category\">\n\t\t\t\t\t<div class=\"post-type\">\n\t\t\t\t\t\t<a href=\"https:\/\/mentalhelse.no\/trondelag\/aktuelt\/\">Nyheter<\/a>\n\t\t\t\t\t<\/div>\n\t\t\t\t\t\n\t\t\t\t\t<div class=\"post-category\">\n\t\t\t\t\t\t\n\t\t\t\t\t<\/div>\n\t\t\t<\/div>\n\t<a class=\"t2-post-link wp-block-t2-post-link\" href=\"https:\/\/mentalhelse.no\/trondelag\/aktuelt\/lokallagssamling\/\">\n\t<h2 class=\"t2-post-title wp-block-t2-post-title\">Lokallagssamling<\/h2>\n\t<\/a>\n<\/div>\n\n<\/div>\n<\/div>","protected":false},"excerpt":{"rendered":"<p>Om oss Mental Helse S\u00f8r-Tr\u00f8ndelag, stiftet i 1979 og Mental Helse Nord-Tr\u00f8ndelag, stiftet mars 1980 er sammensl\u00e5tt til Mental Helse Tr\u00f8ndelag fra 01.01.2019. Det nye&#8230;<\/p>\n","protected":false},"author":1,"featured_media":0,"parent":0,"menu_order":0,"comment_status":"closed","ping_status":"closed","template":"","meta":{"t2_featured_media_focal_point":{"x":0.5,"y":0.5},"mh_hide_title":true,"e24d_chat_page_choice":"","footnotes":""},"class_list":["post-797","page","type-page","status-publish","hentry"],"yoast_head":"<!-- This site is optimized with the Yoast SEO Premium plugin v21.2 (Yoast SEO v21.2) - https:\/\/yoast.com\/wordpress\/plugins\/seo\/ -->\n<title>Om oss - Mental Helse - Tr\u00f8ndelag<\/title>\n<meta name=\"description\" content=\"Her kan du lese om oss i Mental Helse Tr\u00f8ndelag, og l\u00e6re mer om hva vi jobber med. Ta gjerne kontakt hvis du har noen sp\u00f8rsm\u00e5l!\" \/>\n<meta name=\"robots\" content=\"index, follow, max-snippet:-1, max-image-preview:large, max-video-preview:-1\" \/>\n<link rel=\"canonical\" href=\"https:\/\/mentalhelse.no\/trondelag\/om-oss\/\" \/>\n<meta property=\"og:locale\" content=\"nb_NO\" \/>\n<meta property=\"og:type\" content=\"article\" \/>\n<meta property=\"og:title\" content=\"Om oss\" \/>\n<meta property=\"og:description\" content=\"Her kan du lese om oss i Mental Helse Tr\u00f8ndelag, og l\u00e6re mer om hva vi jobber med. Ta gjerne kontakt hvis du har noen sp\u00f8rsm\u00e5l!\" \/>\n<meta property=\"og:url\" content=\"https:\/\/mentalhelse.no\/trondelag\/om-oss\/\" \/>\n<meta property=\"og:site_name\" content=\"Tr\u00f8ndelag\" \/>\n<meta property=\"article:modified_time\" content=\"2026-05-13T07:45:11+00:00\" \/>\n<meta property=\"og:image\" content=\"http:\/\/mentalhelse.no\/content\/uploads\/sites\/195\/2023\/07\/Forside-Trondelag-1024x683.jpg\" \/>\n<meta name=\"twitter:card\" content=\"summary_large_image\" \/>\n<meta name=\"twitter:label1\" content=\"Ansl. lesetid\" \/>\n\t<meta name=\"twitter:data1\" content=\"1 minutt\" \/>\n<script type=\"application\/ld+json\" class=\"yoast-schema-graph\">{\"@context\":\"https:\/\/schema.org\",\"@graph\":[{\"@type\":\"WebPage\",\"@id\":\"https:\/\/mentalhelse.no\/trondelag\/om-oss\/\",\"url\":\"https:\/\/mentalhelse.no\/trondelag\/om-oss\/\",\"name\":\"Om oss - Tr\u00f8ndelag\",\"isPartOf\":{\"@id\":\"https:\/\/mentalhelse.no\/trondelag\/#website\"},\"datePublished\":\"2023-05-10T11:14:16+00:00\",\"dateModified\":\"2026-05-13T07:45:11+00:00\",\"description\":\"Her kan du lese om oss i Mental Helse Tr\u00f8ndelag, og l\u00e6re mer om hva vi jobber med. Ta gjerne kontakt hvis du har noen sp\u00f8rsm\u00e5l!\",\"breadcrumb\":{\"@id\":\"https:\/\/mentalhelse.no\/trondelag\/om-oss\/#breadcrumb\"},\"inLanguage\":\"nb-NO\",\"potentialAction\":[{\"@type\":\"ReadAction\",\"target\":[\"https:\/\/mentalhelse.no\/trondelag\/om-oss\/\"]}]},{\"@type\":\"BreadcrumbList\",\"@id\":\"https:\/\/mentalhelse.no\/trondelag\/om-oss\/#breadcrumb\",\"itemListElement\":[{\"@type\":\"ListItem\",\"position\":1,\"name\":\"Hjem\",\"item\":\"https:\/\/mentalhelse.no\/trondelag\/\"},{\"@type\":\"ListItem\",\"position\":2,\"name\":\"Om oss\"}]},{\"@type\":\"WebSite\",\"@id\":\"https:\/\/mentalhelse.no\/trondelag\/#website\",\"url\":\"https:\/\/mentalhelse.no\/trondelag\/\",\"name\":\"Tr\u00f8ndelag\",\"description\":\"\",\"potentialAction\":[{\"@type\":\"SearchAction\",\"target\":{\"@type\":\"EntryPoint\",\"urlTemplate\":\"https:\/\/mentalhelse.no\/trondelag\/?s={search_term_string}\"},\"query-input\":\"required name=search_term_string\"}],\"inLanguage\":\"nb-NO\"}]}<\/script>\n<!-- \/ Yoast SEO Premium plugin. -->","yoast_head_json":{"title":"Om oss - Mental Helse - Tr\u00f8ndelag","description":"Her kan du lese om oss i Mental Helse Tr\u00f8ndelag, og l\u00e6re mer om hva vi jobber med. Ta gjerne kontakt hvis du har noen sp\u00f8rsm\u00e5l!","robots":{"index":"index","follow":"follow","max-snippet":"max-snippet:-1","max-image-preview":"max-image-preview:large","max-video-preview":"max-video-preview:-1"},"canonical":"https:\/\/mentalhelse.no\/trondelag\/om-oss\/","og_locale":"nb_NO","og_type":"article","og_title":"Om oss","og_description":"Her kan du lese om oss i Mental Helse Tr\u00f8ndelag, og l\u00e6re mer om hva vi jobber med. Ta gjerne kontakt hvis du har noen sp\u00f8rsm\u00e5l!","og_url":"https:\/\/mentalhelse.no\/trondelag\/om-oss\/","og_site_name":"Tr\u00f8ndelag","article_modified_time":"2026-05-13T07:45:11+00:00","og_image":[{"url":"http:\/\/mentalhelse.no\/content\/uploads\/sites\/195\/2023\/07\/Forside-Trondelag-1024x683.jpg"}],"twitter_card":"summary_large_image","twitter_misc":{"Ansl. lesetid":"1 minutt"},"schema":{"@context":"https:\/\/schema.org","@graph":[{"@type":"WebPage","@id":"https:\/\/mentalhelse.no\/trondelag\/om-oss\/","url":"https:\/\/mentalhelse.no\/trondelag\/om-oss\/","name":"Om oss - Tr\u00f8ndelag","isPartOf":{"@id":"https:\/\/mentalhelse.no\/trondelag\/#website"},"datePublished":"2023-05-10T11:14:16+00:00","dateModified":"2026-05-13T07:45:11+00:00","description":"Her kan du lese om oss i Mental Helse Tr\u00f8ndelag, og l\u00e6re mer om hva vi jobber med. Ta gjerne kontakt hvis du har noen sp\u00f8rsm\u00e5l!","breadcrumb":{"@id":"https:\/\/mentalhelse.no\/trondelag\/om-oss\/#breadcrumb"},"inLanguage":"nb-NO","potentialAction":[{"@type":"ReadAction","target":["https:\/\/mentalhelse.no\/trondelag\/om-oss\/"]}]},{"@type":"BreadcrumbList","@id":"https:\/\/mentalhelse.no\/trondelag\/om-oss\/#breadcrumb","itemListElement":[{"@type":"ListItem","position":1,"name":"Hjem","item":"https:\/\/mentalhelse.no\/trondelag\/"},{"@type":"ListItem","position":2,"name":"Om oss"}]},{"@type":"WebSite","@id":"https:\/\/mentalhelse.no\/trondelag\/#website","url":"https:\/\/mentalhelse.no\/trondelag\/","name":"Tr\u00f8ndelag","description":"","potentialAction":[{"@type":"SearchAction","target":{"@type":"EntryPoint","urlTemplate":"https:\/\/mentalhelse.no\/trondelag\/?s={search_term_string}"},"query-input":"required name=search_term_string"}],"inLanguage":"nb-NO"}]}},"_links":{"self":[{"href":"https:\/\/mentalhelse.no\/trondelag\/wp-json\/wp\/v2\/pages\/797","targetHints":{"allow":["GET"]}}],"collection":[{"href":"https:\/\/mentalhelse.no\/trondelag\/wp-json\/wp\/v2\/pages"}],"about":[{"href":"https:\/\/mentalhelse.no\/trondelag\/wp-json\/wp\/v2\/types\/page"}],"author":[{"embeddable":true,"href":"https:\/\/mentalhelse.no\/trondelag\/wp-json\/wp\/v2\/users\/1"}],"replies":[{"embeddable":true,"href":"https:\/\/mentalhelse.no\/trondelag\/wp-json\/wp\/v2\/comments?post=797"}],"version-history":[{"count":4,"href":"https:\/\/mentalhelse.no\/trondelag\/wp-json\/wp\/v2\/pages\/797\/revisions"}],"predecessor-version":[{"id":1372,"href":"https:\/\/mentalhelse.no\/trondelag\/wp-json\/wp\/v2\/pages\/797\/revisions\/1372"}],"wp:attachment":[{"href":"https:\/\/mentalhelse.no\/trondelag\/wp-json\/wp\/v2\/media?parent=797"}],"curies":[{"name":"wp","href":"https:\/\/api.w.org\/{rel}","templated":true}]}}