{"id":1119,"date":"2025-02-01T07:56:02","date_gmt":"2025-02-01T07:56:02","guid":{"rendered":"https:\/\/mentalhelse.no\/vennesla\/?page_id=1119"},"modified":"2025-02-01T07:56:03","modified_gmt":"2025-02-01T07:56:03","slug":"vi-soker","status":"publish","type":"page","link":"https:\/\/mentalhelse.no\/vennesla\/vi-soker\/","title":{"rendered":"Vi s\u00f8ker &#8230;"},"content":{"rendered":"\n<p>Vdeg som kunne tenke seg \u00e5 bruke litt av fritiden sin \u00e5 bli kjent med flotte ten\u00e5ringer pluss oss frivillig, vi s\u00f8ker deg som \u00f8nsker \u00e5 gj\u00f8re en forskjell. Vi er sammen med ten\u00e5ringene annenhver tirsdag. Derfor trenger vi minimum 3 trygge voksne, pluss vi som er her fra f\u00f8r. P\u00e5 ressursen maler vi, perler, lage mat, baker, spiller biljard, pluss mye mer. Vi sammen arbeide med Vennesla frivillighetssentralen, Mulighetens Hus og Moonlight. <\/p>\n\n\n\n<p>Ring meg, s\u00e5 kan jeg fortelle deg mer p\u00e5 tlf: 99461326, gleder meg \u00e5 h\u00f8re fra deg. Mvh Torhild Gunstveit<\/p>\n\n\n\n<p>P.S.: Info om taushetsplikt og politiattest f\u00e5r du n\u00e5r vi snakkes.<\/p>\n","protected":false},"excerpt":{"rendered":"<p>Vdeg som kunne tenke seg \u00e5 bruke litt av fritiden sin \u00e5 bli kjent med flotte ten\u00e5ringer pluss oss frivillig, vi s\u00f8ker deg som \u00f8nsker&#8230;<\/p>\n","protected":false},"author":79,"featured_media":0,"parent":0,"menu_order":0,"comment_status":"closed","ping_status":"closed","template":"","meta":{"t2_featured_media_focal_point":{"x":0.5,"y":0.5},"mh_hide_title":true,"e24d_chat_page_choice":"","footnotes":""},"class_list":["post-1119","page","type-page","status-publish","hentry"],"yoast_head":"<!-- This site is optimized with the Yoast SEO Premium plugin v21.2 (Yoast SEO v21.2) - https:\/\/yoast.com\/wordpress\/plugins\/seo\/ -->\n<title>Vi s\u00f8ker ... - Mental Helse - Vennesla<\/title>\n<meta name=\"robots\" content=\"index, follow, max-snippet:-1, max-image-preview:large, max-video-preview:-1\" \/>\n<link rel=\"canonical\" href=\"https:\/\/mentalhelse.no\/vennesla\/vi-soker\/\" \/>\n<meta property=\"og:locale\" content=\"nb_NO\" \/>\n<meta property=\"og:type\" content=\"article\" \/>\n<meta property=\"og:title\" content=\"Vi s\u00f8ker ...\" \/>\n<meta property=\"og:description\" content=\"Vdeg som kunne tenke seg \u00e5 bruke litt av fritiden sin \u00e5 bli kjent med flotte ten\u00e5ringer pluss oss frivillig, vi s\u00f8ker deg som \u00f8nsker...\" \/>\n<meta property=\"og:url\" content=\"https:\/\/mentalhelse.no\/vennesla\/vi-soker\/\" \/>\n<meta property=\"og:site_name\" content=\"Vennesla\" \/>\n<meta property=\"article:modified_time\" content=\"2025-02-01T07:56:03+00:00\" \/>\n<meta name=\"twitter:card\" content=\"summary_large_image\" \/>\n<meta name=\"twitter:label1\" content=\"Ansl. lesetid\" \/>\n\t<meta name=\"twitter:data1\" content=\"1 minutt\" \/>\n<script type=\"application\/ld+json\" class=\"yoast-schema-graph\">{\"@context\":\"https:\/\/schema.org\",\"@graph\":[{\"@type\":\"WebPage\",\"@id\":\"https:\/\/mentalhelse.no\/vennesla\/vi-soker\/\",\"url\":\"https:\/\/mentalhelse.no\/vennesla\/vi-soker\/\",\"name\":\"Vi s\u00f8ker ... - Vennesla\",\"isPartOf\":{\"@id\":\"https:\/\/mentalhelse.no\/vennesla\/#website\"},\"datePublished\":\"2025-02-01T07:56:02+00:00\",\"dateModified\":\"2025-02-01T07:56:03+00:00\",\"breadcrumb\":{\"@id\":\"https:\/\/mentalhelse.no\/vennesla\/vi-soker\/#breadcrumb\"},\"inLanguage\":\"nb-NO\",\"potentialAction\":[{\"@type\":\"ReadAction\",\"target\":[\"https:\/\/mentalhelse.no\/vennesla\/vi-soker\/\"]}]},{\"@type\":\"BreadcrumbList\",\"@id\":\"https:\/\/mentalhelse.no\/vennesla\/vi-soker\/#breadcrumb\",\"itemListElement\":[{\"@type\":\"ListItem\",\"position\":1,\"name\":\"Hjem\",\"item\":\"https:\/\/mentalhelse.no\/vennesla\/\"},{\"@type\":\"ListItem\",\"position\":2,\"name\":\"Vi s\u00f8ker &#8230;\"}]},{\"@type\":\"WebSite\",\"@id\":\"https:\/\/mentalhelse.no\/vennesla\/#website\",\"url\":\"https:\/\/mentalhelse.no\/vennesla\/\",\"name\":\"Vennesla\",\"description\":\"\",\"potentialAction\":[{\"@type\":\"SearchAction\",\"target\":{\"@type\":\"EntryPoint\",\"urlTemplate\":\"https:\/\/mentalhelse.no\/vennesla\/?s={search_term_string}\"},\"query-input\":\"required name=search_term_string\"}],\"inLanguage\":\"nb-NO\"}]}<\/script>\n<!-- \/ Yoast SEO Premium plugin. -->","yoast_head_json":{"title":"Vi s\u00f8ker ... - Mental Helse - Vennesla","robots":{"index":"index","follow":"follow","max-snippet":"max-snippet:-1","max-image-preview":"max-image-preview:large","max-video-preview":"max-video-preview:-1"},"canonical":"https:\/\/mentalhelse.no\/vennesla\/vi-soker\/","og_locale":"nb_NO","og_type":"article","og_title":"Vi s\u00f8ker ...","og_description":"Vdeg som kunne tenke seg \u00e5 bruke litt av fritiden sin \u00e5 bli kjent med flotte ten\u00e5ringer pluss oss frivillig, vi s\u00f8ker deg som \u00f8nsker...","og_url":"https:\/\/mentalhelse.no\/vennesla\/vi-soker\/","og_site_name":"Vennesla","article_modified_time":"2025-02-01T07:56:03+00:00","twitter_card":"summary_large_image","twitter_misc":{"Ansl. lesetid":"1 minutt"},"schema":{"@context":"https:\/\/schema.org","@graph":[{"@type":"WebPage","@id":"https:\/\/mentalhelse.no\/vennesla\/vi-soker\/","url":"https:\/\/mentalhelse.no\/vennesla\/vi-soker\/","name":"Vi s\u00f8ker ... - Vennesla","isPartOf":{"@id":"https:\/\/mentalhelse.no\/vennesla\/#website"},"datePublished":"2025-02-01T07:56:02+00:00","dateModified":"2025-02-01T07:56:03+00:00","breadcrumb":{"@id":"https:\/\/mentalhelse.no\/vennesla\/vi-soker\/#breadcrumb"},"inLanguage":"nb-NO","potentialAction":[{"@type":"ReadAction","target":["https:\/\/mentalhelse.no\/vennesla\/vi-soker\/"]}]},{"@type":"BreadcrumbList","@id":"https:\/\/mentalhelse.no\/vennesla\/vi-soker\/#breadcrumb","itemListElement":[{"@type":"ListItem","position":1,"name":"Hjem","item":"https:\/\/mentalhelse.no\/vennesla\/"},{"@type":"ListItem","position":2,"name":"Vi s\u00f8ker &#8230;"}]},{"@type":"WebSite","@id":"https:\/\/mentalhelse.no\/vennesla\/#website","url":"https:\/\/mentalhelse.no\/vennesla\/","name":"Vennesla","description":"","potentialAction":[{"@type":"SearchAction","target":{"@type":"EntryPoint","urlTemplate":"https:\/\/mentalhelse.no\/vennesla\/?s={search_term_string}"},"query-input":"required name=search_term_string"}],"inLanguage":"nb-NO"}]}},"_links":{"self":[{"href":"https:\/\/mentalhelse.no\/vennesla\/wp-json\/wp\/v2\/pages\/1119","targetHints":{"allow":["GET"]}}],"collection":[{"href":"https:\/\/mentalhelse.no\/vennesla\/wp-json\/wp\/v2\/pages"}],"about":[{"href":"https:\/\/mentalhelse.no\/vennesla\/wp-json\/wp\/v2\/types\/page"}],"author":[{"embeddable":true,"href":"https:\/\/mentalhelse.no\/vennesla\/wp-json\/wp\/v2\/users\/79"}],"replies":[{"embeddable":true,"href":"https:\/\/mentalhelse.no\/vennesla\/wp-json\/wp\/v2\/comments?post=1119"}],"version-history":[{"count":1,"href":"https:\/\/mentalhelse.no\/vennesla\/wp-json\/wp\/v2\/pages\/1119\/revisions"}],"predecessor-version":[{"id":1120,"href":"https:\/\/mentalhelse.no\/vennesla\/wp-json\/wp\/v2\/pages\/1119\/revisions\/1120"}],"wp:attachment":[{"href":"https:\/\/mentalhelse.no\/vennesla\/wp-json\/wp\/v2\/media?parent=1119"}],"curies":[{"name":"wp","href":"https:\/\/api.w.org\/{rel}","templated":true}]}}