{"id":797,"date":"2023-05-10T11:14:16","date_gmt":"2023-05-10T11:14:16","guid":{"rendered":"https:\/\/mentalhelse.no\/viken\/?page_id=797"},"modified":"2025-10-25T19:59:40","modified_gmt":"2025-10-25T19:59:40","slug":"om-oss","status":"publish","type":"page","link":"https:\/\/mentalhelse.no\/vestby\/om-oss\/","title":{"rendered":"Om oss"},"content":{"rendered":"\n<figure class=\"wp-block-image size-large\"><img loading=\"lazy\" decoding=\"async\" width=\"1024\" height=\"683\" src=\"http:\/\/mentalhelse.no\/content\/uploads\/sites\/337\/2023\/06\/man-solnedgang--1024x683.jpg\" alt=\"mann solnedgang\" class=\"wp-image-993\" srcset=\"https:\/\/mentalhelse.no\/content\/uploads\/sites\/337\/2023\/06\/man-solnedgang--1024x683.jpg 1024w, https:\/\/mentalhelse.no\/content\/uploads\/sites\/337\/2023\/06\/man-solnedgang--300x200.jpg 300w, https:\/\/mentalhelse.no\/content\/uploads\/sites\/337\/2023\/06\/man-solnedgang--768x512.jpg 768w, https:\/\/mentalhelse.no\/content\/uploads\/sites\/337\/2023\/06\/man-solnedgang--1536x1024.jpg 1536w, https:\/\/mentalhelse.no\/content\/uploads\/sites\/337\/2023\/06\/man-solnedgang--2048x1365.jpg 2048w\" sizes=\"auto, (max-width: 1024px) 100vw, 1024px\" \/><\/figure>\n\n\n\n<h1 class=\"wp-block-heading\" id=\"h-om-oss\">Om oss<\/h1>\n\n\n\n<p>Mental Helse Vestby er ett lokallag der vi \u00f8nsker oss mange medlemmer for \u00e5 klare \u00e5 opprettholde h\u00f8y aktivitet. Vi lager \u00e5rshjul og fors\u00f8ker \u00e5 ha en aktivitet hver m\u00e5ned hele \u00e5ret for medlemmene v\u00e5re. Vi arrangerer ogs\u00e5 noen ganger i \u00e5ret arrangement som er \u00e5pent for alle. Vi er opptatt av hvordan innbyggere med psykiske helseplager blir ivaretatt i kommunen v\u00e5r og er engasjert i temaet ovenfor politikerne v\u00e5re.<\/p>\n\n\n\n<p>Vi har en Facebook side der vi legger ut relevant informasjon om oss og arrangementer. F\u00f8lg oss der for oppdateringer. OBS vi har ny side s\u00e5 f\u00f8lg den som er nyest. Link: <a href=\"https:\/\/www.facebook.com\/people\/Mental-Helse-Vestby\/100091557797856\/?locale=nb_NO\">Mental Helse Vestby | Facebook<\/a><\/p>\n\n\n\n<p>Du kan ta kontakt med oss p\u00e5 epost vestby@mentalhelse.no dersom du har noen sp\u00f8rsm\u00e5l eller vil vite mer.<\/p>\n\n\n\n<h3 class=\"wp-block-heading\" id=\"h-\"><\/h3>\n\n\n\n<p><\/p>\n\n\n\n<p><\/p>\n\n\n\n<h2 class=\"wp-block-heading\" id=\"h-styret\">Styret<\/h2>\n\n\n\n<p><strong>Leder<\/strong>: Mona Ludvigsen. Tlf: 926 41 052<\/p>\n\n\n\n<p><strong>Nestleder:<\/strong> Solfrid Lekva<\/p>\n\n\n\n<p><strong>Kasserer<\/strong>: Terje Lind<\/p>\n\n\n\n<p><strong>Styremedlem: <\/strong>Anna Lerv\u00e5g<\/p>\n\n\n\n<p><strong>Styremedlem: <\/strong>Jan Andre Eimo<\/p>\n\n\n\n<p><strong>Styremedlem<\/strong>: Eva Mossing<\/p>\n\n\n\n<p><strong>Styremedlem<\/strong>: Nadia Arroub Eimo<\/p>\n\n\n\n<p><strong>Varamedlem: <\/strong>Tariq Eide<\/p>\n\n\n\n<p><strong>Varamedlem<\/strong>: Marit Arntsberg<\/p>\n\n\n\n<p><strong>Epost:<\/strong> <a href=\"mailto:vestby@lokallag.mentalhelse.no\">vestby@lokallag.mentalhelse.no<\/a><\/p>\n\n\n\n\n\n<div class=\"wp-block-group alignfull is-layout-constrained wp-block-group-is-layout-constrained\">\n<h3 class=\"wp-block-heading alignwide\" id=\"h-siste-nytt-fra-mental-helse-vestby\">Siste nytt fra Mental Helse Vestby<\/h3>\n<\/div>\n\n\n<div class=\"t2-featured-content-layout alignwide alignwide wp-block-t2-featured-content-layout\">\n\n\n\n\n\n<\/div>","protected":false},"excerpt":{"rendered":"<p>Om oss Mental Helse Vestby er ett lokallag der vi \u00f8nsker oss mange medlemmer for \u00e5 klare \u00e5 opprettholde h\u00f8y aktivitet. Vi lager \u00e5rshjul og&#8230;<\/p>\n","protected":false},"author":1,"featured_media":0,"parent":0,"menu_order":0,"comment_status":"closed","ping_status":"closed","template":"","meta":{"t2_featured_media_focal_point":{"x":0.5,"y":0.5},"mh_hide_title":true,"e24d_chat_page_choice":"","footnotes":""},"class_list":["post-797","page","type-page","status-publish","hentry"],"yoast_head":"<!-- This site is optimized with the Yoast SEO Premium plugin v21.2 (Yoast SEO v21.2) - https:\/\/yoast.com\/wordpress\/plugins\/seo\/ -->\n<title>Om oss - Mental Helse - Vestby<\/title>\n<meta name=\"description\" content=\"Her kan du lese om oss i Mental Helse Vestby, og l\u00e6re mer om hva vi jobber med. Ta gjerne kontakt hvis du har noen sp\u00f8rsm\u00e5l!\" \/>\n<meta name=\"robots\" content=\"index, follow, max-snippet:-1, max-image-preview:large, max-video-preview:-1\" \/>\n<link rel=\"canonical\" href=\"https:\/\/mentalhelse.no\/vestby\/om-oss\/\" \/>\n<meta property=\"og:locale\" content=\"nb_NO\" \/>\n<meta property=\"og:type\" content=\"article\" \/>\n<meta property=\"og:title\" content=\"Om oss\" \/>\n<meta property=\"og:description\" content=\"Her kan du lese om oss i Mental Helse Vestby, og l\u00e6re mer om hva vi jobber med. Ta gjerne kontakt hvis du har noen sp\u00f8rsm\u00e5l!\" \/>\n<meta property=\"og:url\" content=\"https:\/\/mentalhelse.no\/vestby\/om-oss\/\" \/>\n<meta property=\"og:site_name\" content=\"Vestby\" \/>\n<meta property=\"article:modified_time\" content=\"2025-10-25T19:59:40+00:00\" \/>\n<meta property=\"og:image\" content=\"http:\/\/mentalhelse.no\/content\/uploads\/sites\/337\/2023\/06\/man-solnedgang--1024x683.jpg\" \/>\n<meta name=\"twitter:card\" content=\"summary_large_image\" \/>\n<meta name=\"twitter:label1\" content=\"Ansl. lesetid\" \/>\n\t<meta name=\"twitter:data1\" content=\"2 minutter\" \/>\n<script type=\"application\/ld+json\" class=\"yoast-schema-graph\">{\"@context\":\"https:\/\/schema.org\",\"@graph\":[{\"@type\":\"WebPage\",\"@id\":\"https:\/\/mentalhelse.no\/vestby\/om-oss\/\",\"url\":\"https:\/\/mentalhelse.no\/vestby\/om-oss\/\",\"name\":\"Om oss - Vestby\",\"isPartOf\":{\"@id\":\"https:\/\/mentalhelse.no\/vestby\/#website\"},\"datePublished\":\"2023-05-10T11:14:16+00:00\",\"dateModified\":\"2025-10-25T19:59:40+00:00\",\"description\":\"Her kan du lese om oss i Mental Helse Vestby, og l\u00e6re mer om hva vi jobber med. Ta gjerne kontakt hvis du har noen sp\u00f8rsm\u00e5l!\",\"breadcrumb\":{\"@id\":\"https:\/\/mentalhelse.no\/vestby\/om-oss\/#breadcrumb\"},\"inLanguage\":\"nb-NO\",\"potentialAction\":[{\"@type\":\"ReadAction\",\"target\":[\"https:\/\/mentalhelse.no\/vestby\/om-oss\/\"]}]},{\"@type\":\"BreadcrumbList\",\"@id\":\"https:\/\/mentalhelse.no\/vestby\/om-oss\/#breadcrumb\",\"itemListElement\":[{\"@type\":\"ListItem\",\"position\":1,\"name\":\"Hjem\",\"item\":\"https:\/\/mentalhelse.no\/vestby\/\"},{\"@type\":\"ListItem\",\"position\":2,\"name\":\"Om oss\"}]},{\"@type\":\"WebSite\",\"@id\":\"https:\/\/mentalhelse.no\/vestby\/#website\",\"url\":\"https:\/\/mentalhelse.no\/vestby\/\",\"name\":\"Vestby\",\"description\":\"\",\"potentialAction\":[{\"@type\":\"SearchAction\",\"target\":{\"@type\":\"EntryPoint\",\"urlTemplate\":\"https:\/\/mentalhelse.no\/vestby\/?s={search_term_string}\"},\"query-input\":\"required name=search_term_string\"}],\"inLanguage\":\"nb-NO\"}]}<\/script>\n<!-- \/ Yoast SEO Premium plugin. -->","yoast_head_json":{"title":"Om oss - Mental Helse - Vestby","description":"Her kan du lese om oss i Mental Helse Vestby, og l\u00e6re mer om hva vi jobber med. Ta gjerne kontakt hvis du har noen sp\u00f8rsm\u00e5l!","robots":{"index":"index","follow":"follow","max-snippet":"max-snippet:-1","max-image-preview":"max-image-preview:large","max-video-preview":"max-video-preview:-1"},"canonical":"https:\/\/mentalhelse.no\/vestby\/om-oss\/","og_locale":"nb_NO","og_type":"article","og_title":"Om oss","og_description":"Her kan du lese om oss i Mental Helse Vestby, og l\u00e6re mer om hva vi jobber med. Ta gjerne kontakt hvis du har noen sp\u00f8rsm\u00e5l!","og_url":"https:\/\/mentalhelse.no\/vestby\/om-oss\/","og_site_name":"Vestby","article_modified_time":"2025-10-25T19:59:40+00:00","og_image":[{"url":"http:\/\/mentalhelse.no\/content\/uploads\/sites\/337\/2023\/06\/man-solnedgang--1024x683.jpg"}],"twitter_card":"summary_large_image","twitter_misc":{"Ansl. lesetid":"2 minutter"},"schema":{"@context":"https:\/\/schema.org","@graph":[{"@type":"WebPage","@id":"https:\/\/mentalhelse.no\/vestby\/om-oss\/","url":"https:\/\/mentalhelse.no\/vestby\/om-oss\/","name":"Om oss - Vestby","isPartOf":{"@id":"https:\/\/mentalhelse.no\/vestby\/#website"},"datePublished":"2023-05-10T11:14:16+00:00","dateModified":"2025-10-25T19:59:40+00:00","description":"Her kan du lese om oss i Mental Helse Vestby, og l\u00e6re mer om hva vi jobber med. Ta gjerne kontakt hvis du har noen sp\u00f8rsm\u00e5l!","breadcrumb":{"@id":"https:\/\/mentalhelse.no\/vestby\/om-oss\/#breadcrumb"},"inLanguage":"nb-NO","potentialAction":[{"@type":"ReadAction","target":["https:\/\/mentalhelse.no\/vestby\/om-oss\/"]}]},{"@type":"BreadcrumbList","@id":"https:\/\/mentalhelse.no\/vestby\/om-oss\/#breadcrumb","itemListElement":[{"@type":"ListItem","position":1,"name":"Hjem","item":"https:\/\/mentalhelse.no\/vestby\/"},{"@type":"ListItem","position":2,"name":"Om oss"}]},{"@type":"WebSite","@id":"https:\/\/mentalhelse.no\/vestby\/#website","url":"https:\/\/mentalhelse.no\/vestby\/","name":"Vestby","description":"","potentialAction":[{"@type":"SearchAction","target":{"@type":"EntryPoint","urlTemplate":"https:\/\/mentalhelse.no\/vestby\/?s={search_term_string}"},"query-input":"required name=search_term_string"}],"inLanguage":"nb-NO"}]}},"_links":{"self":[{"href":"https:\/\/mentalhelse.no\/vestby\/wp-json\/wp\/v2\/pages\/797","targetHints":{"allow":["GET"]}}],"collection":[{"href":"https:\/\/mentalhelse.no\/vestby\/wp-json\/wp\/v2\/pages"}],"about":[{"href":"https:\/\/mentalhelse.no\/vestby\/wp-json\/wp\/v2\/types\/page"}],"author":[{"embeddable":true,"href":"https:\/\/mentalhelse.no\/vestby\/wp-json\/wp\/v2\/users\/1"}],"replies":[{"embeddable":true,"href":"https:\/\/mentalhelse.no\/vestby\/wp-json\/wp\/v2\/comments?post=797"}],"version-history":[{"count":5,"href":"https:\/\/mentalhelse.no\/vestby\/wp-json\/wp\/v2\/pages\/797\/revisions"}],"predecessor-version":[{"id":1067,"href":"https:\/\/mentalhelse.no\/vestby\/wp-json\/wp\/v2\/pages\/797\/revisions\/1067"}],"wp:attachment":[{"href":"https:\/\/mentalhelse.no\/vestby\/wp-json\/wp\/v2\/media?parent=797"}],"curies":[{"name":"wp","href":"https:\/\/api.w.org\/{rel}","templated":true}]}}